{"id":1083,"date":"2020-06-30T10:01:32","date_gmt":"2020-06-30T08:01:32","guid":{"rendered":"https:\/\/semmelweis.hu\/gyermekklinika1\/?page_id=1083"},"modified":"2025-03-14T14:18:17","modified_gmt":"2025-03-14T13:18:17","slug":"diabetesz-endokrinologiai-es-metabolikus-osztaly","status":"publish","type":"page","link":"https:\/\/semmelweis.hu\/bokayklinika\/betegellatas\/fekvobeteg-ellatas\/diabetesz-endokrinologiai-es-metabolikus-osztaly\/","title":{"rendered":"Diab\u00e9tesz, Endokrinol\u00f3giai \u00e9s Metabolikus Oszt\u00e1ly"},"content":{"rendered":"<div class=\"keretes\">\n<div><strong>Gyermekgy\u00f3gy\u00e1szati Klinika<\/strong> (B\u00f3kay J. utcai r\u00e9szleg) <strong>Diab\u00e9tesz, Endokrinol\u00f3giai \u00e9s Metabolikus Oszt\u00e1ly\u00a0<\/strong><\/div>\n<div style=\"text-align: justify\"><strong>Oszt\u00e1lyvezet\u0151:<\/strong> Dr. Luczay Andrea, Dr. T\u00f3th-Heyn P\u00e9ter<br \/>\n<strong>Oszt\u00e1lyvezet\u0151 f\u0151n\u0151v\u00e9r:<\/strong> Zeher Zsuzsanna\u00a0 \u00a0 \u00a0 \u00a0 \u00a0 \u00a0 \u00a0 \u00a0 \u00a0 \u00a0 \u00a0 \u00a0 \u00a0 \u00a0 \u00a0 \u00a0 \u00a0 \u00a0 \u00a0 <strong>Telefon:<\/strong> +36-1-334-3186\/52641<\/div>\n<div>\u00a0<\/div>\n<div style=\"text-align: justify\"><strong>Betegjogi k\u00e9pvisel\u0151:<\/strong>\u00a0 \u00a0 \u00a0 \u00a0 \u00a0 \u00a0 \u00a0 \u00a0 \u00a0 \u00a0 Erhardtn\u00e9 Dr. Gach\u00e1lyi Anik\u00f3 \u00a0\u00a0 <a href=\"https:\/\/semmelweis.hu\/bokayklinika\/betegellatas\/betegjogi-kepviselo\/\">el\u00e9rhet\u0151s\u00e9g \u00e9s fogad\u00f3 \u00f3ra<\/a><\/div>\n<\/div>\n<p style=\"text-align: justify\">Kedves Sz\u00fcl\u0151k!<\/p>\n<p style=\"text-align: justify\">K\u00f6sz\u00f6ntj\u00fck \u00d6n\u00f6ket a B\u00f3kay Gyermekklinika Diab\u00e9tesz, Endokrinol\u00f3giai \u00e9s Metabolikus Oszt\u00e1ly\u00e1n, haz\u00e1nk legnagyobb gyermek-diab\u00e9tesz k\u00f6zpontj\u00e1ban! Gyermek\u00fck klinikai tart\u00f3zkod\u00e1s\u00e1t igyeksz\u00fcnk min\u00e9l k\u00f6nnyebb\u00e9 tenni, ez\u00e9rt k\u00e9rj\u00fck, olvass\u00e1k el az al\u00e1bbi t\u00e1j\u00e9koztat\u00f3t, amivel seg\u00edthetik oszt\u00e1lyunk m\u0171k\u00f6d\u00e9s\u00e9t!<br \/>\nR\u00e9szleg\u00fcnk\u00f6n els\u0151sorban diab\u00e9teszes gyermekeket l\u00e1tunk el, kisebb ar\u00e1nyban t\u00fals\u00falyos \u00e9s hormon\u00e1lis probl\u00e9m\u00e1kkal k\u00fczd\u0151 betegeket. Az oszt\u00e1ly profilj\u00e1b\u00f3l ad\u00f3d\u00f3an viszonylag kev\u00e9s az akut beteg oszt\u00e1lyunkon. K\u00e9rj\u00fck, hogy a kivizsg\u00e1l\u00e1sra \u00e9rkezett, j\u00f3 \u00e1llapot\u00fa, panaszmentes gyermekek \u00e9s sz\u00fcleik legyenek tekintettel a s\u00falyosabb \u00e1llapot\u00fa beteg ig\u00e9nyeire, nyugalm\u00e1ra!<\/p>\n<p style=\"text-align: justify\"><strong>Fontos tudnival\u00f3k<\/strong><\/p>\n<p style=\"text-align: justify\">B\u00e1rmilyen probl\u00e9m\u00e1val ker\u00fcl gyermek\u00fck oszt\u00e1lyunkra, k\u00e9rj\u00fck, hogy a t\u00f6bbi gyermekre is vonatkoz\u00f3 di\u00e9t\u00e1s, \u00e9trendi szab\u00e1lyokat tartsa be. Az oszt\u00e1ly profilj\u00e1b\u00f3l ad\u00f3d\u00f3an a di\u00e9t\u00e1s kezel\u00e9s kiemelt fontoss\u00e1g\u00fa, \u00edgy enni- \u00e9s innival\u00f3t \u00e1ltal\u00e1ban csak munkat\u00e1rsainkt\u00f3l kaphatnak a gyerekek, a magukkal hozott enni- \u00e9s innival\u00f3t k\u00e9rj\u00fck, adj\u00e1k \u00e1t n\u0151v\u00e9reinknek. K\u00e9rj\u00fck, hogy a k\u00f3rtermekben csak a gyermekek \u00e9tkezzenek.<br \/>\nGyermek\u00fck tartalmasabb id\u0151t\u00f6lt\u00e9se c\u00e9lj\u00e1b\u00f3l k\u00f6sz\u00f6nj\u00fck, ha kedvenc j\u00e1t\u00e9k\u00e1t, k\u00f6nyv\u00e9t behozz\u00e1k az oszt\u00e1lyra! Ezek\u00e9rt sajnos felel\u0151ss\u00e9get v\u00e1llalni nem tudunk. Hangs\u00falyozottan vonatkozik ugyanez az \u00e9rt\u00e9kes audiovizu\u00e1lis eszk\u00f6z\u00f6kre, bele\u00e9rtve a telefont is.<br \/>\nA d\u00e9lut\u00e1ni csendes pihen\u0151t a gyermekek pihen\u00e9sre ford\u00edtj\u00e1k, a monitorok haszn\u00e1lat\u00e1t ebben az id\u0151ben k\u00e9rj\u00fck mell\u0151zni!<br \/>\nNapk\u00f6zben saj\u00e1t szabadid\u0151 ruh\u00e1ban lehetnek a j\u00f3 eg\u00e9szs\u00e9gi \u00e1llapotban l\u00e9v\u0151 gyermekek, pizsam\u00e1t csak az akut betegeknek kell viselni.<br \/>\nA sz\u00fcl\u0151k \u00e1pol\u00e1sban val\u00f3 r\u00e9szv\u00e9tele a beteg \u00e9rdek\u00e9ben megengedett \u00e9s sz\u00fcks\u00e9ges, de az \u00e1pol\u00e1si feladatokr\u00f3l k\u00e9rj\u00fck, minden esetben egyeztessenek n\u0151v\u00e9reinkkel.<br \/>\nA sz\u00fcl\u0151k kab\u00e1tjaikat a k\u00f3rtermen k\u00edv\u00fcli fogason, vagy a ruhat\u00e1rban helyezhetik el.<\/p>\n<p style=\"text-align: justify\"><strong>T\u00e1j\u00e9koztat\u00e1s<\/strong><\/p>\n<p style=\"text-align: justify\">K\u00e9rj\u00fck, hogy gyermek\u00fck \u00e1llapot\u00e1r\u00f3l csak az oszt\u00e1ly dolgoz\u00f3in\u00e1l: a kezel\u0151orvosn\u00e1l illetve n\u0151v\u00e9rekn\u00e9l \u00e9rdekl\u0151djenek. Felvil\u00e1gos\u00edt\u00e1st csak szem\u00e9lyesen, \u00e9s csak a betegek sz\u00fcleinek adhatunk. \u00dcgyeleti id\u0151ben az \u00fcgyeletes orvos csak akut v\u00e1ltoz\u00e1sokr\u00f3l tud inform\u00e1ci\u00f3t adni.<br \/>\nA diab\u00e9tesszel kapcsolatos oktat\u00e1s, eduk\u00e1ci\u00f3 t\u00f6bb szakter\u00fclet k\u00e9pvisel\u0151j\u00e9nek k\u00f6zrem\u0171k\u00f6d\u00e9s\u00e9vel val\u00f3sul meg. Az oktat\u00e1s sor\u00e1n az orvosi inform\u00e1ci\u00f3 mellett sz\u00e1mos gyakorlati fog\u00e1st n\u0151v\u00e9reinkt\u0151l tanulnak meg, a di\u00e9t\u00e1val kapcsolatos inform\u00e1ci\u00f3kat dietetikusunkt\u00f3l kapj\u00e1k meg.<\/p>\n<p style=\"text-align: justify\"><strong>L\u00e1togat\u00e1s<\/strong><\/p>\n<p style=\"text-align: justify\">A sz\u00fcl\u0151k egyike 07:00-20:00 \u00f3ra k\u00f6z\u00f6tt folyamatosan gyermeke mellett tart\u00f3zkodhat. Indokolt esetben \u2013 \u00e1tmenetileg \u2013 mindk\u00e9t sz\u00fcl\u0151 jelenl\u00e9t\u00e9re sz\u00e1m\u00edtunk.<br \/>\nAz \u00fajonnan diagnosztiz\u00e1lt diab\u00e9teszes gyermekek kezel\u00e9s\u00e9nek be\u00e1ll\u00edt\u00e1sa \u00e9s a betanul\u00e1s id\u0151szak\u00e1ban kifejezetten k\u00edv\u00e1natos, hogy a sz\u00fcl\u0151 min\u00e9l t\u00f6bb id\u0151t az oszt\u00e1lyon t\u00f6lts\u00f6n a tanul\u00e1s \u00e9rdek\u00e9ben.<br \/>\nA csal\u00e1dok 14 \u00e9ven fel\u00fcli tagjai minden nap 15:00 \u00e9s 19:00 \u00f3ra k\u00f6z\u00f6tt l\u00e1togathatj\u00e1k gyermekeiket. A gyermekek eg\u00e9szs\u00e9gi \u00e1llapot\u00e1t\u00f3l \u00e9s aktu\u00e1lis v\u00e9rcukor \u00e9rt\u00e9k\u00e9t\u0151l, illetve az id\u0151j\u00e1r\u00e1st\u00f3l is f\u00fcgg\u0151en, van lehet\u0151s\u00e9g a Klinika udvar\u00e1n t\u00f6rt\u00e9n\u0151 s\u00e9t\u00e1ra. Felh\u00edvjuk sz\u00edves figyelm\u00fcket, hogy a gyermekek csak az oszt\u00e1ly dolgoz\u00f3inak tudt\u00e1val \u00e9s enged\u00e9ly\u00e9vel hagyhatj\u00e1k el az oszt\u00e1lyt!<\/p>\n<p style=\"text-align: justify\"><strong>Sz\u00fcl\u0151k tart\u00f3zkod\u00e1sa a klinik\u00e1n<\/strong><\/p>\n<p style=\"text-align: justify\">Fontosnak tartjuk, hogy \u00d6n a gyermeke k\u00f6zel\u00e9ben lehessen a gyermek ell\u00e1t\u00e1sa sor\u00e1n. Ennek \u00e9rdek\u00e9ben els\u0151sorban szoptat\u00f3s \u00e9desany\u00e1k, s\u00falyos \u00e1llapotban l\u00e9v\u0151 gyermekek sz\u00fclei, vagy m\u00e9g haza nem adhat\u00f3, de az oszt\u00e1lyon m\u00e1r 24 \u00f3r\u00e1ban nem sz\u00fcks\u00e9gszer\u0171en tart\u00f3zkod\u00f3, els\u0151sorban kr\u00f3nikus betegek \u00e9s sz\u00fcleik sz\u00e1m\u00e1ra korl\u00e1tozott sz\u00e1mban rendelkez\u00e9sre \u00e1llnak a klinika 2. emelet\u00e9n tal\u00e1lhat\u00f3 \u201ebaba-mama szob\u00e1k\u201d. \u00a0Ezek ig\u00e9nybev\u00e9tel\u00e9re a fentieket figyelembe v\u00e9ve, \u00e9s a szob\u00e1k foglalts\u00e1g\u00e1t\u00f3l f\u00fcgg\u0151en ker\u00fclhet sor. A nem budapesti, \u00e9s v\u00e1rhat\u00f3an a klinik\u00e1n hosszabb ideig tart\u00f3zkod\u00f3 csal\u00e1dok\/sz\u00fcl\u0151k sz\u00e1m\u00e1ra a klinik\u00e1val szomsz\u00e9dos utc\u00e1ban tal\u00e1lhat\u00f3, a Ronald McDonald\u2019s Alap\u00edtv\u00e1ny \u00e1ltal m\u0171k\u00f6dtetett h\u00e1zban, ingyenes sz\u00e1ll\u00e1sra van lehet\u0151s\u00e9g. Mindk\u00e9t sz\u00e1ll\u00e1slehet\u0151s\u00e9g ig\u00e9nybev\u00e9tele el\u0151zetes egyeztet\u00e9st k\u00edv\u00e1n az adott oszt\u00e1ly f\u0151n\u0151v\u00e9r\u00e9vel illetve a gyermek kezel\u0151orvos\u00e1val.<br \/>\nKlinik\u00e1nk oszt\u00e1lyainak t\u00f6bbs\u00e9g\u00e9n a fentiek mellett kinyithat\u00f3 \u00e1gyakon, fotel\u00e1gyakon tudunk \u00e9jszak\u00e1ra pihen\u00e9si lehet\u0151s\u00e9get biztos\u00edtani az egyik sz\u00fcl\u0151 sz\u00e1m\u00e1ra. A kisebb betegszob\u00e1kn\u00e1l, ahol a beteg\u00e1gyak mellett tov\u00e1bbi fekv\u0151hely elhelyez\u00e9s\u00e9re nincs lehet\u0151s\u00e9g, a klinika ter\u00fclet\u00e9n igyeksz\u00fcnk megoldani ig\u00e9ny eset\u00e9n az egyik sz\u00fcl\u0151 elhelyez\u00e9s\u00e9t.<br \/>\nTisztelettel k\u00e9rj\u00fck, \u00e9s felh\u00edvjuk figyelm\u00fcket, hogy a klinik\u00e1nkon kezelt egyik gyermek sem szenvedhet h\u00e1tr\u00e1nyt, \u00edgy els\u0151dleges a gyermekek biztons\u00e1gos ell\u00e1t\u00e1sa! Ennek\u00a0 \u00e9rdek\u00e9ben, k\u00e9rj\u00fck a \u201eSz\u00fcl\u0151i t\u00e1j\u00e9koztat\u00f3ban\u201d le\u00edrtak \u00e9s a klinika h\u00e1zirendj\u00e9nek, id\u0151beoszt\u00e1s\u00e1nak betart\u00e1s\u00e1t!<br \/>\nK\u00f6sz\u00f6nj\u00fck egy\u00fcttm\u0171k\u00f6d\u00e9s\u00fcket, amelynek c\u00e9lja gyermek\u00fck min\u00e9l biztons\u00e1gosabb \u00e9s gyorsabb ell\u00e1t\u00e1sa, \u00e9s otthon\u00e1ba bocs\u00e1t\u00e1sa.<\/p>\n<p style=\"text-align: justify\">Klinik\u00e1nk \u00e9s oszt\u00e1lyunk a Semmelweis Egyetem r\u00e9szek\u00e9nt az orvos- \u00e9s gyermek-szakorvosk\u00e9pz\u00e9s helye is: a klinik\u00e1n h\u00e1rom nyelven, magyarul, angolul \u00e9s n\u00e9met\u00fcl zajlanak k\u00f3rtermi gyakorlatok. K\u00e9rj\u00fck ezzel kapcsolatban meg\u00e9rt\u0151 t\u00e1mogat\u00e1sukat! A kezel\u0151orvos igyekszik minden alkalommal egyeztetni \u00d6n\u00f6kkel, amennyiben gyermek\u00fck r\u00e9szv\u00e9tel\u00e9re is sz\u00e1m\u00edt a gyakorlati orvosk\u00e9pz\u00e9sben.<\/p>\n<p style=\"text-align: justify\">Tisztelettel k\u00e9rj\u00fck, \u00fcgyeljenek oszt\u00e1lyunk rendj\u00e9re \u00e9s tisztas\u00e1g\u00e1ra!<\/p>\n","protected":false},"excerpt":{"rendered":"<p>Gyermekgy\u00f3gy\u00e1szati Klinika (B\u00f3kay J. utcai r\u00e9szleg) Diab\u00e9tesz, Endokrinol\u00f3giai \u00e9s Metabolikus Oszt\u00e1ly\u00a0 Oszt\u00e1lyvezet\u0151: Dr. Luczay Andrea, Dr. T\u00f3th-Heyn P\u00e9ter Oszt\u00e1lyvezet\u0151 f\u0151n\u0151v\u00e9r: Zeher Zsuzsanna\u00a0 \u00a0 \u00a0 \u00a0 \u00a0 \u00a0 \u00a0 \u00a0 \u00a0 \u00a0 \u00a0 \u00a0 \u00a0 \u00a0 \u00a0 \u00a0 \u00a0 \u00a0 \u00a0 Telefon: +36-1-334-3186\/52641 \u00a0 Betegjogi k\u00e9pvisel\u0151:\u00a0 \u00a0 \u00a0 \u00a0 \u00a0 \u00a0 \u00a0 \u00a0 \u00a0 \u00a0 Erhardtn\u00e9 &hellip;<\/p>\n","protected":false},"author":101739,"featured_media":0,"parent":95,"menu_order":0,"comment_status":"closed","ping_status":"closed","template":"","meta":{"_acf_changed":false,"footnotes":""},"categories":[],"tags":[],"class_list":["post-1083","page","type-page","status-publish","hentry"],"acf":[],"_links":{"self":[{"href":"https:\/\/semmelweis.hu\/bokayklinika\/wp-json\/wp\/v2\/pages\/1083","targetHints":{"allow":["GET"]}}],"collection":[{"href":"https:\/\/semmelweis.hu\/bokayklinika\/wp-json\/wp\/v2\/pages"}],"about":[{"href":"https:\/\/semmelweis.hu\/bokayklinika\/wp-json\/wp\/v2\/types\/page"}],"author":[{"embeddable":true,"href":"https:\/\/semmelweis.hu\/bokayklinika\/wp-json\/wp\/v2\/users\/101739"}],"replies":[{"embeddable":true,"href":"https:\/\/semmelweis.hu\/bokayklinika\/wp-json\/wp\/v2\/comments?post=1083"}],"version-history":[{"count":11,"href":"https:\/\/semmelweis.hu\/bokayklinika\/wp-json\/wp\/v2\/pages\/1083\/revisions"}],"predecessor-version":[{"id":6956,"href":"https:\/\/semmelweis.hu\/bokayklinika\/wp-json\/wp\/v2\/pages\/1083\/revisions\/6956"}],"up":[{"embeddable":true,"href":"https:\/\/semmelweis.hu\/bokayklinika\/wp-json\/wp\/v2\/pages\/95"}],"wp:attachment":[{"href":"https:\/\/semmelweis.hu\/bokayklinika\/wp-json\/wp\/v2\/media?parent=1083"}],"wp:term":[{"taxonomy":"category","embeddable":true,"href":"https:\/\/semmelweis.hu\/bokayklinika\/wp-json\/wp\/v2\/categories?post=1083"},{"taxonomy":"post_tag","embeddable":true,"href":"https:\/\/semmelweis.hu\/bokayklinika\/wp-json\/wp\/v2\/tags?post=1083"}],"curies":[{"name":"wp","href":"https:\/\/api.w.org\/{rel}","templated":true}]}}