{"id":1077,"date":"2020-06-30T09:47:16","date_gmt":"2020-06-30T07:47:16","guid":{"rendered":"https:\/\/semmelweis.hu\/gyermekklinika1\/?page_id=1077"},"modified":"2026-03-23T11:08:47","modified_gmt":"2026-03-23T10:08:47","slug":"csecsemo-osztaly","status":"publish","type":"page","link":"https:\/\/semmelweis.hu\/bokayklinika\/betegellatas\/fekvobeteg-ellatas\/csecsemo-osztaly\/","title":{"rendered":"Csecsem\u0151 Oszt\u00e1ly"},"content":{"rendered":"<div class=\"keretes\">\n<p><strong>Gyermekgy\u00f3gy\u00e1szati Klinika<\/strong> (B\u00f3kay utcai r\u00e9szleg) <strong>Csecsem\u0151 Oszt\u00e1ly<\/strong><\/p>\n<p><strong>Oszt\u00e1lyvezet\u0151: <\/strong>Dr. Kincs Judit<br \/>\n<strong>Oszt\u00e1lyvezet\u0151 f\u0151n\u0151v\u00e9r: <\/strong>Sz\u00f3ka Zolt\u00e1nn\u00e9<\/p>\n<p><strong>El\u00e9rhet\u0151s\u00e9gek:<br \/>\nn\u0151v\u00e9rpult:<\/strong> +36-1-334-3186\/52649 vagy +36-20-825-2649<br \/>\n<strong>oszt\u00e1lyvezet\u0151 szob\u00e1ja:<\/strong> +36-1-3343186\/52594 vagy +36-20-825-2594<br \/>\n<strong>kisorvosi szoba:<\/strong> +36-1-3343186\/52747 vagy +36-20-825-2747<\/p>\n<p><strong>Betegjogi k\u00e9pvisel\u0151:<\/strong> <br \/>\nErhardtn\u00e9 Dr. Gach\u00e1lyi Anik\u00f3<br \/>\n<a href=\"https:\/\/semmelweis.hu\/bokayklinika\/betegellatas\/betegjogi-kepviselo\/\">el\u00e9rhet\u0151s\u00e9g \u00e9s fogad\u00f3 \u00f3ra<\/a><\/p>\n<\/div>\n<p>Kedves Sz\u00fcl\u0151k!<\/p>\n<p>K\u00f6sz\u00f6ntj\u00fck \u00d6n\u00f6ket a B\u00f3kay Gyermekklinika Csecsem\u0151 Oszt\u00e1ly\u00e1n. B\u00edzunk abban, hogy az el\u0151tt\u00fcnk \u00e1ll\u00f3 k\u00f6z\u00f6s er\u0151fesz\u00edt\u00e9sek nyom\u00e1n gyermek\u00fck \u00e9s csal\u00e1djuk pillanatnyilag neh\u00e9z, aggodalommal teli helyzete hamarosan jobbra fordul.<\/p>\n<p>K\u00e9rj\u00fck \u00d6n\u00f6ket, hogy olvass\u00e1k el az al\u00e1bbi t\u00e1j\u00e9koztat\u00f3t, amelyben a h\u00e1zirend \u00e1ltalunk legfontosabbnak tartott r\u00e9szeit emelt\u00fck ki. K\u00e9rj\u00fck, hogy tarts\u00e1k be a felsorolt szab\u00e1lyokat annak \u00e9rdek\u00e9ben, hogy min\u00e9l z\u00f6kken\u0151mentesebb lehessen egy\u00fcttm\u0171k\u00f6d\u00e9s\u00fcnk.<\/p>\n<h4><strong>Fontos tudnival\u00f3k<\/strong><\/h4>\n<p>K\u00e9rj\u00fck \u00d6n\u00f6ket, minden esetben olvass\u00e1k el a falra kif\u00fcggesztett h\u00e1zirendet, \u00e9s legyenek sz\u00edvesek betartani az ott felsorolt szab\u00e1lyokat!<\/p>\n<ul style=\"list-style-type: square\">\n<li>A gyermek\u00e1gyak sz\u00e9l\u00e9re kab\u00e1tot, t\u00e1sk\u00e1t ne rakjanak, az \u00e1gyba semmit se tegyenek.<\/li>\n<li>A kis\u00e1gyb\u00f3l a matracot kivenni, vagy abba befek\u00fcdni szigor\u00faan tilos!<\/li>\n<li>Az orvosi m\u0171szerek be\u00e1ll\u00edt\u00e1sa vagy kikapcsol\u00e1sa nem a sz\u00fcl\u0151 feladata, ezeket csak az \u00e1pol\u00f3 vagy az orvos kezelheti.<\/li>\n<li>Minden sz\u00fcl\u0151 csak a saj\u00e1t csecsem\u0151j\u00e9hez ny\u00falhat. M\u00e1s csecsem\u0151t \u00e1gyb\u00f3l kivenni, simogatni, cumit a sz\u00e1j\u00e1ba tenni nem szabad. Ezzel a fert\u0151z\u00e9sek \u00e1tvitel\u00e9t c\u00e9lunk megakad\u00e1lyozni.<\/li>\n<li>A k\u00f3rh\u00e1zban tart\u00f3zkod\u00f3 sz\u00fcl\u0151 ell\u00e1t\u00e1sa nem oszt\u00e1lyos feladat.<\/li>\n<li>A l\u00e1togat\u00e1s megtilthat\u00f3, ha a l\u00e1togat\u00f3 viselked\u00e9se a klinik\u00e1n elfogadott norm\u00e1knak nem felel meg, alkoholos, vagy tudatm\u00f3dos\u00edt\u00f3 szerek befoly\u00e1solts\u00e1ga felt\u00e9telezhet\u0151.<\/li>\n<li>K\u00f3rh\u00e1zi kezel\u00e9s alatt a csecsem\u0151t az udvarra csak enged\u00e9llyel lehet vinni. A k\u00f3rh\u00e1z ter\u00fclet\u00e9r\u0151l a csecsem\u0151t elvinni tilos!<\/li>\n<li>Doh\u00e1nyozni csak \u00e9s kiz\u00e1r\u00f3lag az utc\u00e1n, a f\u0151kapu mellett lehet!<\/li>\n<\/ul>\n<h4><strong>Csecsem\u0151k ell\u00e1t\u00e1sa, etet\u00e9se<\/strong><\/h4>\n<p>Az \u00c1NTSZ utas\u00edt\u00e1s\u00e1ra a csecsem\u0151 saj\u00e1t anyateje az oszt\u00e1lyos konyha erre haszn\u00e1latos h\u0171t\u0151szekr\u00e9ny\u00e9ben t\u00e1rolhat\u00f3. A szoptat\u00e1st t\u00e1mogatjuk, de k\u00e9rj\u00fck \u00d6n\u00f6ket, hogy ha a betegs\u00e9g miatt ezt szab\u00e1lyok k\u00f6z\u00e9 kell vonni, abban sz\u00edveskedjenek partnerk\u00e9nt viselkedni.<br \/>\nSaj\u00e1t t\u00e1pszert \u00e9rdemes hozni, mert nem felt\u00e9tlen\u00fcl \u00e1ll rendelkez\u00e9sre olyan speci\u00e1lis t\u00e1pszer a Klinik\u00e1n, mint amilyenre az \u00d6n kisgyermek\u00e9nek sz\u00fcks\u00e9ge van.<br \/>\nK\u00e9rj\u00fck \u00d6n\u00f6ket, hogy a csecsem\u0151 saj\u00e1t cumis\u00fcveg\u00e9t, h\u0151m\u00e9r\u0151j\u00e9t, f\u00fcrdet\u00e9shez haszn\u00e1lt t\u00f6r\u00f6lk\u00f6z\u0151j\u00e9t, valamint pelenk\u00e1t \u00e9s popsit\u00f6rl\u0151t hozzanak magukkal.<\/p>\n<p>Az \u00e1pol\u00e1sba igyeksz\u00fcnk bevonni az \u00e9desany\u00e1kat is, mert hissz\u00fck, hogy \u00edgy hat\u00e9konyabb az \u00e1pol\u00e1s \u00e9s komfortosabb a csecsem\u0151nek a k\u00f3rh\u00e1zi tart\u00f3zkod\u00e1s. Ez akkor m\u0171k\u00f6d\u0151k\u00e9pes, ha a sz\u00fcl\u0151 partner mindebben, \u00e9s a gy\u00f3gy\u00edt\u00f3-, valamint \u00e1pol\u00f3 team tagjaival egy\u00fcttm\u0171k\u00f6d\u0151, elfogad\u00f3.<\/p>\n<h4><strong>L\u00e1togat\u00e1s<\/strong><\/h4>\n<p>Hisz\u00fcnk abban, hogy az \u00e9desany\u00e1k \u00e9s \u00e9desap\u00e1k jelenl\u00e9te gyermek\u00fck mellett n\u00f6veli a gy\u00f3gyul\u00e1s es\u00e9lyeit, cs\u00f6kkenti az \u00e1pol\u00e1si napok sz\u00e1m\u00e1t. Ez\u00e9rt t\u00f6reksz\u00fcnk arra, hogy gyermek\u00fck betegs\u00e9g\u00e9nek s\u00falyoss\u00e1g\u00e1t\u00f3l f\u00fcggetlen\u00fcl is min\u00e9l t\u00f6bb id\u0151t t\u00f6lthessenek vel\u00fck egy\u00fctt. Az oszt\u00e1lyos munkaszervez\u00e9s \u00e9s a rendelkez\u00e9sre \u00e1ll\u00f3 sz\u0171k\u00f6s helyek \u00e9s a betegek \u00f6sszet\u00e9tele azonban bizonyos korl\u00e1tokat jelentenek.<\/p>\n<p>Az oszt\u00e1ly zs\u00fafolts\u00e1ga miatt megk\u00e9rj\u00fck \u00d6n\u00f6ket, hogy napk\u00f6zben egyszerre csak egyik\u00fck tart\u00f3zkodjon a csecsem\u0151 mellett. Egy\u00e9b hozz\u00e1tartoz\u00f3k l\u00e1togat\u00e1sa nem enged\u00e9lyezett.<\/p>\n<h4><strong>T\u00e1j\u00e9koztat\u00e1s<\/strong><\/h4>\n<p>Elk\u00f6telezettek vagyunk abban, hogy gyermek\u00fckr\u0151l a legteljesebb t\u00e1j\u00e9koztat\u00e1st ny\u00fajtsuk. A t\u00f6rv\u00e9nyi el\u0151\u00edr\u00e1soknak megfelel\u0151en csak az \u00e9desany\u00e1nak, \u00e9desap\u00e1nak, t\u00f6rv\u00e9nyes gondvisel\u0151nek, illetve a gyermek\u00fck kezel\u00e9s\u00e9ben r\u00e9szt vev\u0151 orvos koll\u00e9g\u00e1knak \u00e9s v\u00e9d\u0151n\u0151nek adunk t\u00e1j\u00e9koztat\u00e1st. Ez a telefonos t\u00e1j\u00e9koztat\u00e1sra is vonatkozik. K\u00e9rj\u00fck, hogy a t\u00f6bbi csal\u00e1dtagot \u00d6n\u00f6k inform\u00e1lj\u00e1k a t\u0151l\u00fcnk kapott t\u00e1j\u00e9koztat\u00e1s alapj\u00e1n.<\/p>\n<p>A betegs\u00e9ggel, gy\u00f3gy\u00edt\u00e1ssal, kil\u00e1t\u00e1sokkal kapcsolatos inform\u00e1ci\u00f3kat az oszt\u00e1lyon dolgoz\u00f3 orvosaink adnak. Az \u00e1pol\u00e1ssal kapcsolatban a n\u0151v\u00e9rek adnak t\u00e1j\u00e9koztat\u00e1st, keress\u00e9k \u0151ket bizalommal!<\/p>\n<p>Az \u00e9jjel-nappali orvosi munkarend miatt napk\u00f6zben nem mindig ugyanaz az orvos gondoskodik gyermek\u00fckr\u0151l, akivel az el\u0151z\u0151 napokban tal\u00e1lkoztak. A k\u00f3rh\u00e1zi kezel\u00e9s alatt nem egy \u201ekezel\u0151orvos\u201d, hanem oszt\u00e1lyunk orvoscsapata gy\u00f3gy\u00edtja gyermek\u00fcket. R\u00e9szletes orvosi t\u00e1j\u00e9koztat\u00e1sra ak\u00e1r telefonon, ak\u00e1r szem\u00e9lyesen 12:00-16:00 \u00f3ra k\u00f6z\u00f6tti id\u0151szakban van m\u00f3d. Ezen t\u00fal, \u00e9s \u00fcgyeleti id\u0151ben, csak r\u00f6vid t\u00e1j\u00e9koztat\u00e1sra van lehet\u0151s\u00e9g.<\/p>\n<p>A munkarend\u00fcnk szerint a n\u0151v\u00e9rek m\u0171szakonk\u00e9nt 12 \u00f3r\u00e1n \u00e1t egyfolyt\u00e1ban vigy\u00e1zz\u00e1k \u00e9s \u00e1polj\u00e1k gyermek\u00fcket. Reggel 8, illetve este 8 \u00f3ra ut\u00e1n kaphatnak inform\u00e1ci\u00f3t arr\u00f3l, hogy ki \u00e1polja az adott m\u0171szakban gyermek\u00fcket. K\u00e9rj\u00fck, \u0151t keress\u00e9k, vele tarts\u00e1k a kapcsolatot az adott id\u0151ben!<\/p>\n<h4><strong>Sz\u00fcl\u0151k tart\u00f3zkod\u00e1sa a klinik\u00e1n<\/strong><\/h4>\n<p>Fontosnak tartjuk, hogy \u00d6n a gyermeke k\u00f6zel\u00e9ben lehessen a gyermek ell\u00e1t\u00e1sa sor\u00e1n. Ennek \u00e9rdek\u00e9ben els\u0151sorban szoptat\u00f3s \u00e9desany\u00e1k, s\u00falyos \u00e1llapotban l\u00e9v\u0151 gyermekek sz\u00fclei vagy m\u00e9g haza nem adhat\u00f3, de az oszt\u00e1lyon m\u00e1r 24 \u00f3r\u00e1ban nem sz\u00fcks\u00e9gszer\u0171en tart\u00f3zkod\u00f3, els\u0151sorban kr\u00f3nikus betegek \u00e9s sz\u00fcleik sz\u00e1m\u00e1ra korl\u00e1tozott sz\u00e1mban rendelkez\u00e9sre \u00e1llnak a klinika II. emelet\u00e9n tal\u00e1lhat\u00f3 \u201ebaba-mama szob\u00e1k\u201d. Ezek ig\u00e9nybev\u00e9tel\u00e9re a fentieket figyelembe v\u00e9ve, \u00e9s a szob\u00e1k foglalts\u00e1g\u00e1t\u00f3l f\u00fcgg\u0151en ker\u00fclhet sor.<\/p>\n<p>A nem budapesti, \u00e9s v\u00e1rhat\u00f3an a klinik\u00e1n hosszabb ideig tart\u00f3zkod\u00f3 csal\u00e1dok\/sz\u00fcl\u0151k sz\u00e1m\u00e1ra a klinik\u00e1val szomsz\u00e9dos utc\u00e1ban tal\u00e1lhat\u00f3, <a href=\"https:\/\/ronaldhaz.hu\/\" target=\"_blank\" rel=\"noopener\">Ronald McDonald Alap\u00edtv\u00e1ny<\/a> \u00e1ltal m\u0171k\u00f6dtetett h\u00e1zban t\u00e9r\u00edt\u00e9smentes sz\u00e1ll\u00e1slehet\u0151s\u00e9g \u00e1ll rendelkez\u00e9sre. A sz\u00e1ll\u00e1s ig\u00e9nybev\u00e9tel\u00e9nek felt\u00e9tele, hogy a csal\u00e1d lakc\u00edme Budapest 50 km-es k\u00f6rzet\u00e9n k\u00edv\u00fcl legyen. Ett\u0151l elt\u00e9rni kiz\u00e1r\u00f3lag egyedi elb\u00edr\u00e1l\u00e1s alapj\u00e1n, el\u0151zetes megbesz\u00e9l\u00e9st k\u00f6vet\u0151en lehets\u00e9ges. Mindk\u00e9t sz\u00e1ll\u00e1slehet\u0151s\u00e9g ig\u00e9nybev\u00e9tele el\u0151zetes egyeztet\u00e9st k\u00edv\u00e1n az adott oszt\u00e1ly f\u0151n\u0151v\u00e9r\u00e9vel, illetve a kezel\u0151orvossal.<\/p>\n<p>Klinik\u00e1nkon a sz\u00fcl\u0151k \u00e9jszakai elhelyez\u00e9s\u00e9re korl\u00e1tozott lehet\u0151s\u00e9g \u00e1ll rendelkez\u00e9sre. A rendelkez\u00e9sre \u00e1ll\u00f3 hely f\u00fcggv\u00e9ny\u00e9ben egy sz\u00fcl\u0151 sz\u00e1m\u00e1ra nyithat\u00f3 kemping\u00e1gyat tudunk biztos\u00edtani. Amennyiben a baba-mama szob\u00e1ban nincs szabad f\u00e9r\u0151hely, \u00e9s a Ronald H\u00e1z ig\u00e9nybev\u00e9tel\u00e9nek felt\u00e9telei sem teljes\u00fclnek, a klinika egy\u00e9b ter\u00fclet\u00e9n nem tudunk elhelyez\u00e9st biztos\u00edtani.<\/p>\n<p>Tisztelettel k\u00e9rj\u00fck \u00e9s felh\u00edvjuk figyelm\u00fcket, hogy klinik\u00e1nkon kezelt egyik gyermek sem szenvedhet h\u00e1tr\u00e1nyt, \u00edgy els\u0151dleges a gyermekek biztons\u00e1gos ell\u00e1t\u00e1sa. Ennek \u00e9rdek\u00e9ben \u00e9s ennek seg\u00edt\u00e9s\u00e9re k\u00e9rj\u00fck a \u201eSz\u00fcl\u0151i t\u00e1j\u00e9koztat\u00f3ban\u201d le\u00edrtak \u00e9s a klinika h\u00e1zirendj\u00e9nek, id\u0151beoszt\u00e1s\u00e1nak betart\u00e1s\u00e1t!<\/p>\n<p>K\u00f6sz\u00f6nj\u00fck egy\u00fcttm\u0171k\u00f6d\u00e9s\u00fcket, amelynek c\u00e9lja gyermek\u00fck min\u00e9l biztons\u00e1gosabb \u00e9s gyorsabb ell\u00e1t\u00e1sa \u00e9s otthon\u00e1ba bocs\u00e1t\u00e1sa.<\/p>\n","protected":false},"excerpt":{"rendered":"<p>Gyermekgy\u00f3gy\u00e1szati Klinika (B\u00f3kay utcai r\u00e9szleg) Csecsem\u0151 Oszt\u00e1ly Oszt\u00e1lyvezet\u0151: Dr. Kincs Judit Oszt\u00e1lyvezet\u0151 f\u0151n\u0151v\u00e9r: Sz\u00f3ka Zolt\u00e1nn\u00e9 El\u00e9rhet\u0151s\u00e9gek: n\u0151v\u00e9rpult: +36-1-334-3186\/52649 vagy +36-20-825-2649 oszt\u00e1lyvezet\u0151 szob\u00e1ja: +36-1-3343186\/52594 vagy +36-20-825-2594 kisorvosi szoba: +36-1-3343186\/52747 vagy +36-20-825-2747 Betegjogi k\u00e9pvisel\u0151: Erhardtn\u00e9 Dr. Gach\u00e1lyi Anik\u00f3 <a href=\"https:\/\/semmelweis.hu\/bokayklinika\/betegellatas\/betegjogi-kepviselo\/\">el\u00e9rhet\u0151s\u00e9g \u00e9s fogad\u00f3 \u00f3ra<\/a> Kedves Sz\u00fcl\u0151k! K\u00f6sz\u00f6ntj\u00fck \u00d6n\u00f6ket a B\u00f3kay Gyermekklinika Csecsem\u0151 Oszt\u00e1ly\u00e1n. B\u00edzunk abban, hogy az el\u0151tt\u00fcnk \u00e1ll\u00f3 k\u00f6z\u00f6s er\u0151fesz\u00edt\u00e9sek nyom\u00e1n gyermek\u00fck &hellip;<\/p>\n","protected":false},"author":101739,"featured_media":0,"parent":95,"menu_order":0,"comment_status":"closed","ping_status":"closed","template":"","meta":{"_acf_changed":false,"footnotes":""},"categories":[],"tags":[],"class_list":["post-1077","page","type-page","status-publish","hentry"],"acf":[],"_links":{"self":[{"href":"https:\/\/semmelweis.hu\/bokayklinika\/wp-json\/wp\/v2\/pages\/1077","targetHints":{"allow":["GET"]}}],"collection":[{"href":"https:\/\/semmelweis.hu\/bokayklinika\/wp-json\/wp\/v2\/pages"}],"about":[{"href":"https:\/\/semmelweis.hu\/bokayklinika\/wp-json\/wp\/v2\/types\/page"}],"author":[{"embeddable":true,"href":"https:\/\/semmelweis.hu\/bokayklinika\/wp-json\/wp\/v2\/users\/101739"}],"replies":[{"embeddable":true,"href":"https:\/\/semmelweis.hu\/bokayklinika\/wp-json\/wp\/v2\/comments?post=1077"}],"version-history":[{"count":13,"href":"https:\/\/semmelweis.hu\/bokayklinika\/wp-json\/wp\/v2\/pages\/1077\/revisions"}],"predecessor-version":[{"id":8180,"href":"https:\/\/semmelweis.hu\/bokayklinika\/wp-json\/wp\/v2\/pages\/1077\/revisions\/8180"}],"up":[{"embeddable":true,"href":"https:\/\/semmelweis.hu\/bokayklinika\/wp-json\/wp\/v2\/pages\/95"}],"wp:attachment":[{"href":"https:\/\/semmelweis.hu\/bokayklinika\/wp-json\/wp\/v2\/media?parent=1077"}],"wp:term":[{"taxonomy":"category","embeddable":true,"href":"https:\/\/semmelweis.hu\/bokayklinika\/wp-json\/wp\/v2\/categories?post=1077"},{"taxonomy":"post_tag","embeddable":true,"href":"https:\/\/semmelweis.hu\/bokayklinika\/wp-json\/wp\/v2\/tags?post=1077"}],"curies":[{"name":"wp","href":"https:\/\/api.w.org\/{rel}","templated":true}]}}