{"id":107,"date":"2020-06-03T12:29:08","date_gmt":"2020-06-03T10:29:08","guid":{"rendered":"https:\/\/semmelweis.hu\/gyermekklinika1\/?page_id=107"},"modified":"2025-08-28T18:25:28","modified_gmt":"2025-08-28T16:25:28","slug":"baba-mama-szobak","status":"publish","type":"page","link":"https:\/\/semmelweis.hu\/bokayklinika\/betegellatas\/baba-mama-szobak\/","title":{"rendered":"Baba-mama szob\u00e1k"},"content":{"rendered":"<p><strong>Anya-gyermek szob\u00e1k bemutat\u00e1sa<\/strong><\/p>\n<p><img loading=\"lazy\" decoding=\"async\" class=\"size-medium wp-image-1024 alignright\" src=\"https:\/\/semmelweis.hu\/bokayklinika\/files\/2020\/06\/IMG_3599-400x267.jpg\" alt=\"\" width=\"400\" height=\"267\" srcset=\"https:\/\/semmelweis.hu\/bokayklinika\/files\/2020\/06\/IMG_3599-400x267.jpg 400w, https:\/\/semmelweis.hu\/bokayklinika\/files\/2020\/06\/IMG_3599-1024x683.jpg 1024w, https:\/\/semmelweis.hu\/bokayklinika\/files\/2020\/06\/IMG_3599-768x512.jpg 768w, https:\/\/semmelweis.hu\/bokayklinika\/files\/2020\/06\/IMG_3599-1536x1024.jpg 1536w, https:\/\/semmelweis.hu\/bokayklinika\/files\/2020\/06\/IMG_3599-2048x1365.jpg 2048w, https:\/\/semmelweis.hu\/bokayklinika\/files\/2020\/06\/IMG_3599-753x502.jpg 753w, https:\/\/semmelweis.hu\/bokayklinika\/files\/2020\/06\/IMG_3599-203x135.jpg 203w\" sizes=\"auto, (max-width: 400px) 100vw, 400px\" \/>Klinik\u00e1nkon lehet\u0151s\u00e9g van apartman jelleg\u0171, anya-gyerek szob\u00e1kat d\u00edjmentesen ig\u00e9nybe venni. Ezen szob\u00e1kat azoknak a csal\u00e1doknak tartjuk fenn, akiknek a gyermeke m\u00e9g nem hazaengedhet\u0151, de m\u00e1r nem ig\u00e9nyel k\u00f6zvetlen oszt\u00e1lyos megfigyel\u00e9st, illetve vid\u00e9kr\u0151l \u00e9rkeznek \u00e9s a sz\u00fcl\u0151 sz\u00e1ll\u00e1sa nem megoldott. Itt lehet\u0151s\u00e9ge van a sz\u00fcl\u0151nek napi 24 \u00f3r\u00e1ban a gyermeke mellett tart\u00f3zkodni, illetve &#8211; l\u00e1togat\u00e1si id\u0151ben &#8211;\u00a0 l\u00e1togat\u00f3t fogadni.\u00a0 Ez a r\u00e9szleg Szim\u00e1n J\u00e1nosn\u00e9 (Ancsa) asszisztensn\u0151h\u00f6z tartozik, akik szint\u00e9n az emeleten tal\u00e1lhat\u00f3 meg.<\/p>\n<p>Napk\u00f6zben a kezel\u0151orvossal \u00e9s n\u0151v\u00e9rekkel egyeztetett id\u0151pontban a felvev\u0151 oszt\u00e1lyon megjelennek, a napi viziten r\u00e9szt vesznek, a sz\u00fcks\u00e9ges gy\u00f3gyszereket a gyermek megkapja, a sz\u00fcl\u0151 a n\u0151v\u00e9rekkel egyezteti a gyermekkel kapcsolatos etet\u00e9si, \u00e1pol\u00e1si tev\u00e9kenys\u00e9geket. B\u00e1rmilyen panasz eset\u00e9n az oszt\u00e1lyon soron k\u00edv\u00fcl jelentkeznek. Sz\u00fcks\u00e9g eset\u00e9n innen mennek vizsg\u00e1latra (r\u00f6ntgen, ultrahang stb.) \u00e9s amennyiben a gyermek \u00e1llapota engedi ide t\u00e9rnek vissza.<\/p>\n<p>Az anya-gyermek szob\u00e1ba felvett gyermek sz\u00e1m\u00e1ra \u00e9tkez\u00e9st naponta 3x biztos\u00edtunk, a sz\u00fcl\u0151nek t\u00e9r\u00edt\u00e9si d\u00edj ellen\u00e9ben tudjuk ugyanezt megtenni.<\/p>\n<p><img loading=\"lazy\" decoding=\"async\" class=\"size-medium wp-image-1031 alignleft\" src=\"https:\/\/semmelweis.hu\/bokayklinika\/files\/2020\/06\/IMG_3592-400x267.jpg\" alt=\"\" width=\"400\" height=\"267\" srcset=\"https:\/\/semmelweis.hu\/bokayklinika\/files\/2020\/06\/IMG_3592-400x267.jpg 400w, https:\/\/semmelweis.hu\/bokayklinika\/files\/2020\/06\/IMG_3592-1024x683.jpg 1024w, https:\/\/semmelweis.hu\/bokayklinika\/files\/2020\/06\/IMG_3592-768x512.jpg 768w, https:\/\/semmelweis.hu\/bokayklinika\/files\/2020\/06\/IMG_3592-1536x1024.jpg 1536w, https:\/\/semmelweis.hu\/bokayklinika\/files\/2020\/06\/IMG_3592-2048x1365.jpg 2048w, https:\/\/semmelweis.hu\/bokayklinika\/files\/2020\/06\/IMG_3592-753x502.jpg 753w, https:\/\/semmelweis.hu\/bokayklinika\/files\/2020\/06\/IMG_3592-203x135.jpg 203w\" sizes=\"auto, (max-width: 400px) 100vw, 400px\" \/>Jelenleg 5 ilyen szob\u00e1val rendelkez\u00fcnk az \u00e9p\u00fclet II. emelet\u00e9n, egy k\u00fcl\u00f6n sz\u00e1rnyban. Klinik\u00e1nk ezen r\u00e9sze 2019-ben ker\u00fclt fel\u00faj\u00edt\u00e1sra. A szob\u00e1k k\u00fcl\u00f6n bej\u00e1rat\u00faak, z\u00e1rhat\u00f3ak, tiszt\u00e1k, t\u00e1gasak. Minden szob\u00e1ban rendelkez\u00e9sre \u00e1ll \u00e1gy a sz\u00fcl\u0151 \u00e9s a gyermeke r\u00e9sz\u00e9re csecsem\u0151t\u0151l eg\u00e9sze nagyobb gyermek (eg\u00e9szen feln\u0151tt) m\u00e9retig, asztal, sz\u00e9k, szekr\u00e9ny, h\u0171t\u0151szekr\u00e9ny, k\u00e9zmos\u00f3 \u2013 mosogat\u00f3 helyis\u00e9g, vezet\u00e9kes telefonk\u00e9sz\u00fcl\u00e9k saj\u00e1t mell\u00e9kkel, telev\u00edzi\u00f3, wifi. Tiszt\u00e1lkod\u00e1sra lehet\u0151s\u00e9g a folyos\u00f3n tal\u00e1lhat\u00f3, ide tartozik 2 k\u00fcl\u00f6n f\u00fcrd\u0151szoba-wc.<\/p>\n<p>A teljes r\u00e9szleg az emeleten k\u00fcl\u00f6n bej\u00e1rat\u00fa, z\u00e1rhat\u00f3. Az el\u0151t\u00e9rben lehet\u0151s\u00e9g van k\u00e9nyelmesen v\u00e1rakozni, illetve l\u00e1togat\u00f3kat fogadni.<\/p>\n<p>&nbsp;<\/p>\n\r\n        [slb_exclude]\r\n        <div class=\"row galeria-wrapper mx-0 h-auto\">\r\n            <div class=\"col-9 pl-0 pr-2\">\r\n            <span class=\"gallery-item frame\">\r\n\t\t\t\t<div class=\"galeria-left-img\"><a href=\"https:\/\/semmelweis.hu\/bokayklinika\/files\/2020\/06\/IMG_3602-scaled.jpg\"><img src=https:\/\/semmelweis.hu\/bokayklinika\/files\/2020\/06\/IMG_3602-scaled.jpg  \r\n                            alt=\"\" \r\n                            class=\"attachment-sote-gallery-big size-sote-gallery-big\" \r\n                            srcset=\"https:\/\/semmelweis.hu\/bokayklinika\/files\/2020\/06\/IMG_3602-400x267.jpg 400w, https:\/\/semmelweis.hu\/bokayklinika\/files\/2020\/06\/IMG_3602-1024x683.jpg 1024w, https:\/\/semmelweis.hu\/bokayklinika\/files\/2020\/06\/IMG_3602-768x512.jpg 768w, https:\/\/semmelweis.hu\/bokayklinika\/files\/2020\/06\/IMG_3602-1536x1024.jpg 1536w, https:\/\/semmelweis.hu\/bokayklinika\/files\/2020\/06\/IMG_3602-2048x1365.jpg 2048w, https:\/\/semmelweis.hu\/bokayklinika\/files\/2020\/06\/IMG_3602-753x502.jpg 753w, https:\/\/semmelweis.hu\/bokayklinika\/files\/2020\/06\/IMG_3602-203x135.jpg 203w\" ><\/a><\/div>\r\n            <\/span>\r\n\r\n            <\/div>\r\n\r\n\t\t\t<div class=\"col-3 pl-0 pr-0\">\r\n\t\t\t\t<div class=\"galeria-right-img d-flex justify-content-between flex-column h-100 w-100 px-0 mx-0 \">\r\n                <div class=\"galeria-box\">\r\n\t\t\t\t\t<h3 class=\"galeria-title\">Gal\u00e9ria<\/h3>\r\n\t\t\t\t\t<div class=\"galeria-subtitle\">\r\n\r\n\t\t\t\t\t\t<div class=\"galeria-page-counter\"><span>15<\/span>k\u00e9p<\/div>\r\n                    <\/div> <\/div>\r\n                    <span class=\"gallery-item frame d-none d-md-flex\">\r\n\t\t\t\t\t<div class=\"galeria-small-img mt-0\"><a href=\"https:\/\/semmelweis.hu\/bokayklinika\/files\/2020\/06\/IMG_3606-scaled.jpg\"><img src=https:\/\/semmelweis.hu\/bokayklinika\/files\/2020\/06\/IMG_3606-scaled.jpg \r\n                                alt=\"\"  \r\n                                class=\"attachment-sote-gallery-small size-sote-gallery-small\" \r\n                                srcset=\"https:\/\/semmelweis.hu\/bokayklinika\/files\/2020\/06\/IMG_3606-400x267.jpg 400w, https:\/\/semmelweis.hu\/bokayklinika\/files\/2020\/06\/IMG_3606-1024x683.jpg 1024w, https:\/\/semmelweis.hu\/bokayklinika\/files\/2020\/06\/IMG_3606-768x512.jpg 768w, https:\/\/semmelweis.hu\/bokayklinika\/files\/2020\/06\/IMG_3606-1536x1024.jpg 1536w, https:\/\/semmelweis.hu\/bokayklinika\/files\/2020\/06\/IMG_3606-2048x1365.jpg 2048w, https:\/\/semmelweis.hu\/bokayklinika\/files\/2020\/06\/IMG_3606-753x502.jpg 753w, https:\/\/semmelweis.hu\/bokayklinika\/files\/2020\/06\/IMG_3606-203x135.jpg 203w\" ><\/a><\/div>\r\n                    <\/span>\r\n                    <span class=\"gallery-item frame d-none d-md-flex\">\r\n\t\t\t\t\t<div class=\"galeria-small-img mt-0\"><a href=\"https:\/\/semmelweis.hu\/bokayklinika\/files\/2020\/06\/IMG_3607-scaled.jpg\"><img src=https:\/\/semmelweis.hu\/bokayklinika\/files\/2020\/06\/IMG_3607-scaled.jpg \r\n                                alt=\"\" \r\n                                class=\"attachment-sote-gallery-small size-sote-gallery-small\" \r\n                                srcset=\"https:\/\/semmelweis.hu\/bokayklinika\/files\/2020\/06\/IMG_3607-400x267.jpg 400w, https:\/\/semmelweis.hu\/bokayklinika\/files\/2020\/06\/IMG_3607-1024x683.jpg 1024w, https:\/\/semmelweis.hu\/bokayklinika\/files\/2020\/06\/IMG_3607-768x512.jpg 768w, https:\/\/semmelweis.hu\/bokayklinika\/files\/2020\/06\/IMG_3607-1536x1024.jpg 1536w, https:\/\/semmelweis.hu\/bokayklinika\/files\/2020\/06\/IMG_3607-2048x1365.jpg 2048w, https:\/\/semmelweis.hu\/bokayklinika\/files\/2020\/06\/IMG_3607-753x502.jpg 753w, https:\/\/semmelweis.hu\/bokayklinika\/files\/2020\/06\/IMG_3607-203x135.jpg 203w\" ><\/a><\/div>\r\n                    <\/span>\r\n\r\n                <\/div>\r\n\r\n            <\/div>\r\n\r\n            <span class=\"gallery-item\"><div class=\"hidden\"><a href=\"https:\/\/semmelweis.hu\/bokayklinika\/files\/2020\/06\/IMG_3608-scaled.jpg\">\r\n        <img src=https:\/\/semmelweis.hu\/bokayklinika\/files\/2020\/06\/IMG_3608-scaled.jpg alt=\"\" class=\"attachment-sote-gallery-big size-sote-gallery-big\" srcset=\"https:\/\/semmelweis.hu\/bokayklinika\/files\/2020\/06\/IMG_3608-267x400.jpg 267w, https:\/\/semmelweis.hu\/bokayklinika\/files\/2020\/06\/IMG_3608-683x1024.jpg 683w, https:\/\/semmelweis.hu\/bokayklinika\/files\/2020\/06\/IMG_3608-768x1152.jpg 768w, https:\/\/semmelweis.hu\/bokayklinika\/files\/2020\/06\/IMG_3608-1024x1536.jpg 1024w, https:\/\/semmelweis.hu\/bokayklinika\/files\/2020\/06\/IMG_3608-1365x2048.jpg 1365w, https:\/\/semmelweis.hu\/bokayklinika\/files\/2020\/06\/IMG_3608-753x1130.jpg 753w, https:\/\/semmelweis.hu\/bokayklinika\/files\/2020\/06\/IMG_3608-scaled.jpg 1707w\" >\r\n        <\/a><\/div><\/span><span class=\"gallery-item\"><div class=\"hidden\"><a href=\"https:\/\/semmelweis.hu\/bokayklinika\/files\/2020\/06\/IMG_3609-1-scaled.jpg\">\r\n        <img src=https:\/\/semmelweis.hu\/bokayklinika\/files\/2020\/06\/IMG_3609-1-scaled.jpg alt=\"\" class=\"attachment-sote-gallery-big size-sote-gallery-big\" srcset=\"https:\/\/semmelweis.hu\/bokayklinika\/files\/2020\/06\/IMG_3609-1-267x400.jpg 267w, https:\/\/semmelweis.hu\/bokayklinika\/files\/2020\/06\/IMG_3609-1-683x1024.jpg 683w, https:\/\/semmelweis.hu\/bokayklinika\/files\/2020\/06\/IMG_3609-1-768x1152.jpg 768w, https:\/\/semmelweis.hu\/bokayklinika\/files\/2020\/06\/IMG_3609-1-1024x1536.jpg 1024w, https:\/\/semmelweis.hu\/bokayklinika\/files\/2020\/06\/IMG_3609-1-1365x2048.jpg 1365w, https:\/\/semmelweis.hu\/bokayklinika\/files\/2020\/06\/IMG_3609-1-753x1130.jpg 753w, https:\/\/semmelweis.hu\/bokayklinika\/files\/2020\/06\/IMG_3609-1-scaled.jpg 1707w\" >\r\n        <\/a><\/div><\/span><span class=\"gallery-item\"><div class=\"hidden\"><a href=\"https:\/\/semmelweis.hu\/bokayklinika\/files\/2020\/06\/IMG_3614-scaled.jpg\">\r\n        <img src=https:\/\/semmelweis.hu\/bokayklinika\/files\/2020\/06\/IMG_3614-scaled.jpg alt=\"\" class=\"attachment-sote-gallery-big size-sote-gallery-big\" srcset=\"https:\/\/semmelweis.hu\/bokayklinika\/files\/2020\/06\/IMG_3614-267x400.jpg 267w, https:\/\/semmelweis.hu\/bokayklinika\/files\/2020\/06\/IMG_3614-683x1024.jpg 683w, https:\/\/semmelweis.hu\/bokayklinika\/files\/2020\/06\/IMG_3614-768x1152.jpg 768w, https:\/\/semmelweis.hu\/bokayklinika\/files\/2020\/06\/IMG_3614-1024x1536.jpg 1024w, https:\/\/semmelweis.hu\/bokayklinika\/files\/2020\/06\/IMG_3614-1365x2048.jpg 1365w, https:\/\/semmelweis.hu\/bokayklinika\/files\/2020\/06\/IMG_3614-753x1130.jpg 753w, https:\/\/semmelweis.hu\/bokayklinika\/files\/2020\/06\/IMG_3614-scaled.jpg 1707w\" >\r\n        <\/a><\/div><\/span><span class=\"gallery-item\"><div class=\"hidden\"><a href=\"https:\/\/semmelweis.hu\/bokayklinika\/files\/2020\/06\/IMG_3622-scaled.jpg\">\r\n        <img src=https:\/\/semmelweis.hu\/bokayklinika\/files\/2020\/06\/IMG_3622-scaled.jpg alt=\"\" class=\"attachment-sote-gallery-big size-sote-gallery-big\" srcset=\"https:\/\/semmelweis.hu\/bokayklinika\/files\/2020\/06\/IMG_3622-400x267.jpg 400w, https:\/\/semmelweis.hu\/bokayklinika\/files\/2020\/06\/IMG_3622-1024x683.jpg 1024w, https:\/\/semmelweis.hu\/bokayklinika\/files\/2020\/06\/IMG_3622-768x512.jpg 768w, https:\/\/semmelweis.hu\/bokayklinika\/files\/2020\/06\/IMG_3622-1536x1024.jpg 1536w, https:\/\/semmelweis.hu\/bokayklinika\/files\/2020\/06\/IMG_3622-2048x1365.jpg 2048w, https:\/\/semmelweis.hu\/bokayklinika\/files\/2020\/06\/IMG_3622-753x502.jpg 753w, https:\/\/semmelweis.hu\/bokayklinika\/files\/2020\/06\/IMG_3622-203x135.jpg 203w\" >\r\n        <\/a><\/div><\/span><span class=\"gallery-item\"><div class=\"hidden\"><a href=\"https:\/\/semmelweis.hu\/bokayklinika\/files\/2020\/06\/IMG_3623-scaled.jpg\">\r\n        <img src=https:\/\/semmelweis.hu\/bokayklinika\/files\/2020\/06\/IMG_3623-scaled.jpg alt=\"\" class=\"attachment-sote-gallery-big size-sote-gallery-big\" srcset=\"https:\/\/semmelweis.hu\/bokayklinika\/files\/2020\/06\/IMG_3623-400x267.jpg 400w, https:\/\/semmelweis.hu\/bokayklinika\/files\/2020\/06\/IMG_3623-1024x683.jpg 1024w, https:\/\/semmelweis.hu\/bokayklinika\/files\/2020\/06\/IMG_3623-768x512.jpg 768w, https:\/\/semmelweis.hu\/bokayklinika\/files\/2020\/06\/IMG_3623-1536x1024.jpg 1536w, https:\/\/semmelweis.hu\/bokayklinika\/files\/2020\/06\/IMG_3623-2048x1365.jpg 2048w, https:\/\/semmelweis.hu\/bokayklinika\/files\/2020\/06\/IMG_3623-753x502.jpg 753w, https:\/\/semmelweis.hu\/bokayklinika\/files\/2020\/06\/IMG_3623-203x135.jpg 203w\" >\r\n        <\/a><\/div><\/span><span class=\"gallery-item\"><div class=\"hidden\"><a href=\"https:\/\/semmelweis.hu\/bokayklinika\/files\/2020\/06\/IMG_3625-scaled.jpg\">\r\n        <img src=https:\/\/semmelweis.hu\/bokayklinika\/files\/2020\/06\/IMG_3625-scaled.jpg alt=\"\" class=\"attachment-sote-gallery-big size-sote-gallery-big\" srcset=\"https:\/\/semmelweis.hu\/bokayklinika\/files\/2020\/06\/IMG_3625-267x400.jpg 267w, https:\/\/semmelweis.hu\/bokayklinika\/files\/2020\/06\/IMG_3625-683x1024.jpg 683w, https:\/\/semmelweis.hu\/bokayklinika\/files\/2020\/06\/IMG_3625-768x1152.jpg 768w, https:\/\/semmelweis.hu\/bokayklinika\/files\/2020\/06\/IMG_3625-1024x1536.jpg 1024w, https:\/\/semmelweis.hu\/bokayklinika\/files\/2020\/06\/IMG_3625-1365x2048.jpg 1365w, https:\/\/semmelweis.hu\/bokayklinika\/files\/2020\/06\/IMG_3625-753x1130.jpg 753w, https:\/\/semmelweis.hu\/bokayklinika\/files\/2020\/06\/IMG_3625-scaled.jpg 1707w\" >\r\n        <\/a><\/div><\/span><span class=\"gallery-item\"><div class=\"hidden\"><a href=\"https:\/\/semmelweis.hu\/bokayklinika\/files\/2020\/06\/IMG_3626-scaled.jpg\">\r\n        <img src=https:\/\/semmelweis.hu\/bokayklinika\/files\/2020\/06\/IMG_3626-scaled.jpg alt=\"\" class=\"attachment-sote-gallery-big size-sote-gallery-big\" srcset=\"https:\/\/semmelweis.hu\/bokayklinika\/files\/2020\/06\/IMG_3626-267x400.jpg 267w, https:\/\/semmelweis.hu\/bokayklinika\/files\/2020\/06\/IMG_3626-683x1024.jpg 683w, https:\/\/semmelweis.hu\/bokayklinika\/files\/2020\/06\/IMG_3626-768x1152.jpg 768w, https:\/\/semmelweis.hu\/bokayklinika\/files\/2020\/06\/IMG_3626-1024x1536.jpg 1024w, https:\/\/semmelweis.hu\/bokayklinika\/files\/2020\/06\/IMG_3626-1365x2048.jpg 1365w, https:\/\/semmelweis.hu\/bokayklinika\/files\/2020\/06\/IMG_3626-753x1130.jpg 753w, https:\/\/semmelweis.hu\/bokayklinika\/files\/2020\/06\/IMG_3626-scaled.jpg 1707w\" >\r\n        <\/a><\/div><\/span><span class=\"gallery-item\"><div class=\"hidden\"><a href=\"https:\/\/semmelweis.hu\/bokayklinika\/files\/2020\/06\/IMG_3631-scaled.jpg\">\r\n        <img src=https:\/\/semmelweis.hu\/bokayklinika\/files\/2020\/06\/IMG_3631-scaled.jpg alt=\"\" class=\"attachment-sote-gallery-big size-sote-gallery-big\" srcset=\"https:\/\/semmelweis.hu\/bokayklinika\/files\/2020\/06\/IMG_3631-400x267.jpg 400w, https:\/\/semmelweis.hu\/bokayklinika\/files\/2020\/06\/IMG_3631-1024x683.jpg 1024w, https:\/\/semmelweis.hu\/bokayklinika\/files\/2020\/06\/IMG_3631-768x512.jpg 768w, https:\/\/semmelweis.hu\/bokayklinika\/files\/2020\/06\/IMG_3631-1536x1024.jpg 1536w, https:\/\/semmelweis.hu\/bokayklinika\/files\/2020\/06\/IMG_3631-2048x1365.jpg 2048w, https:\/\/semmelweis.hu\/bokayklinika\/files\/2020\/06\/IMG_3631-753x502.jpg 753w, https:\/\/semmelweis.hu\/bokayklinika\/files\/2020\/06\/IMG_3631-203x135.jpg 203w\" >\r\n        <\/a><\/div><\/span><span class=\"gallery-item\"><div class=\"hidden\"><a href=\"https:\/\/semmelweis.hu\/bokayklinika\/files\/2020\/06\/IMG_3632-scaled.jpg\">\r\n        <img src=https:\/\/semmelweis.hu\/bokayklinika\/files\/2020\/06\/IMG_3632-scaled.jpg alt=\"\" class=\"attachment-sote-gallery-big size-sote-gallery-big\" srcset=\"https:\/\/semmelweis.hu\/bokayklinika\/files\/2020\/06\/IMG_3632-267x400.jpg 267w, https:\/\/semmelweis.hu\/bokayklinika\/files\/2020\/06\/IMG_3632-683x1024.jpg 683w, https:\/\/semmelweis.hu\/bokayklinika\/files\/2020\/06\/IMG_3632-768x1152.jpg 768w, https:\/\/semmelweis.hu\/bokayklinika\/files\/2020\/06\/IMG_3632-1024x1536.jpg 1024w, https:\/\/semmelweis.hu\/bokayklinika\/files\/2020\/06\/IMG_3632-1365x2048.jpg 1365w, https:\/\/semmelweis.hu\/bokayklinika\/files\/2020\/06\/IMG_3632-753x1130.jpg 753w, https:\/\/semmelweis.hu\/bokayklinika\/files\/2020\/06\/IMG_3632-scaled.jpg 1707w\" >\r\n        <\/a><\/div><\/span><span class=\"gallery-item\"><div class=\"hidden\"><a href=\"https:\/\/semmelweis.hu\/bokayklinika\/files\/2020\/06\/IMG_3635-scaled.jpg\">\r\n        <img src=https:\/\/semmelweis.hu\/bokayklinika\/files\/2020\/06\/IMG_3635-scaled.jpg alt=\"\" class=\"attachment-sote-gallery-big size-sote-gallery-big\" srcset=\"https:\/\/semmelweis.hu\/bokayklinika\/files\/2020\/06\/IMG_3635-267x400.jpg 267w, https:\/\/semmelweis.hu\/bokayklinika\/files\/2020\/06\/IMG_3635-683x1024.jpg 683w, https:\/\/semmelweis.hu\/bokayklinika\/files\/2020\/06\/IMG_3635-768x1152.jpg 768w, https:\/\/semmelweis.hu\/bokayklinika\/files\/2020\/06\/IMG_3635-1024x1536.jpg 1024w, https:\/\/semmelweis.hu\/bokayklinika\/files\/2020\/06\/IMG_3635-1365x2048.jpg 1365w, https:\/\/semmelweis.hu\/bokayklinika\/files\/2020\/06\/IMG_3635-753x1130.jpg 753w, https:\/\/semmelweis.hu\/bokayklinika\/files\/2020\/06\/IMG_3635-scaled.jpg 1707w\" >\r\n        <\/a><\/div><\/span><span class=\"gallery-item\"><div class=\"hidden\"><a href=\"https:\/\/semmelweis.hu\/bokayklinika\/files\/2020\/06\/IMG_3639-scaled.jpg\">\r\n        <img src=https:\/\/semmelweis.hu\/bokayklinika\/files\/2020\/06\/IMG_3639-scaled.jpg alt=\"\" class=\"attachment-sote-gallery-big size-sote-gallery-big\" srcset=\"https:\/\/semmelweis.hu\/bokayklinika\/files\/2020\/06\/IMG_3639-400x267.jpg 400w, https:\/\/semmelweis.hu\/bokayklinika\/files\/2020\/06\/IMG_3639-1024x683.jpg 1024w, https:\/\/semmelweis.hu\/bokayklinika\/files\/2020\/06\/IMG_3639-768x512.jpg 768w, https:\/\/semmelweis.hu\/bokayklinika\/files\/2020\/06\/IMG_3639-1536x1024.jpg 1536w, https:\/\/semmelweis.hu\/bokayklinika\/files\/2020\/06\/IMG_3639-2048x1365.jpg 2048w, https:\/\/semmelweis.hu\/bokayklinika\/files\/2020\/06\/IMG_3639-753x502.jpg 753w, https:\/\/semmelweis.hu\/bokayklinika\/files\/2020\/06\/IMG_3639-203x135.jpg 203w\" >\r\n        <\/a><\/div><\/span><span class=\"gallery-item\"><div class=\"hidden\"><a href=\"https:\/\/semmelweis.hu\/bokayklinika\/files\/2020\/06\/IMG_3642-scaled.jpg\">\r\n        <img src=https:\/\/semmelweis.hu\/bokayklinika\/files\/2020\/06\/IMG_3642-scaled.jpg alt=\"\" class=\"attachment-sote-gallery-big size-sote-gallery-big\" srcset=\"https:\/\/semmelweis.hu\/bokayklinika\/files\/2020\/06\/IMG_3642-400x267.jpg 400w, https:\/\/semmelweis.hu\/bokayklinika\/files\/2020\/06\/IMG_3642-1024x683.jpg 1024w, https:\/\/semmelweis.hu\/bokayklinika\/files\/2020\/06\/IMG_3642-768x512.jpg 768w, https:\/\/semmelweis.hu\/bokayklinika\/files\/2020\/06\/IMG_3642-1536x1024.jpg 1536w, https:\/\/semmelweis.hu\/bokayklinika\/files\/2020\/06\/IMG_3642-2048x1365.jpg 2048w, https:\/\/semmelweis.hu\/bokayklinika\/files\/2020\/06\/IMG_3642-753x502.jpg 753w, https:\/\/semmelweis.hu\/bokayklinika\/files\/2020\/06\/IMG_3642-203x135.jpg 203w\" >\r\n        <\/a><\/div><\/span>\r\n            <\/div>\r\n\r\n            [\/slb_exclude]\r\n\t\n","protected":false},"excerpt":{"rendered":"<p>Anya-gyermek szob\u00e1k bemutat\u00e1sa Klinik\u00e1nkon lehet\u0151s\u00e9g van apartman jelleg\u0171, anya-gyerek szob\u00e1kat d\u00edjmentesen ig\u00e9nybe venni. Ezen szob\u00e1kat azoknak a csal\u00e1doknak tartjuk fenn, akiknek a gyermeke m\u00e9g nem hazaengedhet\u0151, de m\u00e1r nem ig\u00e9nyel k\u00f6zvetlen oszt\u00e1lyos megfigyel\u00e9st, illetve vid\u00e9kr\u0151l \u00e9rkeznek \u00e9s a sz\u00fcl\u0151 sz\u00e1ll\u00e1sa nem megoldott. Itt lehet\u0151s\u00e9ge van a sz\u00fcl\u0151nek napi 24 \u00f3r\u00e1ban a gyermeke mellett tart\u00f3zkodni, illetve &hellip;<\/p>\n","protected":false},"author":101740,"featured_media":0,"parent":17,"menu_order":7,"comment_status":"closed","ping_status":"closed","template":"","meta":{"_acf_changed":false,"footnotes":""},"categories":[],"tags":[],"class_list":["post-107","page","type-page","status-publish","hentry"],"acf":[],"_links":{"self":[{"href":"https:\/\/semmelweis.hu\/bokayklinika\/wp-json\/wp\/v2\/pages\/107","targetHints":{"allow":["GET"]}}],"collection":[{"href":"https:\/\/semmelweis.hu\/bokayklinika\/wp-json\/wp\/v2\/pages"}],"about":[{"href":"https:\/\/semmelweis.hu\/bokayklinika\/wp-json\/wp\/v2\/types\/page"}],"author":[{"embeddable":true,"href":"https:\/\/semmelweis.hu\/bokayklinika\/wp-json\/wp\/v2\/users\/101740"}],"replies":[{"embeddable":true,"href":"https:\/\/semmelweis.hu\/bokayklinika\/wp-json\/wp\/v2\/comments?post=107"}],"version-history":[{"count":10,"href":"https:\/\/semmelweis.hu\/bokayklinika\/wp-json\/wp\/v2\/pages\/107\/revisions"}],"predecessor-version":[{"id":7379,"href":"https:\/\/semmelweis.hu\/bokayklinika\/wp-json\/wp\/v2\/pages\/107\/revisions\/7379"}],"up":[{"embeddable":true,"href":"https:\/\/semmelweis.hu\/bokayklinika\/wp-json\/wp\/v2\/pages\/17"}],"wp:attachment":[{"href":"https:\/\/semmelweis.hu\/bokayklinika\/wp-json\/wp\/v2\/media?parent=107"}],"wp:term":[{"taxonomy":"category","embeddable":true,"href":"https:\/\/semmelweis.hu\/bokayklinika\/wp-json\/wp\/v2\/categories?post=107"},{"taxonomy":"post_tag","embeddable":true,"href":"https:\/\/semmelweis.hu\/bokayklinika\/wp-json\/wp\/v2\/tags?post=107"}],"curies":[{"name":"wp","href":"https:\/\/api.w.org\/{rel}","templated":true}]}}