{"id":1063,"date":"2020-06-29T16:47:32","date_gmt":"2020-06-29T14:47:32","guid":{"rendered":"https:\/\/semmelweis.hu\/gyermekklinika1\/?page_id=1063"},"modified":"2025-08-28T18:58:29","modified_gmt":"2025-08-28T16:58:29","slug":"a-konyvtar-tortenete","status":"publish","type":"page","link":"https:\/\/semmelweis.hu\/bokayklinika\/oktatas\/a-konyvtar-tortenete\/","title":{"rendered":"A K\u00f6nyvt\u00e1r bemutat\u00e1sa \u00e9s szolg\u00e1ltat\u00e1sai"},"content":{"rendered":"<p style=\"text-align: justify\">A Gyermekgy\u00f3gy\u00e1szati Klinika (B\u00f3kay utcai r\u00e9szleg) K\u00f6nyvt\u00e1ra az orsz\u00e1g legr\u00e9gibb \u00e9s legteljesebb, gyermekgy\u00f3gy\u00e1szattal foglalkoz\u00f3 orvostudom\u00e1nyi szakk\u00f6nyvt\u00e1ra, mely a 1085 Budapest, B\u00f3kay J. u. 53. alatti \u00e9p\u00fclet\u00fcnk I. emelet\u00e9n tal\u00e1lhat\u00f3.<\/p>\n<div class=\"keretes w-100\" style=\"text-align: justify\">K\u00f6nyvt\u00e1rvezet\u0151: Cseh \u00c9va<\/div>\n<div>\u00a0<\/div>\n<div>\n<table style=\"border-collapse: collapse;width: 97.2364%\">\n<tbody>\n<tr>\n<td style=\"width: 12.2727%\">K\u00f6nyvt\u00e1rvezet\u0151:\u00a0<\/td>\n<td style=\"width: 26.4149%\">\n<p style=\"text-align: center\">Cseh \u00c9va<br \/>\n<a href=\"mailto:cseh.eva@semmelweis.hu\" target=\"_blank\" rel=\"noopener\">cseh.eva@semmelweis.hu<\/a><\/p>\n<\/td>\n<td style=\"width: 35.4258%;text-align: center\">Telefon: +36 1 334 3186 \/52637 mell\u00e9k<\/td>\n<\/tr>\n<tr>\n<td style=\"width: 12.2727%\">Olvas\u00f3szolg\u00e1lat:<\/td>\n<td style=\"width: 26.4149%\">\n<p style=\"text-align: center\"><strong>H\u00c9TK\u00d6ZNAPOKON<\/strong><br \/>\n<strong>08:00 &#8211; 14:00\u00a0<\/strong><\/p>\n<\/td>\n<td style=\"width: 35.4258%\">\u00a0<\/td>\n<\/tr>\n<\/tbody>\n<\/table>\n<\/div>\n<p>&nbsp;<\/p>\n<p style=\"text-align: justify\"><strong>\u00c1llom\u00e1ny<\/strong><\/p>\n<p style=\"text-align: justify\">T\u00e9nyleges \u00e1llom\u00e1nyunk mintegy 7200 k\u00f6tet, a legfrissebb gyermekgy\u00f3gy\u00e1szati szakk\u00f6nyvek \u00e9s tank\u00f6nyvek is hozz\u00e1f\u00e9rhet\u0151k.<\/p>\n<p style=\"text-align: justify\">Az SE K\u00f6zponti K\u00f6nyvt\u00e1r online foly\u00f3iratkatal\u00f3gus\u00e1ban szerepl\u0151 t\u00f6bb, mint 11.800 elektronikusan el\u00e9rhet\u0151 foly\u00f3irat, \u00e9s 5600 online k\u00f6nyv egyetemi IP-c\u00edmekr\u0151l, \u00edgy k\u00f6nyvt\u00e1runkban is olvashat\u00f3.<\/p>\n<p style=\"text-align: justify\"><div class=\"responsive-tabs\">\n<h2 class=\"tabtitle\">Gy\u0171jt\u0151k\u00f6r<\/h2>\n<div class=\"tabcontent\">\n<\/p>\n<p style=\"text-align: justify\"><strong>Gy\u0171jt\u0151k\u00f6r<\/strong><\/p>\n<p style=\"text-align: justify\">K\u00f6nyvt\u00e1runk f\u0151 gy\u0171jt\u0151k\u00f6re a gyermekgy\u00f3gy\u00e1szat, ezen bel\u00fcl els\u0151sorban a nefrol\u00f3gia, neonatol\u00f3gia, gasztroenetrol\u00f3gia, kardiol\u00f3gia, pulmonol\u00f3gia, allergol\u00f3gia, pszichi\u00e1tria, radiol\u00f3gia \u00e9s seb\u00e9szet. K\u00fcl\u00f6ngy\u0171jtem\u00e9ny\u00fcnkben fellelhet\u0151k szakdolgozatok, disszert\u00e1ci\u00f3k, doktori \u00e9rtekez\u00e9sek, gyermekgy\u00f3gy\u00e1szati \u00fatmutat\u00f3k, m\u00f3dszertani levelek, valamint a Klinika tudom\u00e1nyos k\u00f6zlem\u00e9nyei k\u00fcl\u00f6nnyomatban 1930-t\u00f3l napjainkig.<\/p>\n<p style=\"text-align: justify\">K\u00f6nyvt\u00e1runk a hagyom\u00e1nyos dokumentumokon k\u00edv\u00fcl a magyar gyermekgy\u00f3gy\u00e1szat p\u00e1ratlan \u00e9rt\u00e9k\u0171 orvost\u00f6rt\u00e9neti \u00e9s kult\u00fart\u00f6rt\u00e9neti, muze\u00e1lis relikvi\u00e1inak \u0151rz\u0151je, az SE K\u00f6zponti Lev\u00e9lt\u00e1r\u00e1nak a Klinik\u00e1nk t\u00f6rt\u00e9net\u00e9vel kapcsolatos fondjait is \u0151rizz\u00fck.<\/p>\n<p style=\"text-align: justify\">Klinik\u00e1nk \u00e9s k\u00f6nyvt\u00e1runk relikvi\u00e1kr\u00f3l bepillant\u00e1st kaphat az olvas\u00f3 Cserh\u00e1ti Endre, Tulassay Tivadar: <em>A m\u00falt \u00f6r\u00f6ks\u00e9ge<\/em> c\u00edmmel 2007-ben megjelent k\u00f6nyv\u00e9b\u0151l, valamint Tulassay Tivadar: <em>Az \u00d6tpacsirta utcz\u00e1t\u00f3l a G\u00f3lya utcz\u00e1ig<\/em> c\u00edm\u0171 k\u00f6tet\u00e9b\u0151l, mely a Klinika alap\u00edt\u00e1s\u00e1nak 175 \u00e9ves \u00e9vfordul\u00f3j\u00e1n, 2014-ben jelent meg, ugyancsak a Semmelweis Kiad\u00f3 gondoz\u00e1s\u00e1ban.<\/p>\n\n<\/div><h2 class=\"tabtitle\">Szolg\u00e1ltat\u00e1sok<\/h2>\n<div class=\"tabcontent\">\n\n<figure id=\"attachment_1058\" aria-describedby=\"caption-attachment-1058\" style=\"width: 205px\" class=\"wp-caption alignright\"><img loading=\"lazy\" decoding=\"async\" class=\"wp-image-1058 size-medium\" src=\"https:\/\/semmelweis.hu\/bokayklinika\/files\/2020\/06\/Cseh-\u00c9va-205x400.jpg\" alt=\"\" width=\"205\" height=\"400\" srcset=\"https:\/\/semmelweis.hu\/bokayklinika\/files\/2020\/06\/Cseh-\u00c9va-205x400.jpg 205w, https:\/\/semmelweis.hu\/bokayklinika\/files\/2020\/06\/Cseh-\u00c9va-524x1024.jpg 524w, https:\/\/semmelweis.hu\/bokayklinika\/files\/2020\/06\/Cseh-\u00c9va-768x1500.jpg 768w, https:\/\/semmelweis.hu\/bokayklinika\/files\/2020\/06\/Cseh-\u00c9va-786x1536.jpg 786w, https:\/\/semmelweis.hu\/bokayklinika\/files\/2020\/06\/Cseh-\u00c9va-1049x2048.jpg 1049w, https:\/\/semmelweis.hu\/bokayklinika\/files\/2020\/06\/Cseh-\u00c9va-753x1471.jpg 753w, https:\/\/semmelweis.hu\/bokayklinika\/files\/2020\/06\/Cseh-\u00c9va-scaled.jpg 1311w\" sizes=\"auto, (max-width: 205px) 100vw, 205px\" \/><figcaption id=\"caption-attachment-1058\" class=\"wp-caption-text\">Cseh \u00c9va, k\u00f6nyvt\u00e1ros<\/figcaption><\/figure>\n<p style=\"text-align: justify\"><strong>Szolg\u00e1ltat\u00e1sok<\/strong><\/p>\n<p style=\"text-align: justify\">K\u00f6nyvt\u00e1runk korl\u00e1tozottan nyilv\u00e1nos szakk\u00f6nyvt\u00e1r, amelynek teljes k\u00f6r\u0171 szolg\u00e1ltat\u00e1sait \u00e9s a k\u00f6lcs\u00f6nz\u00e9st, valamint a k\u00f6nyvt\u00e1rk\u00f6zi k\u00f6lcs\u00f6nz\u00e9st kiz\u00e1r\u00f3lag a Klinika munkat\u00e1rsai vehetik ig\u00e9nybe, de lehet\u0151s\u00e9get ny\u00fajtunk egy\u00e9b tudom\u00e1nyos int\u00e9zm\u00e9nyek kutat\u00f3inak is a k\u00f6nyvt\u00e1r helyben haszn\u00e1lat\u00e1ra. Az SE hallgat\u00f3i a nyitva tart\u00e1si id\u0151ben vehetik ig\u00e9nybe a k\u00f6nyvt\u00e1rat, helyben olvas\u00e1sra, sz\u00e1m\u00edt\u00f3g\u00e9phaszn\u00e1latra, adatb\u00e1zisok el\u00e9r\u00e9s\u00e9re \u2013 a TDK-ra k\u00e9sz\u00fcl\u0151 hallgat\u00f3inknak a nyitva tart\u00e1si id\u0151n t\u00fali hozz\u00e1f\u00e9r\u00e9st biztos\u00edtunk (ld. K\u00f6nyvt\u00e1rhaszn\u00e1lat f\u00fcl).<\/p>\n<p style=\"text-align: justify\">Szolg\u00e1ltat\u00e1saink m\u00e9g: f\u00e9nym\u00e1sol\u00e1s \u00e9s szkennel\u00e9s (int\u00e9zeti dolgoz\u00f3knak); irodalomkutat\u00e1s, t\u00e1j\u00e9koztat\u00e1s.<\/p>\n<p><strong>Let\u00f6lthet\u0151 dokumentumok:<br \/>\n<\/strong><a href=\"https:\/\/semmelweis.hu\/bokayklinika\/files\/2020\/06\/konyvtarhasznalatrol_korlevel.pdf\" target=\"_blank\" rel=\"noopener noreferrer\">K\u00f6nyvt\u00e1rhaszn\u00e1lat k\u00f6rlev\u00e9l<\/a><br \/>\n<a href=\"https:\/\/semmelweis.hu\/bokayklinika\/files\/2024\/02\/Konyvtarhasznalati-igazolas.pdf\">K\u00f6nyvt\u00e1rhaszn\u00e1lati igazol\u00e1s<\/a><\/p>\n\n<\/div><h2 class=\"tabtitle\">T\u00f6rt\u00e9net<\/h2>\n<div class=\"tabcontent\">\n\n<p style=\"text-align: justify\"><strong>A K\u00f6nyvt\u00e1r t\u00f6rt\u00e9nete <\/strong><\/p>\n<p style=\"text-align: justify\"><img loading=\"lazy\" decoding=\"async\" class=\"wp-image-1056 size-medium alignleft\" src=\"https:\/\/semmelweis.hu\/bokayklinika\/files\/2020\/06\/konyvtar-2018-400x300.jpg\" alt=\"\" width=\"400\" height=\"300\" srcset=\"https:\/\/semmelweis.hu\/bokayklinika\/files\/2020\/06\/konyvtar-2018-400x300.jpg 400w, https:\/\/semmelweis.hu\/bokayklinika\/files\/2020\/06\/konyvtar-2018-1024x768.jpg 1024w, https:\/\/semmelweis.hu\/bokayklinika\/files\/2020\/06\/konyvtar-2018-768x576.jpg 768w, https:\/\/semmelweis.hu\/bokayklinika\/files\/2020\/06\/konyvtar-2018-1536x1152.jpg 1536w, https:\/\/semmelweis.hu\/bokayklinika\/files\/2020\/06\/konyvtar-2018-2048x1536.jpg 2048w, https:\/\/semmelweis.hu\/bokayklinika\/files\/2020\/06\/konyvtar-2018-753x565.jpg 753w\" sizes=\"auto, (max-width: 400px) 100vw, 400px\" \/>Klinik\u00e1nk \u201ejogel\u0151dje\u201d az 1839-ben Schoepf-Merei \u00c1goston \u00e1ltal alap\u00edtott Pesti Szeg\u00e9ny-gyermekk\u00f3rh\u00e1z. Ez a k\u00f3rh\u00e1z az ugyancsak Schoepf-Merei-alap\u00edtotta, de akkor m\u00e9g csak mozg\u00e1sszervi betegs\u00e9gekkel foglalkoz\u00f3 <em>Pesti orthopaedi Priv\u00e1t-Int\u00e9zet a \u2019Mir\u00edgyk\u00f3r \u2019s Elg\u00f6rb\u00fcl\u00e9sek gy\u00f3gy\u00edt\u00e1s\u00e1ra, az emberi testen\u2019 s tagokon<\/em> nev\u0171 int\u00e9zm\u00e9ny m\u0171k\u00f6d\u00e9s\u00e9t folytatta, mely 1937-ben kezdte meg m\u0171k\u00f6d\u00e9s\u00e9t. \u00a0<\/p>\n<p style=\"text-align: justify\">A k\u00f3rh\u00e1z kezdetekben \u00f6n\u00e1ll\u00f3 k\u00f6nyvt\u00e1rral nem rendelkezett, az \u00e1llom\u00e1ny alapj\u00e1t adom\u00e1nyokb\u00f3l sz\u00e1rmaz\u00f3 k\u00f6tetek alkotj\u00e1k. A k\u00f6nyvek gy\u0171jt\u00e9se visszany\u00falik Schoepf-Merei \u00c1gost 1840-es \u00e9vekt\u0151l megkezdett, \u00e9s B\u00f3kai J\u00e1nos senior 1850-1880-as \u00e9vek k\u00f6z\u00f6tt terjed\u0151 gy\u0171jt\u00e9s\u00e9re. A k\u00f6nyvt\u00e1r m\u00faze\u00e1lis \u00e1llom\u00e1ny\u00e1t gonddal \u0151rizte meg ifj. B\u00f3kay J\u00e1nos, \u00e9s a birtok\u00e1ban l\u00e9v\u0151 k\u00f6nyveket Gyermekklinik\u00e1nkra hagyta.<\/p>\n<p style=\"text-align: justify\">1883-ban B\u00f3kai J\u00e1nos elk\u00e9pzel\u00e9sei alapj\u00e1n \u00e9p\u00fclt fel a Stef\u00e1nia Pesti Szeg\u00e9ny-gyermekk\u00f3rh\u00e1z \u00e9p\u00fclete, mely az\u00f3ta folyamatosan a Semmelweis Egyetem B\u00f3kay utcai r\u00e9szleg\u00e9nek (kor\u00e1bbi I. sz.) Gyermekklinik\u00e1j\u00e1nak ad otthont. Az \u00e9p\u00fclet I. emelet\u00e9n helyezkedik el a d\u00edszterem, amely egyben a \u201eStef\u00e1nia Gyermekk\u00f3rh\u00e1z K\u00f6nyvt\u00e1ra\u201d r\u00e9sz\u00e9re is otthont adott. N\u00e9met nyelvter\u00fcleten kiadott gyermekgy\u00f3gy\u00e1szati szakfoly\u00f3iratok k\u00e9pezik a k\u00f6nyvt\u00e1r foly\u00f3irat\u00e1llom\u00e1ny\u00e1nak f\u0151 r\u00e9sz\u00e9t.<\/p>\n<p style=\"text-align: justify\">Gyermekgy\u00f3gy\u00e1szati Klinik\u00e1nk B\u00f3kay utcai r\u00e9szleg\u00e9nek fenn\u00e1ll\u00e1s\u00e1nak 180. \u00e9vfordul\u00f3j\u00e1n a klinika relikvi\u00e1ib\u00f3l ki\u00e1ll\u00edt\u00e1st rendezt\u00fcnk az Semmelweis Egyetem K\u00f6zponti K\u00f6nyvt\u00e1r\u00e1ban. A t\u00e1rlatot Cseh \u00c9va k\u00f6nyvt\u00e1ros \u00e9s Dr. Tulassay Tivadar rector emeritus, a klinika kor\u00e1bbi igazgat\u00f3ja \u00e1ll\u00edtotta \u00f6ssze.<\/p>\n<p><a href=\"https:\/\/semmelweis.hu\/hirek\/2019\/04\/09\/jubileumi-kiallitas-nyilt-az-iden-180-eves-i-sz-gyermekgyogyaszati-klinikarol\/?fbclid=IwAR3Uc4P1jps56Ifsqe773GrMXJflKIHzqKZDX-FdlfFpvHqr985i5Ry1CGU\" target=\"_blank\" rel=\"noopener noreferrer\">B\u0151vebben ide kattintva<\/a><\/p>\n<p>&nbsp;<\/p>\n<figure id=\"attachment_1057\" aria-describedby=\"caption-attachment-1057\" style=\"width: 2560px\" class=\"wp-caption alignnone\"><img loading=\"lazy\" decoding=\"async\" class=\"wp-image-1057 size-full\" src=\"https:\/\/semmelweis.hu\/bokayklinika\/files\/2020\/06\/ki\u00e1ll\u00edt\u00e1s-scaled.jpg\" alt=\"\" width=\"2560\" height=\"1707\" srcset=\"https:\/\/semmelweis.hu\/bokayklinika\/files\/2020\/06\/ki\u00e1ll\u00edt\u00e1s-scaled.jpg 2560w, https:\/\/semmelweis.hu\/bokayklinika\/files\/2020\/06\/ki\u00e1ll\u00edt\u00e1s-400x267.jpg 400w, https:\/\/semmelweis.hu\/bokayklinika\/files\/2020\/06\/ki\u00e1ll\u00edt\u00e1s-1024x683.jpg 1024w, https:\/\/semmelweis.hu\/bokayklinika\/files\/2020\/06\/ki\u00e1ll\u00edt\u00e1s-768x512.jpg 768w, https:\/\/semmelweis.hu\/bokayklinika\/files\/2020\/06\/ki\u00e1ll\u00edt\u00e1s-1536x1024.jpg 1536w, https:\/\/semmelweis.hu\/bokayklinika\/files\/2020\/06\/ki\u00e1ll\u00edt\u00e1s-2048x1365.jpg 2048w, https:\/\/semmelweis.hu\/bokayklinika\/files\/2020\/06\/ki\u00e1ll\u00edt\u00e1s-753x502.jpg 753w, https:\/\/semmelweis.hu\/bokayklinika\/files\/2020\/06\/ki\u00e1ll\u00edt\u00e1s-203x135.jpg 203w\" sizes=\"auto, (max-width: 2560px) 100vw, 2560px\" \/><figcaption id=\"caption-attachment-1057\" class=\"wp-caption-text\">(Fot\u00f3: Kov\u00e1cs Attila SE Kommunik\u00e1ci\u00f3s \u00e9s Rendezv\u00e9nyszervez\u00e9si Igazgat\u00f3s\u00e1g)<\/figcaption><\/figure>\n<p>&nbsp;<\/p>\n<p>&nbsp;<\/p>\n<p>&nbsp;<\/p>\n<p>&nbsp;<\/p>\n<\/div><\/div>\n","protected":false},"excerpt":{"rendered":"<p>A Gyermekgy\u00f3gy\u00e1szati Klinika (B\u00f3kay utcai r\u00e9szleg) K\u00f6nyvt\u00e1ra az orsz\u00e1g legr\u00e9gibb \u00e9s legteljesebb, gyermekgy\u00f3gy\u00e1szattal foglalkoz\u00f3 orvostudom\u00e1nyi szakk\u00f6nyvt\u00e1ra, mely a 1085 Budapest, B\u00f3kay J. u. 53. alatti \u00e9p\u00fclet\u00fcnk I. emelet\u00e9n tal\u00e1lhat\u00f3. K\u00f6nyvt\u00e1rvezet\u0151: Cseh \u00c9va \u00a0 K\u00f6nyvt\u00e1rvezet\u0151:\u00a0 Cseh \u00c9va <a href=\"mailto:cseh.eva@semmelweis.hu\" target=\"_blank\" rel=\"noopener\">cseh.eva@semmelweis.hu<\/a> Telefon: +36 1 334 3186 \/52637 mell\u00e9k Olvas\u00f3szolg\u00e1lat: H\u00c9TK\u00d6ZNAPOKON 08:00 &#8211; 14:00\u00a0 \u00a0 &nbsp; \u00c1llom\u00e1ny T\u00e9nyleges \u00e1llom\u00e1nyunk mintegy 7200 &hellip;<\/p>\n","protected":false},"author":101739,"featured_media":0,"parent":13,"menu_order":6,"comment_status":"closed","ping_status":"closed","template":"","meta":{"_acf_changed":false,"footnotes":""},"categories":[],"tags":[],"class_list":["post-1063","page","type-page","status-publish","hentry"],"acf":[],"_links":{"self":[{"href":"https:\/\/semmelweis.hu\/bokayklinika\/wp-json\/wp\/v2\/pages\/1063","targetHints":{"allow":["GET"]}}],"collection":[{"href":"https:\/\/semmelweis.hu\/bokayklinika\/wp-json\/wp\/v2\/pages"}],"about":[{"href":"https:\/\/semmelweis.hu\/bokayklinika\/wp-json\/wp\/v2\/types\/page"}],"author":[{"embeddable":true,"href":"https:\/\/semmelweis.hu\/bokayklinika\/wp-json\/wp\/v2\/users\/101739"}],"replies":[{"embeddable":true,"href":"https:\/\/semmelweis.hu\/bokayklinika\/wp-json\/wp\/v2\/comments?post=1063"}],"version-history":[{"count":14,"href":"https:\/\/semmelweis.hu\/bokayklinika\/wp-json\/wp\/v2\/pages\/1063\/revisions"}],"predecessor-version":[{"id":6546,"href":"https:\/\/semmelweis.hu\/bokayklinika\/wp-json\/wp\/v2\/pages\/1063\/revisions\/6546"}],"up":[{"embeddable":true,"href":"https:\/\/semmelweis.hu\/bokayklinika\/wp-json\/wp\/v2\/pages\/13"}],"wp:attachment":[{"href":"https:\/\/semmelweis.hu\/bokayklinika\/wp-json\/wp\/v2\/media?parent=1063"}],"wp:term":[{"taxonomy":"category","embeddable":true,"href":"https:\/\/semmelweis.hu\/bokayklinika\/wp-json\/wp\/v2\/categories?post=1063"},{"taxonomy":"post_tag","embeddable":true,"href":"https:\/\/semmelweis.hu\/bokayklinika\/wp-json\/wp\/v2\/tags?post=1063"}],"curies":[{"name":"wp","href":"https:\/\/api.w.org\/{rel}","templated":true}]}}