{"id":1037,"date":"2020-06-29T15:34:35","date_gmt":"2020-06-29T13:34:35","guid":{"rendered":"https:\/\/semmelweis.hu\/gyermekklinika1\/?page_id=1037"},"modified":"2025-11-19T09:16:56","modified_gmt":"2025-11-19T08:16:56","slug":"betegjogi-kepviselo","status":"publish","type":"page","link":"https:\/\/semmelweis.hu\/bokayklinika\/betegellatas\/betegjogi-kepviselo\/","title":{"rendered":"Betegjogi k\u00e9pvisel\u0151"},"content":{"rendered":"<p style=\"text-align: center\">Gyermekgy\u00f3gy\u00e1szati Klinik\u00e1nk betegjogi k\u00e9pvisel\u0151je: <strong>Erhardtn\u00e9 Dr. Gach\u00e1lyi Anik\u00f3<\/strong><\/p>\n<p style=\"text-align: center\"><strong>Fogad\u00f3\u00f3ra id\u0151pontja:<\/strong> telefonon, el\u0151re egyeztetett id\u0151pontban<\/p>\n<table style=\"border-collapse: collapse;width: 96.5044%\">\n<tbody>\n<tr>\n<td style=\"width: 25.8524%;text-align: center\">\n<a href=\"mailto:aniko.erhardtne@ijsz.bm.gov.hu\" target=\"_blank\" rel=\"noopener\">aniko.erhardtne@ijsz.bm.gov.hu<\/a><br \/>\n<strong>+36 20 4899 525<\/strong><\/td>\n<td style=\"width: 30.9558%;text-align: center\">\n<p>&nbsp;<\/p>\n<p><strong>H\u00c9TF\u0150-CS\u00dcT\u00d6RT\u00d6K<\/strong><br \/>\n08:00 &#8211; 16:30<\/p>\n<\/td>\n<td style=\"width: 35.6085%;text-align: center\">\n<p>&nbsp;<\/p>\n<p><strong>P\u00c9NTEK<\/strong><br \/>\n08:00 &#8211; 14:00\u00a0<\/p>\n<\/td>\n<\/tr>\n<tr>\n<td style=\"width: 25.8524%;text-align: center\">Fogad\u00f3\u00f3ra helysz\u00edne:\u00a0<\/td>\n<td style=\"width: 30.9558%;text-align: center\">\n<p>&nbsp;<\/p>\n<p>Semmelweis Egyetem Gyermekgy\u00f3gy\u00e1szati Klinika B\u00f3kay utcai r\u00e9szleg<\/p>\n<\/td>\n<td style=\"width: 35.6085%;text-align: center\">\n<p>1083 Budapest, B\u00f3kay u. 53-54.<\/p>\n<\/td>\n<\/tr>\n<\/tbody>\n<\/table>\n<p>&nbsp;<\/p>\n<p>A jogv\u00e9delmi k\u00e9pvisel\u0151 az <a href=\"https:\/\/www.ijsz.hu\/\" target=\"_blank\" rel=\"noopener\">Integr\u00e1lt Jogv\u00e9delmi Szolg\u00e1lat<\/a> (IJSZ) munkat\u00e1rsa, az eg\u00e9szs\u00e9g\u00fcgyi int\u00e9zm\u00e9nyt\u0151l f\u00fcggetlen szem\u00e9ly.\u00a0<\/p>\n<table style=\"border-collapse: collapse;width: 100%;height: 264px\">\n<tbody>\n<tr style=\"height: 33px\">\n<td style=\"width: 50%;height: 33px;text-align: center\" colspan=\"2\"><strong>Integr\u00e1lt Jogv\u00e9delmi Szolg\u00e1lat el\u00e9rhet\u0151s\u00e9gei<\/strong><\/td>\n<\/tr>\n<tr style=\"height: 33px\">\n<td style=\"width: 50%;height: 33px;text-align: right\">Levelez\u00e9si c\u00edm:<\/td>\n<td style=\"width: 50%;height: 33px\">1134 Budapest, T\u00fcz\u00e9r u. 33-35.<\/td>\n<\/tr>\n<tr style=\"height: 33px\">\n<td style=\"width: 50%;height: 33px;text-align: right\">Postac\u00edm:<\/td>\n<td style=\"width: 50%;height: 33px\">1365 Budapest, Pf.: 646.<\/td>\n<\/tr>\n<tr style=\"height: 33px\">\n<td style=\"width: 50%;height: 33px;text-align: right\">K\u00f6zponti telefonsz\u00e1m:\u00a0<\/td>\n<td style=\"width: 50%;height: 33px\">+36-1\/8969-000<\/td>\n<\/tr>\n<tr style=\"height: 33px\">\n<td style=\"width: 50%;height: 33px;text-align: right\">K\u00f6zponti e-mail:<\/td>\n<td style=\"width: 50%;height: 33px\">ijsz@ijsz.bm.gov.hu<\/td>\n<\/tr>\n<tr style=\"height: 33px\">\n<td style=\"width: 50%;height: 33px;text-align: right\">Ingyenesen h\u00edvhat\u00f3 z\u00f6ld sz\u00e1m:<\/td>\n<td style=\"width: 50%;height: 33px\">+36-80\/620-055<\/td>\n<\/tr>\n<tr style=\"height: 33px\">\n<td style=\"width: 50%;height: 33px;text-align: right\">K\u00fclf\u00f6ldr\u0151l h\u00edvhat\u00f3 telefonsz\u00e1m:\u00a0<\/td>\n<td style=\"width: 50%;height: 33px\">+36-20\/489-96-14<\/td>\n<\/tr>\n<\/tbody>\n<\/table>\n<p>&nbsp;<\/p>\n<p><strong>A betegjogi k\u00e9pvisel\u0151 f\u0151 tev\u00e9kenys\u00e9ge:<\/strong><\/p>\n<ul>\n<li>seg\u00edt a betegnek panasza megfogalmaz\u00e1s\u00e1ban,<\/li>\n<li>kezdem\u00e9nyezheti a panasz kivizsg\u00e1l\u00e1s\u00e1t,<\/li>\n<li style=\"text-align: justify\">a beteg \u2013 illetve eg\u00e9szs\u00e9g\u00fcgyi okb\u00f3l t\u00f6rt\u00e9n\u0151 akad\u00e1lyoztat\u00e1sa eset\u00e9n a hozz\u00e1tartoz\u00f3 \u2013 \u00edr\u00e1sbeli meghatalmaz\u00e1sa alapj\u00e1n panaszt tehet az eg\u00e9szs\u00e9g\u00fcgyi szolg\u00e1ltat\u00f3 vezet\u0151j\u00e9n\u00e9l, fenntart\u00f3j\u00e1n\u00e1l, tov\u00e1bb\u00e1 a beteg gy\u00f3gykezel\u00e9s\u00e9vel \u00f6sszef\u00fcgg\u0151 \u00fcgyekben elj\u00e1r az arra hat\u00e1sk\u00f6rrel \u00e9s illet\u00e9kess\u00e9ggel rendelkez\u0151 hat\u00f3s\u00e1gn\u00e1l, \u00e9s ennek sor\u00e1n k\u00e9pviseli a beteget,<\/li>\n<li>seg\u00edti a beteget az eg\u00e9szs\u00e9g\u00fcgyi dokument\u00e1ci\u00f3hoz val\u00f3 hozz\u00e1jut\u00e1sban, azzal kapcsolatos megjegyz\u00e9sek, k\u00e9rd\u00e9sek megfogalmaz\u00e1s\u00e1ban.<\/li>\n<\/ul>\n<p><a href=\"https:\/\/semmelweis.hu\/bokayklinika\/files\/2021\/04\/szuloitaj_1.pdf\">T\u00e1j\u00e9koztat\u00f3 sz\u00fcl\u0151k r\u00e9sz\u00e9re a beteg gyermek k\u00f3rh\u00e1zi tart\u00f3zkod\u00e1s\u00e1val \u00e9s ell\u00e1t\u00e1s\u00e1val kapcsolatos \u00e1ltal\u00e1nos tudnival\u00f3kr\u00f3l <\/a><\/p>\n","protected":false},"excerpt":{"rendered":"<p>Gyermekgy\u00f3gy\u00e1szati Klinik\u00e1nk betegjogi k\u00e9pvisel\u0151je: Erhardtn\u00e9 Dr. Gach\u00e1lyi Anik\u00f3 Fogad\u00f3\u00f3ra id\u0151pontja: telefonon, el\u0151re egyeztetett id\u0151pontban <a href=\"mailto:aniko.erhardtne@ijsz.bm.gov.hu\" target=\"_blank\" rel=\"noopener\">aniko.erhardtne@ijsz.bm.gov.hu<\/a> +36 20 4899 525 &nbsp; H\u00c9TF\u0150-CS\u00dcT\u00d6RT\u00d6K 08:00 &#8211; 16:30 &nbsp; P\u00c9NTEK 08:00 &#8211; 14:00\u00a0 Fogad\u00f3\u00f3ra helysz\u00edne:\u00a0 &nbsp; Semmelweis Egyetem Gyermekgy\u00f3gy\u00e1szati Klinika B\u00f3kay utcai r\u00e9szleg 1083 Budapest, B\u00f3kay u. 53-54. &nbsp; A jogv\u00e9delmi k\u00e9pvisel\u0151 az <a href=\"https:\/\/www.ijsz.hu\/\" target=\"_blank\" rel=\"noopener\">Integr\u00e1lt Jogv\u00e9delmi Szolg\u00e1lat<\/a> (IJSZ) munkat\u00e1rsa, az eg\u00e9szs\u00e9g\u00fcgyi int\u00e9zm\u00e9nyt\u0151l f\u00fcggetlen szem\u00e9ly.\u00a0 &hellip;<\/p>\n","protected":false},"author":101739,"featured_media":0,"parent":17,"menu_order":6,"comment_status":"closed","ping_status":"closed","template":"","meta":{"_acf_changed":false,"footnotes":""},"categories":[],"tags":[],"class_list":["post-1037","page","type-page","status-publish","hentry"],"acf":[],"_links":{"self":[{"href":"https:\/\/semmelweis.hu\/bokayklinika\/wp-json\/wp\/v2\/pages\/1037","targetHints":{"allow":["GET"]}}],"collection":[{"href":"https:\/\/semmelweis.hu\/bokayklinika\/wp-json\/wp\/v2\/pages"}],"about":[{"href":"https:\/\/semmelweis.hu\/bokayklinika\/wp-json\/wp\/v2\/types\/page"}],"author":[{"embeddable":true,"href":"https:\/\/semmelweis.hu\/bokayklinika\/wp-json\/wp\/v2\/users\/101739"}],"replies":[{"embeddable":true,"href":"https:\/\/semmelweis.hu\/bokayklinika\/wp-json\/wp\/v2\/comments?post=1037"}],"version-history":[{"count":13,"href":"https:\/\/semmelweis.hu\/bokayklinika\/wp-json\/wp\/v2\/pages\/1037\/revisions"}],"predecessor-version":[{"id":7667,"href":"https:\/\/semmelweis.hu\/bokayklinika\/wp-json\/wp\/v2\/pages\/1037\/revisions\/7667"}],"up":[{"embeddable":true,"href":"https:\/\/semmelweis.hu\/bokayklinika\/wp-json\/wp\/v2\/pages\/17"}],"wp:attachment":[{"href":"https:\/\/semmelweis.hu\/bokayklinika\/wp-json\/wp\/v2\/media?parent=1037"}],"wp:term":[{"taxonomy":"category","embeddable":true,"href":"https:\/\/semmelweis.hu\/bokayklinika\/wp-json\/wp\/v2\/categories?post=1037"},{"taxonomy":"post_tag","embeddable":true,"href":"https:\/\/semmelweis.hu\/bokayklinika\/wp-json\/wp\/v2\/tags?post=1037"}],"curies":[{"name":"wp","href":"https:\/\/api.w.org\/{rel}","templated":true}]}}