{"id":7741,"date":"2026-01-24T10:58:53","date_gmt":"2026-01-24T09:58:53","guid":{"rendered":"https:\/\/semmelweis.hu\/bokay\/?page_id=7741"},"modified":"2026-01-24T11:05:52","modified_gmt":"2026-01-24T10:05:52","slug":"orarendek","status":"publish","type":"page","link":"https:\/\/semmelweis.hu\/bokay\/orarendek\/","title":{"rendered":"\u00d3rarendek"},"content":{"rendered":"<blockquote class=\"wp-embedded-content\" data-secret=\"55LrXufBCr\"><p><a href=\"https:\/\/semmelweis.hu\/bokay\/2025\/10\/14\/felnottkepzes-orarend-2\/\">Feln\u0151ttk\u00e9pz\u00e9s \u00f3rarend<\/a><\/p><\/blockquote>\n<p><iframe loading=\"lazy\" class=\"wp-embedded-content\" sandbox=\"allow-scripts\" security=\"restricted\" style=\"position: absolute; visibility: hidden;\" title=\"&#8220;Feln\u0151ttk\u00e9pz\u00e9s \u00f3rarend&#8221; &#8212; B\u00f3kay J\u00e1nos T\u00f6bbc\u00e9l\u00fa Szakk\u00e9pz\u0151 Int\u00e9zm\u00e9ny\" src=\"https:\/\/semmelweis.hu\/bokay\/2025\/10\/14\/felnottkepzes-orarend-2\/embed\/#?secret=IKtgVuvGm0#?secret=55LrXufBCr\" data-secret=\"55LrXufBCr\" width=\"600\" height=\"338\" frameborder=\"0\" marginwidth=\"0\" marginheight=\"0\" scrolling=\"no\"><\/iframe><\/p>\n","protected":false},"excerpt":{"rendered":"<p><a href=\"https:\/\/semmelweis.hu\/bokay\/2025\/10\/14\/felnottkepzes-orarend-2\/\">Feln\u0151ttk\u00e9pz\u00e9s \u00f3rarend<\/a><\/p>\n","protected":false},"author":101852,"featured_media":0,"parent":0,"menu_order":0,"comment_status":"closed","ping_status":"closed","template":"","meta":{"_acf_changed":false,"footnotes":""},"categories":[],"tags":[],"class_list":["post-7741","page","type-page","status-publish","hentry"],"acf":[],"_links":{"self":[{"href":"https:\/\/semmelweis.hu\/bokay\/wp-json\/wp\/v2\/pages\/7741","targetHints":{"allow":["GET"]}}],"collection":[{"href":"https:\/\/semmelweis.hu\/bokay\/wp-json\/wp\/v2\/pages"}],"about":[{"href":"https:\/\/semmelweis.hu\/bokay\/wp-json\/wp\/v2\/types\/page"}],"author":[{"embeddable":true,"href":"https:\/\/semmelweis.hu\/bokay\/wp-json\/wp\/v2\/users\/101852"}],"replies":[{"embeddable":true,"href":"https:\/\/semmelweis.hu\/bokay\/wp-json\/wp\/v2\/comments?post=7741"}],"version-history":[{"count":2,"href":"https:\/\/semmelweis.hu\/bokay\/wp-json\/wp\/v2\/pages\/7741\/revisions"}],"predecessor-version":[{"id":7748,"href":"https:\/\/semmelweis.hu\/bokay\/wp-json\/wp\/v2\/pages\/7741\/revisions\/7748"}],"wp:attachment":[{"href":"https:\/\/semmelweis.hu\/bokay\/wp-json\/wp\/v2\/media?parent=7741"}],"wp:term":[{"taxonomy":"category","embeddable":true,"href":"https:\/\/semmelweis.hu\/bokay\/wp-json\/wp\/v2\/categories?post=7741"},{"taxonomy":"post_tag","embeddable":true,"href":"https:\/\/semmelweis.hu\/bokay\/wp-json\/wp\/v2\/tags?post=7741"}],"curies":[{"name":"wp","href":"https:\/\/api.w.org\/{rel}","templated":true}]}}