{"id":7637,"date":"2025-11-20T17:22:11","date_gmt":"2025-11-20T16:22:11","guid":{"rendered":"https:\/\/semmelweis.hu\/bokay\/?page_id=7637"},"modified":"2025-11-20T17:22:11","modified_gmt":"2025-11-20T16:22:11","slug":"bokays-diakok-a-nemzeti-szinhaz-szinpadan","status":"publish","type":"page","link":"https:\/\/semmelweis.hu\/bokay\/bokays-diakok-a-nemzeti-szinhaz-szinpadan\/","title":{"rendered":"B\u00d3KAYS DI\u00c1KOK A NEMZETI SZ\u00cdNH\u00c1Z SZ\u00cdNPAD\u00c1N"},"content":{"rendered":"<p><a name=\"_GoBack\"><\/a> <span style=\"color: #080809\"><span style=\"font-family: inherit, serif\"><span style=\"font-size: medium\">2025. november 15-\u00e9n a Nemzeti Sz\u00ednh\u00e1zban a MAGYAR NYELV NAPJA alkalm\u00e1b\u00f3l rendezett \u00fcnneps\u00e9get a 12.C-s b\u00f3kays di\u00e1kok nyitott\u00e1k meg. A <\/span><\/span><\/span><span style=\"color: #080809\"><span style=\"font-family: inherit, serif\"><span style=\"font-size: medium\"><i>M\u00fazs\u00e1k d\u00e9monok h\u00e1zis\u00e1rk\u00e1nyok<\/i><\/span><\/span><\/span><span style=\"color: #080809\"><span style=\"font-family: inherit, serif\"><span style=\"font-size: medium\"> c\u00edm\u0171 irodalmi m\u0171sor a Nyugat kor\u00e1nak k\u00e1v\u00e9h\u00e1zait id\u00e9zi meg \u00edr\u00f3n\u0151k, k\u00f6lt\u0151feles\u00e9gek \u00e9s m\u00fazs\u00e1k szemsz\u00f6g\u00e9b\u0151l. A program a 2025. \u00e9vi Magyartan\u00e1rd\u00edj kioszt\u00e1s\u00e1val, k\u00f6nyvbemutat\u00f3val \u00e9s a Kossuth Sz\u00f3nokversennyel folytat\u00f3dott.<\/span><\/span><\/span><\/p>\n<p><span style=\"color: #080809\"><span style=\"font-family: inherit, serif\"><span style=\"font-size: medium\">A sz\u00ednpadi produkci\u00f3ban r\u00e9szt vev\u0151 di\u00e1kok: Basch Regina, Cserven\u00e1k Zs\u00f3fia, Madura Anaszt\u00e1zia, Krist\u00f3f Panna Kata, R\u00e9dlinger Anna, Tak\u00e1cs Zita, Tak\u00e1cs Bor\u00f3ka, Varecza Adrienn \u00e9s Veres J\u00falia. Felk\u00e9sz\u00edt\u0151 tan\u00e1ruk a magyartan\u00e1rd\u00edjas Terdikn\u00e9 dr. Tak\u00e1cs Szilvia. <\/span><\/span><\/span><\/p>\n<p><span style=\"color: #080809\"><span style=\"font-family: inherit, serif\"><span style=\"font-size: medium\">Fot\u00f3: Minya Gergely<\/span><\/span><\/span><\/p>\n<p>&nbsp;<\/p>\n<p><img loading=\"lazy\" decoding=\"async\" class=\"alignnone size-medium wp-image-7638\" src=\"https:\/\/semmelweis.hu\/bokay\/files\/2025\/11\/Nemzeti-1-400x225.jpg\" alt=\"\" width=\"400\" height=\"225\" srcset=\"https:\/\/semmelweis.hu\/bokay\/files\/2025\/11\/Nemzeti-1-400x225.jpg 400w, https:\/\/semmelweis.hu\/bokay\/files\/2025\/11\/Nemzeti-1-1024x576.jpg 1024w, https:\/\/semmelweis.hu\/bokay\/files\/2025\/11\/Nemzeti-1-768x432.jpg 768w, https:\/\/semmelweis.hu\/bokay\/files\/2025\/11\/Nemzeti-1-753x424.jpg 753w, https:\/\/semmelweis.hu\/bokay\/files\/2025\/11\/Nemzeti-1.jpg 1280w\" sizes=\"auto, (max-width: 400px) 100vw, 400px\" \/><\/p>\n","protected":false},"excerpt":{"rendered":"<p><a name=\"_GoBack\"><\/a> 2025. november 15-\u00e9n a Nemzeti Sz\u00ednh\u00e1zban a MAGYAR NYELV NAPJA alkalm\u00e1b\u00f3l rendezett \u00fcnneps\u00e9get a 12.C-s b\u00f3kays di\u00e1kok nyitott\u00e1k meg. A M\u00fazs\u00e1k d\u00e9monok h\u00e1zis\u00e1rk\u00e1nyok c\u00edm\u0171 irodalmi m\u0171sor a Nyugat kor\u00e1nak k\u00e1v\u00e9h\u00e1zait id\u00e9zi meg \u00edr\u00f3n\u0151k, k\u00f6lt\u0151feles\u00e9gek \u00e9s m\u00fazs\u00e1k szemsz\u00f6g\u00e9b\u0151l. A program a 2025. \u00e9vi Magyartan\u00e1rd\u00edj kioszt\u00e1s\u00e1val, k\u00f6nyvbemutat\u00f3val \u00e9s a Kossuth Sz\u00f3nokversennyel folytat\u00f3dott. A sz\u00ednpadi produkci\u00f3ban r\u00e9szt vev\u0151 &hellip;<\/p>\n","protected":false},"author":102430,"featured_media":7638,"parent":0,"menu_order":0,"comment_status":"closed","ping_status":"closed","template":"","meta":{"_acf_changed":false,"footnotes":""},"categories":[],"tags":[],"class_list":["post-7637","page","type-page","status-publish","has-post-thumbnail","hentry"],"acf":[],"_links":{"self":[{"href":"https:\/\/semmelweis.hu\/bokay\/wp-json\/wp\/v2\/pages\/7637","targetHints":{"allow":["GET"]}}],"collection":[{"href":"https:\/\/semmelweis.hu\/bokay\/wp-json\/wp\/v2\/pages"}],"about":[{"href":"https:\/\/semmelweis.hu\/bokay\/wp-json\/wp\/v2\/types\/page"}],"author":[{"embeddable":true,"href":"https:\/\/semmelweis.hu\/bokay\/wp-json\/wp\/v2\/users\/102430"}],"replies":[{"embeddable":true,"href":"https:\/\/semmelweis.hu\/bokay\/wp-json\/wp\/v2\/comments?post=7637"}],"version-history":[{"count":1,"href":"https:\/\/semmelweis.hu\/bokay\/wp-json\/wp\/v2\/pages\/7637\/revisions"}],"predecessor-version":[{"id":7639,"href":"https:\/\/semmelweis.hu\/bokay\/wp-json\/wp\/v2\/pages\/7637\/revisions\/7639"}],"wp:featuredmedia":[{"embeddable":true,"href":"https:\/\/semmelweis.hu\/bokay\/wp-json\/wp\/v2\/media\/7638"}],"wp:attachment":[{"href":"https:\/\/semmelweis.hu\/bokay\/wp-json\/wp\/v2\/media?parent=7637"}],"wp:term":[{"taxonomy":"category","embeddable":true,"href":"https:\/\/semmelweis.hu\/bokay\/wp-json\/wp\/v2\/categories?post=7637"},{"taxonomy":"post_tag","embeddable":true,"href":"https:\/\/semmelweis.hu\/bokay\/wp-json\/wp\/v2\/tags?post=7637"}],"curies":[{"name":"wp","href":"https:\/\/api.w.org\/{rel}","templated":true}]}}