{"id":7572,"date":"2025-11-03T09:14:18","date_gmt":"2025-11-03T08:14:18","guid":{"rendered":"https:\/\/semmelweis.hu\/bokay\/?page_id=7572"},"modified":"2025-11-03T09:43:32","modified_gmt":"2025-11-03T08:43:32","slug":"nyiltnapok-nyolcadikosoknak","status":"publish","type":"page","link":"https:\/\/semmelweis.hu\/bokay\/nyiltnapok-nyolcadikosoknak\/","title":{"rendered":"Ny\u00edlt napok nyolcadikosoknak"},"content":{"rendered":"<p style=\"text-align: center\"><span style=\"font-size: 18pt\"><strong>Kedves Leend\u0151 di\u00e1kunk!<\/strong><\/span><\/p>\n<p style=\"text-align: center\"><span style=\"font-size: 18pt\"><strong>Kedves Sz\u00fcl\u0151k!<\/strong><\/span><\/p>\n<p style=\"text-align: center\">Ebben a tan\u00e9vben is szerzen\u00fcnk iskol\u00e1ban ny\u00edlt napokat, ahol betekint\u00e9st nyerhetnek az iskola \u00e9let\u00e9be.<\/p>\n<p style=\"text-align: center\">Az al\u00e1bbi id\u0151pontokban v\u00e1rjuk \u00d6n\u00f6ket:<\/p>\n<div style=\"text-align: center\">2025. november 05. szerda\u00a0\u00a0<a href=\"https:\/\/docs.google.com\/forms\/d\/1F4f47yU8DEdU6IAlXHJwejCubtoDXDUQZZYmUbwvy9g\/edit\">itt<\/a><\/div>\n<div style=\"text-align: center\">2025. november 13. cs\u00fct\u00f6rt\u00f6k\u00a0<a href=\"https:\/\/docs.google.com\/forms\/d\/1G0IReOvZLm6U-rKAAlBT3eOJQGdaYNFmS7xmJy4l3WM\/edit\">itt<\/a><\/div>\n<div style=\"text-align: center\">2025. november 21. p\u00e9ntek\u00a0<a href=\"https:\/\/docs.google.com\/forms\/d\/e\/1FAIpQLScSxILkl4DwIfoZivHQmMgxW4yz486DYIOYSyDYHLP-P7z2gA\/viewform?usp=header\">itt<\/a><\/div>\n<div style=\"text-align: center\">2025. november 25. kedd\u00a0\u00a0<a href=\"https:\/\/docs.google.com\/forms\/d\/e\/1FAIpQLSf0ly0OBgy5nlPAwFk__BbJReOM5LRBnEnvclUzfXr_pslo9w\/viewform?usp=header\">itt<\/a><\/div>\n<div style=\"text-align: center\">2025. december 05. p\u00e9ntek\u00a0<a href=\"https:\/\/docs.google.com\/forms\/d\/e\/1FAIpQLSdFNam5fuiqelsk6adgufAKGsfsqWFAaQP5DkdgYqPbrGa2Yg\/viewform?usp=header\">itt<\/a><\/div>\n<div style=\"text-align: center\">2026. m\u00e1rcius 18. szerda\u00a0<a href=\"https:\/\/docs.google.com\/forms\/d\/e\/1FAIpQLSck7DYN9DMIiDXO2OAAtmM9GEYf_4cfKisZigDEvFvEC5d9xg\/viewform?usp=header\">itt<\/a><\/div>\n<div style=\"text-align: center\">\u00a0<\/div>\n<div style=\"text-align: center\">A ny\u00edlt napokon a\u00a0<strong>beiskol\u00e1z\u00e1si t\u00e1j\u00e9koztat\u00f3k 8.30-t\u00f3l 9.15-ig<\/strong>\u00a0tartanak. Ezut\u00e1n a 3. \u00e9s 4. tan\u00f3r\u00e1ban lehet\u0151s\u00e9g van \u00f3r\u00e1t l\u00e1togatni.\u00a0<\/div>\n<p style=\"text-align: center\">\u00a0<\/p>\n<p style=\"text-align: center\">Felv\u00e9teli t\u00e1j\u00e9koztat\u00f3: <a href=\"https:\/\/semmelweis.hu\/bokay\/files\/2025\/11\/Bokay-beiskolazasi-tajekoztato-26_27.pdf\">B\u00f3kay beiskol\u00e1z\u00e1si t\u00e1j\u00e9koztat\u00f3 26_27<\/a><\/p>\n<p>&nbsp;<\/p>\n","protected":false},"excerpt":{"rendered":"<p>Kedves Leend\u0151 di\u00e1kunk! Kedves Sz\u00fcl\u0151k! Ebben a tan\u00e9vben is szerzen\u00fcnk iskol\u00e1ban ny\u00edlt napokat, ahol betekint\u00e9st nyerhetnek az iskola \u00e9let\u00e9be. Az al\u00e1bbi id\u0151pontokban v\u00e1rjuk \u00d6n\u00f6ket: 2025. november 05. szerda\u00a0\u00a0 <a href=\"https:\/\/docs.google.com\/forms\/d\/1F4f47yU8DEdU6IAlXHJwejCubtoDXDUQZZYmUbwvy9g\/edit\">itt<\/a> 2025. november 13. cs\u00fct\u00f6rt\u00f6k\u00a0 <a href=\"https:\/\/docs.google.com\/forms\/d\/1G0IReOvZLm6U-rKAAlBT3eOJQGdaYNFmS7xmJy4l3WM\/edit\">itt<\/a> 2025. november 21. p\u00e9ntek\u00a0 <a href=\"https:\/\/docs.google.com\/forms\/d\/e\/1FAIpQLScSxILkl4DwIfoZivHQmMgxW4yz486DYIOYSyDYHLP-P7z2gA\/viewform?usp=header\">itt<\/a> 2025. november 25. kedd\u00a0\u00a0 <a href=\"https:\/\/docs.google.com\/forms\/d\/e\/1FAIpQLSf0ly0OBgy5nlPAwFk__BbJReOM5LRBnEnvclUzfXr_pslo9w\/viewform?usp=header\">itt<\/a> 2025. december 05. p\u00e9ntek\u00a0 <a href=\"https:\/\/docs.google.com\/forms\/d\/e\/1FAIpQLSdFNam5fuiqelsk6adgufAKGsfsqWFAaQP5DkdgYqPbrGa2Yg\/viewform?usp=header\">itt<\/a> 2026. m\u00e1rcius 18. szerda\u00a0 <a href=\"https:\/\/docs.google.com\/forms\/d\/e\/1FAIpQLSck7DYN9DMIiDXO2OAAtmM9GEYf_4cfKisZigDEvFvEC5d9xg\/viewform?usp=header\">itt<\/a> \u00a0 A ny\u00edlt napokon a\u00a0beiskol\u00e1z\u00e1si t\u00e1j\u00e9koztat\u00f3k 8.30-t\u00f3l &hellip;<\/p>\n","protected":false},"author":101852,"featured_media":0,"parent":0,"menu_order":0,"comment_status":"closed","ping_status":"closed","template":"","meta":{"_acf_changed":false,"footnotes":""},"categories":[],"tags":[],"class_list":["post-7572","page","type-page","status-publish","hentry"],"acf":[],"_links":{"self":[{"href":"https:\/\/semmelweis.hu\/bokay\/wp-json\/wp\/v2\/pages\/7572","targetHints":{"allow":["GET"]}}],"collection":[{"href":"https:\/\/semmelweis.hu\/bokay\/wp-json\/wp\/v2\/pages"}],"about":[{"href":"https:\/\/semmelweis.hu\/bokay\/wp-json\/wp\/v2\/types\/page"}],"author":[{"embeddable":true,"href":"https:\/\/semmelweis.hu\/bokay\/wp-json\/wp\/v2\/users\/101852"}],"replies":[{"embeddable":true,"href":"https:\/\/semmelweis.hu\/bokay\/wp-json\/wp\/v2\/comments?post=7572"}],"version-history":[{"count":5,"href":"https:\/\/semmelweis.hu\/bokay\/wp-json\/wp\/v2\/pages\/7572\/revisions"}],"predecessor-version":[{"id":7578,"href":"https:\/\/semmelweis.hu\/bokay\/wp-json\/wp\/v2\/pages\/7572\/revisions\/7578"}],"wp:attachment":[{"href":"https:\/\/semmelweis.hu\/bokay\/wp-json\/wp\/v2\/media?parent=7572"}],"wp:term":[{"taxonomy":"category","embeddable":true,"href":"https:\/\/semmelweis.hu\/bokay\/wp-json\/wp\/v2\/categories?post=7572"},{"taxonomy":"post_tag","embeddable":true,"href":"https:\/\/semmelweis.hu\/bokay\/wp-json\/wp\/v2\/tags?post=7572"}],"curies":[{"name":"wp","href":"https:\/\/api.w.org\/{rel}","templated":true}]}}