{"id":6535,"date":"2024-10-22T13:15:43","date_gmt":"2024-10-22T11:15:43","guid":{"rendered":"https:\/\/semmelweis.hu\/bokay\/?page_id=6535"},"modified":"2025-11-13T14:35:11","modified_gmt":"2025-11-13T13:35:11","slug":"erettsegi-utani-esti-kepzesek","status":"publish","type":"page","link":"https:\/\/semmelweis.hu\/bokay\/erettsegi-utani-esti-kepzesek\/","title":{"rendered":"\u00c9retts\u00e9gi ut\u00e1ni (esti) k\u00e9pz\u00e9sek"},"content":{"rendered":"<p>A feln\u0151ttk\u00e9pz\u00e9s \u00f3rarendet a kezd\u0151lapon a h\u00edrek men\u00fcpontban tal\u00e1lj\u00e1k meg:<\/p>\n<blockquote class=\"wp-embedded-content\" data-secret=\"DC6wThKy7v\"><p><a href=\"https:\/\/semmelweis.hu\/bokay\/2025\/10\/14\/felnottkepzes-orarend-2\/\">Feln\u0151ttk\u00e9pz\u00e9s \u00f3rarend<\/a><\/p><\/blockquote>\n<p><iframe loading=\"lazy\" class=\"wp-embedded-content\" sandbox=\"allow-scripts\" security=\"restricted\" style=\"position: absolute; visibility: hidden;\" title=\"&#8220;Feln\u0151ttk\u00e9pz\u00e9s \u00f3rarend&#8221; &#8212; B\u00f3kay J\u00e1nos T\u00f6bbc\u00e9l\u00fa Szakk\u00e9pz\u0151 Int\u00e9zm\u00e9ny\" src=\"https:\/\/semmelweis.hu\/bokay\/2025\/10\/14\/felnottkepzes-orarend-2\/embed\/#?secret=MESaUxzoV8#?secret=DC6wThKy7v\" data-secret=\"DC6wThKy7v\" width=\"600\" height=\"338\" frameborder=\"0\" marginwidth=\"0\" marginheight=\"0\" scrolling=\"no\"><\/iframe><\/p>\n","protected":false},"excerpt":{"rendered":"<p>A feln\u0151ttk\u00e9pz\u00e9s \u00f3rarendet a kezd\u0151lapon a h\u00edrek men\u00fcpontban tal\u00e1lj\u00e1k meg:<br \/>\n<a href=\"https:\/\/semmelweis.hu\/bokay\/2025\/10\/14\/felnottkepzes-orarend-2\/\">Feln\u0151ttk\u00e9pz\u00e9s \u00f3rarend<\/a><\/p>\n","protected":false},"author":101852,"featured_media":0,"parent":0,"menu_order":0,"comment_status":"closed","ping_status":"closed","template":"","meta":{"_acf_changed":false,"footnotes":""},"categories":[],"tags":[],"class_list":["post-6535","page","type-page","status-publish","hentry"],"acf":[],"_links":{"self":[{"href":"https:\/\/semmelweis.hu\/bokay\/wp-json\/wp\/v2\/pages\/6535","targetHints":{"allow":["GET"]}}],"collection":[{"href":"https:\/\/semmelweis.hu\/bokay\/wp-json\/wp\/v2\/pages"}],"about":[{"href":"https:\/\/semmelweis.hu\/bokay\/wp-json\/wp\/v2\/types\/page"}],"author":[{"embeddable":true,"href":"https:\/\/semmelweis.hu\/bokay\/wp-json\/wp\/v2\/users\/101852"}],"replies":[{"embeddable":true,"href":"https:\/\/semmelweis.hu\/bokay\/wp-json\/wp\/v2\/comments?post=6535"}],"version-history":[{"count":11,"href":"https:\/\/semmelweis.hu\/bokay\/wp-json\/wp\/v2\/pages\/6535\/revisions"}],"predecessor-version":[{"id":7605,"href":"https:\/\/semmelweis.hu\/bokay\/wp-json\/wp\/v2\/pages\/6535\/revisions\/7605"}],"wp:attachment":[{"href":"https:\/\/semmelweis.hu\/bokay\/wp-json\/wp\/v2\/media?parent=6535"}],"wp:term":[{"taxonomy":"category","embeddable":true,"href":"https:\/\/semmelweis.hu\/bokay\/wp-json\/wp\/v2\/categories?post=6535"},{"taxonomy":"post_tag","embeddable":true,"href":"https:\/\/semmelweis.hu\/bokay\/wp-json\/wp\/v2\/tags?post=6535"}],"curies":[{"name":"wp","href":"https:\/\/api.w.org\/{rel}","templated":true}]}}