{"id":6533,"date":"2024-10-22T13:15:58","date_gmt":"2024-10-22T11:15:58","guid":{"rendered":"https:\/\/semmelweis.hu\/bokay\/?page_id=6533"},"modified":"2025-08-01T12:11:57","modified_gmt":"2025-08-01T10:11:57","slug":"erettsegi-utani-nappali-kepzesek","status":"publish","type":"page","link":"https:\/\/semmelweis.hu\/bokay\/erettsegi-utani-nappali-kepzesek\/","title":{"rendered":"\u00c9retts\u00e9gi ut\u00e1ni (nappali) k\u00e9pz\u00e9sek"},"content":{"rendered":"<p><strong>2025. szeptember\u00e9ben indul\u00f3, ingyenes \u00e9retts\u00e9gire \u00e9p\u00fcl\u0151, tanul\u00f3i<\/strong><strong>\u00a0jogviszonyos k\u00e9pz\u00e9sek:<br \/>\n<\/strong><\/p>\n<p><strong>Nappali tanul\u00f3i jogviszonyos k\u00e9pz\u00e9sek (25 \u00e9ves korig):<br \/>\n<\/strong><strong>Beiratkoz\u00e1s l\u00e9p\u00e9sei:<br \/>\n<\/strong><\/p>\n<p>1.Online jelentkez\u00e9s kit\u00f6lt\u00e9se (AUTOMATIKUS E-MAIL NEM FOG \u00c9RKEZNI A KIT\u00d6LT\u00c9S UT\u00c1N)<br \/>\n2. Beiratkoz\u00e1s szem\u00e9lyesen az iskol\u00e1ban\u00a0<strong>a t\u00e1j\u00e9koztat\u00f3ban felt\u00fcntetett id\u0151pontok egyik\u00e9n<\/strong><\/p>\n<ul>\n<li><a href=\"https:\/\/docs.google.com\/forms\/d\/1OYqH9k7D1xW9YRzyhOSOikL2x_rdPPBhDIkAcI-l32Y\/viewform?edit_requested=true\">Online jelentkez\u00e9s<\/a><\/li>\n<li><a href=\"https:\/\/semmelweis.hu\/bokay\/files\/2025\/06\/Erettsegire-epulo-NAPPALI-kepzesek_TAJEKOZTATO-1.docx\">\u00c9retts\u00e9gire \u00e9p\u00fcl\u0151 NAPPALI k\u00e9pz\u00e9sek_T\u00c1J\u00c9KOZTAT\u00d3<\/a><\/li>\n<\/ul>\n","protected":false},"excerpt":{"rendered":"<p>2025. szeptember\u00e9ben indul\u00f3, ingyenes \u00e9retts\u00e9gire \u00e9p\u00fcl\u0151, tanul\u00f3i\u00a0jogviszonyos k\u00e9pz\u00e9sek:<\/p>\n<p>Nappali tanul\u00f3i jogviszonyos k\u00e9pz\u00e9sek (25 \u00e9ves korig):<br \/>\nBeiratkoz\u00e1s l\u00e9p\u00e9sei:<\/p>\n<p>1.Online jelentkez\u00e9s kit\u00f6lt\u00e9se (AUTOMATIKUS E-MAIL NEM FOG \u00c9RKEZNI A KIT\u00d6LT\u00c9S UT\u00c1N)<br \/>\n2. Beiratkoz\u00e1s szem\u00e9lyesen az iskol\u00e1ban\u00a0a t\u00e1j\u00e9koztat\u00f3ban felt\u00fcntetett id\u0151pontok egyik\u00e9n<\/p>\n<p><a href=\"https:\/\/docs.google.com\/forms\/d\/1OYqH9k7D1xW9YRzyhOSOikL2x_rdPPBhDIkAcI-l32Y\/viewform?edit_requested=true\">Online jelentkez\u00e9s<\/a><br \/>\n<a href=\"https:\/\/semmelweis.hu\/bokay\/files\/2025\/06\/Erettsegire-epulo-NAPPALI-kepzesek_TAJEKOZTATO-1.docx\">\u00c9retts\u00e9gire \u00e9p\u00fcl\u0151 NAPPALI k\u00e9pz\u00e9sek_T\u00c1J\u00c9KOZTAT\u00d3<\/a><\/p>\n","protected":false},"author":101852,"featured_media":0,"parent":0,"menu_order":0,"comment_status":"closed","ping_status":"closed","template":"","meta":{"_acf_changed":false,"footnotes":""},"categories":[],"tags":[],"class_list":["post-6533","page","type-page","status-publish","hentry"],"acf":[],"_links":{"self":[{"href":"https:\/\/semmelweis.hu\/bokay\/wp-json\/wp\/v2\/pages\/6533","targetHints":{"allow":["GET"]}}],"collection":[{"href":"https:\/\/semmelweis.hu\/bokay\/wp-json\/wp\/v2\/pages"}],"about":[{"href":"https:\/\/semmelweis.hu\/bokay\/wp-json\/wp\/v2\/types\/page"}],"author":[{"embeddable":true,"href":"https:\/\/semmelweis.hu\/bokay\/wp-json\/wp\/v2\/users\/101852"}],"replies":[{"embeddable":true,"href":"https:\/\/semmelweis.hu\/bokay\/wp-json\/wp\/v2\/comments?post=6533"}],"version-history":[{"count":2,"href":"https:\/\/semmelweis.hu\/bokay\/wp-json\/wp\/v2\/pages\/6533\/revisions"}],"predecessor-version":[{"id":7395,"href":"https:\/\/semmelweis.hu\/bokay\/wp-json\/wp\/v2\/pages\/6533\/revisions\/7395"}],"wp:attachment":[{"href":"https:\/\/semmelweis.hu\/bokay\/wp-json\/wp\/v2\/media?parent=6533"}],"wp:term":[{"taxonomy":"category","embeddable":true,"href":"https:\/\/semmelweis.hu\/bokay\/wp-json\/wp\/v2\/categories?post=6533"},{"taxonomy":"post_tag","embeddable":true,"href":"https:\/\/semmelweis.hu\/bokay\/wp-json\/wp\/v2\/tags?post=6533"}],"curies":[{"name":"wp","href":"https:\/\/api.w.org\/{rel}","templated":true}]}}