{"id":6008,"date":"2024-03-14T09:54:04","date_gmt":"2024-03-14T08:54:04","guid":{"rendered":"https:\/\/semmelweis.hu\/bokay\/?page_id=6008"},"modified":"2024-10-22T13:26:03","modified_gmt":"2024-10-22T11:26:03","slug":"felnottkepzesi-jogviszony","status":"publish","type":"page","link":"https:\/\/semmelweis.hu\/bokay\/felnottkepzesi-jogviszony\/","title":{"rendered":"Feln\u0151ttk\u00e9pz\u00e9si jogviszony"},"content":{"rendered":"","protected":false},"excerpt":{"rendered":"","protected":false},"author":101908,"featured_media":0,"parent":0,"menu_order":0,"comment_status":"closed","ping_status":"closed","template":"","meta":{"_acf_changed":false,"footnotes":""},"categories":[],"tags":[],"class_list":["post-6008","page","type-page","status-publish","hentry"],"acf":[],"_links":{"self":[{"href":"https:\/\/semmelweis.hu\/bokay\/wp-json\/wp\/v2\/pages\/6008","targetHints":{"allow":["GET"]}}],"collection":[{"href":"https:\/\/semmelweis.hu\/bokay\/wp-json\/wp\/v2\/pages"}],"about":[{"href":"https:\/\/semmelweis.hu\/bokay\/wp-json\/wp\/v2\/types\/page"}],"author":[{"embeddable":true,"href":"https:\/\/semmelweis.hu\/bokay\/wp-json\/wp\/v2\/users\/101908"}],"replies":[{"embeddable":true,"href":"https:\/\/semmelweis.hu\/bokay\/wp-json\/wp\/v2\/comments?post=6008"}],"version-history":[{"count":2,"href":"https:\/\/semmelweis.hu\/bokay\/wp-json\/wp\/v2\/pages\/6008\/revisions"}],"predecessor-version":[{"id":6531,"href":"https:\/\/semmelweis.hu\/bokay\/wp-json\/wp\/v2\/pages\/6008\/revisions\/6531"}],"wp:attachment":[{"href":"https:\/\/semmelweis.hu\/bokay\/wp-json\/wp\/v2\/media?parent=6008"}],"wp:term":[{"taxonomy":"category","embeddable":true,"href":"https:\/\/semmelweis.hu\/bokay\/wp-json\/wp\/v2\/categories?post=6008"},{"taxonomy":"post_tag","embeddable":true,"href":"https:\/\/semmelweis.hu\/bokay\/wp-json\/wp\/v2\/tags?post=6008"}],"curies":[{"name":"wp","href":"https:\/\/api.w.org\/{rel}","templated":true}]}}