{"id":521,"date":"2019-07-11T13:56:23","date_gmt":"2019-07-11T13:56:23","guid":{"rendered":"http:\/\/www.bokaysuli.hu\/?page_id=521"},"modified":"2025-11-02T16:59:37","modified_gmt":"2025-11-02T15:59:37","slug":"tanarok","status":"publish","type":"page","link":"https:\/\/semmelweis.hu\/bokay\/iskolank\/tanarok\/","title":{"rendered":"Tan\u00e1rok"},"content":{"rendered":"[slb_exclude]<div data-carousel-extra='{\"blog_id\":232,\"permalink\":\"https:\\\/\\\/semmelweis.hu\\\/bokay\\\/iskolank\\\/tanarok\\\/\"}' class=\"tiled-gallery type-square\" data-original-width=\"753\"><div class=\"tiled-gallery-item\"><a border=\"0\" href=\"https:\/\/semmelweis.hu\/bokay\/files\/2020\/08\/SZB.jpg\"><img decoding=\"async\" data-attachment-id=\"2476\" data-orig-file=\"https:\/\/semmelweis.hu\/bokay\/files\/2020\/08\/SZB.jpg\" data-orig-size=\"898,1205\" data-comments-opened=\"1\" data-image-meta=\"{&quot;aperture&quot;:&quot;0&quot;,&quot;credit&quot;:&quot;&quot;,&quot;camera&quot;:&quot;&quot;,&quot;caption&quot;:&quot;&quot;,&quot;created_timestamp&quot;:&quot;0&quot;,&quot;copyright&quot;:&quot;&quot;,&quot;focal_length&quot;:&quot;0&quot;,&quot;iso&quot;:&quot;0&quot;,&quot;shutter_speed&quot;:&quot;0&quot;,&quot;title&quot;:&quot;&quot;,&quot;orientation&quot;:&quot;0&quot;}\" data-image-title=\"SZB\" data-image-description=\"\" data-medium-file=\"https:\/\/semmelweis.hu\/bokay\/files\/2020\/08\/SZB-298x400.jpg\" data-large-file=\"https:\/\/semmelweis.hu\/bokay\/files\/2020\/08\/SZB-763x1024.jpg\" style=\"margin: 2px;max-width:550px;max-height:550px;\" src=\"https:\/\/semmelweis.hu\/bokay\/files\/2020\/08\/SZB-372x372.jpg\" width=372 height=372 title=\"Solt\u00e9szn\u00e9 Szab\u00f3 Be\u00e1ta&lt;br&gt;igazgat\u00f3\" \/><\/a><div class=\"tiled-gallery-caption\">Solt\u00e9szn\u00e9 Szab\u00f3 Be\u00e1ta<br>igazgat\u00f3<\/div><\/div><div class=\"tiled-gallery-item\"><a border=\"0\" href=\"https:\/\/semmelweis.hu\/bokay\/files\/2021\/02\/Igazolv\u00e1nyk\u00e9pem_-1.jpg\"><img decoding=\"async\" data-attachment-id=\"3705\" data-orig-file=\"https:\/\/semmelweis.hu\/bokay\/files\/2021\/02\/Igazolv\u00e1nyk\u00e9pem_-1.jpg\" data-orig-size=\"1190,1683\" data-comments-opened=\"0\" data-image-meta=\"{&quot;aperture&quot;:&quot;0&quot;,&quot;credit&quot;:&quot;&quot;,&quot;camera&quot;:&quot;&quot;,&quot;caption&quot;:&quot;&quot;,&quot;created_timestamp&quot;:&quot;0&quot;,&quot;copyright&quot;:&quot;&quot;,&quot;focal_length&quot;:&quot;0&quot;,&quot;iso&quot;:&quot;0&quot;,&quot;shutter_speed&quot;:&quot;0&quot;,&quot;title&quot;:&quot;&quot;,&quot;orientation&quot;:&quot;0&quot;}\" data-image-title=\"Igazolv\u00e1nyk\u00e9pem_ (1)\" data-image-description=\"\" data-medium-file=\"https:\/\/semmelweis.hu\/bokay\/files\/2021\/02\/Igazolv\u00e1nyk\u00e9pem_-1-283x400.jpg\" data-large-file=\"https:\/\/semmelweis.hu\/bokay\/files\/2021\/02\/Igazolv\u00e1nyk\u00e9pem_-1-724x1024.jpg\" style=\"margin: 2px;max-width:550px;max-height:550px;\" src=\"https:\/\/semmelweis.hu\/bokay\/files\/2021\/02\/Igazolv\u00e1nyk\u00e9pem_-1-372x372.jpg\" width=372 height=372 title=\"D\u00e9v\u00e9nyi Csilla&lt;br&gt;gyakorlati oktat\u00e1svezet\u0151\" \/><\/a><div class=\"tiled-gallery-caption\">D\u00e9v\u00e9nyi Csilla<br>gyakorlati oktat\u00e1svezet\u0151<\/div><\/div><div class=\"tiled-gallery-item\"><a border=\"0\" href=\"https:\/\/semmelweis.hu\/bokay\/files\/2023\/11\/image_6483441.jpg\"><img decoding=\"async\" data-attachment-id=\"5687\" data-orig-file=\"https:\/\/semmelweis.hu\/bokay\/files\/2023\/11\/image_6483441.jpg\" data-orig-size=\"640,640\" data-comments-opened=\"0\" data-image-meta=\"{&quot;aperture&quot;:&quot;0&quot;,&quot;credit&quot;:&quot;&quot;,&quot;camera&quot;:&quot;&quot;,&quot;caption&quot;:&quot;&quot;,&quot;created_timestamp&quot;:&quot;0&quot;,&quot;copyright&quot;:&quot;&quot;,&quot;focal_length&quot;:&quot;0&quot;,&quot;iso&quot;:&quot;0&quot;,&quot;shutter_speed&quot;:&quot;0&quot;,&quot;title&quot;:&quot;&quot;,&quot;orientation&quot;:&quot;1&quot;}\" data-image-title=\"image_6483441\" data-image-description=\"\" data-medium-file=\"https:\/\/semmelweis.hu\/bokay\/files\/2023\/11\/image_6483441-400x400.jpg\" data-large-file=\"https:\/\/semmelweis.hu\/bokay\/files\/2023\/11\/image_6483441.jpg\" style=\"margin: 2px;max-width:550px;max-height:550px;\" src=\"https:\/\/semmelweis.hu\/bokay\/files\/2023\/11\/image_6483441-184x184.jpg\" width=184 height=184 title=\"W\u00e9bern\u00e9 R\u00e1cz Erika&lt;br&gt;szakmai igazgat\u00f3helyettes\" \/><\/a><div class=\"tiled-gallery-caption\">W\u00e9bern\u00e9 R\u00e1cz Erika<br>szakmai igazgat\u00f3helyettes<\/div><\/div><div class=\"tiled-gallery-item\"><a border=\"0\" href=\"https:\/\/semmelweis.hu\/bokay\/files\/2020\/02\/Bek\u00e9n\u00e9.jpeg\"><img decoding=\"async\" data-attachment-id=\"1859\" data-orig-file=\"https:\/\/semmelweis.hu\/bokay\/files\/2020\/02\/Bek\u00e9n\u00e9.jpeg\" data-orig-size=\"812,1143\" data-comments-opened=\"1\" data-image-meta=\"{&quot;aperture&quot;:&quot;0&quot;,&quot;credit&quot;:&quot;&quot;,&quot;camera&quot;:&quot;&quot;,&quot;caption&quot;:&quot;&quot;,&quot;created_timestamp&quot;:&quot;1579961980&quot;,&quot;copyright&quot;:&quot;&quot;,&quot;focal_length&quot;:&quot;0&quot;,&quot;iso&quot;:&quot;0&quot;,&quot;shutter_speed&quot;:&quot;0&quot;,&quot;title&quot;:&quot;&quot;,&quot;orientation&quot;:&quot;1&quot;}\" data-image-title=\"Bek\u00e9n\u00e9\" data-image-description=\"\" data-medium-file=\"https:\/\/semmelweis.hu\/bokay\/files\/2020\/02\/Bek\u00e9n\u00e9-284x400.jpeg\" data-large-file=\"https:\/\/semmelweis.hu\/bokay\/files\/2020\/02\/Bek\u00e9n\u00e9-727x1024.jpeg\" style=\"margin: 2px;max-width:550px;max-height:550px;\" src=\"https:\/\/semmelweis.hu\/bokay\/files\/2020\/02\/Bek\u00e9n\u00e9-184x184.jpeg\" width=184 height=184 title=\"Bek\u00e9n\u00e9 Horv\u00e1th Melinda \u00c9va\" \/><\/a><div class=\"tiled-gallery-caption\">Bek\u00e9n\u00e9 Horv\u00e1th Melinda \u00c9va<\/div><\/div><div class=\"tiled-gallery-item\"><a border=\"0\" href=\"https:\/\/semmelweis.hu\/bokay\/files\/2023\/11\/Czeigler-Maria.jpg\"><img decoding=\"async\" data-attachment-id=\"5672\" data-orig-file=\"https:\/\/semmelweis.hu\/bokay\/files\/2023\/11\/Czeigler-Maria.jpg\" data-orig-size=\"1619,2239\" data-comments-opened=\"0\" data-image-meta=\"{&quot;aperture&quot;:&quot;1,8&quot;,&quot;credit&quot;:&quot;&quot;,&quot;camera&quot;:&quot;JAT-L41&quot;,&quot;caption&quot;:&quot;smart&quot;,&quot;created_timestamp&quot;:&quot;1681413889&quot;,&quot;copyright&quot;:&quot;&quot;,&quot;focal_length&quot;:&quot;0&quot;,&quot;iso&quot;:&quot;1647&quot;,&quot;shutter_speed&quot;:&quot;0,070005&quot;,&quot;title&quot;:&quot;smart&quot;,&quot;orientation&quot;:&quot;1&quot;}\" data-image-title=\"smart\" data-image-description=\"\" data-medium-file=\"https:\/\/semmelweis.hu\/bokay\/files\/2023\/11\/Czeigler-Maria-289x400.jpg\" data-large-file=\"https:\/\/semmelweis.hu\/bokay\/files\/2023\/11\/Czeigler-Maria-740x1024.jpg\" style=\"margin: 2px;max-width:550px;max-height:550px;\" src=\"https:\/\/semmelweis.hu\/bokay\/files\/2023\/11\/Czeigler-Maria-184x184.jpg\" width=184 height=184 title=\"Cziegler M\u00e1ria\" \/><\/a><div class=\"tiled-gallery-caption\">Cziegler M\u00e1ria<\/div><\/div><div class=\"tiled-gallery-item\"><a border=\"0\" href=\"https:\/\/semmelweis.hu\/bokay\/files\/2020\/08\/Ga\u00e1l-K.-.jpg\"><img decoding=\"async\" data-attachment-id=\"2471\" data-orig-file=\"https:\/\/semmelweis.hu\/bokay\/files\/2020\/08\/Ga\u00e1l-K.-.jpg\" data-orig-size=\"646,920\" data-comments-opened=\"1\" data-image-meta=\"{&quot;aperture&quot;:&quot;0&quot;,&quot;credit&quot;:&quot;267814957013101&quot;,&quot;camera&quot;:&quot;&quot;,&quot;caption&quot;:&quot;&quot;,&quot;created_timestamp&quot;:&quot;0&quot;,&quot;copyright&quot;:&quot;&quot;,&quot;focal_length&quot;:&quot;0&quot;,&quot;iso&quot;:&quot;0&quot;,&quot;shutter_speed&quot;:&quot;0&quot;,&quot;title&quot;:&quot;&quot;,&quot;orientation&quot;:&quot;0&quot;}\" data-image-title=\"Ga\u00e1l-K.-\" data-image-description=\"\" data-medium-file=\"https:\/\/semmelweis.hu\/bokay\/files\/2020\/08\/Ga\u00e1l-K.--281x400.jpg\" data-large-file=\"https:\/\/semmelweis.hu\/bokay\/files\/2020\/08\/Ga\u00e1l-K.-.jpg\" style=\"margin: 2px;max-width:550px;max-height:550px;\" src=\"https:\/\/semmelweis.hu\/bokay\/files\/2020\/08\/Ga\u00e1l-K.--184x184.jpg\" width=184 height=184 title=\"Ga\u00e1l Krisztina\" \/><\/a><div class=\"tiled-gallery-caption\">Ga\u00e1l Krisztina<\/div><\/div><div class=\"tiled-gallery-item\"><a border=\"0\" href=\"https:\/\/semmelweis.hu\/bokay\/files\/2023\/11\/Meredierne-Gog-Zsanett.jpg\"><img decoding=\"async\" data-attachment-id=\"5694\" data-orig-file=\"https:\/\/semmelweis.hu\/bokay\/files\/2023\/11\/Meredierne-Gog-Zsanett.jpg\" data-orig-size=\"1219,1470\" data-comments-opened=\"0\" data-image-meta=\"{&quot;aperture&quot;:&quot;0&quot;,&quot;credit&quot;:&quot;&quot;,&quot;camera&quot;:&quot;&quot;,&quot;caption&quot;:&quot;&quot;,&quot;created_timestamp&quot;:&quot;0&quot;,&quot;copyright&quot;:&quot;&quot;,&quot;focal_length&quot;:&quot;0&quot;,&quot;iso&quot;:&quot;0&quot;,&quot;shutter_speed&quot;:&quot;0&quot;,&quot;title&quot;:&quot;&quot;,&quot;orientation&quot;:&quot;1&quot;}\" data-image-title=\"Merediern\u00e9 G\u00f3g Zsanett\" data-image-description=\"\" data-medium-file=\"https:\/\/semmelweis.hu\/bokay\/files\/2023\/11\/Meredierne-Gog-Zsanett-332x400.jpg\" data-large-file=\"https:\/\/semmelweis.hu\/bokay\/files\/2023\/11\/Meredierne-Gog-Zsanett-849x1024.jpg\" style=\"margin: 2px;max-width:550px;max-height:550px;\" src=\"https:\/\/semmelweis.hu\/bokay\/files\/2023\/11\/Meredierne-Gog-Zsanett-184x184.jpg\" width=184 height=184 title=\"G\u00f3g Zsanett\" \/><\/a><div class=\"tiled-gallery-caption\">G\u00f3g Zsanett<\/div><\/div><div class=\"tiled-gallery-item\"><a border=\"0\" href=\"https:\/\/semmelweis.hu\/bokay\/files\/2023\/11\/Howle-Zita.png\"><img decoding=\"async\" data-attachment-id=\"5692\" data-orig-file=\"https:\/\/semmelweis.hu\/bokay\/files\/2023\/11\/Howle-Zita.png\" data-orig-size=\"268,354\" data-comments-opened=\"0\" data-image-meta=\"{&quot;aperture&quot;:&quot;0&quot;,&quot;credit&quot;:&quot;&quot;,&quot;camera&quot;:&quot;&quot;,&quot;caption&quot;:&quot;&quot;,&quot;created_timestamp&quot;:&quot;0&quot;,&quot;copyright&quot;:&quot;&quot;,&quot;focal_length&quot;:&quot;0&quot;,&quot;iso&quot;:&quot;0&quot;,&quot;shutter_speed&quot;:&quot;0&quot;,&quot;title&quot;:&quot;&quot;,&quot;orientation&quot;:&quot;0&quot;}\" data-image-title=\"Howle Zita\" data-image-description=\"\" data-medium-file=\"https:\/\/semmelweis.hu\/bokay\/files\/2023\/11\/Howle-Zita.png\" data-large-file=\"https:\/\/semmelweis.hu\/bokay\/files\/2023\/11\/Howle-Zita.png\" style=\"margin: 2px;max-width:550px;max-height:550px;\" src=\"https:\/\/semmelweis.hu\/bokay\/files\/2023\/11\/Howle-Zita-184x184.png\" width=184 height=184 title=\"Howle Zita\" \/><\/a><div class=\"tiled-gallery-caption\">Howle Zita<\/div><\/div><div class=\"tiled-gallery-item\"><a border=\"0\" href=\"https:\/\/semmelweis.hu\/bokay\/files\/2020\/02\/Hegyin\u00e9.jpeg\"><img decoding=\"async\" data-attachment-id=\"1865\" data-orig-file=\"https:\/\/semmelweis.hu\/bokay\/files\/2020\/02\/Hegyin\u00e9.jpeg\" data-orig-size=\"807,1148\" data-comments-opened=\"1\" data-image-meta=\"{&quot;aperture&quot;:&quot;0&quot;,&quot;credit&quot;:&quot;&quot;,&quot;camera&quot;:&quot;&quot;,&quot;caption&quot;:&quot;&quot;,&quot;created_timestamp&quot;:&quot;1579962348&quot;,&quot;copyright&quot;:&quot;&quot;,&quot;focal_length&quot;:&quot;0&quot;,&quot;iso&quot;:&quot;0&quot;,&quot;shutter_speed&quot;:&quot;0&quot;,&quot;title&quot;:&quot;&quot;,&quot;orientation&quot;:&quot;1&quot;}\" data-image-title=\"Hegyin\u00e9\" data-image-description=\"\" data-medium-file=\"https:\/\/semmelweis.hu\/bokay\/files\/2020\/02\/Hegyin\u00e9-281x400.jpeg\" data-large-file=\"https:\/\/semmelweis.hu\/bokay\/files\/2020\/02\/Hegyin\u00e9-720x1024.jpeg\" style=\"margin: 2px;max-width:550px;max-height:550px;\" src=\"https:\/\/semmelweis.hu\/bokay\/files\/2020\/02\/Hegyin\u00e9-184x184.jpeg\" width=184 height=184 title=\"Hegyin\u00e9 Laczk\u00f3 Judit\" \/><\/a><div class=\"tiled-gallery-caption\">Hegyin\u00e9 Laczk\u00f3 Judit<\/div><\/div><div class=\"tiled-gallery-item\"><a border=\"0\" href=\"https:\/\/semmelweis.hu\/bokay\/files\/2023\/11\/Horvath-Maria-Magdolna.jpg\"><img decoding=\"async\" data-attachment-id=\"5673\" data-orig-file=\"https:\/\/semmelweis.hu\/bokay\/files\/2023\/11\/Horvath-Maria-Magdolna.jpg\" data-orig-size=\"898,1205\" data-comments-opened=\"0\" data-image-meta=\"{&quot;aperture&quot;:&quot;0&quot;,&quot;credit&quot;:&quot;&quot;,&quot;camera&quot;:&quot;&quot;,&quot;caption&quot;:&quot;&quot;,&quot;created_timestamp&quot;:&quot;0&quot;,&quot;copyright&quot;:&quot;&quot;,&quot;focal_length&quot;:&quot;0&quot;,&quot;iso&quot;:&quot;0&quot;,&quot;shutter_speed&quot;:&quot;0&quot;,&quot;title&quot;:&quot;&quot;,&quot;orientation&quot;:&quot;0&quot;}\" data-image-title=\"Horv\u00e1th M\u00e1ria Magdolna\" data-image-description=\"\" data-medium-file=\"https:\/\/semmelweis.hu\/bokay\/files\/2023\/11\/Horvath-Maria-Magdolna-298x400.jpg\" data-large-file=\"https:\/\/semmelweis.hu\/bokay\/files\/2023\/11\/Horvath-Maria-Magdolna-763x1024.jpg\" style=\"margin: 2px;max-width:550px;max-height:550px;\" src=\"https:\/\/semmelweis.hu\/bokay\/files\/2023\/11\/Horvath-Maria-Magdolna-184x184.jpg\" width=184 height=184 title=\"Horv\u00e1th M\u00e1ria Magdolna\" \/><\/a><div class=\"tiled-gallery-caption\">Horv\u00e1th M\u00e1ria Magdolna<\/div><\/div><div class=\"tiled-gallery-item\"><a border=\"0\" href=\"https:\/\/semmelweis.hu\/bokay\/files\/2020\/08\/Kayser-Veronika-Kl\u00e1ra-2-scaled-1.jpg\"><img decoding=\"async\" data-attachment-id=\"2474\" data-orig-file=\"https:\/\/semmelweis.hu\/bokay\/files\/2020\/08\/Kayser-Veronika-Kl\u00e1ra-2-scaled-1.jpg\" data-orig-size=\"2175,2560\" data-comments-opened=\"1\" data-image-meta=\"{&quot;aperture&quot;:&quot;1,79&quot;,&quot;credit&quot;:&quot;&quot;,&quot;camera&quot;:&quot;Redmi Note 8T&quot;,&quot;caption&quot;:&quot;&quot;,&quot;created_timestamp&quot;:&quot;1598264357&quot;,&quot;copyright&quot;:&quot;&quot;,&quot;focal_length&quot;:&quot;4,74&quot;,&quot;iso&quot;:&quot;125&quot;,&quot;shutter_speed&quot;:&quot;0,01&quot;,&quot;title&quot;:&quot;&quot;,&quot;orientation&quot;:&quot;1&quot;}\" data-image-title=\"Kayser-Veronika-Kl\u00e1ra-2\" data-image-description=\"\" data-medium-file=\"https:\/\/semmelweis.hu\/bokay\/files\/2020\/08\/Kayser-Veronika-Kl\u00e1ra-2-scaled-1-340x400.jpg\" data-large-file=\"https:\/\/semmelweis.hu\/bokay\/files\/2020\/08\/Kayser-Veronika-Kl\u00e1ra-2-scaled-1-870x1024.jpg\" style=\"margin: 2px;max-width:550px;max-height:550px;\" src=\"https:\/\/semmelweis.hu\/bokay\/files\/2020\/08\/Kayser-Veronika-Kl\u00e1ra-2-scaled-1-184x184.jpg\" width=184 height=184 title=\"Kayser Veronika Kl\u00e1ra\" \/><\/a><div class=\"tiled-gallery-caption\">Kayser Veronika Kl\u00e1ra<\/div><\/div><div class=\"tiled-gallery-item\"><a border=\"0\" href=\"https:\/\/semmelweis.hu\/bokay\/files\/2023\/11\/Keszy_Harmat-Daniel.jpg\"><img decoding=\"async\" data-attachment-id=\"5670\" data-orig-file=\"https:\/\/semmelweis.hu\/bokay\/files\/2023\/11\/Keszy_Harmat-Daniel.jpg\" data-orig-size=\"898,1205\" data-comments-opened=\"0\" data-image-meta=\"{&quot;aperture&quot;:&quot;0&quot;,&quot;credit&quot;:&quot;&quot;,&quot;camera&quot;:&quot;&quot;,&quot;caption&quot;:&quot;&quot;,&quot;created_timestamp&quot;:&quot;0&quot;,&quot;copyright&quot;:&quot;&quot;,&quot;focal_length&quot;:&quot;0&quot;,&quot;iso&quot;:&quot;0&quot;,&quot;shutter_speed&quot;:&quot;0&quot;,&quot;title&quot;:&quot;&quot;,&quot;orientation&quot;:&quot;0&quot;}\" data-image-title=\"Keszy_Harmat Daniel\" data-image-description=\"\" data-medium-file=\"https:\/\/semmelweis.hu\/bokay\/files\/2023\/11\/Keszy_Harmat-Daniel-298x400.jpg\" data-large-file=\"https:\/\/semmelweis.hu\/bokay\/files\/2023\/11\/Keszy_Harmat-Daniel-763x1024.jpg\" style=\"margin: 2px;max-width:550px;max-height:550px;\" src=\"https:\/\/semmelweis.hu\/bokay\/files\/2023\/11\/Keszy_Harmat-Daniel-184x184.jpg\" width=184 height=184 title=\"Dr. Keszy-Harmath D\u00e1niel\" \/><\/a><div class=\"tiled-gallery-caption\">Dr. Keszy-Harmath D\u00e1niel<\/div><\/div><div class=\"tiled-gallery-item\"><a border=\"0\" href=\"https:\/\/semmelweis.hu\/bokay\/files\/2020\/02\/Komora-Moln\u00e1r-O.jpeg\"><img decoding=\"async\" data-attachment-id=\"1871\" data-orig-file=\"https:\/\/semmelweis.hu\/bokay\/files\/2020\/02\/Komora-Moln\u00e1r-O.jpeg\" data-orig-size=\"781,1065\" data-comments-opened=\"1\" data-image-meta=\"{&quot;aperture&quot;:&quot;0&quot;,&quot;credit&quot;:&quot;&quot;,&quot;camera&quot;:&quot;&quot;,&quot;caption&quot;:&quot;&quot;,&quot;created_timestamp&quot;:&quot;1579962126&quot;,&quot;copyright&quot;:&quot;&quot;,&quot;focal_length&quot;:&quot;0&quot;,&quot;iso&quot;:&quot;0&quot;,&quot;shutter_speed&quot;:&quot;0&quot;,&quot;title&quot;:&quot;&quot;,&quot;orientation&quot;:&quot;1&quot;}\" data-image-title=\"Komora-Moln\u00e1r-O\" data-image-description=\"\" data-medium-file=\"https:\/\/semmelweis.hu\/bokay\/files\/2020\/02\/Komora-Moln\u00e1r-O-293x400.jpeg\" data-large-file=\"https:\/\/semmelweis.hu\/bokay\/files\/2020\/02\/Komora-Moln\u00e1r-O-751x1024.jpeg\" style=\"margin: 2px;max-width:550px;max-height:550px;\" src=\"https:\/\/semmelweis.hu\/bokay\/files\/2020\/02\/Komora-Moln\u00e1r-O-184x184.jpeg\" width=184 height=184 title=\"Komora-Moln\u00e1r Orsolya\" \/><\/a><div class=\"tiled-gallery-caption\">Komora-Moln\u00e1r Orsolya<\/div><\/div><div class=\"tiled-gallery-item\"><a border=\"0\" href=\"https:\/\/semmelweis.hu\/bokay\/files\/2020\/08\/Papp-G..jpg.jpeg\"><img decoding=\"async\" data-attachment-id=\"2461\" data-orig-file=\"https:\/\/semmelweis.hu\/bokay\/files\/2020\/08\/Papp-G..jpg.jpeg\" data-orig-size=\"897,1186\" data-comments-opened=\"1\" data-image-meta=\"{&quot;aperture&quot;:&quot;0&quot;,&quot;credit&quot;:&quot;&quot;,&quot;camera&quot;:&quot;&quot;,&quot;caption&quot;:&quot;&quot;,&quot;created_timestamp&quot;:&quot;1598077666&quot;,&quot;copyright&quot;:&quot;&quot;,&quot;focal_length&quot;:&quot;0&quot;,&quot;iso&quot;:&quot;0&quot;,&quot;shutter_speed&quot;:&quot;0&quot;,&quot;title&quot;:&quot;&quot;,&quot;orientation&quot;:&quot;1&quot;}\" data-image-title=\"Papp-G..jpg\" data-image-description=\"\" data-medium-file=\"https:\/\/semmelweis.hu\/bokay\/files\/2020\/08\/Papp-G..jpg-303x400.jpeg\" data-large-file=\"https:\/\/semmelweis.hu\/bokay\/files\/2020\/08\/Papp-G..jpg-774x1024.jpeg\" style=\"margin: 2px;max-width:550px;max-height:550px;\" src=\"https:\/\/semmelweis.hu\/bokay\/files\/2020\/08\/Papp-G..jpg-184x184.jpeg\" width=184 height=184 title=\"Papp G\u00e1bor Lajos\" \/><\/a><div class=\"tiled-gallery-caption\">Papp G\u00e1bor Lajos<\/div><\/div><div class=\"tiled-gallery-item\"><a border=\"0\" href=\"https:\/\/semmelweis.hu\/bokay\/files\/2020\/02\/R\u00e9mai-Csab\u00e1n\u00e9.jpeg\"><img decoding=\"async\" data-attachment-id=\"1880\" data-orig-file=\"https:\/\/semmelweis.hu\/bokay\/files\/2020\/02\/R\u00e9mai-Csab\u00e1n\u00e9.jpeg\" data-orig-size=\"822,1157\" data-comments-opened=\"1\" data-image-meta=\"{&quot;aperture&quot;:&quot;0&quot;,&quot;credit&quot;:&quot;&quot;,&quot;camera&quot;:&quot;&quot;,&quot;caption&quot;:&quot;&quot;,&quot;created_timestamp&quot;:&quot;1579962260&quot;,&quot;copyright&quot;:&quot;&quot;,&quot;focal_length&quot;:&quot;0&quot;,&quot;iso&quot;:&quot;0&quot;,&quot;shutter_speed&quot;:&quot;0&quot;,&quot;title&quot;:&quot;&quot;,&quot;orientation&quot;:&quot;1&quot;}\" data-image-title=\"R\u00e9mai-Csab\u00e1n\u00e9\" data-image-description=\"\" data-medium-file=\"https:\/\/semmelweis.hu\/bokay\/files\/2020\/02\/R\u00e9mai-Csab\u00e1n\u00e9-284x400.jpeg\" data-large-file=\"https:\/\/semmelweis.hu\/bokay\/files\/2020\/02\/R\u00e9mai-Csab\u00e1n\u00e9-728x1024.jpeg\" style=\"margin: 2px;max-width:550px;max-height:550px;\" src=\"https:\/\/semmelweis.hu\/bokay\/files\/2020\/02\/R\u00e9mai-Csab\u00e1n\u00e9-184x184.jpeg\" width=184 height=184 title=\"R\u00e9mai Csab\u00e1n\u00e9\" \/><\/a><div class=\"tiled-gallery-caption\">R\u00e9mai Csab\u00e1n\u00e9<\/div><\/div><div class=\"tiled-gallery-item\"><a border=\"0\" href=\"https:\/\/semmelweis.hu\/bokay\/files\/2020\/02\/Rozsnyai-Katalin.jpg\"><img decoding=\"async\" data-attachment-id=\"1881\" data-orig-file=\"https:\/\/semmelweis.hu\/bokay\/files\/2020\/02\/Rozsnyai-Katalin.jpg\" data-orig-size=\"449,697\" data-comments-opened=\"1\" data-image-meta=\"{&quot;aperture&quot;:&quot;0&quot;,&quot;credit&quot;:&quot;&quot;,&quot;camera&quot;:&quot;&quot;,&quot;caption&quot;:&quot;&quot;,&quot;created_timestamp&quot;:&quot;1579272194&quot;,&quot;copyright&quot;:&quot;&quot;,&quot;focal_length&quot;:&quot;0&quot;,&quot;iso&quot;:&quot;0&quot;,&quot;shutter_speed&quot;:&quot;0&quot;,&quot;title&quot;:&quot;&quot;,&quot;orientation&quot;:&quot;1&quot;}\" data-image-title=\"Rozsnyai-Katalin\" data-image-description=\"\" data-medium-file=\"https:\/\/semmelweis.hu\/bokay\/files\/2020\/02\/Rozsnyai-Katalin-258x400.jpg\" data-large-file=\"https:\/\/semmelweis.hu\/bokay\/files\/2020\/02\/Rozsnyai-Katalin.jpg\" style=\"margin: 2px;max-width:550px;max-height:550px;\" src=\"https:\/\/semmelweis.hu\/bokay\/files\/2020\/02\/Rozsnyai-Katalin-184x184.jpg\" width=184 height=184 title=\"Rozsnyay Katalin\" \/><\/a><div class=\"tiled-gallery-caption\">Rozsnyay Katalin<\/div><\/div><div class=\"tiled-gallery-item\"><a border=\"0\" href=\"https:\/\/semmelweis.hu\/bokay\/files\/2020\/02\/terdiknedrtakacsszilvia.jpg\"><img decoding=\"async\" data-attachment-id=\"1855\" data-orig-file=\"https:\/\/semmelweis.hu\/bokay\/files\/2020\/02\/terdiknedrtakacsszilvia.jpg\" data-orig-size=\"545,756\" data-comments-opened=\"1\" data-image-meta=\"{&quot;aperture&quot;:&quot;0&quot;,&quot;credit&quot;:&quot;&quot;,&quot;camera&quot;:&quot;&quot;,&quot;caption&quot;:&quot;&quot;,&quot;created_timestamp&quot;:&quot;0&quot;,&quot;copyright&quot;:&quot;&quot;,&quot;focal_length&quot;:&quot;0&quot;,&quot;iso&quot;:&quot;0&quot;,&quot;shutter_speed&quot;:&quot;0&quot;,&quot;title&quot;:&quot;&quot;,&quot;orientation&quot;:&quot;0&quot;}\" data-image-title=\"terdiknedrtakacsszilvia\" data-image-description=\"\" data-medium-file=\"https:\/\/semmelweis.hu\/bokay\/files\/2020\/02\/terdiknedrtakacsszilvia-288x400.jpg\" data-large-file=\"https:\/\/semmelweis.hu\/bokay\/files\/2020\/02\/terdiknedrtakacsszilvia.jpg\" style=\"margin: 2px;max-width:550px;max-height:550px;\" src=\"https:\/\/semmelweis.hu\/bokay\/files\/2020\/02\/terdiknedrtakacsszilvia-184x184.jpg\" width=184 height=184 title=\"Terdikn\u00e9 Dr. Tak\u00e1cs Szilvia\" \/><\/a><div class=\"tiled-gallery-caption\">Terdikn\u00e9 Dr. Tak\u00e1cs Szilvia<\/div><\/div><div class=\"tiled-gallery-item\"><a border=\"0\" href=\"https:\/\/semmelweis.hu\/bokay\/files\/2020\/02\/Zilahy-Zs..jpeg\"><img decoding=\"async\" data-attachment-id=\"1889\" data-orig-file=\"https:\/\/semmelweis.hu\/bokay\/files\/2020\/02\/Zilahy-Zs..jpeg\" data-orig-size=\"820,1105\" data-comments-opened=\"1\" data-image-meta=\"{&quot;aperture&quot;:&quot;0&quot;,&quot;credit&quot;:&quot;&quot;,&quot;camera&quot;:&quot;&quot;,&quot;caption&quot;:&quot;&quot;,&quot;created_timestamp&quot;:&quot;1579962126&quot;,&quot;copyright&quot;:&quot;&quot;,&quot;focal_length&quot;:&quot;0&quot;,&quot;iso&quot;:&quot;0&quot;,&quot;shutter_speed&quot;:&quot;0&quot;,&quot;title&quot;:&quot;&quot;,&quot;orientation&quot;:&quot;1&quot;}\" data-image-title=\"Zilahy-Zs.\" data-image-description=\"\" data-medium-file=\"https:\/\/semmelweis.hu\/bokay\/files\/2020\/02\/Zilahy-Zs.-297x400.jpeg\" data-large-file=\"https:\/\/semmelweis.hu\/bokay\/files\/2020\/02\/Zilahy-Zs.-760x1024.jpeg\" style=\"margin: 2px;max-width:550px;max-height:550px;\" src=\"https:\/\/semmelweis.hu\/bokay\/files\/2020\/02\/Zilahy-Zs.-184x184.jpeg\" width=184 height=184 title=\"Zilahy Zsuzsa\" \/><\/a><div class=\"tiled-gallery-caption\">Zilahy Zsuzsa<\/div><\/div><\/div>[\/slb_exclude]\n<hr \/>\n<p><strong>Tov\u00e1bbi munkat\u00e1rsak:<\/strong><\/p>\n<pre><em>Bartoss \u00c1gnes<\/em><em>\r\nCsarmaz Klaudia<\/em>\r\n<em>Csall\u00f3n\u00e9 Nagy \u00c1gota<\/em>\r\n<em>Ficsor P\u00e9ter<\/em>\r\n<em>G\u00e1l Anett<\/em>\r\n<em>Gyimesi M\u00e1t\u00e9 <\/em><em>\r\nJ\u00f3zsa Judit\r\nKov\u00e1csn\u00e9 Kapronyi Anna<\/em>\r\n<em>M\u00e1rton Andrea Bianka\r\nMoln\u00e1r D\u00e1vid\r\nSepsik Lilla\r\nSolym\u00e1r Kimnga Nikolett<\/em>\r\n<em>Terdik Istv\u00e1n\r\nT\u00f3th-Giczei Laura<\/em>\r\n<em>dr. Vir\u00e1ghn\u00e9 Pomog\u00e1cs Judit<\/em>\r\n<\/pre>\n","protected":false},"excerpt":{"rendered":"<p>Tov\u00e1bbi munkat\u00e1rsak:<br \/>\nBartoss \u00c1gnes<br \/>\nCsarmaz Klaudia<br \/>\nCsall\u00f3n\u00e9 Nagy \u00c1gota<br \/>\nFicsor P\u00e9ter<br \/>\nG\u00e1l Anett<br \/>\nGyimesi M\u00e1t\u00e9<br \/>\nJ\u00f3zsa Judit<br \/>\nKov\u00e1csn\u00e9 Kapronyi Anna<br \/>\nM\u00e1rton Andrea Bianka<br \/>\nMoln\u00e1r D\u00e1vid<br \/>\nSepsik Lilla<br \/>\nSolym\u00e1r Kimnga Nikolett<br \/>\nTerdik Istv\u00e1n<br \/>\nT\u00f3th-Giczei Laura<br \/>\ndr. Vir\u00e1ghn\u00e9 Pomog\u00e1cs Judit<\/p>\n","protected":false},"author":101845,"featured_media":0,"parent":31,"menu_order":3,"comment_status":"closed","ping_status":"closed","template":"","meta":{"_acf_changed":false,"footnotes":""},"categories":[],"tags":[],"class_list":["post-521","page","type-page","status-publish","hentry"],"acf":[],"_links":{"self":[{"href":"https:\/\/semmelweis.hu\/bokay\/wp-json\/wp\/v2\/pages\/521","targetHints":{"allow":["GET"]}}],"collection":[{"href":"https:\/\/semmelweis.hu\/bokay\/wp-json\/wp\/v2\/pages"}],"about":[{"href":"https:\/\/semmelweis.hu\/bokay\/wp-json\/wp\/v2\/types\/page"}],"author":[{"embeddable":true,"href":"https:\/\/semmelweis.hu\/bokay\/wp-json\/wp\/v2\/users\/101845"}],"replies":[{"embeddable":true,"href":"https:\/\/semmelweis.hu\/bokay\/wp-json\/wp\/v2\/comments?post=521"}],"version-history":[{"count":12,"href":"https:\/\/semmelweis.hu\/bokay\/wp-json\/wp\/v2\/pages\/521\/revisions"}],"predecessor-version":[{"id":7551,"href":"https:\/\/semmelweis.hu\/bokay\/wp-json\/wp\/v2\/pages\/521\/revisions\/7551"}],"up":[{"embeddable":true,"href":"https:\/\/semmelweis.hu\/bokay\/wp-json\/wp\/v2\/pages\/31"}],"wp:attachment":[{"href":"https:\/\/semmelweis.hu\/bokay\/wp-json\/wp\/v2\/media?parent=521"}],"wp:term":[{"taxonomy":"category","embeddable":true,"href":"https:\/\/semmelweis.hu\/bokay\/wp-json\/wp\/v2\/categories?post=521"},{"taxonomy":"post_tag","embeddable":true,"href":"https:\/\/semmelweis.hu\/bokay\/wp-json\/wp\/v2\/tags?post=521"}],"curies":[{"name":"wp","href":"https:\/\/api.w.org\/{rel}","templated":true}]}}