{"id":479,"date":"2019-07-09T22:06:11","date_gmt":"2019-07-09T22:06:11","guid":{"rendered":"http:\/\/www.bokaysuli.hu\/?page_id=479"},"modified":"2020-11-26T12:57:25","modified_gmt":"2020-11-26T11:57:25","slug":"kozossegi-szolgalat","status":"publish","type":"page","link":"https:\/\/semmelweis.hu\/bokay\/tanuloi-oldal\/kozossegi-szolgalat\/","title":{"rendered":"K\u00f6z\u00f6ss\u00e9gi szolg\u00e1lat"},"content":{"rendered":"<p>A k\u00f6znevel\u00e9si t\u00f6rv\u00e9ny \u00e9rtelm\u00e9ben\u00a0<em>\u201eaz \u00e9retts\u00e9gi bizony\u00edtv\u00e1ny kiad\u00e1s\u00e1nak felt\u00e9tele \u00f6tven \u00f3ra k\u00f6z\u00f6ss\u00e9gi szolg\u00e1lat elv\u00e9gz\u00e9s\u00e9nek igazol\u00e1sa\u201d<\/em>. A k\u00f6z\u00f6ss\u00e9gi szolg\u00e1lat tan\u00edt\u00e1si id\u0151n k\u00edv\u00fcl v\u00e9gzett, anyagi \u00e9rdekt\u0151l f\u00fcggetlen, szervezett keretek k\u00f6z\u00f6tt folytatott, egy\u00e9ni vagy csoportos, a k\u00f6z\u00f6ss\u00e9g jav\u00e1t szolg\u00e1l\u00f3 tev\u00e9kenys\u00e9g.<\/p>\n<p>Ennek ter\u00fcletei a k\u00f6vetkez\u0151k lehetnek: eg\u00e9szs\u00e9g\u00fcgyi, szoci\u00e1lis \u00e9s j\u00f3t\u00e9konys\u00e1gi, oktat\u00e1si, kultur\u00e1lis \u00e9s k\u00f6z\u00f6ss\u00e9gi, k\u00f6rnyezet- \u00e9s term\u00e9szetv\u00e9delemi, katasztr\u00f3fav\u00e9delmi tev\u00e9kenys\u00e9g. A k\u00f6z\u00f6ss\u00e9gi szolg\u00e1lat c\u00e9lja a di\u00e1kok szem\u00e9lyes \u00e9s szoci\u00e1lis kompetenci\u00e1inak fejleszt\u00e9se, felel\u0151ss\u00e9g\u00e9rz\u00e9s\u00fck er\u0151s\u00edt\u00e9se, csapatmunk\u00e1ra val\u00f3 felk\u00e9sz\u00edt\u00e9s\u00fck.<\/p>\n<p>A k\u00f6z\u00f6ss\u00e9gi szolg\u00e1lati tev\u00e9kenys\u00e9get az iskola szervezi meg. Egy\u00fcttm\u0171k\u00f6d\u00e9si meg\u00e1llapod\u00e1st k\u00f6t a fogad\u00f3 szervezetekkel, vezeti a dokument\u00e1ci\u00f3t, felk\u00e9sz\u00edti a di\u00e1kokat, \u00e9s seg\u00edt az elv\u00e9gzett munka feldolgoz\u00e1s\u00e1ban. Fontos, hogy a di\u00e1kok id\u0151ben elkezdj\u00e9k a munk\u00e1t, hiszen apr\u00e1nk\u00e9nt tudj\u00e1k az 50 \u00f3r\u00e1t teljes\u00edteni (alkalmank\u00e9nt 1-3 \u00f3ra sz\u00e1molhat\u00f3 el \u00fagy, hogy az oda- \u00e9s visszautaz\u00e1s nem sz\u00e1m\u00edt bele az elv\u00e9gzett munk\u00e1ba). A kiskor\u00fa tanul\u00f3 sz\u00fcl\u0151j\u00e9nek a k\u00f6z\u00f6ss\u00e9gi szolg\u00e1latra val\u00f3 jelentkez\u00e9s eset\u00e9n egyet\u00e9rt\u0151 nyilatkozatot kell al\u00e1\u00edrnia.\u00a0<\/p>\n<p>Miut\u00e1n a k\u00f6z\u00f6ss\u00e9gi szolg\u00e1lat tan\u00f3rai keretek k\u00f6z\u00f6tt nem, csak \u201eszabadid\u0151ben\u201d v\u00e9gezhet\u0151, \u00e9s ilyen indokkal a di\u00e1k nem menthet\u0151 fel a m\u00e1snapi sz\u00e1monk\u00e9r\u00e9sek al\u00f3l, c\u00e9lszer\u0171 a p\u00e9ntek d\u00e9lut\u00e1nokat, h\u00e9tv\u00e9g\u00e9ket, sz\u00fcneteket ig\u00e9nybe venni erre a tev\u00e9kenys\u00e9gre.<\/p>\n","protected":false},"excerpt":{"rendered":"<p>A k\u00f6znevel\u00e9si t\u00f6rv\u00e9ny \u00e9rtelm\u00e9ben\u00a0\u201eaz \u00e9retts\u00e9gi bizony\u00edtv\u00e1ny kiad\u00e1s\u00e1nak felt\u00e9tele \u00f6tven \u00f3ra k\u00f6z\u00f6ss\u00e9gi szolg\u00e1lat elv\u00e9gz\u00e9s\u00e9nek igazol\u00e1sa\u201d. A k\u00f6z\u00f6ss\u00e9gi szolg\u00e1lat tan\u00edt\u00e1si id\u0151n k\u00edv\u00fcl v\u00e9gzett, anyagi \u00e9rdekt\u0151l f\u00fcggetlen, szervezett keretek k\u00f6z\u00f6tt folytatott, egy\u00e9ni vagy csoportos, a k\u00f6z\u00f6ss\u00e9g jav\u00e1t szolg\u00e1l\u00f3 tev\u00e9kenys\u00e9g. Ennek ter\u00fcletei a k\u00f6vetkez\u0151k lehetnek: eg\u00e9szs\u00e9g\u00fcgyi, szoci\u00e1lis \u00e9s j\u00f3t\u00e9konys\u00e1gi, oktat\u00e1si, kultur\u00e1lis \u00e9s k\u00f6z\u00f6ss\u00e9gi, k\u00f6rnyezet- \u00e9s term\u00e9szetv\u00e9delemi, katasztr\u00f3fav\u00e9delmi tev\u00e9kenys\u00e9g. A &hellip;<\/p>\n","protected":false},"author":101845,"featured_media":0,"parent":196,"menu_order":8,"comment_status":"closed","ping_status":"closed","template":"","meta":{"_acf_changed":false,"footnotes":""},"categories":[],"tags":[],"class_list":["post-479","page","type-page","status-publish","hentry"],"acf":[],"_links":{"self":[{"href":"https:\/\/semmelweis.hu\/bokay\/wp-json\/wp\/v2\/pages\/479","targetHints":{"allow":["GET"]}}],"collection":[{"href":"https:\/\/semmelweis.hu\/bokay\/wp-json\/wp\/v2\/pages"}],"about":[{"href":"https:\/\/semmelweis.hu\/bokay\/wp-json\/wp\/v2\/types\/page"}],"author":[{"embeddable":true,"href":"https:\/\/semmelweis.hu\/bokay\/wp-json\/wp\/v2\/users\/101845"}],"replies":[{"embeddable":true,"href":"https:\/\/semmelweis.hu\/bokay\/wp-json\/wp\/v2\/comments?post=479"}],"version-history":[{"count":3,"href":"https:\/\/semmelweis.hu\/bokay\/wp-json\/wp\/v2\/pages\/479\/revisions"}],"predecessor-version":[{"id":3426,"href":"https:\/\/semmelweis.hu\/bokay\/wp-json\/wp\/v2\/pages\/479\/revisions\/3426"}],"up":[{"embeddable":true,"href":"https:\/\/semmelweis.hu\/bokay\/wp-json\/wp\/v2\/pages\/196"}],"wp:attachment":[{"href":"https:\/\/semmelweis.hu\/bokay\/wp-json\/wp\/v2\/media?parent=479"}],"wp:term":[{"taxonomy":"category","embeddable":true,"href":"https:\/\/semmelweis.hu\/bokay\/wp-json\/wp\/v2\/categories?post=479"},{"taxonomy":"post_tag","embeddable":true,"href":"https:\/\/semmelweis.hu\/bokay\/wp-json\/wp\/v2\/tags?post=479"}],"curies":[{"name":"wp","href":"https:\/\/api.w.org\/{rel}","templated":true}]}}