{"id":3745,"date":"2021-03-22T09:35:44","date_gmt":"2021-03-22T08:35:44","guid":{"rendered":"https:\/\/semmelweis.hu\/bokay\/?page_id=3745"},"modified":"2024-07-10T20:19:22","modified_gmt":"2024-07-10T18:19:22","slug":"osztalyozo-vizsga-temakorei","status":"publish","type":"page","link":"https:\/\/semmelweis.hu\/bokay\/osztalyozo-vizsga-temakorei\/","title":{"rendered":"Jav\u00edt\u00f3vizsga"},"content":{"rendered":"<div>\n<div data-smartmail=\"gmail_signature\">Kedves Tanul\u00f3k!<\/div>\n<div data-smartmail=\"gmail_signature\">\u00a0<\/div>\n<div data-smartmail=\"gmail_signature\">Tanul\u00f3i jogviszonnyal \u00e9s feln\u0151ttk\u00e9pz\u00e9si jogviszonnyal rendelkez\u0151k jav\u00edt\u00f3vizsg\u00e1ja <strong>2024. augusztus 22-\u00e9n, cs\u00fct\u00f6rt\u00f6k\u00f6n, 8:00 \u00f3rakor<\/strong>, a kijel\u00f6lt tantermekben ker\u00fcl megszervez\u00e9sre.<\/div>\n<div data-smartmail=\"gmail_signature\">Vizsgabizotts\u00e1gok, terembeoszt\u00e1s, a vizsg\u00e1k sorrendje a vizsga napj\u00e1n a bej\u00e1ratn\u00e1l olvashat\u00f3.<\/div>\n<div data-smartmail=\"gmail_signature\">Megjelen\u00e9s alkalomhoz ill\u0151 \u00f6lt\u00f6zetben!<\/div>\n<div data-smartmail=\"gmail_signature\">K\u00e9r\u00fcnk Mindenkit, hogy a vizsga el\u0151tt 30 perccel\u00a0kor\u00e1bban \u00e9rkezzen!<\/div>\n<div data-smartmail=\"gmail_signature\">A szaktan\u00e1rok minden tanul\u00f3val k\u00fcl\u00f6n egyeztettek, akinek sz\u00fcks\u00e9ges vizsg\u00e1t tennie a tan\u00e9v sikeres befejez\u00e9s\u00e9nek \u00e9rdek\u00e9ben.\u00a0<\/div>\n<div data-smartmail=\"gmail_signature\">\u00a0<\/div>\n<div data-smartmail=\"gmail_signature\">Minden vizsg\u00e1z\u00f3nak sikeres felk\u00e9sz\u00fcl\u00e9st k\u00edv\u00e1nunk!<\/div>\n<div data-smartmail=\"gmail_signature\">\u00a0<\/div>\n<div data-smartmail=\"gmail_signature\">Kolozsi M\u00f3nika<\/div>\n<div data-smartmail=\"gmail_signature\">\u00e1ltal\u00e1nos igazgat\u00f3helyettes<\/div>\n<\/div>\n<p dir=\"ltr\">\u00a0<\/p>\n","protected":false},"excerpt":{"rendered":"<p>Kedves Tanul\u00f3k! \u00a0 Tanul\u00f3i jogviszonnyal \u00e9s feln\u0151ttk\u00e9pz\u00e9si jogviszonnyal rendelkez\u0151k jav\u00edt\u00f3vizsg\u00e1ja 2024. augusztus 22-\u00e9n, cs\u00fct\u00f6rt\u00f6k\u00f6n, 8:00 \u00f3rakor, a kijel\u00f6lt tantermekben ker\u00fcl megszervez\u00e9sre. Vizsgabizotts\u00e1gok, terembeoszt\u00e1s, a vizsg\u00e1k sorrendje a vizsga napj\u00e1n a bej\u00e1ratn\u00e1l olvashat\u00f3. Megjelen\u00e9s alkalomhoz ill\u0151 \u00f6lt\u00f6zetben! K\u00e9r\u00fcnk Mindenkit, hogy a vizsga el\u0151tt 30 perccel\u00a0kor\u00e1bban \u00e9rkezzen! A szaktan\u00e1rok minden tanul\u00f3val k\u00fcl\u00f6n egyeztettek, akinek sz\u00fcks\u00e9ges vizsg\u00e1t tennie &hellip;<\/p>\n","protected":false},"author":101851,"featured_media":0,"parent":0,"menu_order":0,"comment_status":"closed","ping_status":"closed","template":"","meta":{"_acf_changed":false,"footnotes":""},"categories":[],"tags":[],"class_list":["post-3745","page","type-page","status-publish","hentry"],"acf":[],"_links":{"self":[{"href":"https:\/\/semmelweis.hu\/bokay\/wp-json\/wp\/v2\/pages\/3745","targetHints":{"allow":["GET"]}}],"collection":[{"href":"https:\/\/semmelweis.hu\/bokay\/wp-json\/wp\/v2\/pages"}],"about":[{"href":"https:\/\/semmelweis.hu\/bokay\/wp-json\/wp\/v2\/types\/page"}],"author":[{"embeddable":true,"href":"https:\/\/semmelweis.hu\/bokay\/wp-json\/wp\/v2\/users\/101851"}],"replies":[{"embeddable":true,"href":"https:\/\/semmelweis.hu\/bokay\/wp-json\/wp\/v2\/comments?post=3745"}],"version-history":[{"count":11,"href":"https:\/\/semmelweis.hu\/bokay\/wp-json\/wp\/v2\/pages\/3745\/revisions"}],"predecessor-version":[{"id":6343,"href":"https:\/\/semmelweis.hu\/bokay\/wp-json\/wp\/v2\/pages\/3745\/revisions\/6343"}],"wp:attachment":[{"href":"https:\/\/semmelweis.hu\/bokay\/wp-json\/wp\/v2\/media?parent=3745"}],"wp:term":[{"taxonomy":"category","embeddable":true,"href":"https:\/\/semmelweis.hu\/bokay\/wp-json\/wp\/v2\/categories?post=3745"},{"taxonomy":"post_tag","embeddable":true,"href":"https:\/\/semmelweis.hu\/bokay\/wp-json\/wp\/v2\/tags?post=3745"}],"curies":[{"name":"wp","href":"https:\/\/api.w.org\/{rel}","templated":true}]}}