{"id":3414,"date":"2020-11-26T12:44:06","date_gmt":"2020-11-26T11:44:06","guid":{"rendered":"https:\/\/semmelweis.hu\/bokay\/?page_id=3414"},"modified":"2020-11-26T12:44:06","modified_gmt":"2020-11-26T11:44:06","slug":"bokay-janos-iskolank-nevadoja","status":"publish","type":"page","link":"https:\/\/semmelweis.hu\/bokay\/iskolank\/bokay-janos-iskolank-nevadoja\/","title":{"rendered":"B\u00f3kay J\u00e1nos &#8211; Iskol\u00e1nk n\u00e9vad\u00f3ja"},"content":{"rendered":"<p><strong>Iskol\u00e1nk n\u00e9vad\u00f3ja<\/strong><\/p>\n<p>B\u00f3kay J\u00e1nos (Pest, 1858. \u00e1prilis 19. &#8211; Budapest, 1937. j\u00falius 6.): gyermekgy\u00f3gy\u00e1sz, egyetemi tan\u00e1r, a Magyar Tudom\u00e1nyos Akad\u00e9mia tagja (1923). 1880-ban avatt\u00e1k orvosdoktorr\u00e1. 1883-t\u00f3l a Stef\u00e1nia-gyermekk\u00f3rh\u00e1z f\u0151orvosa. 1885-ben a gyermekgy\u00f3gy\u00e1szat mag\u00e1ntan\u00e1ra, 1902 \u00e9s 1929 k\u00f6z\u00f6tt a gyermekgy\u00f3gy\u00e1szat rendes tan\u00e1ra a budapesti egyetemen.<\/p>\n<p>M\u0171k\u00f6d\u00e9se idej\u00e9n lett a gyermekgy\u00f3gy\u00e1szat k\u00f6telez\u0151 szigorlati tant\u00e1rgy (1912), a magyar gyermekgy\u00f3gy\u00e1szati iskola megteremt\u0151je \u00e9s els\u0151 nemzetk\u00f6zi vonatkoz\u00e1sban jeles egy\u00e9nis\u00e9ge. Bevezette Magyarorsz\u00e1gon a dift\u00e9ria intub\u00e1ci\u00f3s kezel\u00e9s\u00e9t, sz\u00e9rumgy\u00f3gy\u00edt\u00e1s\u00e1t, \u00e9s nemzetk\u00f6zi felk\u00e9r\u00e9sre klinikailag ellen\u0151rizte a Behring (az els\u0151 orvosi Nobel-d\u00edjas) \u00e1ltal el\u0151\u00e1ll\u00edtott v\u00e9d\u0151olt\u00e1s hat\u00e1s\u00e1t. Jelent\u0151s meg\u00e1llap\u00edt\u00e1sa a b\u00e1r\u00e1nyhiml\u0151 \u00e9s az \u00f6vs\u00f6m\u00f6r k\u00f6z\u00f6tti \u00f6sszef\u00fcgg\u00e9s. K\u00f6zrem\u0171k\u00f6d\u00f6tt a j\u00e1rv\u00e1nyos gyermekb\u00e9nul\u00e1s k\u00f3rtan\u00e1nak tiszt\u00e1z\u00e1s\u00e1ban.<\/p>\n<p>Egyik szervez\u0151je volt az Orsz\u00e1gos Stef\u00e1nia Sz\u00f6vets\u00e9gnek, illetve a v\u00e9d\u0151n\u0151k\u00e9pz\u00e9snek, a szervezett csecsem\u0151- \u00e9s gyermekv\u00e9delem jogi \u00e9s orvosi szervezeteinek. 1923-ban a Magyar Tudom\u00e1nyos Akad\u00e9mia levelez\u0151 tagja sor\u00e1ba v\u00e1lasztotta. Alap\u00edt\u00f3ja volt az Orvosi Hetilap Gyermekgy\u00f3gy\u00e1szati mell\u00e9klet\u00e9nek, 1923-ban a Magyar Gyermekorvosi T\u00e1rsas\u00e1gnak. 1931-ben Kor\u00e1nyi S\u00e1ndorral egy\u00fctt kezdem\u00e9nyezte a Magyar Orvostudom\u00e1nyi T\u00e1rsas\u00e1gok \u00e9s Egyes\u00fcletek Sz\u00f6vets\u00e9g\u00e9nek megalap\u00edt\u00e1s\u00e1t, amely \u00e9vente megrendez\u00e9sre ker\u00fcl\u0151 &#8216;orvosi napok&#8217;-on \u00faj szakmai \u00e9s tudom\u00e1nyos tal\u00e1lkoz\u00e1si lehet\u0151s\u00e9get biztos\u00edtott a magyar orvost\u00e1rsadalomnak. F\u0151 m\u0171ve: A gyermekorvosl\u00e1s tank\u00f6nyve (Budapest, 1912)<\/p>\n","protected":false},"excerpt":{"rendered":"<p>Iskol\u00e1nk n\u00e9vad\u00f3ja B\u00f3kay J\u00e1nos (Pest, 1858. \u00e1prilis 19. &#8211; Budapest, 1937. j\u00falius 6.): gyermekgy\u00f3gy\u00e1sz, egyetemi tan\u00e1r, a Magyar Tudom\u00e1nyos Akad\u00e9mia tagja (1923). 1880-ban avatt\u00e1k orvosdoktorr\u00e1. 1883-t\u00f3l a Stef\u00e1nia-gyermekk\u00f3rh\u00e1z f\u0151orvosa. 1885-ben a gyermekgy\u00f3gy\u00e1szat mag\u00e1ntan\u00e1ra, 1902 \u00e9s 1929 k\u00f6z\u00f6tt a gyermekgy\u00f3gy\u00e1szat rendes tan\u00e1ra a budapesti egyetemen. M\u0171k\u00f6d\u00e9se idej\u00e9n lett a gyermekgy\u00f3gy\u00e1szat k\u00f6telez\u0151 szigorlati tant\u00e1rgy (1912), a magyar &hellip;<\/p>\n","protected":false},"author":12,"featured_media":0,"parent":31,"menu_order":2,"comment_status":"closed","ping_status":"closed","template":"","meta":{"_acf_changed":false,"footnotes":""},"categories":[],"tags":[],"class_list":["post-3414","page","type-page","status-publish","hentry"],"acf":[],"_links":{"self":[{"href":"https:\/\/semmelweis.hu\/bokay\/wp-json\/wp\/v2\/pages\/3414","targetHints":{"allow":["GET"]}}],"collection":[{"href":"https:\/\/semmelweis.hu\/bokay\/wp-json\/wp\/v2\/pages"}],"about":[{"href":"https:\/\/semmelweis.hu\/bokay\/wp-json\/wp\/v2\/types\/page"}],"author":[{"embeddable":true,"href":"https:\/\/semmelweis.hu\/bokay\/wp-json\/wp\/v2\/users\/12"}],"replies":[{"embeddable":true,"href":"https:\/\/semmelweis.hu\/bokay\/wp-json\/wp\/v2\/comments?post=3414"}],"version-history":[{"count":1,"href":"https:\/\/semmelweis.hu\/bokay\/wp-json\/wp\/v2\/pages\/3414\/revisions"}],"predecessor-version":[{"id":3415,"href":"https:\/\/semmelweis.hu\/bokay\/wp-json\/wp\/v2\/pages\/3414\/revisions\/3415"}],"up":[{"embeddable":true,"href":"https:\/\/semmelweis.hu\/bokay\/wp-json\/wp\/v2\/pages\/31"}],"wp:attachment":[{"href":"https:\/\/semmelweis.hu\/bokay\/wp-json\/wp\/v2\/media?parent=3414"}],"wp:term":[{"taxonomy":"category","embeddable":true,"href":"https:\/\/semmelweis.hu\/bokay\/wp-json\/wp\/v2\/categories?post=3414"},{"taxonomy":"post_tag","embeddable":true,"href":"https:\/\/semmelweis.hu\/bokay\/wp-json\/wp\/v2\/tags?post=3414"}],"curies":[{"name":"wp","href":"https:\/\/api.w.org\/{rel}","templated":true}]}}