{"id":3344,"date":"2020-11-25T15:46:41","date_gmt":"2020-11-25T14:46:41","guid":{"rendered":"https:\/\/semmelweis.hu\/bokay\/?page_id=3344"},"modified":"2026-02-25T13:08:57","modified_gmt":"2026-02-25T12:08:57","slug":"felveteli-informaciok","status":"publish","type":"page","link":"https:\/\/semmelweis.hu\/bokay\/felveteli\/felveteli-informaciok\/","title":{"rendered":"Felv\u00e9teli inform\u00e1ci\u00f3k"},"content":{"rendered":"<p>&nbsp;<\/p>\n<p style=\"text-align: center\"><span style=\"font-size: 18pt\"><strong>A<\/strong><strong>\u00a0karrier az iskol\u00e1ban kezd\u0151dik!<\/strong><\/span><\/p>\n<p style=\"text-align: justify\">Szakmai Programunk c\u00e9lja, hogy iskol\u00e1nkba j\u00e1r\u00f3 tanul\u00f3k ne csup\u00e1n hasznos ismeretekkel gazdagodva t\u00f6lts\u00e9k el k\u00f6z\u00e9piskol\u00e1s \u00e9veiket, hanem esem\u00e9nyekben, di\u00e1k\u00e9lm\u00e9nyekben, programokban gazdag di\u00e1kkort is maguk\u00e9nak mondhassanak. Szeretn\u00e9nk, ha hasonl\u00f3 ragaszkod\u00e1ssal, b\u00fcszkes\u00e9ggel k\u00f6t\u0151dn\u00e9nek di\u00e1kjaink az iskol\u00e1hoz, ahogy mi \u00e9s kor\u00e1bbi di\u00e1kjaink is.<\/p>\n<p><span style=\"font-size: 18pt\"><span style=\"color: #313b40;font-family: Montserrat, sans-serif;font-weight: bold;text-transform: uppercase;text-align: left\">TAGOZATK\u00d3DOK:<\/span>\u00a0<\/span><\/p>\n<p><strong style=\"font-size: 1rem\">Technikumi oszt\u00e1lyok<\/strong><\/p>\n<table width=\"100%\">\n<tbody>\n<tr>\n<td width=\"14%\">\n<p><strong>TAGOZAT <\/strong><strong>K\u00d3D<\/strong><\/p>\n<\/td>\n<td width=\"20%\">\n<p><strong>TANULM\u00c1NYI <\/strong><strong>TER\u00dcLET<\/strong><\/p>\n<\/td>\n<td width=\"29%\">\n<p><strong>\u00c1GAZAT<\/strong><\/p>\n<\/td>\n<td width=\"21%\">\n<p><strong>SZAKMA<\/strong><\/p>\n<\/td>\n<td width=\"13%\">\n<p><strong>K\u00c9PZ\u00c9SI<\/strong><\/p>\n<p><strong>ID\u0150<\/strong><\/p>\n<\/td>\n<\/tr>\n<tr>\n<td width=\"14%\">\n<p>0001<\/p>\n<\/td>\n<td width=\"20%\">\n<p>technikum<\/p>\n<\/td>\n<td width=\"29%\">\n<p>K\u00e9t tan\u00edt\u00e1si nyelv\u0171<\/p>\n<p>eg\u00e9szs\u00e9g\u00fcgy \u00e1gazat<\/p>\n<\/td>\n<td width=\"21%\">\n<p>&nbsp;<\/p>\n<\/td>\n<td width=\"13%\">\n<p>1+5 \u00e9v<\/p>\n<\/td>\n<\/tr>\n<tr>\n<td width=\"14%\">\n<p>0002<\/p>\n<\/td>\n<td width=\"20%\">\n<p>technikum<\/p>\n<\/td>\n<td width=\"29%\">\n<p>Eg\u00e9szs\u00e9g\u00fcgy \u00e1gazat<\/p>\n<\/td>\n<td width=\"21%\">\n<p>Okleveles<\/p>\n<p>\u00e1ltal\u00e1nos \u00e1pol\u00f3<\/p>\n<\/td>\n<td width=\"13%\">\n<p>6 \u00e9v<\/p>\n<\/td>\n<\/tr>\n<tr>\n<td width=\"14%\">\n<p>0003<\/p>\n<\/td>\n<td width=\"20%\">\n<p>technikum<\/p>\n<\/td>\n<td width=\"29%\">\n<p>Eg\u00e9szs\u00e9g\u00fcgy \u00e1gazat<\/p>\n<\/td>\n<td width=\"21%\">\n<p>\u00c1ltal\u00e1nos \u00e1pol\u00f3<\/p>\n<\/td>\n<td width=\"13%\">\n<p>6 \u00e9v<\/p>\n<\/td>\n<\/tr>\n<tr>\n<td width=\"14%\">\n<p>0004<\/p>\n<\/td>\n<td width=\"20%\">\n<p>technikum<\/p>\n<\/td>\n<td width=\"29%\">\n<p>Eg\u00e9szs\u00e9g\u00fcgy \u00e1gazat<\/p>\n<\/td>\n<td width=\"21%\">\n<p>Eg\u00e9szs\u00e9g\u00fcgyi asszisztens<\/p>\n<\/td>\n<td width=\"13%\">\n<p>5 \u00e9v<\/p>\n<\/td>\n<\/tr>\n<tr>\n<td width=\"14%\">0005<\/td>\n<td width=\"20%\">technikum<\/td>\n<td width=\"29%\">Sport \u00e1gazat<\/td>\n<td width=\"21%\">Fitness-wellness instruktor \/ sportedz\u0151 (vizilabda)-sportszervez\u0151<\/td>\n<td width=\"13%\">5 \u00e9v<\/td>\n<\/tr>\n<\/tbody>\n<\/table>\n<p><strong style=\"font-size: 1rem\">\u00a0<\/strong><\/p>\n<div dir=\"auto\"><strong>Szakk\u00e9pz\u0151 iskolai oszt\u00e1ly<\/strong><\/div>\n<div dir=\"auto\">\u00a0<\/div>\n<div dir=\"auto\">\n<table style=\"border-collapse: collapse;width: 100%;height: 66px\">\n<tbody>\n<tr style=\"height: 33px\">\n<td style=\"width: 25%;height: 33px\">TAGOZAT K\u00d3D<\/td>\n<td style=\"width: 25%;height: 33px\">TANULM\u00c1NYI TER\u00dcLET<\/td>\n<td style=\"width: 25%;height: 33px\">\u00c1GAZAT<\/td>\n<td style=\"width: 25%;height: 33px\">K\u00c9PZ\u00c9SI ID\u0150<\/td>\n<\/tr>\n<tr style=\"height: 33px\">\n<td style=\"width: 25%;height: 33px\">0006<\/td>\n<td style=\"width: 25%;height: 33px\">Szakk\u00e9pz\u0151 iskola<\/td>\n<td style=\"width: 25%;height: 33px\">Eg\u00e9szs\u00e9g\u00fcgy \u00e1gazat-<br \/>\nalap\u00e1pol\u00e1si munkat\u00e1rs<\/td>\n<td style=\"width: 25%;height: 33px\">3 \u00e9v<\/td>\n<\/tr>\n<\/tbody>\n<\/table>\n<\/div>\n<div dir=\"auto\">\u00a0<\/div>\n<div dir=\"auto\"><strong>K\u00c9T TAN\u00cdT\u00c1SI NYELV\u0170 EG\u00c9SZS\u00c9G\u00dcGYI TECHNIKUM<\/strong><\/div>\n<ul style=\"list-style-type: square\">\n<li>0001 a szakk\u00e9pzetts\u00e9g kimenete(i): eg\u00e9szs\u00e9g\u00fcgyi asszisztens<\/li>\n<\/ul>\n<p><strong>EG\u00c9SZS\u00c9G\u00dcGYI TECHNIKUM<\/strong><\/p>\n<ul style=\"list-style-type: square\">\n<li>0002 hat \u00e9ves k\u00e9pz\u00e9s eset\u00e9n, szakk\u00e9pzetts\u00e9g kimenete: okleveles \u00e1ltal\u00e1nos \u00e1pol\u00f3<\/li>\n<li>0003 hat \u00e9ves k\u00e9pz\u00e9s eset\u00e9n, szakk\u00e9pzetts\u00e9g kimenete: \u00e1ltal\u00e1nos \u00e1pol\u00f3<\/li>\n<li>0004 \u00f6t \u00e9ves k\u00e9pz\u00e9s eset\u00e9n, szakk\u00e9pzetts\u00e9g kimenetei: \u00e1ltal\u00e1nos \u00e1pol\u00f3, csecsem\u0151-, \u00e9s gyermek\u00e1pol\u00f3, eg\u00e9szs\u00e9g\u00fcgyi asszisztens,<\/li>\n<li>0005 \u00f6t \u00e9ves k\u00e9pz\u00e9s eset\u00e9n, szakk\u00e9pzetts\u00e9gi kimenetei: Fitness-wellness instruktor \/ sportedz\u0151 (vizilabda)-sportszervez\u0151<\/li>\n<\/ul>\n<div class=\"o9v6fnle cxmmr5t8 oygrvhab hcukyx3x c1et5uql ii04i59q\">\u00a0<\/div>\n<div class=\"o9v6fnle cxmmr5t8 oygrvhab hcukyx3x c1et5uql ii04i59q\">\n<p><strong>EG\u00c9SZS\u00c9G\u00dcGYI SZAKK\u00c9PZ\u0150 ISKOLA<\/strong><\/p>\n<ul>\n<li>0006 h\u00e1rom \u00e9ves k\u00e9pz\u00e9s eset\u00e9n: alap\u00e1pol\u00e1si munkat\u00e1rs\u00a0<\/li>\n<\/ul>\n<\/div>\n<p><strong><span style=\"font-size: 18pt\">K\u00e9pz\u00e9seinkr\u0151l b\u0151vebben az egyes men\u00fcpontokb\u00f3l t\u00e1j\u00e9koz\u00f3dhat:<\/span><\/strong><\/p>\n<ul>\n<li style=\"list-style-type: none\">\n<ul style=\"list-style-type: square\">\n<li style=\"list-style-type: none\">\n<ul style=\"list-style-type: square\">\n<li><a href=\"\/bokay\/negyeves-egeszsegugyi-szakgimnazium\/\">Eg\u00e9szs\u00e9g\u00fcgyi technikum \u2192\u00a0<\/a><\/li>\n<li><a href=\"https:\/\/semmelweis.hu\/bokay\/files\/2022\/11\/Alapapolasi-munkatars.docx\">Alap\u00e1pol\u00e1si munkat\u00e1rs<\/a><a href=\"\/bokay\/negyeves-egeszsegugyi-szakgimnazium\/\">\u2192\u00a0<\/a><\/li>\n<li><a href=\"\/bokay\/oteves-ket-tanitasi-nyelvu-egeszsegugyi-szakgimnazium\/\">K\u00e9t tan\u00edt\u00e1si nyelv\u0171 eg\u00e9szs\u00e9g\u00fcgyi technikum \u2192<\/a><\/li>\n<\/ul>\n<\/li>\n<\/ul>\n<\/li>\n<\/ul>\n<p>A 0001, 0002, 0003, 0004 \u00e9s 0005-es tagozatk\u00f3dokon a felv\u00e9teli pontsz\u00e1m\u00edt\u00e1s megegyezik.\u00a0\u00a0<\/p>\n<p><strong><em><span style=\"color: #3366ff\">A 0001, 0002, 0003, 0004 \u00e9s 0005-\u00f6s tagozatk\u00f3dokon a felv\u00e9teli pontsz\u00e1m\u00edt\u00e1s megegyezik.<\/span><\/em><\/strong><\/p>\n<p><a href=\"https:\/\/semmelweis.hu\/bokay\/2023\/02\/06\/felveteli-pontszamitas\/\">Felv\u00e9teli pontsz\u00e1m\u00edt\u00e1s \u2013 B\u00f3kay J\u00e1nos T\u00f6bbc\u00e9l\u00fa Szakk\u00e9pz\u0151 Int\u00e9zm\u00e9ny<\/a><\/p>\n<h1>Iskol\u00e1nk bemutatkoz\u00f3 kisfilmjei:<\/h1>\n<p><iframe loading=\"lazy\" title=\"SE B\u00f3kay\" width=\"753\" height=\"424\" src=\"https:\/\/www.youtube.com\/embed\/7LOVn38Qod8?feature=oembed\" frameborder=\"0\" allow=\"accelerometer; autoplay; clipboard-write; encrypted-media; gyroscope; picture-in-picture; web-share\" referrerpolicy=\"strict-origin-when-cross-origin\" allowfullscreen><\/iframe><\/p>\n<hr \/>\n<p>A <strong>technikum<\/strong> egyes\u00edti a gimn\u00e1zium \u00e9s a szakmatanul\u00e1s el\u0151nyeit:<\/p>\n<ul>\n<li>Matematik\u00e1b\u00f3l, magyarb\u00f3l, t\u00f6rt\u00e9nelemb\u0151l, valamint egy idegen nyelvb\u0151l ugyanaz a tananyagtartalom, mint a gimn\u00e1ziumban. Ezekb\u0151l a k\u00f6zismereti tant\u00e1rgyakb\u00f3l \u00e9retts\u00e9gi vizsg\u00e1val z\u00e1rul az oktat\u00e1s, el\u0151rehozott \u00e9retts\u00e9gi lehet\u0151s\u00e9ggel.<\/li>\n<li>A nyelvvizsga megszerz\u00e9s\u00e9re van m\u00f3d \u2013 hasonl\u00f3an a gimn\u00e1ziumhoz-, de itt egy nyelvet kell k\u00f6telez\u0151en tanulni. Az iskol\u00e1k egyedi aj\u00e1nlat\u00e1ban lehet t\u00f6bb nyelvtanul\u00e1si lehet\u0151s\u00e9g is.<\/li>\n<li>Nem kell \u00f6t\u00f6dik \u00e9retts\u00e9gi tant\u00e1rgyat v\u00e1lasztani, mivel a szakmai vizsga lesz az \u00f6t\u00f6dik \u00e9retts\u00e9gi tant\u00e1rgy.<\/li>\n<li><strong>A technikusi vizsga emelt szint\u0171 \u00e9retts\u00e9gi tant\u00e1rgynak sz\u00e1m\u00edt. <\/strong><\/li>\n<li>Az 5. \u00e9v elv\u00e9gz\u00e9se ut\u00e1n egyszerre megszerezhet\u0151 az \u00e9retts\u00e9gi bizony\u00edtv\u00e1nyt \u00e9s a technikusi oklev\u00e9l.<\/li>\n<li>\u00dagy lehetsz k\u00f6z\u00e9piskol\u00e1s, hogy kapsz <strong>\u00f6szt\u00f6nd\u00edj<\/strong>at, du\u00e1lis k\u00e9pz\u00e9s eset\u00e9n pedig munkaszerz\u0151d\u00e9st aj\u00e1nl a v\u00e1llalat\/gyakorl\u00f3 hely, vagyis <strong>j\u00f6vedelmed<\/strong><\/li>\n<\/ul>\n<p>&nbsp;<\/p>\n","protected":false},"excerpt":{"rendered":"<p>&nbsp; A\u00a0karrier az iskol\u00e1ban kezd\u0151dik! Szakmai Programunk c\u00e9lja, hogy iskol\u00e1nkba j\u00e1r\u00f3 tanul\u00f3k ne csup\u00e1n hasznos ismeretekkel gazdagodva t\u00f6lts\u00e9k el k\u00f6z\u00e9piskol\u00e1s \u00e9veiket, hanem esem\u00e9nyekben, di\u00e1k\u00e9lm\u00e9nyekben, programokban gazdag di\u00e1kkort is maguk\u00e9nak mondhassanak. Szeretn\u00e9nk, ha hasonl\u00f3 ragaszkod\u00e1ssal, b\u00fcszkes\u00e9ggel k\u00f6t\u0151dn\u00e9nek di\u00e1kjaink az iskol\u00e1hoz, ahogy mi \u00e9s kor\u00e1bbi di\u00e1kjaink is. TAGOZATK\u00d3DOK:\u00a0 Technikumi oszt\u00e1lyok TAGOZAT K\u00d3D TANULM\u00c1NYI TER\u00dcLET \u00c1GAZAT SZAKMA K\u00c9PZ\u00c9SI &hellip;<\/p>\n","protected":false},"author":101845,"featured_media":0,"parent":3085,"menu_order":0,"comment_status":"closed","ping_status":"closed","template":"","meta":{"_acf_changed":false,"footnotes":""},"categories":[],"tags":[],"class_list":["post-3344","page","type-page","status-publish","hentry"],"acf":[],"_links":{"self":[{"href":"https:\/\/semmelweis.hu\/bokay\/wp-json\/wp\/v2\/pages\/3344","targetHints":{"allow":["GET"]}}],"collection":[{"href":"https:\/\/semmelweis.hu\/bokay\/wp-json\/wp\/v2\/pages"}],"about":[{"href":"https:\/\/semmelweis.hu\/bokay\/wp-json\/wp\/v2\/types\/page"}],"author":[{"embeddable":true,"href":"https:\/\/semmelweis.hu\/bokay\/wp-json\/wp\/v2\/users\/101845"}],"replies":[{"embeddable":true,"href":"https:\/\/semmelweis.hu\/bokay\/wp-json\/wp\/v2\/comments?post=3344"}],"version-history":[{"count":14,"href":"https:\/\/semmelweis.hu\/bokay\/wp-json\/wp\/v2\/pages\/3344\/revisions"}],"predecessor-version":[{"id":7788,"href":"https:\/\/semmelweis.hu\/bokay\/wp-json\/wp\/v2\/pages\/3344\/revisions\/7788"}],"up":[{"embeddable":true,"href":"https:\/\/semmelweis.hu\/bokay\/wp-json\/wp\/v2\/pages\/3085"}],"wp:attachment":[{"href":"https:\/\/semmelweis.hu\/bokay\/wp-json\/wp\/v2\/media?parent=3344"}],"wp:term":[{"taxonomy":"category","embeddable":true,"href":"https:\/\/semmelweis.hu\/bokay\/wp-json\/wp\/v2\/categories?post=3344"},{"taxonomy":"post_tag","embeddable":true,"href":"https:\/\/semmelweis.hu\/bokay\/wp-json\/wp\/v2\/tags?post=3344"}],"curies":[{"name":"wp","href":"https:\/\/api.w.org\/{rel}","templated":true}]}}