{"id":296,"date":"2019-07-06T20:42:08","date_gmt":"2019-07-06T20:42:08","guid":{"rendered":"http:\/\/www.bokaysuli.hu\/?page_id=296"},"modified":"2020-11-26T14:41:56","modified_gmt":"2020-11-26T13:41:56","slug":"e-twinning","status":"publish","type":"page","link":"https:\/\/semmelweis.hu\/bokay\/iskolank\/e-twinning\/","title":{"rendered":"E-twinning"},"content":{"rendered":"<p>Iskol\u00e1nk a 2017\/18-as tan\u00e9vben nemzetk\u00f6zi, t\u00f6bb tant\u00e1rgyon \u00e1t\u00edvel\u0151 (Eg\u00e9szs\u00e9g\u00fcgy, angol, biol\u00f3gia, t\u00f6rt\u00e9nelem \u00e9s informatika) eTwinning projektet ind\u00edtott egy isztambuli eg\u00e9szs\u00e9g\u00fcgyi k\u00f6z\u00e9piskol\u00e1val egy\u00fctt. A projekt c\u00edme:\u00a0 <strong>Diseases, Illnesses and Epidemics in the 19th-20th centuries\u00a0<\/strong>(magyarul: Betegs\u00e9gek \u00e9s j\u00e1rv\u00e1nyok a 19-20.sz\u00e1zadban).<\/p>\n<p><a href=\"https:\/\/semmelweis.hu\/bokay\/files\/2019\/07\/image.png\"><img loading=\"lazy\" decoding=\"async\" class=\"aligncenter wp-image-404 size-medium\" src=\"https:\/\/semmelweis.hu\/bokay\/files\/2019\/07\/image-400x309.png\" alt=\"\" width=\"400\" height=\"309\" srcset=\"https:\/\/semmelweis.hu\/bokay\/files\/2019\/07\/image-400x309.png 400w, https:\/\/semmelweis.hu\/bokay\/files\/2019\/07\/image-768x593.png 768w, https:\/\/semmelweis.hu\/bokay\/files\/2019\/07\/image-753x582.png 753w, https:\/\/semmelweis.hu\/bokay\/files\/2019\/07\/image.png 901w\" sizes=\"auto, (max-width: 400px) 100vw, 400px\" \/><\/a><\/p>\n<p>Az Oktat\u00e1si Hivatal eTwinning projektek\u00e9rt felel\u0151s Nemzeti Szolg\u00e1ltat\u00f3pontja\u00a0 <strong>\u2019Min\u0151s\u00edtett Nemzeti Projekt\u2019<\/strong> c\u00edmmel jutalmazta iskol\u00e1nkat.\u00a0<\/p>\n<p><strong>A projekt\u00fcnk weboldala:<\/strong> <a href=\"http:\/\/www.etwinningbokay.eoldal.hu\/\" target=\"_blank\" rel=\"noreferrer noopener\">http:\/\/www.etwinningbokay.eoldal.hu\/<\/a><\/p>\n<p><a href=\"https:\/\/semmelweis.hu\/bokay\/files\/2019\/07\/\u00e9v-v\u00e9gi-besz\u00e1mol\u00f3.jpg\"><img loading=\"lazy\" decoding=\"async\" class=\"aligncenter wp-image-299 size-medium\" src=\"https:\/\/semmelweis.hu\/bokay\/files\/2019\/07\/\u00e9v-v\u00e9gi-besz\u00e1mol\u00f3-400x273.jpg\" alt=\"\" width=\"400\" height=\"273\" \/><\/a><\/p>\n<p>&nbsp;<\/p>\n","protected":false},"excerpt":{"rendered":"<p>Iskol\u00e1nk a 2017\/18-as tan\u00e9vben nemzetk\u00f6zi, t\u00f6bb tant\u00e1rgyon \u00e1t\u00edvel\u0151 (Eg\u00e9szs\u00e9g\u00fcgy, angol, biol\u00f3gia, t\u00f6rt\u00e9nelem \u00e9s informatika) eTwinning projektet ind\u00edtott egy isztambuli eg\u00e9szs\u00e9g\u00fcgyi k\u00f6z\u00e9piskol\u00e1val egy\u00fctt. A projekt c\u00edme:\u00a0 Diseases, Illnesses and Epidemics in the 19th-20th centuries\u00a0(magyarul: Betegs\u00e9gek \u00e9s j\u00e1rv\u00e1nyok a 19-20.sz\u00e1zadban). <a href=\"https:\/\/semmelweis.hu\/bokay\/files\/2019\/07\/image.png\"><\/a> Az Oktat\u00e1si Hivatal eTwinning projektek\u00e9rt felel\u0151s Nemzeti Szolg\u00e1ltat\u00f3pontja\u00a0 \u2019Min\u0151s\u00edtett Nemzeti Projekt\u2019 c\u00edmmel jutalmazta iskol\u00e1nkat.\u00a0 A projekt\u00fcnk weboldala: &hellip;<\/p>\n","protected":false},"author":101845,"featured_media":0,"parent":31,"menu_order":6,"comment_status":"closed","ping_status":"closed","template":"","meta":{"_acf_changed":false,"footnotes":""},"categories":[],"tags":[],"class_list":["post-296","page","type-page","status-publish","hentry"],"acf":[],"_links":{"self":[{"href":"https:\/\/semmelweis.hu\/bokay\/wp-json\/wp\/v2\/pages\/296","targetHints":{"allow":["GET"]}}],"collection":[{"href":"https:\/\/semmelweis.hu\/bokay\/wp-json\/wp\/v2\/pages"}],"about":[{"href":"https:\/\/semmelweis.hu\/bokay\/wp-json\/wp\/v2\/types\/page"}],"author":[{"embeddable":true,"href":"https:\/\/semmelweis.hu\/bokay\/wp-json\/wp\/v2\/users\/101845"}],"replies":[{"embeddable":true,"href":"https:\/\/semmelweis.hu\/bokay\/wp-json\/wp\/v2\/comments?post=296"}],"version-history":[{"count":5,"href":"https:\/\/semmelweis.hu\/bokay\/wp-json\/wp\/v2\/pages\/296\/revisions"}],"predecessor-version":[{"id":3448,"href":"https:\/\/semmelweis.hu\/bokay\/wp-json\/wp\/v2\/pages\/296\/revisions\/3448"}],"up":[{"embeddable":true,"href":"https:\/\/semmelweis.hu\/bokay\/wp-json\/wp\/v2\/pages\/31"}],"wp:attachment":[{"href":"https:\/\/semmelweis.hu\/bokay\/wp-json\/wp\/v2\/media?parent=296"}],"wp:term":[{"taxonomy":"category","embeddable":true,"href":"https:\/\/semmelweis.hu\/bokay\/wp-json\/wp\/v2\/categories?post=296"},{"taxonomy":"post_tag","embeddable":true,"href":"https:\/\/semmelweis.hu\/bokay\/wp-json\/wp\/v2\/tags?post=296"}],"curies":[{"name":"wp","href":"https:\/\/api.w.org\/{rel}","templated":true}]}}