{"id":2585,"date":"2020-10-22T08:15:26","date_gmt":"2020-10-22T08:15:26","guid":{"rendered":"http:\/\/www.bokaysuli.hu\/?page_id=2585"},"modified":"2025-05-27T17:02:04","modified_gmt":"2025-05-27T15:02:04","slug":"kozepiskolai-kollegiumok","status":"publish","type":"page","link":"https:\/\/semmelweis.hu\/bokay\/tanuloi-oldal\/kozepiskolai-kollegiumok\/","title":{"rendered":"K\u00f6z\u00e9piskolai koll\u00e9giumok"},"content":{"rendered":"<p><strong>Iskol\u00e1nkkal kapcsolatban \u00e1ll\u00f3 K\u00f6z\u00e9piskolai koll\u00e9giumok<\/strong>:<\/p>\n<p>Uzsoki koll\u00e9gium: <a href=\"http:\/\/www.uzsokikollegium.hu\/\" target=\"_blank\" rel=\"noopener noreferrer\">http:\/\/www.uzsokikollegium.hu\/<\/a><\/p>\n<p>J\u00f3zsef Attila k\u00f6z\u00e9piskolai koll\u00e9gium: <a href=\"http:\/\/jakk.hu\/\" target=\"_blank\" rel=\"noopener noreferrer\">http:\/\/jakk.hu\/<\/a><\/p>\n<p>V\u00e9csey J\u00e1nos Le\u00e1nykoll\u00e9gium: <a href=\"http:\/\/kollegium-vecsey.hu\/\" target=\"_blank\" rel=\"noopener noreferrer\">http:\/\/kollegium-vecsey.hu\/<\/a><\/p>\n<div>\u00a0<\/div>\n<table border=\"0\" width=\"938\" cellspacing=\"0\" cellpadding=\"0\">\n<colgroup>\n<col width=\"272\" \/>\n<col width=\"306\" \/>\n<col width=\"136\" \/>\n<col width=\"224\" \/><\/colgroup>\n<tbody>\n<tr>\n<td width=\"272\" height=\"20\">Kol\u00e9gium neve<\/td>\n<td width=\"306\">C\u00edm<\/td>\n<td width=\"136\">Telefon<\/td>\n<td width=\"224\">Emailc\u00edm<\/td>\n<\/tr>\n<tr>\n<td height=\"20\">Evang\u00e9likus K\u00f6z\u00e9piskolai Koll\u00e9gium<\/td>\n<td>1074 Budapest, R\u00f3zs\u00e1k tere 1.<\/td>\n<td>06-1-351-0522<\/td>\n<td><a href=\"http:\/\/evangkoli-rozsaktere.hu\/\" target=\"_blank\" rel=\"noopener\">evangkoli-rozsaktere.hu<\/a><\/td>\n<\/tr>\n<tr>\n<td height=\"20\">V\u00e1ci Mih\u00e1ly Koll\u00e9gium<\/td>\n<td>1141 Budapest, Mogyor\u00f3di \u00fat 128.<\/td>\n<td>06-1-606-7300<\/td>\n<td><a href=\"mailto:vacimkoll@gmail.com\" target=\"_blank\" rel=\"noopener\">vacimkoll@gmail.com<\/a><\/td>\n<\/tr>\n<tr>\n<td height=\"20\">De\u00e1k Ferenc K\u00f6z\u00e9piskolai Koll\u00e9gium<\/td>\n<td>1143 Budapest, T\u00e1bornok utca 22.<\/td>\n<td>06-1-606-7250<\/td>\n<td><a href=\"mailto:titkarsag.dfk@gmail.com\" target=\"_blank\" rel=\"noopener\">titkarsag.dfk@gmail.com<\/a><\/td>\n<\/tr>\n<tr>\n<td height=\"20\">F\u00e1bry Zolt\u00e1n K\u00f6z\u00e9piskolai Le\u00e1nykoll\u00e9gium<\/td>\n<td>1074 Budapest, H\u00e1rsfa u. 4.<\/td>\n<td>06-1-322-0456<\/td>\n<td><a href=\"mailto:fabrykollegium04@gmail.com\" target=\"_blank\" rel=\"noopener\">fabrykollegium04@gmail.com<\/a><\/td>\n<\/tr>\n<tr>\n<td height=\"20\">Uzsoki Koll\u00e9gium<\/td>\n<td>1145 Budapest, Uzsoki u. 34\/A<\/td>\n<td><a href=\"https:\/\/www.google.com\/search?q=uzsoki+koll%C3%A9gium&amp;oq=uzsoki+koll%C3%A9gium&amp;aqs=chrome..69i57j46i175i199i512.3451j0j15&amp;sourceid=chrome&amp;ie=UTF-8\" target=\"_blank\" rel=\"noopener\">06-1-606 7478<\/a><\/td>\n<td><a href=\"mailto:szvitek.szilvi@uzsokikollegium.hu\" target=\"_blank\" rel=\"noopener\">szvitek.szilvi@uzsokikollegium.hu<\/a><\/td>\n<\/tr>\n<tr>\n<td height=\"20\">J\u00f3zsef Attila K\u00f6z\u00e9piskolai Koll\u00e9gium<\/td>\n<td>1146 Budapest, Ch\u00e1z\u00e1r Andr\u00e1s u. 6.<\/td>\n<td><a href=\"https:\/\/www.google.com\/search?gs_ssp=eJzj4tVP1zc0TM4prqw0L8owYLRSNagwMTcxTEm2MEs1NTBIMU9LsjKoSEk1NUlMM0s0MU4ySkpMMvSSzDq8uao4NU0hsaQkMydRITs_J-fwyvTM0lwA_d0baw&amp;q=j%C3%B3zsef+attila+koll%C3%A9gium&amp;oq=J%C3%B3zsef+attia+koll%C3%A9&amp;aqs=chrome.1.69i57j46i13i175i199j0i13j46i13i175i199l2j0i13j0i22i30.6192j0j15&amp;sourceid=chrome&amp;ie=UTF-8\" target=\"_blank\" rel=\"noopener\">06-1-606 7327<\/a><\/td>\n<td><a href=\"mailto:ria.szeman@gmail.com\" target=\"_blank\" rel=\"noopener\">ria.szeman@gmail.com<\/a><\/td>\n<\/tr>\n<tr>\n<td height=\"20\">V\u00e9csey J\u00e1nos Le\u00e1nykoll\u00e9gium<\/td>\n<td>1035 Budapest, Sz\u00e9l u. 11.<\/td>\n<td><a href=\"https:\/\/www.google.com\/search?q=v%C3%A9csey+j%C3%A1nos+koll%C3%A9gium&amp;sxsrf=ALiCzsYKhv6Xn845z-OSROVXZVgYBOxC2w%3A1655993570460&amp;ei=4nS0YpfTG830kgWWu5PoDg&amp;ved=0ahUKEwiXzJHk4MP4AhVNuqQKHZbdBO0Q4dUDCA4&amp;uact=5&amp;oq=v%C3%A9csey+j%C3%A1nos+koll%C3%A9gium&amp;gs_lcp=Cgdnd3Mtd2l6EAMyCwguEIAEEMcBEK8BMgQIABAeMgYIABAeEAgyAggmOgYIABAeEAc6BAgAEA06CAgAEB4QCBAHOggIABAeEAgQDToGCAAQHhANOggIABAeEA0QBToKCC4QxwEQrwEQDUoECEEYAEoECEYYAFAAWP8RYK0XaABwAXgAgAF3iAGyCZIBAzcuNZgBAKABAcABAQ&amp;sclient=gws-wiz\" target=\"_blank\" rel=\"noopener\">06-1-606 7410<\/a><\/td>\n<td><a href=\"mailto:titkarsag.vecseyjkoll@ebtk.hu\" target=\"_blank\" rel=\"noopener\">titkarsag.vecseyjkoll@ebtk.hu<\/a><\/td>\n<\/tr>\n<tr>\n<td height=\"20\">D\u00e1vid Kir\u00e1ly Koll\u00e9gium<\/td>\n<td>1143 Budapest, T\u00e1bornok u. 24.<\/td>\n<td>06-20\/212-7418<\/td>\n<td><a href=\"mailto:titkarsag@davidkiralykollegium.hu\" target=\"_blank\" rel=\"noopener\">titkarsag@davidkiralykollegium.hu<\/a><\/td>\n<\/tr>\n<tr>\n<td height=\"43\">K\u00e1ldor Mikl\u00f3s Koll\u00e9gium<\/td>\n<td width=\"306\">1027 Budapest, Bakfark B\u00e1lint u. 3. (L\u00e1ny r\u00e9szleg) 1022 Budapest, Felvinci \u00fat 8. (Fi\u00fa r\u00e9szleg)<\/td>\n<td>06-1-606-7446<\/td>\n<td><a href=\"mailto:koli@kaldorkoli.hu\" target=\"_blank\" rel=\"noopener\">koli@kaldorkoli.hu<\/a><\/td>\n<\/tr>\n<tr>\n<td height=\"20\">Ferenczy No\u00e9mi Le\u00e1nykoll\u00e9gium<\/td>\n<td>1089 Budapest, Reguly Antal u. 42.<\/td>\n<td><a href=\"https:\/\/www.google.com\/search?q=ferenczy+koll%C3%A9gium&amp;sca_esv=286dcc3e3e4e435f&amp;rlz=1C1GCEU_huHU1162HU1162&amp;sxsrf=AE3TifNjQFQvxeIcoXcpNF6Tdmt7raz7JQ%3A1748336023040&amp;ei=l301aPKfAs6Oi-gPhdnC2AI&amp;gs_ssp=eJzj4tVP1zc0TDaLrzA3KjEzYLRSNagwMTcxTElONkpMtUg1MU9NsTKoSLVMSzRMMzY2tjRLNTFIMvUSTkstSs1LrqpUyM7PyTm8Mj2zNBcALKUXtg&amp;oq=ferenxzy++koll%C3%A9gium&amp;gs_lp=Egxnd3Mtd2l6LXNlcnAiFGZlcmVueHp5ICBrb2xsw6lnaXVtKgIIADINEC4YgAQYxwEYDRivATIIEAAYCBgNGB4yCBAAGIAEGKIEMggQABiABBiiBDIIEAAYgAQYogQyCBAAGIAEGKIEMhwQLhiABBjHARgNGK8BGJcFGNwEGN4EGOAE2AEBSJQgUJ0GWM0ScAJ4AJABAJgBe6AB_weqAQM2LjS4AQHIAQD4AQGYAgqgAqcTwgIKEAAYsAMY1gQYR8ICBhAAGAcYHsICBxAAGIAEGA3CAggQABgFGAcYHsICCBAAGAUYDRgewgIKECEYoAEYwwQYCpgDAIgGAZAGCLoGBggBEAEYFJIHBzIuNy43LTGgB7xLsgcDMC43uAeCBsIHBTAuNi40yAci&amp;sclient=gws-wiz-serp\" target=\"_blank\" rel=\"noopener\">06-1-2990037<\/a><\/td>\n<td><a href=\"mailto:ferenczynoemi.koll@gmail.com\" target=\"_blank\" rel=\"noopener\">ferenczynoemi.koll@gmail.com<\/a><\/td>\n<\/tr>\n<tr>\n<td height=\"21\">Kisfaludy K\u00e1roly Koll\u00e9gium<\/td>\n<td>1191 Budapest, Kisfaludy u. 28.<\/td>\n<td><a href=\"https:\/\/www.google.com\/search?q=kisfaludy+koll%C3%A9gium&amp;sca_esv=286dcc3e3e4e435f&amp;rlz=1C1GCEU_huHU1162HU1162&amp;sxsrf=AE3TifPNdqWprcwRxLSpdLwj4oSN2zhU1g%3A1748336287451&amp;ei=n341aImgG7Xm7_UPsJmr-A4&amp;gs_ssp=eJzj4tVP1zc0TC4wTSvPy8o1YLRSNagwMTcxTDZKNTNJMTY1MzQxtTKoSE0xNzNISjY2sjBLNbBIMvQSyc4sTkvMKU2pVMjOz8k5vDI9szQXAEJ6F8s&amp;oq=kisfaludy+koll%C3%A9gium&amp;gs_lp=Egxnd3Mtd2l6LXNlcnAiFGtpc2ZhbHVkeSBrb2xsw6lnaXVtKgIIADILEC4YgAQYxwEYrwEyBhAAGAcYHjIFEAAYgAQyBhAAGAcYHjIGEAAYBxgeMgIQJjIFEAAY7wUyCBAAGIAEGKIEMggQABiABBiiBDIIEAAYgAQYogQyGhAuGIAEGMcBGK8BGJcFGNwEGN4EGOAE2AEBSPspUABYohtwAHgAkAEAmAF1oAG4B6oBAzEuOLgBAcgBAPgBAZgCCKAC9QbCAg0QLhiABBjHARgNGK8BwgIHEAAYgAQYDcICHBAuGIAEGMcBGA0YrwEYlwUY3AQY3gQY4ATYAQGYAwC6BgYIARABGBSSBwMwLjigB5lbsgcDMC44uAf1BsIHAzItOMgHIQ&amp;sclient=gws-wiz-serp\" target=\"_blank\" rel=\"noopener\">06-1-6067521<\/a><\/td>\n<td><a href=\"mailto:iroda@kisfaludykoli.hu\" target=\"_blank\" rel=\"noopener\">iroda@kisfaludykoli.hu<\/a><\/td>\n<\/tr>\n<\/tbody>\n<\/table>\n","protected":false},"excerpt":{"rendered":"<p>Iskol\u00e1nkkal kapcsolatban \u00e1ll\u00f3 K\u00f6z\u00e9piskolai koll\u00e9giumok: Uzsoki koll\u00e9gium: <a href=\"http:\/\/www.uzsokikollegium.hu\/\" target=\"_blank\" rel=\"noopener noreferrer\">http:\/\/www.uzsokikollegium.hu\/<\/a> J\u00f3zsef Attila k\u00f6z\u00e9piskolai koll\u00e9gium: <a href=\"http:\/\/jakk.hu\/\" target=\"_blank\" rel=\"noopener noreferrer\">http:\/\/jakk.hu\/<\/a> V\u00e9csey J\u00e1nos Le\u00e1nykoll\u00e9gium: <a href=\"http:\/\/kollegium-vecsey.hu\/\" target=\"_blank\" rel=\"noopener noreferrer\">http:\/\/kollegium-vecsey.hu\/<\/a> \u00a0 Kol\u00e9gium neve C\u00edm Telefon Emailc\u00edm Evang\u00e9likus K\u00f6z\u00e9piskolai Koll\u00e9gium 1074 Budapest, R\u00f3zs\u00e1k tere 1. 06-1-351-0522 <a href=\"http:\/\/evangkoli-rozsaktere.hu\/\" target=\"_blank\" rel=\"noopener\">evangkoli-rozsaktere.hu<\/a> V\u00e1ci Mih\u00e1ly Koll\u00e9gium 1141 Budapest, Mogyor\u00f3di \u00fat 128. 06-1-606-7300 <a href=\"mailto:vacimkoll@gmail.com\" target=\"_blank\" rel=\"noopener\">vacimkoll@gmail.com<\/a> De\u00e1k Ferenc K\u00f6z\u00e9piskolai Koll\u00e9gium 1143 Budapest, T\u00e1bornok utca 22. 06-1-606-7250 <a href=\"mailto:titkarsag.dfk@gmail.com\" target=\"_blank\" rel=\"noopener\">titkarsag.dfk@gmail.com<\/a> F\u00e1bry Zolt\u00e1n K\u00f6z\u00e9piskolai Le\u00e1nykoll\u00e9gium 1074 Budapest, H\u00e1rsfa &hellip;<\/p>\n","protected":false},"author":101845,"featured_media":0,"parent":196,"menu_order":9,"comment_status":"closed","ping_status":"closed","template":"","meta":{"_acf_changed":false,"footnotes":""},"categories":[],"tags":[],"class_list":["post-2585","page","type-page","status-publish","hentry"],"acf":[],"_links":{"self":[{"href":"https:\/\/semmelweis.hu\/bokay\/wp-json\/wp\/v2\/pages\/2585","targetHints":{"allow":["GET"]}}],"collection":[{"href":"https:\/\/semmelweis.hu\/bokay\/wp-json\/wp\/v2\/pages"}],"about":[{"href":"https:\/\/semmelweis.hu\/bokay\/wp-json\/wp\/v2\/types\/page"}],"author":[{"embeddable":true,"href":"https:\/\/semmelweis.hu\/bokay\/wp-json\/wp\/v2\/users\/101845"}],"replies":[{"embeddable":true,"href":"https:\/\/semmelweis.hu\/bokay\/wp-json\/wp\/v2\/comments?post=2585"}],"version-history":[{"count":6,"href":"https:\/\/semmelweis.hu\/bokay\/wp-json\/wp\/v2\/pages\/2585\/revisions"}],"predecessor-version":[{"id":7261,"href":"https:\/\/semmelweis.hu\/bokay\/wp-json\/wp\/v2\/pages\/2585\/revisions\/7261"}],"up":[{"embeddable":true,"href":"https:\/\/semmelweis.hu\/bokay\/wp-json\/wp\/v2\/pages\/196"}],"wp:attachment":[{"href":"https:\/\/semmelweis.hu\/bokay\/wp-json\/wp\/v2\/media?parent=2585"}],"wp:term":[{"taxonomy":"category","embeddable":true,"href":"https:\/\/semmelweis.hu\/bokay\/wp-json\/wp\/v2\/categories?post=2585"},{"taxonomy":"post_tag","embeddable":true,"href":"https:\/\/semmelweis.hu\/bokay\/wp-json\/wp\/v2\/tags?post=2585"}],"curies":[{"name":"wp","href":"https:\/\/api.w.org\/{rel}","templated":true}]}}