{"id":247,"date":"2019-07-05T07:29:11","date_gmt":"2019-07-05T07:29:11","guid":{"rendered":"http:\/\/www.bokaysuli.hu\/?page_id=247"},"modified":"2024-09-18T07:02:03","modified_gmt":"2024-09-18T05:02:03","slug":"pedagogiai-szakmai-ellenorzes-megallapitasai","status":"publish","type":"page","link":"https:\/\/semmelweis.hu\/bokay\/kozzetetel\/pedagogiai-szakmai-ellenorzes-megallapitasai\/","title":{"rendered":"Helyi tan\u00e9vnapt\u00e1r"},"content":{"rendered":"<p>SE B\u00f3kay J\u00e1nos T\u00f6bbc\u00e9l\u00fa Szakk\u00e9pz\u0151 Int\u00e9zm\u00e9ny <a href=\"https:\/\/semmelweis.hu\/bokay\/files\/2024\/09\/SE-Bokay-tanev-naptara-2024-2025.-tanev-2024.09.14.-1.pdf\">tan\u00e9v napt\u00e1ra 2024\/25-\u00f6s tan\u00e9vre<\/a><\/p>\n<p>&nbsp;<\/p>\n","protected":false},"excerpt":{"rendered":"<p>SE B\u00f3kay J\u00e1nos T\u00f6bbc\u00e9l\u00fa Szakk\u00e9pz\u0151 Int\u00e9zm\u00e9ny <a href=\"https:\/\/semmelweis.hu\/bokay\/files\/2024\/09\/SE-Bokay-tanev-naptara-2024-2025.-tanev-2024.09.14.-1.pdf\">tan\u00e9v napt\u00e1ra 2024\/25-\u00f6s tan\u00e9vre<\/a><br \/>\n&nbsp;<\/p>\n","protected":false},"author":101845,"featured_media":0,"parent":40,"menu_order":12,"comment_status":"closed","ping_status":"closed","template":"","meta":{"_acf_changed":false,"footnotes":""},"categories":[],"tags":[],"class_list":["post-247","page","type-page","status-publish","hentry"],"acf":[],"_links":{"self":[{"href":"https:\/\/semmelweis.hu\/bokay\/wp-json\/wp\/v2\/pages\/247","targetHints":{"allow":["GET"]}}],"collection":[{"href":"https:\/\/semmelweis.hu\/bokay\/wp-json\/wp\/v2\/pages"}],"about":[{"href":"https:\/\/semmelweis.hu\/bokay\/wp-json\/wp\/v2\/types\/page"}],"author":[{"embeddable":true,"href":"https:\/\/semmelweis.hu\/bokay\/wp-json\/wp\/v2\/users\/101845"}],"replies":[{"embeddable":true,"href":"https:\/\/semmelweis.hu\/bokay\/wp-json\/wp\/v2\/comments?post=247"}],"version-history":[{"count":8,"href":"https:\/\/semmelweis.hu\/bokay\/wp-json\/wp\/v2\/pages\/247\/revisions"}],"predecessor-version":[{"id":6404,"href":"https:\/\/semmelweis.hu\/bokay\/wp-json\/wp\/v2\/pages\/247\/revisions\/6404"}],"up":[{"embeddable":true,"href":"https:\/\/semmelweis.hu\/bokay\/wp-json\/wp\/v2\/pages\/40"}],"wp:attachment":[{"href":"https:\/\/semmelweis.hu\/bokay\/wp-json\/wp\/v2\/media?parent=247"}],"wp:term":[{"taxonomy":"category","embeddable":true,"href":"https:\/\/semmelweis.hu\/bokay\/wp-json\/wp\/v2\/categories?post=247"},{"taxonomy":"post_tag","embeddable":true,"href":"https:\/\/semmelweis.hu\/bokay\/wp-json\/wp\/v2\/tags?post=247"}],"curies":[{"name":"wp","href":"https:\/\/api.w.org\/{rel}","templated":true}]}}