{"id":244,"date":"2019-07-05T07:28:45","date_gmt":"2019-07-05T07:28:45","guid":{"rendered":"http:\/\/www.bokaysuli.hu\/?page_id=244"},"modified":"2024-09-18T07:02:56","modified_gmt":"2024-09-18T05:02:56","slug":"teritesi-dij-tandij","status":"publish","type":"page","link":"https:\/\/semmelweis.hu\/bokay\/kozzetetel\/teritesi-dij-tandij\/","title":{"rendered":"T\u00e9r\u00edt\u00e9si d\u00edj, tand\u00edj"},"content":{"rendered":"<p>Felt\u00f6lt\u00e9s alatt&#8230;..<\/p>\n","protected":false},"excerpt":{"rendered":"<p>Felt\u00f6lt\u00e9s alatt&#8230;..<\/p>\n","protected":false},"author":101845,"featured_media":0,"parent":40,"menu_order":11,"comment_status":"closed","ping_status":"closed","template":"","meta":{"_acf_changed":false,"footnotes":""},"categories":[],"tags":[],"class_list":["post-244","page","type-page","status-publish","hentry"],"acf":[],"_links":{"self":[{"href":"https:\/\/semmelweis.hu\/bokay\/wp-json\/wp\/v2\/pages\/244","targetHints":{"allow":["GET"]}}],"collection":[{"href":"https:\/\/semmelweis.hu\/bokay\/wp-json\/wp\/v2\/pages"}],"about":[{"href":"https:\/\/semmelweis.hu\/bokay\/wp-json\/wp\/v2\/types\/page"}],"author":[{"embeddable":true,"href":"https:\/\/semmelweis.hu\/bokay\/wp-json\/wp\/v2\/users\/101845"}],"replies":[{"embeddable":true,"href":"https:\/\/semmelweis.hu\/bokay\/wp-json\/wp\/v2\/comments?post=244"}],"version-history":[{"count":7,"href":"https:\/\/semmelweis.hu\/bokay\/wp-json\/wp\/v2\/pages\/244\/revisions"}],"predecessor-version":[{"id":6406,"href":"https:\/\/semmelweis.hu\/bokay\/wp-json\/wp\/v2\/pages\/244\/revisions\/6406"}],"up":[{"embeddable":true,"href":"https:\/\/semmelweis.hu\/bokay\/wp-json\/wp\/v2\/pages\/40"}],"wp:attachment":[{"href":"https:\/\/semmelweis.hu\/bokay\/wp-json\/wp\/v2\/media?parent=244"}],"wp:term":[{"taxonomy":"category","embeddable":true,"href":"https:\/\/semmelweis.hu\/bokay\/wp-json\/wp\/v2\/categories?post=244"},{"taxonomy":"post_tag","embeddable":true,"href":"https:\/\/semmelweis.hu\/bokay\/wp-json\/wp\/v2\/tags?post=244"}],"curies":[{"name":"wp","href":"https:\/\/api.w.org\/{rel}","templated":true}]}}