{"id":241,"date":"2019-07-05T07:27:56","date_gmt":"2019-07-05T07:27:56","guid":{"rendered":"http:\/\/www.bokaysuli.hu\/?page_id=241"},"modified":"2023-12-28T16:50:06","modified_gmt":"2023-12-28T15:50:06","slug":"tanulmanyok-alatti-vizsgak","status":"publish","type":"page","link":"https:\/\/semmelweis.hu\/bokay\/kozzetetel\/tanulmanyok-alatti-vizsgak\/","title":{"rendered":"Tanulm\u00e1nyok alatti vizsg\u00e1k"},"content":{"rendered":"<p><img decoding=\"async\" class=\"wp-image-805\" src=\"\/bokay\/files\/uploads\/2019\/07\/image-21.png\" alt=\"\" \/>\u00c1gazati alapvizsga interakt\u00edv k\u00e9rd\u00e9sei megtal\u00e1lhat\u00f3ak az OKF\u0150 oldal\u00e1n:<\/p>\n<p><a href=\"https:\/\/enkk.hu\/index.php\/hun\/sake-pedmod-2\/szakkepzesi-dokumentumok\/agazati-alapvizsga\">https:\/\/enkk.hu\/index.php\/hun\/sake-pedmod-2\/szakkepzesi-dokumentumok\/agazati-alapvizsga<\/a><\/p>\n","protected":false},"excerpt":{"rendered":"<p>\u00c1gazati alapvizsga interakt\u00edv k\u00e9rd\u00e9sei megtal\u00e1lhat\u00f3ak az OKF\u0150 oldal\u00e1n:<br \/>\n<a href=\"https:\/\/enkk.hu\/index.php\/hun\/sake-pedmod-2\/szakkepzesi-dokumentumok\/agazati-alapvizsga\">https:\/\/enkk.hu\/index.php\/hun\/sake-pedmod-2\/szakkepzesi-dokumentumok\/agazati-alapvizsga<\/a><\/p>\n","protected":false},"author":101845,"featured_media":0,"parent":40,"menu_order":10,"comment_status":"closed","ping_status":"closed","template":"","meta":{"_acf_changed":false,"footnotes":""},"categories":[],"tags":[],"class_list":["post-241","page","type-page","status-publish","hentry"],"acf":[],"_links":{"self":[{"href":"https:\/\/semmelweis.hu\/bokay\/wp-json\/wp\/v2\/pages\/241","targetHints":{"allow":["GET"]}}],"collection":[{"href":"https:\/\/semmelweis.hu\/bokay\/wp-json\/wp\/v2\/pages"}],"about":[{"href":"https:\/\/semmelweis.hu\/bokay\/wp-json\/wp\/v2\/types\/page"}],"author":[{"embeddable":true,"href":"https:\/\/semmelweis.hu\/bokay\/wp-json\/wp\/v2\/users\/101845"}],"replies":[{"embeddable":true,"href":"https:\/\/semmelweis.hu\/bokay\/wp-json\/wp\/v2\/comments?post=241"}],"version-history":[{"count":11,"href":"https:\/\/semmelweis.hu\/bokay\/wp-json\/wp\/v2\/pages\/241\/revisions"}],"predecessor-version":[{"id":5752,"href":"https:\/\/semmelweis.hu\/bokay\/wp-json\/wp\/v2\/pages\/241\/revisions\/5752"}],"up":[{"embeddable":true,"href":"https:\/\/semmelweis.hu\/bokay\/wp-json\/wp\/v2\/pages\/40"}],"wp:attachment":[{"href":"https:\/\/semmelweis.hu\/bokay\/wp-json\/wp\/v2\/media?parent=241"}],"wp:term":[{"taxonomy":"category","embeddable":true,"href":"https:\/\/semmelweis.hu\/bokay\/wp-json\/wp\/v2\/categories?post=241"},{"taxonomy":"post_tag","embeddable":true,"href":"https:\/\/semmelweis.hu\/bokay\/wp-json\/wp\/v2\/tags?post=241"}],"curies":[{"name":"wp","href":"https:\/\/api.w.org\/{rel}","templated":true}]}}