{"id":235,"date":"2019-07-05T07:26:33","date_gmt":"2019-07-05T07:26:33","guid":{"rendered":"http:\/\/www.bokaysuli.hu\/?page_id=235"},"modified":"2020-11-26T15:18:30","modified_gmt":"2020-11-26T14:18:30","slug":"tanoran-kivuli-foglalkozasok","status":"publish","type":"page","link":"https:\/\/semmelweis.hu\/bokay\/kozzetetel\/tanoran-kivuli-foglalkozasok\/","title":{"rendered":"Tan\u00f3r\u00e1n k\u00edv\u00fcli foglalkoz\u00e1sok"},"content":{"rendered":"<p>TARTALOM FELT\u00d6LT\u00c9S ALATT&#8230;<\/p>\n<p>&nbsp;<\/p>\n<p class=\"has-background has-light-gray-background-color\"><em>A\u00a0229\/2012. (VIII. 28.) Korm. rendelet a nemzeti k\u00f6znevel\u00e9sr\u0151l sz\u00f3l\u00f3 t\u00f6rv\u00e9ny v\u00e9grehajt\u00e1s\u00e1r\u00f3l 23. \u00a7\u00a0<\/em>\u00a0(3)\u00a0<em>f): az int\u00e9zm\u00e9nyi k\u00f6zz\u00e9t\u00e9teli lista tartalmazza \u00a0<\/em>a <em>tan\u00f3r\u00e1n k\u00edv\u00fcli egy\u00e9b foglalkoz\u00e1sok ig\u00e9nybev\u00e9tel\u00e9nek lehet\u0151s\u00e9g\u00e9t.<\/em><\/p>\n","protected":false},"excerpt":{"rendered":"<p>TARTALOM FELT\u00d6LT\u00c9S ALATT&#8230;<br \/>\n&nbsp;<br \/>\nA\u00a0229\/2012. (VIII. 28.) Korm. rendelet a nemzeti k\u00f6znevel\u00e9sr\u0151l sz\u00f3l\u00f3 t\u00f6rv\u00e9ny v\u00e9grehajt\u00e1s\u00e1r\u00f3l 23. \u00a7\u00a0\u00a0(3)\u00a0f): az int\u00e9zm\u00e9nyi k\u00f6zz\u00e9t\u00e9teli lista tartalmazza \u00a0a tan\u00f3r\u00e1n k\u00edv\u00fcli egy\u00e9b foglalkoz\u00e1sok ig\u00e9nybev\u00e9tel\u00e9nek lehet\u0151s\u00e9g\u00e9t.<\/p>\n","protected":false},"author":101845,"featured_media":0,"parent":40,"menu_order":8,"comment_status":"closed","ping_status":"closed","template":"","meta":{"_acf_changed":false,"footnotes":""},"categories":[],"tags":[],"class_list":["post-235","page","type-page","status-publish","hentry"],"acf":[],"_links":{"self":[{"href":"https:\/\/semmelweis.hu\/bokay\/wp-json\/wp\/v2\/pages\/235","targetHints":{"allow":["GET"]}}],"collection":[{"href":"https:\/\/semmelweis.hu\/bokay\/wp-json\/wp\/v2\/pages"}],"about":[{"href":"https:\/\/semmelweis.hu\/bokay\/wp-json\/wp\/v2\/types\/page"}],"author":[{"embeddable":true,"href":"https:\/\/semmelweis.hu\/bokay\/wp-json\/wp\/v2\/users\/101845"}],"replies":[{"embeddable":true,"href":"https:\/\/semmelweis.hu\/bokay\/wp-json\/wp\/v2\/comments?post=235"}],"version-history":[{"count":4,"href":"https:\/\/semmelweis.hu\/bokay\/wp-json\/wp\/v2\/pages\/235\/revisions"}],"predecessor-version":[{"id":3516,"href":"https:\/\/semmelweis.hu\/bokay\/wp-json\/wp\/v2\/pages\/235\/revisions\/3516"}],"up":[{"embeddable":true,"href":"https:\/\/semmelweis.hu\/bokay\/wp-json\/wp\/v2\/pages\/40"}],"wp:attachment":[{"href":"https:\/\/semmelweis.hu\/bokay\/wp-json\/wp\/v2\/media?parent=235"}],"wp:term":[{"taxonomy":"category","embeddable":true,"href":"https:\/\/semmelweis.hu\/bokay\/wp-json\/wp\/v2\/categories?post=235"},{"taxonomy":"post_tag","embeddable":true,"href":"https:\/\/semmelweis.hu\/bokay\/wp-json\/wp\/v2\/tags?post=235"}],"curies":[{"name":"wp","href":"https:\/\/api.w.org\/{rel}","templated":true}]}}