{"id":232,"date":"2019-07-05T07:25:36","date_gmt":"2019-07-05T07:25:36","guid":{"rendered":"http:\/\/www.bokaysuli.hu\/?page_id=232"},"modified":"2024-09-18T07:03:38","modified_gmt":"2024-09-18T05:03:38","slug":"le-es-kimaradas-evfolyamismetles","status":"publish","type":"page","link":"https:\/\/semmelweis.hu\/bokay\/kozzetetel\/le-es-kimaradas-evfolyamismetles\/","title":{"rendered":"Le- \u00e9s kimarad\u00e1s, \u00e9vfolyamism\u00e9tl\u00e9s"},"content":{"rendered":"","protected":false},"excerpt":{"rendered":"","protected":false},"author":101845,"featured_media":0,"parent":40,"menu_order":7,"comment_status":"closed","ping_status":"closed","template":"","meta":{"_acf_changed":false,"footnotes":""},"categories":[],"tags":[],"class_list":["post-232","page","type-page","status-publish","hentry"],"acf":[],"_links":{"self":[{"href":"https:\/\/semmelweis.hu\/bokay\/wp-json\/wp\/v2\/pages\/232","targetHints":{"allow":["GET"]}}],"collection":[{"href":"https:\/\/semmelweis.hu\/bokay\/wp-json\/wp\/v2\/pages"}],"about":[{"href":"https:\/\/semmelweis.hu\/bokay\/wp-json\/wp\/v2\/types\/page"}],"author":[{"embeddable":true,"href":"https:\/\/semmelweis.hu\/bokay\/wp-json\/wp\/v2\/users\/101845"}],"replies":[{"embeddable":true,"href":"https:\/\/semmelweis.hu\/bokay\/wp-json\/wp\/v2\/comments?post=232"}],"version-history":[{"count":8,"href":"https:\/\/semmelweis.hu\/bokay\/wp-json\/wp\/v2\/pages\/232\/revisions"}],"predecessor-version":[{"id":6407,"href":"https:\/\/semmelweis.hu\/bokay\/wp-json\/wp\/v2\/pages\/232\/revisions\/6407"}],"up":[{"embeddable":true,"href":"https:\/\/semmelweis.hu\/bokay\/wp-json\/wp\/v2\/pages\/40"}],"wp:attachment":[{"href":"https:\/\/semmelweis.hu\/bokay\/wp-json\/wp\/v2\/media?parent=232"}],"wp:term":[{"taxonomy":"category","embeddable":true,"href":"https:\/\/semmelweis.hu\/bokay\/wp-json\/wp\/v2\/categories?post=232"},{"taxonomy":"post_tag","embeddable":true,"href":"https:\/\/semmelweis.hu\/bokay\/wp-json\/wp\/v2\/tags?post=232"}],"curies":[{"name":"wp","href":"https:\/\/api.w.org\/{rel}","templated":true}]}}