{"id":229,"date":"2019-07-05T07:25:09","date_gmt":"2019-07-05T07:25:09","guid":{"rendered":"http:\/\/www.bokaysuli.hu\/?page_id=229"},"modified":"2023-03-27T11:48:58","modified_gmt":"2023-03-27T09:48:58","slug":"erettsegi-vizsgak-eredmenyei","status":"publish","type":"page","link":"https:\/\/semmelweis.hu\/bokay\/kozzetetel\/erettsegi-vizsgak-eredmenyei\/","title":{"rendered":"\u00d3ratervi h\u00e1l\u00f3k"},"content":{"rendered":"<p>&nbsp;<\/p>\n<p>9-13\/14. \u00e9vfolyam (nappali):\u00a0<a href=\"https:\/\/semmelweis.hu\/bokay\/files\/2023\/03\/Bokay-helyitanterv-2022.-tol.xlsx\">B\u00f3kay helyitanterv 2022.-t\u0151l<\/a><\/p>\n<p>13-14\/15. \u00e9vfolyam (esti): <a href=\"https:\/\/semmelweis.hu\/bokay\/files\/2023\/03\/Bokay-oratervi-halok-felnottkepzeses-jogviszonyban.xlsx\">Bokay \u00f3ratervi h\u00e1l\u00f3k feln\u0151ttk\u00e9pz\u00e9si jogviszonyban<\/a><\/p>\n<p>&nbsp;<\/p>\n<p>&nbsp;<\/p>\n<p>&nbsp;<\/p>\n","protected":false},"excerpt":{"rendered":"<p>&nbsp;<br \/>\n9-13\/14. \u00e9vfolyam (nappali):\u00a0<a href=\"https:\/\/semmelweis.hu\/bokay\/files\/2023\/03\/Bokay-helyitanterv-2022.-tol.xlsx\">B\u00f3kay helyitanterv 2022.-t\u0151l<\/a><br \/>\n13-14\/15. \u00e9vfolyam (esti): <a href=\"https:\/\/semmelweis.hu\/bokay\/files\/2023\/03\/Bokay-oratervi-halok-felnottkepzeses-jogviszonyban.xlsx\">Bokay \u00f3ratervi h\u00e1l\u00f3k feln\u0151ttk\u00e9pz\u00e9si jogviszonyban<\/a><br \/>\n&nbsp;<br \/>\n&nbsp;<br \/>\n&nbsp;<\/p>\n","protected":false},"author":101845,"featured_media":0,"parent":40,"menu_order":6,"comment_status":"closed","ping_status":"closed","template":"","meta":{"_acf_changed":false,"footnotes":""},"categories":[],"tags":[],"class_list":["post-229","page","type-page","status-publish","hentry"],"acf":[],"_links":{"self":[{"href":"https:\/\/semmelweis.hu\/bokay\/wp-json\/wp\/v2\/pages\/229","targetHints":{"allow":["GET"]}}],"collection":[{"href":"https:\/\/semmelweis.hu\/bokay\/wp-json\/wp\/v2\/pages"}],"about":[{"href":"https:\/\/semmelweis.hu\/bokay\/wp-json\/wp\/v2\/types\/page"}],"author":[{"embeddable":true,"href":"https:\/\/semmelweis.hu\/bokay\/wp-json\/wp\/v2\/users\/101845"}],"replies":[{"embeddable":true,"href":"https:\/\/semmelweis.hu\/bokay\/wp-json\/wp\/v2\/comments?post=229"}],"version-history":[{"count":8,"href":"https:\/\/semmelweis.hu\/bokay\/wp-json\/wp\/v2\/pages\/229\/revisions"}],"predecessor-version":[{"id":5070,"href":"https:\/\/semmelweis.hu\/bokay\/wp-json\/wp\/v2\/pages\/229\/revisions\/5070"}],"up":[{"embeddable":true,"href":"https:\/\/semmelweis.hu\/bokay\/wp-json\/wp\/v2\/pages\/40"}],"wp:attachment":[{"href":"https:\/\/semmelweis.hu\/bokay\/wp-json\/wp\/v2\/media?parent=229"}],"wp:term":[{"taxonomy":"category","embeddable":true,"href":"https:\/\/semmelweis.hu\/bokay\/wp-json\/wp\/v2\/categories?post=229"},{"taxonomy":"post_tag","embeddable":true,"href":"https:\/\/semmelweis.hu\/bokay\/wp-json\/wp\/v2\/tags?post=229"}],"curies":[{"name":"wp","href":"https:\/\/api.w.org\/{rel}","templated":true}]}}