{"id":223,"date":"2019-07-05T07:24:01","date_gmt":"2019-07-05T07:24:01","guid":{"rendered":"http:\/\/www.bokaysuli.hu\/?page_id=223"},"modified":"2025-09-15T08:55:32","modified_gmt":"2025-09-15T06:55:32","slug":"betoltott-munkakorok","status":"publish","type":"page","link":"https:\/\/semmelweis.hu\/bokay\/kozzetetel\/betoltott-munkakorok\/","title":{"rendered":"Bet\u00f6lt\u00f6tt munkak\u00f6r\u00f6k"},"content":{"rendered":"<p style=\"text-align: center\"><strong>2025\/26-os tan\u00e9v helyi tan\u00e9v napt\u00e1ra<\/strong><\/p>\n<p>&nbsp;<\/p>\n<p class=\"\"><a href=\"https:\/\/semmelweis.hu\/bokay\/files\/2025\/09\/SE-Bokay-tanev-rendje-2025-2026.-tanev-2024.09.14.xlsx\">SE B\u00f3kay tan\u00e9v rendje<\/a><\/p>\n<p>&nbsp;<\/p>\n","protected":false},"excerpt":{"rendered":"<p>2025\/26-os tan\u00e9v helyi tan\u00e9v napt\u00e1ra<br \/>\n&nbsp;<br \/>\n<a href=\"https:\/\/semmelweis.hu\/bokay\/files\/2025\/09\/SE-Bokay-tanev-rendje-2025-2026.-tanev-2024.09.14.xlsx\">SE B\u00f3kay tan\u00e9v rendje<\/a><br \/>\n&nbsp;<\/p>\n","protected":false},"author":101845,"featured_media":0,"parent":40,"menu_order":4,"comment_status":"closed","ping_status":"closed","template":"","meta":{"_acf_changed":false,"footnotes":""},"categories":[],"tags":[],"class_list":["post-223","page","type-page","status-publish","hentry"],"acf":[],"_links":{"self":[{"href":"https:\/\/semmelweis.hu\/bokay\/wp-json\/wp\/v2\/pages\/223","targetHints":{"allow":["GET"]}}],"collection":[{"href":"https:\/\/semmelweis.hu\/bokay\/wp-json\/wp\/v2\/pages"}],"about":[{"href":"https:\/\/semmelweis.hu\/bokay\/wp-json\/wp\/v2\/types\/page"}],"author":[{"embeddable":true,"href":"https:\/\/semmelweis.hu\/bokay\/wp-json\/wp\/v2\/users\/101845"}],"replies":[{"embeddable":true,"href":"https:\/\/semmelweis.hu\/bokay\/wp-json\/wp\/v2\/comments?post=223"}],"version-history":[{"count":8,"href":"https:\/\/semmelweis.hu\/bokay\/wp-json\/wp\/v2\/pages\/223\/revisions"}],"predecessor-version":[{"id":7450,"href":"https:\/\/semmelweis.hu\/bokay\/wp-json\/wp\/v2\/pages\/223\/revisions\/7450"}],"up":[{"embeddable":true,"href":"https:\/\/semmelweis.hu\/bokay\/wp-json\/wp\/v2\/pages\/40"}],"wp:attachment":[{"href":"https:\/\/semmelweis.hu\/bokay\/wp-json\/wp\/v2\/media?parent=223"}],"wp:term":[{"taxonomy":"category","embeddable":true,"href":"https:\/\/semmelweis.hu\/bokay\/wp-json\/wp\/v2\/categories?post=223"},{"taxonomy":"post_tag","embeddable":true,"href":"https:\/\/semmelweis.hu\/bokay\/wp-json\/wp\/v2\/tags?post=223"}],"curies":[{"name":"wp","href":"https:\/\/api.w.org\/{rel}","templated":true}]}}