{"id":213,"date":"2019-07-05T07:21:35","date_gmt":"2019-07-05T07:21:35","guid":{"rendered":"http:\/\/www.bokaysuli.hu\/?page_id=213"},"modified":"2025-10-30T09:49:30","modified_gmt":"2025-10-30T08:49:30","slug":"iskolai-dokumentumok","status":"publish","type":"page","link":"https:\/\/semmelweis.hu\/bokay\/kozzetetel\/iskolai-dokumentumok\/","title":{"rendered":"Iskolai dokumentumok"},"content":{"rendered":"<p>&nbsp;<\/p>\n<ul style=\"list-style-type: square\">\n<li><a href=\"https:\/\/semmelweis.hu\/bokay\/files\/2023\/04\/SZMSZ-SE-Bokay-Janos-Tobbcelu-Szakkepzo-Intezmenye.pdf\">SZMSZ-SE B\u00f3kay J\u00e1nos T\u00f6bbc\u00e9l\u00fa Szakk\u00e9pz\u0151 Int\u00e9zm\u00e9nye<\/a><\/li>\n<li><a href=\"https:\/\/semmelweis.hu\/bokay\/files\/2025\/10\/BJHazirend2024.pdf\">BJ+H\u00e1zirend+2024<\/a><\/li>\n<li><a href=\"https:\/\/semmelweis.hu\/bokay\/files\/2025\/02\/Bokay-szakmai-program-24_25.pdf\">B\u00f3kay szakmai program 24_25<\/a><\/li>\n<li><a href=\"https:\/\/semmelweis.hu\/bokay\/files\/2021\/08\/SE-B\u00f3kay-J\u00e1nos-T\u00f6bbc\u00e9l\u00fa-SZKI-AO-2021.-08.-01..pdf\">ALAP\u00cdT\u00d3 OKIRAT 2021 (pdf.)<\/a><\/li>\n<li><a href=\"\/bokay\/files\/2020\/07\/ADATKEZEL%C3%89SI-SZAB%C3%81LYZAT-2019-1-1.docx\">ADATKEZEL\u00c9SI SZAB\u00c1LYZAT 2019 <\/a><\/li>\n<li><a href=\"https:\/\/semmelweis.hu\/bokay\/files\/2021\/05\/E-Kr\u00e9ta-haszn\u00e1lat-szab\u00e1lyzata.pdf\">E-Kr\u00e9ta haszn\u00e1lat szab\u00e1lyzata<\/a><\/li>\n<li><a href=\"https:\/\/semmelweis.hu\/bokay\/files\/2025\/02\/Esti-orahalo-2024_2025.xlsx\">Esti \u00f3rah\u00e1l\u00f3 2024_2025<\/a><\/li>\n<li>\u00d3ratervi h\u00e1l\u00f3 9-14. \u00e9vfolyam, tanul\u00f3i jogviszonnyal rendelkez\u0151 oszt\u00e1lyok sz\u00e1m\u00e1ra<\/li>\n<li><a href=\"https:\/\/semmelweis.hu\/bokay\/files\/2023\/04\/Bokay-oratervi-halok-felnottkepzeses-jogviszonyban.xlsx\">Bokay \u00f3ratervi h\u00e1l\u00f3k feln\u0151ttk\u00e9pz\u00e9ses jogviszonyban<\/a><\/li>\n<li><a href=\"https:\/\/semmelweis.hu\/bokay\/files\/2022\/02\/Semmelweis-Egyetem-Bokay-Janos-Tobbcelu-szakkepzo-Intezmenye-fenntarthatosagi-munkaterve-a-2021.pdf\">Semmelweis Egyetem B\u00f3kay J\u00e1nos T\u00f6bbc\u00e9l\u00fa Szakk\u00e9pz\u0151 Int\u00e9zm\u00e9nye fenntarthat\u00f3s\u00e1gi munkaterv<\/a><\/li>\n<\/ul>\n<p>&nbsp;<\/p>\n","protected":false},"excerpt":{"rendered":"<p>&nbsp;<\/p>\n<p><a href=\"https:\/\/semmelweis.hu\/bokay\/files\/2023\/04\/SZMSZ-SE-Bokay-Janos-Tobbcelu-Szakkepzo-Intezmenye.pdf\">SZMSZ-SE B\u00f3kay J\u00e1nos T\u00f6bbc\u00e9l\u00fa Szakk\u00e9pz\u0151 Int\u00e9zm\u00e9nye<\/a><br \/>\n<a href=\"https:\/\/semmelweis.hu\/bokay\/files\/2025\/10\/BJHazirend2024.pdf\">BJ+H\u00e1zirend+2024<\/a><br \/>\n<a href=\"https:\/\/semmelweis.hu\/bokay\/files\/2025\/02\/Bokay-szakmai-program-24_25.pdf\">B\u00f3kay szakmai program 24_25<\/a><br \/>\n<a href=\"https:\/\/semmelweis.hu\/bokay\/files\/2021\/08\/SE-B\u00f3kay-J\u00e1nos-T\u00f6bbc\u00e9l\u00fa-SZKI-AO-2021.-08.-01..pdf\">ALAP\u00cdT\u00d3 OKIRAT 2021 (pdf.)<\/a><br \/>\n<a href=\"\/bokay\/files\/2020\/07\/ADATKEZEL%C3%89SI-SZAB%C3%81LYZAT-2019-1-1.docx\">ADATKEZEL\u00c9SI SZAB\u00c1LYZAT 2019 <\/a><br \/>\n<a href=\"https:\/\/semmelweis.hu\/bokay\/files\/2021\/05\/E-Kr\u00e9ta-haszn\u00e1lat-szab\u00e1lyzata.pdf\">E-Kr\u00e9ta haszn\u00e1lat szab\u00e1lyzata<\/a><br \/>\n<a href=\"https:\/\/semmelweis.hu\/bokay\/files\/2025\/02\/Esti-orahalo-2024_2025.xlsx\">Esti \u00f3rah\u00e1l\u00f3 2024_2025<\/a><br \/>\n\u00d3ratervi h\u00e1l\u00f3 9-14. \u00e9vfolyam, tanul\u00f3i jogviszonnyal rendelkez\u0151 oszt\u00e1lyok sz\u00e1m\u00e1ra<br \/>\n<a href=\"https:\/\/semmelweis.hu\/bokay\/files\/2023\/04\/Bokay-oratervi-halok-felnottkepzeses-jogviszonyban.xlsx\">Bokay \u00f3ratervi h\u00e1l\u00f3k feln\u0151ttk\u00e9pz\u00e9ses jogviszonyban<\/a><br \/>\n<a href=\"https:\/\/semmelweis.hu\/bokay\/files\/2022\/02\/Semmelweis-Egyetem-Bokay-Janos-Tobbcelu-szakkepzo-Intezmenye-fenntarthatosagi-munkaterve-a-2021.pdf\">Semmelweis Egyetem B\u00f3kay J\u00e1nos T\u00f6bbc\u00e9l\u00fa Szakk\u00e9pz\u0151 Int\u00e9zm\u00e9nye fenntarthat\u00f3s\u00e1gi munkaterv<\/a><\/p>\n<p>&nbsp;<\/p>\n","protected":false},"author":101845,"featured_media":0,"parent":40,"menu_order":3,"comment_status":"closed","ping_status":"closed","template":"","meta":{"_acf_changed":false,"footnotes":""},"categories":[],"tags":[],"class_list":["post-213","page","type-page","status-publish","hentry"],"acf":[],"_links":{"self":[{"href":"https:\/\/semmelweis.hu\/bokay\/wp-json\/wp\/v2\/pages\/213","targetHints":{"allow":["GET"]}}],"collection":[{"href":"https:\/\/semmelweis.hu\/bokay\/wp-json\/wp\/v2\/pages"}],"about":[{"href":"https:\/\/semmelweis.hu\/bokay\/wp-json\/wp\/v2\/types\/page"}],"author":[{"embeddable":true,"href":"https:\/\/semmelweis.hu\/bokay\/wp-json\/wp\/v2\/users\/101845"}],"replies":[{"embeddable":true,"href":"https:\/\/semmelweis.hu\/bokay\/wp-json\/wp\/v2\/comments?post=213"}],"version-history":[{"count":15,"href":"https:\/\/semmelweis.hu\/bokay\/wp-json\/wp\/v2\/pages\/213\/revisions"}],"predecessor-version":[{"id":7546,"href":"https:\/\/semmelweis.hu\/bokay\/wp-json\/wp\/v2\/pages\/213\/revisions\/7546"}],"up":[{"embeddable":true,"href":"https:\/\/semmelweis.hu\/bokay\/wp-json\/wp\/v2\/pages\/40"}],"wp:attachment":[{"href":"https:\/\/semmelweis.hu\/bokay\/wp-json\/wp\/v2\/media?parent=213"}],"wp:term":[{"taxonomy":"category","embeddable":true,"href":"https:\/\/semmelweis.hu\/bokay\/wp-json\/wp\/v2\/categories?post=213"},{"taxonomy":"post_tag","embeddable":true,"href":"https:\/\/semmelweis.hu\/bokay\/wp-json\/wp\/v2\/tags?post=213"}],"curies":[{"name":"wp","href":"https:\/\/api.w.org\/{rel}","templated":true}]}}