{"id":210,"date":"2019-07-05T07:20:46","date_gmt":"2019-07-05T07:20:46","guid":{"rendered":"http:\/\/www.bokaysuli.hu\/?page_id=210"},"modified":"2024-09-18T06:52:07","modified_gmt":"2024-09-18T04:52:07","slug":"az-iskola-alapadatai","status":"publish","type":"page","link":"https:\/\/semmelweis.hu\/bokay\/kozzetetel\/az-iskola-alapadatai\/","title":{"rendered":"Az iskola alapadatai, oszt\u00e1lyok, csoportok"},"content":{"rendered":"<div class=\"responsive-tabs\">\n<h2 class=\"tabtitle\">Alapadatok<\/h2>\n<div class=\"tabcontent\">\n\n<p>Az iskola neve: <strong>Semmelweis Egyetem B\u00f3kay J\u00e1nos T\u00f6bbc\u00e9l\u00fa Szakk\u00e9pz\u0151 Int\u00e9zm\u00e9nye<\/strong><\/p>\n<p>Oktat\u00e1si azonos\u00edt\u00f3ja: <strong>203419<\/strong><\/p>\n<p>C\u00edme: <strong>1086 Budapest, Csob\u00e1nc utca 1.<\/strong><\/p>\n<p>Fenntart\u00f3ja: <strong>SEMMELWEIS EGYETEM<\/strong><\/p>\n<div class=\"keretes w-100\">\n<p><strong>NYITVATART\u00c1S:<\/strong><\/p>\n<p><strong>A tan\u00e9v folyam\u00e1n:<\/strong> h\u00e9tf\u0151t\u0151l p\u00e9ntekig 5.00-21.00 \u00f3r\u00e1ig<br \/>\n<strong>Ny\u00e1ri \u00fcgyelet:<\/strong> minden szerd\u00e1n 8:00-12:00<br \/>\n<strong>Szombaton \u00e9s vas\u00e1rnap z\u00e1rva.<\/strong><\/p>\n<\/div>\n<p><em>A\u00a0229\/2012. (VIII. 28.) Korm. rendelet a nemzeti k\u00f6znevel\u00e9sr\u0151l sz\u00f3l\u00f3 t\u00f6rv\u00e9ny v\u00e9grehajt\u00e1s\u00e1r\u00f3l 23. \u00a7\u00a0(1) e) : az int\u00e9zm\u00e9nyi k\u00f6zz\u00e9t\u00e9teli lista tartalmazza a nevel\u00e9si-oktat\u00e1si int\u00e9zm\u00e9ny nyitva tart\u00e1s\u00e1nak rendj\u00e9t.<\/em><\/p>\n<p>&nbsp;<\/p>\n","protected":false},"excerpt":{"rendered":"<p>Az iskola neve: Semmelweis Egyetem B\u00f3kay J\u00e1nos T\u00f6bbc\u00e9l\u00fa Szakk\u00e9pz\u0151 Int\u00e9zm\u00e9nye Oktat\u00e1si azonos\u00edt\u00f3ja: 203419 C\u00edme: 1086 Budapest, Csob\u00e1nc utca 1. Fenntart\u00f3ja: SEMMELWEIS EGYETEM NYITVATART\u00c1S: A tan\u00e9v folyam\u00e1n: h\u00e9tf\u0151t\u0151l p\u00e9ntekig 5.00-21.00 \u00f3r\u00e1ig Ny\u00e1ri \u00fcgyelet: minden szerd\u00e1n 8:00-12:00 Szombaton \u00e9s vas\u00e1rnap z\u00e1rva. A\u00a0229\/2012. (VIII. 28.) Korm. rendelet a nemzeti k\u00f6znevel\u00e9sr\u0151l sz\u00f3l\u00f3 t\u00f6rv\u00e9ny v\u00e9grehajt\u00e1s\u00e1r\u00f3l 23. \u00a7\u00a0(1) e) : az &hellip;<\/p>\n","protected":false},"author":101845,"featured_media":0,"parent":40,"menu_order":1,"comment_status":"closed","ping_status":"closed","template":"template-fullwidth.php","meta":{"_acf_changed":false,"footnotes":""},"categories":[],"tags":[],"class_list":["post-210","page","type-page","status-publish","hentry"],"acf":[],"_links":{"self":[{"href":"https:\/\/semmelweis.hu\/bokay\/wp-json\/wp\/v2\/pages\/210","targetHints":{"allow":["GET"]}}],"collection":[{"href":"https:\/\/semmelweis.hu\/bokay\/wp-json\/wp\/v2\/pages"}],"about":[{"href":"https:\/\/semmelweis.hu\/bokay\/wp-json\/wp\/v2\/types\/page"}],"author":[{"embeddable":true,"href":"https:\/\/semmelweis.hu\/bokay\/wp-json\/wp\/v2\/users\/101845"}],"replies":[{"embeddable":true,"href":"https:\/\/semmelweis.hu\/bokay\/wp-json\/wp\/v2\/comments?post=210"}],"version-history":[{"count":10,"href":"https:\/\/semmelweis.hu\/bokay\/wp-json\/wp\/v2\/pages\/210\/revisions"}],"predecessor-version":[{"id":6398,"href":"https:\/\/semmelweis.hu\/bokay\/wp-json\/wp\/v2\/pages\/210\/revisions\/6398"}],"up":[{"embeddable":true,"href":"https:\/\/semmelweis.hu\/bokay\/wp-json\/wp\/v2\/pages\/40"}],"wp:attachment":[{"href":"https:\/\/semmelweis.hu\/bokay\/wp-json\/wp\/v2\/media?parent=210"}],"wp:term":[{"taxonomy":"category","embeddable":true,"href":"https:\/\/semmelweis.hu\/bokay\/wp-json\/wp\/v2\/categories?post=210"},{"taxonomy":"post_tag","embeddable":true,"href":"https:\/\/semmelweis.hu\/bokay\/wp-json\/wp\/v2\/tags?post=210"}],"curies":[{"name":"wp","href":"https:\/\/api.w.org\/{rel}","templated":true}]}}