{"id":193,"date":"2019-07-04T20:35:03","date_gmt":"2019-07-04T20:35:03","guid":{"rendered":"http:\/\/www.bokaysuli.hu\/?page_id=193"},"modified":"2020-11-24T12:22:13","modified_gmt":"2020-11-24T11:22:13","slug":"adatvaltozas-bejelentese","status":"publish","type":"page","link":"https:\/\/semmelweis.hu\/bokay\/ugyintezes\/adatvaltozas-bejelentese\/","title":{"rendered":"Adatv\u00e1ltoz\u00e1s bejelent\u00e9se"},"content":{"rendered":"<p>A tanul\u00f3 azoknak az adatoknak a v\u00e1ltoz\u00e1s\u00e1t k\u00f6teles az iskol\u00e1nak bejelenteni, amelyeket az iskola jogszab\u00e1lyi rendelkez\u00e9s alapj\u00e1n nyilv\u00e1n tart. Amennyiben megv\u00e1ltozik<\/p>\n<ul style=\"list-style-type: square;\">\n<li>a tanul\u00f3 neve<\/li>\n<li>\u00e1llampolg\u00e1rs\u00e1ga<\/li>\n<li>lak\u00f3hely\u00e9nek, tart\u00f3zkod\u00e1si hely\u00e9nek c\u00edme,<\/li>\n<li>nem magyar \u00e1llampolg\u00e1r eset\u00e9n a Magyarorsz\u00e1g ter\u00fclet\u00e9n val\u00f3 tart\u00f3zkod\u00e1s jogc\u00edme \u00e9s a tart\u00f3zkod\u00e1sra jogos\u00edt\u00f3 okirat megnevez\u00e9se, sz\u00e1ma,<\/li>\n<li>sz\u00fcl\u0151je, t\u00f6rv\u00e9nyes k\u00e9pvisel\u0151je neve, lak\u00f3helye, tart\u00f3zkod\u00e1si helye, telefonsz\u00e1ma,<\/li>\n<li>SNI-st\u00e1tusz v\u00e1ltoz\u00e1s<\/li>\n<li>tov\u00e1bb\u00e1 azok az adatok, amelyek a jogszab\u00e1lyokban biztos\u00edtott kedvezm\u00e9nyekre val\u00f3 ig\u00e9nyjogosults\u00e1g ( <em>\u00e9tkez\u00e9si kedvezm\u00e9ny, ingyenes tank\u00f6nyvell\u00e1t\u00e1s\u00e1ra vonatkoz\u00f3 jogosults\u00e1g<\/em>, stb.) elb\u00edr\u00e1l\u00e1s\u00e1hoz \u00e9s igazol\u00e1s\u00e1hoz sz\u00fcks\u00e9gesek.<\/li>\n<\/ul>\n<p>Az adatv\u00e1ltoz\u00e1st minden esetben \u00edr\u00e1sban, az igazol\u00f3 dokumentum m\u00e1solat\u00e1t mell\u00e9kelve kell az iskola titk\u00e1rs\u00e1g\u00e1n bejelenteni.<\/p>\n<p>A bejelent\u00e9s elmulaszt\u00e1sa fennakad\u00e1sokat okozhat az iskolai folyamatokban, (pl. \u00e9retts\u00e9gi vizsga, \u00e9rtes\u00edt\u00e9sek k\u00e9zbes\u00edt\u00e9se, kedvezm\u00e9nyre val\u00f3 jogosults\u00e1gok \u00e9rv\u00e9nyes\u00edt\u00e9se).<\/p>\n","protected":false},"excerpt":{"rendered":"<p>A tanul\u00f3 azoknak az adatoknak a v\u00e1ltoz\u00e1s\u00e1t k\u00f6teles az iskol\u00e1nak bejelenteni, amelyeket az iskola jogszab\u00e1lyi rendelkez\u00e9s alapj\u00e1n nyilv\u00e1n tart. Amennyiben megv\u00e1ltozik a tanul\u00f3 neve \u00e1llampolg\u00e1rs\u00e1ga lak\u00f3hely\u00e9nek, tart\u00f3zkod\u00e1si hely\u00e9nek c\u00edme, nem magyar \u00e1llampolg\u00e1r eset\u00e9n a Magyarorsz\u00e1g ter\u00fclet\u00e9n val\u00f3 tart\u00f3zkod\u00e1s jogc\u00edme \u00e9s a tart\u00f3zkod\u00e1sra jogos\u00edt\u00f3 okirat megnevez\u00e9se, sz\u00e1ma, sz\u00fcl\u0151je, t\u00f6rv\u00e9nyes k\u00e9pvisel\u0151je neve, lak\u00f3helye, tart\u00f3zkod\u00e1si helye, telefonsz\u00e1ma, SNI-st\u00e1tusz &hellip;<\/p>\n","protected":false},"author":101845,"featured_media":0,"parent":43,"menu_order":8,"comment_status":"closed","ping_status":"closed","template":"","meta":{"_acf_changed":false,"footnotes":""},"categories":[],"tags":[],"class_list":["post-193","page","type-page","status-publish","hentry"],"acf":[],"_links":{"self":[{"href":"https:\/\/semmelweis.hu\/bokay\/wp-json\/wp\/v2\/pages\/193","targetHints":{"allow":["GET"]}}],"collection":[{"href":"https:\/\/semmelweis.hu\/bokay\/wp-json\/wp\/v2\/pages"}],"about":[{"href":"https:\/\/semmelweis.hu\/bokay\/wp-json\/wp\/v2\/types\/page"}],"author":[{"embeddable":true,"href":"https:\/\/semmelweis.hu\/bokay\/wp-json\/wp\/v2\/users\/101845"}],"replies":[{"embeddable":true,"href":"https:\/\/semmelweis.hu\/bokay\/wp-json\/wp\/v2\/comments?post=193"}],"version-history":[{"count":2,"href":"https:\/\/semmelweis.hu\/bokay\/wp-json\/wp\/v2\/pages\/193\/revisions"}],"predecessor-version":[{"id":3147,"href":"https:\/\/semmelweis.hu\/bokay\/wp-json\/wp\/v2\/pages\/193\/revisions\/3147"}],"up":[{"embeddable":true,"href":"https:\/\/semmelweis.hu\/bokay\/wp-json\/wp\/v2\/pages\/43"}],"wp:attachment":[{"href":"https:\/\/semmelweis.hu\/bokay\/wp-json\/wp\/v2\/media?parent=193"}],"wp:term":[{"taxonomy":"category","embeddable":true,"href":"https:\/\/semmelweis.hu\/bokay\/wp-json\/wp\/v2\/categories?post=193"},{"taxonomy":"post_tag","embeddable":true,"href":"https:\/\/semmelweis.hu\/bokay\/wp-json\/wp\/v2\/tags?post=193"}],"curies":[{"name":"wp","href":"https:\/\/api.w.org\/{rel}","templated":true}]}}