{"id":189,"date":"2019-07-04T20:33:56","date_gmt":"2019-07-04T20:33:56","guid":{"rendered":"http:\/\/www.bokaysuli.hu\/?page_id=189"},"modified":"2020-11-24T12:21:22","modified_gmt":"2020-11-24T11:21:22","slug":"be-es-kiiratkozas-tanuloi-jogviszony","status":"publish","type":"page","link":"https:\/\/semmelweis.hu\/bokay\/ugyintezes\/be-es-kiiratkozas-tanuloi-jogviszony\/","title":{"rendered":"Be- \u00e9s kiiratkoz\u00e1s, tanul\u00f3i jogviszony sz\u00fcneteltet\u00e9se"},"content":{"rendered":"<p>\n\t<strong>M\u00e1sik iskol\u00e1ba j\u00e1r\u00f3 gyermekemet szeretn\u00e9m \u00e1t\u00edratni a B\u00f3kayba:<\/strong>\n<\/p>\n<p>A tanul\u00f3k felv\u00e9tel\u00e9r\u0151l az iskola igazgat\u00f3ja d\u00f6nt. A sz\u00fcl\u0151 az igazgat\u00f3nak c\u00edmzett \u00edr\u00e1sos felv\u00e9teli k\u00e9relmet ad be, amelyben az al\u00e1bbiakat k\u00e9rj\u00fck megjel\u00f6lni:<\/p>\n<ul>\n<li>a sz\u00fcl\u0151 pontos el\u00e9rhet\u0151s\u00e9g\u00e9t (telefon, e-mail)<\/li>\n<li>a tanul\u00f3 melyik \u00e9vfolyam melyik oszt\u00e1ly\u00e1ba k\u00edv\u00e1n jelentkezni (k\u00e9rj\u00fck, t\u00e1j\u00e9koz\u00f3djon a k\u00e9pz\u00e9si form\u00e1kr\u00f3l<\/li>\n<li>Az \u00f3ratervb\u0151l az is kider\u00fcl, hogy felv\u00e9tel eset\u00e9n gyermek\u00e9nek kell-e k\u00fcl\u00f6nb\u00f6zeti vizsg\u00e1t tennie.)<\/li>\n<li>r\u00f6viden indokolja, mi\u00e9rt k\u00edv\u00e1n iskol\u00e1t v\u00e1ltani<\/li>\n<li>a k\u00e9relemhez k\u00e9rj\u00fck az ut\u00f3bbi h\u00e1rom \u00e9v \u00e9vv\u00e9gi bizony\u00edtv\u00e1nym\u00e1solat\u00e1t csatolni.<\/li>\n<\/ul>\n<p>A k\u00e9ttannyelv\u0171 oszt\u00e1lyba csak iskol\u00e1nk tan\u00e1rai el\u0151tt tett nyelvi szintfelm\u00e9r\u0151 vizsg\u00e1n el\u00e9rt megfelel\u0151 eredm\u00e9nnyel ker\u00fclhetnek be a tanul\u00f3k.<br \/>\n\t<br \/>(K\u00e9rj\u00fck, figyeljen, hogy az \u00fcgyint\u00e9z\u00e9s napjai alatt se hi\u00e1nyozzon gyermeke az iskol\u00e1b\u00f3l, mert a mulasztott \u00f3r\u00e1kat is \u201emag\u00e1val hozza\u201d.)<br \/>\n\t<br \/>A felv\u00e9teli k\u00e9relmekre az igazgat\u00f3 8 munkanapon bel\u00fcl v\u00e1laszol.\n<\/p>\n<p>\n\t<strong>Gyermekemet szeretn\u00e9m a B\u00f3kayb\u00f3l ki\u00edratni<\/strong>:\n<\/p>\n<ul style=\"list-style-type: square;\">\n<li>tank\u00f6teles tanul\u00f3 eset\u00e9n a fogad\u00f3 iskol\u00e1t\u00f3l kell egy befogad\u00f3 nyilatkozatot hozni<\/li>\n<li>a sz\u00fcl\u0151 \u00edr\u00e1sban nyilatkozik arr\u00f3l, hogy gyermek\u00e9t szeretn\u00e9 ki\u00edratni<\/li>\n<li>a tanul\u00f3nak rendeznie kell k\u00f6nyvt\u00e1ri tartoz\u00e1s\u00e1t<\/li>\n<li>vissza kell adnia az ingyenesen kapott tank\u00f6nyveit<\/li>\n<li>le kell adnia a di\u00e1kigazolv\u00e1ny\u00e1t<\/li>\n<li>a tanul\u00f3 elbocs\u00e1t\u00f3 pap\u00edrt kap, amely tartalmazza eddigi oszt\u00e1lyzatait, mulaszt\u00e1sait (ezt le kell adni a fogad\u00f3 iskol\u00e1ban)<\/li>\n<li>v\u00e9g\u00fcl a tanul\u00f3 megkapja a bizony\u00edtv\u00e1ny\u00e1t.\u00a0<\/li>\n<\/ul>\n<p>\n\t<strong>Tanul\u00f3i jogviszony sz\u00fcneteltet\u00e9se<\/strong>\n<\/p>\n<p>Tanul\u00f3i jogviszony sz\u00fcneteltet\u00e9se eset\u00e9n a jogviszony ideiglenesen megsz\u0171nik. A tanul\u00f3 ezen id\u0151szak alatt nem jogosult a jogviszonyb\u00f3l ad\u00f3d\u00f3 kedvezm\u00e9nyekre (pl. di\u00e1kigazolv\u00e1ny, egy\u00e9b t\u00e1mogat\u00e1sok).<\/p>\n<p>A jogviszony sz\u00fcneteltet\u00e9s\u00e9nek k\u00e9r\u00e9s\u00e9vel a tanul\u00f3 kinyilv\u00e1n\u00edtja azt a sz\u00e1nd\u00e9k\u00e1t, hogy a k\u00e9pz\u00e9sbe k\u00e9s\u0151bb vissza k\u00edv\u00e1n kapcsol\u00f3dni, \u00e9s az iskola &#8211; amennyiben az aktu\u00e1lis k\u00e9pz\u00e9si szerkezet ezt lehet\u0151v\u00e9 teszi (teh\u00e1t van olyan oszt\u00e1ly, amelyben visszat\u00e9r\u00e9se ut\u00e1n bakapcsol\u00f3dhat), helyet biztos\u00edt sz\u00e1m\u00e1ra a megfelel\u0151 oszt\u00e1lyban.<\/p>\n<p>A jogviszony sz\u00fcneteltet\u00e9s\u00e9t &#8211; amennyiben az egy tan\u00e9vet meghaladja &#8211; \u00e9vente \u00fajra kell k\u00e9relmezni. Amennyiben a tanul\u00f3 nem k\u00e9r hosszabb\u00edt\u00e1st, egy \u00e9vnyi sz\u00fcneteltet\u00e9s ut\u00e1n jogviszonya automatikusan megsz\u0171nik.<\/p>\n<p>A jogviszony sz\u00fcneteltet\u00e9s\u00e9nek indoka a legt\u00f6bb esetben speci\u00e1lis \u00e9lethelyzet (k\u00fclf\u00f6ldre utaz\u00e1s, eg\u00e9szs\u00e9g\u00fcgyi ok, gyermekv\u00e1llal\u00e1s stb).<\/p>\n<p>A jogviszony sz\u00fcneteltet\u00e9s\u00e9t k\u00e9relemben kell megfogalmazni az iskola igazgat\u00f3ja fel\u00e9, amelyben meg kell jel\u00f6lni a sz\u00fcneteltet\u00e9s kezd\u0151, \u00e9s v\u00e1rhat\u00f3 befejez\u0151 id\u0151pontj\u00e1t. A visszakapcsol\u00f3d\u00e1s felt\u00e9telei egy\u00e9ni elb\u00edr\u00e1l\u00e1s al\u00e1 esnek (pl. t\u00f6red\u00e9k-\u00e9vben teljes\u00edtett tanulm\u00e1nyok esetleges besz\u00e1m\u00edt\u00e1sa).<\/p>\n","protected":false},"excerpt":{"rendered":"<p>M\u00e1sik iskol\u00e1ba j\u00e1r\u00f3 gyermekemet szeretn\u00e9m \u00e1t\u00edratni a B\u00f3kayba: A tanul\u00f3k felv\u00e9tel\u00e9r\u0151l az iskola igazgat\u00f3ja d\u00f6nt. A sz\u00fcl\u0151 az igazgat\u00f3nak c\u00edmzett \u00edr\u00e1sos felv\u00e9teli k\u00e9relmet ad be, amelyben az al\u00e1bbiakat k\u00e9rj\u00fck megjel\u00f6lni: a sz\u00fcl\u0151 pontos el\u00e9rhet\u0151s\u00e9g\u00e9t (telefon, e-mail) a tanul\u00f3 melyik \u00e9vfolyam melyik oszt\u00e1ly\u00e1ba k\u00edv\u00e1n jelentkezni (k\u00e9rj\u00fck, t\u00e1j\u00e9koz\u00f3djon a k\u00e9pz\u00e9si form\u00e1kr\u00f3l Az \u00f3ratervb\u0151l az is kider\u00fcl, hogy &hellip;<\/p>\n","protected":false},"author":101845,"featured_media":0,"parent":43,"menu_order":7,"comment_status":"closed","ping_status":"closed","template":"","meta":{"_acf_changed":false,"footnotes":""},"categories":[],"tags":[],"class_list":["post-189","page","type-page","status-publish","hentry"],"acf":[],"_links":{"self":[{"href":"https:\/\/semmelweis.hu\/bokay\/wp-json\/wp\/v2\/pages\/189","targetHints":{"allow":["GET"]}}],"collection":[{"href":"https:\/\/semmelweis.hu\/bokay\/wp-json\/wp\/v2\/pages"}],"about":[{"href":"https:\/\/semmelweis.hu\/bokay\/wp-json\/wp\/v2\/types\/page"}],"author":[{"embeddable":true,"href":"https:\/\/semmelweis.hu\/bokay\/wp-json\/wp\/v2\/users\/101845"}],"replies":[{"embeddable":true,"href":"https:\/\/semmelweis.hu\/bokay\/wp-json\/wp\/v2\/comments?post=189"}],"version-history":[{"count":3,"href":"https:\/\/semmelweis.hu\/bokay\/wp-json\/wp\/v2\/pages\/189\/revisions"}],"predecessor-version":[{"id":3146,"href":"https:\/\/semmelweis.hu\/bokay\/wp-json\/wp\/v2\/pages\/189\/revisions\/3146"}],"up":[{"embeddable":true,"href":"https:\/\/semmelweis.hu\/bokay\/wp-json\/wp\/v2\/pages\/43"}],"wp:attachment":[{"href":"https:\/\/semmelweis.hu\/bokay\/wp-json\/wp\/v2\/media?parent=189"}],"wp:term":[{"taxonomy":"category","embeddable":true,"href":"https:\/\/semmelweis.hu\/bokay\/wp-json\/wp\/v2\/categories?post=189"},{"taxonomy":"post_tag","embeddable":true,"href":"https:\/\/semmelweis.hu\/bokay\/wp-json\/wp\/v2\/tags?post=189"}],"curies":[{"name":"wp","href":"https:\/\/api.w.org\/{rel}","templated":true}]}}