{"id":180,"date":"2019-07-04T20:31:23","date_gmt":"2019-07-04T20:31:23","guid":{"rendered":"http:\/\/www.bokaysuli.hu\/?page_id=180"},"modified":"2024-03-11T08:27:46","modified_gmt":"2024-03-11T07:27:46","slug":"iskolahoz-benyujtott-kerelmek","status":"publish","type":"page","link":"https:\/\/semmelweis.hu\/bokay\/ugyintezes\/iskolahoz-benyujtott-kerelmek\/","title":{"rendered":"Iskol\u00e1hoz beny\u00fajtott k\u00e9relmek"},"content":{"rendered":"<p><strong>Az iskol\u00e1hoz hivatalosan beny\u00fajtott k\u00e9relmekben minden esetben sz\u00edveskedjenek az al\u00e1bbi adatokat megadni:<\/strong><\/p>\n<ul>\n<li>a tanul\u00f3 neve<\/li>\n<li>oszt\u00e1lya<\/li>\n<li>sz\u00fclet\u00e9si helye, ideje,<\/li>\n<li>anyja neve<\/li>\n<li>a k\u00e9relmez\u0151 el\u00e9rhet\u0151s\u00e9gei<\/li>\n<\/ul>\n<p><strong>LET\u00d6LTHET\u0150 K\u00c9RELEM-MINT\u00c1K:<\/strong><\/p>\n<ul style=\"list-style-type: square\">\n<li><a href=\"https:\/\/semmelweis.hu\/bokay\/files\/2024\/03\/NYelvvizsga-beszamitasa.docx\">Nyelvvizsga besz\u00e1m\u00edt\u00e1sa<\/a><\/li>\n<li><a class=\"\" href=\"\/bokay\/files\/2019\/08\/\u00e1tiratkoz\u00e1s.docx\" download=\"\">\u00c1tiratkoz\u00e1s m\u00e1sik oszt\u00e1lyba (docx)<\/a><\/li>\n<li><a class=\"\" href=\"\/bokay\/files\/2019\/08\/\u00e1tiratkoz\u00e1s-isk.docx\" download=\"\">\u00c1tiratkoz\u00e1s m\u00e1sik iskol\u00e1b\u00f3l (docx)<\/a><\/li>\n<li><a href=\"https:\/\/semmelweis.hu\/bokay\/files\/2024\/03\/Rendkivuli-kikero.docx\">Rendk\u00edv\u00fcli kik\u00e9r\u0151<\/a><\/li>\n<li><a href=\"https:\/\/semmelweis.hu\/bokay\/files\/2024\/03\/Tesi-felmentes-tajekoztato.pdf\">Testnevel\u00e9s felment\u00e9s t\u00e1j\u00e9koztat\u00f3<\/a>\n<ul style=\"list-style-type: square\">\n<li><a href=\"https:\/\/semmelweis.hu\/bokay\/files\/2024\/03\/testneveles-felmentes_kerelem-2.pdf\">testnevel\u00e9s felment\u00e9s_k\u00e9relem 2 (pdf)<\/a><\/li>\n<li><a href=\"https:\/\/semmelweis.hu\/bokay\/files\/2024\/03\/testneveles-felmentes_kerelem-2.docx\">testnevel\u00e9s felment\u00e9s_k\u00e9relem 2 (docx)<\/a><\/li>\n<\/ul>\n<\/li>\n<\/ul>\n","protected":false},"excerpt":{"rendered":"<p>Az iskol\u00e1hoz hivatalosan beny\u00fajtott k\u00e9relmekben minden esetben sz\u00edveskedjenek az al\u00e1bbi adatokat megadni:<\/p>\n<p>a tanul\u00f3 neve<br \/>\noszt\u00e1lya<br \/>\nsz\u00fclet\u00e9si helye, ideje,<br \/>\nanyja neve<br \/>\na k\u00e9relmez\u0151 el\u00e9rhet\u0151s\u00e9gei<\/p>\n<p>LET\u00d6LTHET\u0150 K\u00c9RELEM-MINT\u00c1K:<\/p>\n<p><a href=\"https:\/\/semmelweis.hu\/bokay\/files\/2024\/03\/NYelvvizsga-beszamitasa.docx\">Nyelvvizsga besz\u00e1m\u00edt\u00e1sa<\/a><br \/>\n<a class=\"\" href=\"\/bokay\/files\/2019\/08\/\u00e1tiratkoz\u00e1s.docx\" download=\"\">\u00c1tiratkoz\u00e1s m\u00e1sik oszt\u00e1lyba (docx)<\/a><br \/>\n<a class=\"\" href=\"\/bokay\/files\/2019\/08\/\u00e1tiratkoz\u00e1s-isk.docx\" download=\"\">\u00c1tiratkoz\u00e1s m\u00e1sik iskol\u00e1b\u00f3l (docx)<\/a><br \/>\n<a href=\"https:\/\/semmelweis.hu\/bokay\/files\/2024\/03\/Rendkivuli-kikero.docx\">Rendk\u00edv\u00fcli kik\u00e9r\u0151<\/a><br \/>\n<a href=\"https:\/\/semmelweis.hu\/bokay\/files\/2024\/03\/Tesi-felmentes-tajekoztato.pdf\">Testnevel\u00e9s felment\u00e9s t\u00e1j\u00e9koztat\u00f3<\/a><\/p>\n<p><a href=\"https:\/\/semmelweis.hu\/bokay\/files\/2024\/03\/testneveles-felmentes_kerelem-2.pdf\">testnevel\u00e9s felment\u00e9s_k\u00e9relem 2 (pdf)<\/a><br \/>\n<a href=\"https:\/\/semmelweis.hu\/bokay\/files\/2024\/03\/testneveles-felmentes_kerelem-2.docx\">testnevel\u00e9s felment\u00e9s_k\u00e9relem 2 (docx)<\/a><\/p>\n","protected":false},"author":101845,"featured_media":0,"parent":43,"menu_order":3,"comment_status":"closed","ping_status":"closed","template":"","meta":{"_acf_changed":false,"footnotes":""},"categories":[],"tags":[],"class_list":["post-180","page","type-page","status-publish","hentry"],"acf":[],"_links":{"self":[{"href":"https:\/\/semmelweis.hu\/bokay\/wp-json\/wp\/v2\/pages\/180","targetHints":{"allow":["GET"]}}],"collection":[{"href":"https:\/\/semmelweis.hu\/bokay\/wp-json\/wp\/v2\/pages"}],"about":[{"href":"https:\/\/semmelweis.hu\/bokay\/wp-json\/wp\/v2\/types\/page"}],"author":[{"embeddable":true,"href":"https:\/\/semmelweis.hu\/bokay\/wp-json\/wp\/v2\/users\/101845"}],"replies":[{"embeddable":true,"href":"https:\/\/semmelweis.hu\/bokay\/wp-json\/wp\/v2\/comments?post=180"}],"version-history":[{"count":9,"href":"https:\/\/semmelweis.hu\/bokay\/wp-json\/wp\/v2\/pages\/180\/revisions"}],"predecessor-version":[{"id":5998,"href":"https:\/\/semmelweis.hu\/bokay\/wp-json\/wp\/v2\/pages\/180\/revisions\/5998"}],"up":[{"embeddable":true,"href":"https:\/\/semmelweis.hu\/bokay\/wp-json\/wp\/v2\/pages\/43"}],"wp:attachment":[{"href":"https:\/\/semmelweis.hu\/bokay\/wp-json\/wp\/v2\/media?parent=180"}],"wp:term":[{"taxonomy":"category","embeddable":true,"href":"https:\/\/semmelweis.hu\/bokay\/wp-json\/wp\/v2\/categories?post=180"},{"taxonomy":"post_tag","embeddable":true,"href":"https:\/\/semmelweis.hu\/bokay\/wp-json\/wp\/v2\/tags?post=180"}],"curies":[{"name":"wp","href":"https:\/\/api.w.org\/{rel}","templated":true}]}}