{"id":177,"date":"2019-07-04T20:30:51","date_gmt":"2019-07-04T20:30:51","guid":{"rendered":"http:\/\/www.bokaysuli.hu\/?page_id=177"},"modified":"2025-10-11T09:32:13","modified_gmt":"2025-10-11T07:32:13","slug":"e-ellenorzo","status":"publish","type":"page","link":"https:\/\/semmelweis.hu\/bokay\/ugyintezes\/e-ellenorzo\/","title":{"rendered":"e-ellen\u0151rz\u0151"},"content":{"rendered":"<p style=\"text-align: left\"><strong><a href=\"https:\/\/bvszc-bokay.e-kreta.hu\/Adminisztracio\/Login\" target=\"_blank\" rel=\"noopener noreferrer\">KR\u00c9TA NAPL\u00d3 BEL\u00c9P\u00c9S<\/a><\/strong><\/p>\n<p style=\"text-align: left\">Amennyiben nem tud bel\u00e9pni, elfelejtette a jelszav\u00e1t, vagy nem kapott bel\u00e9p\u00e9si adatokat, k\u00e9rjen hozz\u00e1f\u00e9r\u00e9st (alul, gondvisel\u0151i hozz\u00e1f\u00e9r\u00e9s ig\u00e9nyl\u00e9s\u00e9vel, adatai megad\u00e1s\u00e1val).<\/p>\n<p>&nbsp;<\/p>\n<p>&nbsp;<\/p>\n","protected":false},"excerpt":{"rendered":"<p><a href=\"https:\/\/bvszc-bokay.e-kreta.hu\/Adminisztracio\/Login\" target=\"_blank\" rel=\"noopener noreferrer\">KR\u00c9TA NAPL\u00d3 BEL\u00c9P\u00c9S<\/a><br \/>\nAmennyiben nem tud bel\u00e9pni, elfelejtette a jelszav\u00e1t, vagy nem kapott bel\u00e9p\u00e9si adatokat, k\u00e9rjen hozz\u00e1f\u00e9r\u00e9st (alul, gondvisel\u0151i hozz\u00e1f\u00e9r\u00e9s ig\u00e9nyl\u00e9s\u00e9vel, adatai megad\u00e1s\u00e1val).<br \/>\n&nbsp;<br \/>\n&nbsp;<\/p>\n","protected":false},"author":101845,"featured_media":0,"parent":43,"menu_order":2,"comment_status":"closed","ping_status":"closed","template":"","meta":{"_acf_changed":false,"footnotes":""},"categories":[],"tags":[],"class_list":["post-177","page","type-page","status-publish","hentry"],"acf":[],"_links":{"self":[{"href":"https:\/\/semmelweis.hu\/bokay\/wp-json\/wp\/v2\/pages\/177","targetHints":{"allow":["GET"]}}],"collection":[{"href":"https:\/\/semmelweis.hu\/bokay\/wp-json\/wp\/v2\/pages"}],"about":[{"href":"https:\/\/semmelweis.hu\/bokay\/wp-json\/wp\/v2\/types\/page"}],"author":[{"embeddable":true,"href":"https:\/\/semmelweis.hu\/bokay\/wp-json\/wp\/v2\/users\/101845"}],"replies":[{"embeddable":true,"href":"https:\/\/semmelweis.hu\/bokay\/wp-json\/wp\/v2\/comments?post=177"}],"version-history":[{"count":8,"href":"https:\/\/semmelweis.hu\/bokay\/wp-json\/wp\/v2\/pages\/177\/revisions"}],"predecessor-version":[{"id":7503,"href":"https:\/\/semmelweis.hu\/bokay\/wp-json\/wp\/v2\/pages\/177\/revisions\/7503"}],"up":[{"embeddable":true,"href":"https:\/\/semmelweis.hu\/bokay\/wp-json\/wp\/v2\/pages\/43"}],"wp:attachment":[{"href":"https:\/\/semmelweis.hu\/bokay\/wp-json\/wp\/v2\/media?parent=177"}],"wp:term":[{"taxonomy":"category","embeddable":true,"href":"https:\/\/semmelweis.hu\/bokay\/wp-json\/wp\/v2\/categories?post=177"},{"taxonomy":"post_tag","embeddable":true,"href":"https:\/\/semmelweis.hu\/bokay\/wp-json\/wp\/v2\/tags?post=177"}],"curies":[{"name":"wp","href":"https:\/\/api.w.org\/{rel}","templated":true}]}}