{"id":174,"date":"2019-07-04T20:30:29","date_gmt":"2019-07-04T20:30:29","guid":{"rendered":"http:\/\/www.bokaysuli.hu\/?page_id=174"},"modified":"2025-11-24T15:05:58","modified_gmt":"2025-11-24T14:05:58","slug":"elveszett-bizonyitvany-potlasa","status":"publish","type":"page","link":"https:\/\/semmelweis.hu\/bokay\/ugyintezes\/elveszett-bizonyitvany-potlasa\/","title":{"rendered":"Elveszett bizony\u00edtv\u00e1ny p\u00f3tl\u00e1sa"},"content":{"rendered":"<p><strong>Bizony\u00edtv\u00e1ny m\u00e1sodlat (szakmai \u00e9s \u00e9retts\u00e9gi) ig\u00e9nyl\u00e9se eset\u00e9n k\u00e9rj\u00fck az al\u00e1bbi adatokat megadni: (nyugd\u00edjhoz is)<\/strong><\/p>\n<ul style=\"list-style-type: square\">\n<li>A bizony\u00edtv\u00e1nyban szerepl\u0151 n\u00e9v<\/li>\n<li>Sz\u00fclet\u00e9si hely<\/li>\n<li>Sz\u00fclet\u00e9si id\u0151<\/li>\n<li>Anyja neve<\/li>\n<li>Nappali vagy esti k\u00e9pz\u00e9s volt-e?<\/li>\n<li>Bizony\u00edtv\u00e1ny megszerz\u00e9s\u00e9nek \u00e9ve<\/li>\n<li>Melyik int\u00e9zm\u00e9nyben szerezte (B\u00f3kay, Batthy\u00e1ny-Strattmann; K\u00e1llai \u00c9va)<\/li>\n<li>Milyen t\u00edpus\u00fa m\u00e1sodlatot k\u00e9r:<\/li>\n<\/ul>\n<ol>\n<li style=\"list-style-type: none\">\n<ul>\n<li><em>\u00e9vk\u00f6zi bizony\u00edtv\u00e1ny (mett\u0151l meddig tan\u00e9v)<\/em><\/li>\n<li><em>\u00e9retts\u00e9gi vagy szakmai vizsgabizony\u00edtv\u00e1ny (melyik \u00e9vben szerezte); k\u00e9pes\u00edt\u0151 vizsga vagy szakmai vizsgabizony\u00edtv\u00e1ny eset\u00e9n a szakma megnev<\/em>ez\u00e9se<\/li>\n<\/ul>\n<\/li>\n<\/ol>\n<p class=\"\"><strong>Europass ig\u00e9nyl\u00e9se eset\u00e9n:<\/strong><\/p>\n<ul style=\"list-style-type: square\">\n<li>Az OKJ-s bizony\u00edtv\u00e1ny m\u00e1solat\u00e1nak megk\u00fcld\u00e9se sz\u00fcks\u00e9ges<\/li>\n<li>\u00c9retts\u00e9gi bizony\u00edtv\u00e1ny<\/li>\n<li>Sz\u00fclet\u00e9si hely<\/li>\n<li>Sz\u00fclet\u00e9si id\u0151<\/li>\n<li>Anyja neve<\/li>\n<li>Nappali vagy esti k\u00e9pz\u00e9sben vett r\u00e9szt?<\/li>\n<\/ul>\n<p><strong>Tanulm\u00e1nyok igazol\u00e1sa eset\u00e9n (nyugd\u00edjhoz):<\/strong><\/p>\n<p class=\"\">K\u00e9relm\u00e9t a <a href=\"mailto:titkarsag.bokay@semmelweis-univ.hu\">titkarsag.bokay@semmelweis.hu<\/a> e-mail c\u00edmre sz\u00edveskedjen eljuttatni.<\/p>\n<p>\u00dcgyint\u00e9z\u00e9si id\u0151: 30 nap<\/p>\n<p><strong>K\u00f6lts\u00e9gek:<\/strong><\/p>\n<p>\u00c9retts\u00e9gi bizony\u00edtv\u00e1ny m\u00e1sodlat: 3000,-<\/p>\n<p>Szakmai bizony\u00edtv\u00e1ny m\u00e1sodlat: 10.000,-<\/p>\n<p>&nbsp;<\/p>\n<p>&nbsp;<\/p>\n","protected":false},"excerpt":{"rendered":"<p>Bizony\u00edtv\u00e1ny m\u00e1sodlat (szakmai \u00e9s \u00e9retts\u00e9gi) ig\u00e9nyl\u00e9se eset\u00e9n k\u00e9rj\u00fck az al\u00e1bbi adatokat megadni: (nyugd\u00edjhoz is) A bizony\u00edtv\u00e1nyban szerepl\u0151 n\u00e9v Sz\u00fclet\u00e9si hely Sz\u00fclet\u00e9si id\u0151 Anyja neve Nappali vagy esti k\u00e9pz\u00e9s volt-e? Bizony\u00edtv\u00e1ny megszerz\u00e9s\u00e9nek \u00e9ve Melyik int\u00e9zm\u00e9nyben szerezte (B\u00f3kay, Batthy\u00e1ny-Strattmann; K\u00e1llai \u00c9va) Milyen t\u00edpus\u00fa m\u00e1sodlatot k\u00e9r: \u00e9vk\u00f6zi bizony\u00edtv\u00e1ny (mett\u0151l meddig tan\u00e9v) \u00e9retts\u00e9gi vagy szakmai vizsgabizony\u00edtv\u00e1ny (melyik \u00e9vben szerezte); &hellip;<\/p>\n","protected":false},"author":101845,"featured_media":0,"parent":43,"menu_order":1,"comment_status":"closed","ping_status":"closed","template":"","meta":{"_acf_changed":false,"footnotes":""},"categories":[],"tags":[],"class_list":["post-174","page","type-page","status-publish","hentry"],"acf":[],"_links":{"self":[{"href":"https:\/\/semmelweis.hu\/bokay\/wp-json\/wp\/v2\/pages\/174","targetHints":{"allow":["GET"]}}],"collection":[{"href":"https:\/\/semmelweis.hu\/bokay\/wp-json\/wp\/v2\/pages"}],"about":[{"href":"https:\/\/semmelweis.hu\/bokay\/wp-json\/wp\/v2\/types\/page"}],"author":[{"embeddable":true,"href":"https:\/\/semmelweis.hu\/bokay\/wp-json\/wp\/v2\/users\/101845"}],"replies":[{"embeddable":true,"href":"https:\/\/semmelweis.hu\/bokay\/wp-json\/wp\/v2\/comments?post=174"}],"version-history":[{"count":11,"href":"https:\/\/semmelweis.hu\/bokay\/wp-json\/wp\/v2\/pages\/174\/revisions"}],"predecessor-version":[{"id":7659,"href":"https:\/\/semmelweis.hu\/bokay\/wp-json\/wp\/v2\/pages\/174\/revisions\/7659"}],"up":[{"embeddable":true,"href":"https:\/\/semmelweis.hu\/bokay\/wp-json\/wp\/v2\/pages\/43"}],"wp:attachment":[{"href":"https:\/\/semmelweis.hu\/bokay\/wp-json\/wp\/v2\/media?parent=174"}],"wp:term":[{"taxonomy":"category","embeddable":true,"href":"https:\/\/semmelweis.hu\/bokay\/wp-json\/wp\/v2\/categories?post=174"},{"taxonomy":"post_tag","embeddable":true,"href":"https:\/\/semmelweis.hu\/bokay\/wp-json\/wp\/v2\/tags?post=174"}],"curies":[{"name":"wp","href":"https:\/\/api.w.org\/{rel}","templated":true}]}}