{"id":170,"date":"2019-07-04T20:23:55","date_gmt":"2019-07-04T20:23:55","guid":{"rendered":"http:\/\/www.bokaysuli.hu\/?page_id=170"},"modified":"2026-01-05T17:37:28","modified_gmt":"2026-01-05T16:37:28","slug":"volt-tanuloink-mondtak-irtak","status":"publish","type":"page","link":"https:\/\/semmelweis.hu\/bokay\/felveteli\/volt-tanuloink-mondtak-irtak\/","title":{"rendered":"Volt tanul\u00f3ink mondt\u00e1k\/\u00edrt\u00e1k"},"content":{"rendered":"<p style=\"text-align: justify\">&#8221; <strong>Kedves Tan\u00e1rn\u0151<\/strong>, <strong>Igazgat\u00f3n\u0151! <\/strong><\/p>\n<p style=\"text-align: justify\">Az \u00faj \u00e9v alkalm\u00e1b\u00f3l szeretn\u00e9m sz\u00edvb\u0151l megk\u00f6sz\u00f6nni mindazt, amit \u00e9vek sor\u00e1n kaptam \u00f6nt\u0151l. A biztat\u00e1sa, a <strong>hite \u00e9s a t\u00e1mogat\u00e1sa<\/strong> nemcsak tanulm\u00e1nyaimban seg\u00edtett, hanem abban is, hogy elhiggyem k\u00e9pes vagyok b\u00edzni magamban \u00e9s a saj\u00e1t utamban. Az er\u0151 \u00e9s embers\u00e9g, amellyel mindig m\u00e1sok fel\u00e9 fordult, sz\u00e1momra ma is p\u00e9lda\u00e9rt\u00e9k\u0171. Sokszor adott lend\u00fcletet \u00e9s hitet akkor is, amikor erre tal\u00e1n a legnagyobb sz\u00fcks\u00e9g volt. A t\u00e1mogat\u00e1sa \u00e9s a szavai maradand\u00f3 nyomot hagytak bennem. Hiszem, mindaz a j\u00f3s\u00e1g \u00e9s embers\u00e9g, amit k\u00e9pvisel, odafentr\u0151l is l\u00e1that\u00f3 \u00e9s \u0151rz\u00f6tt.&#8221;<\/p>\n<p>&nbsp;<\/p>\n<p><strong>A CSEREDI\u00c1K-PROGRAM \u00c9S AZ ANGOL NYELV<\/strong> miatt v\u00e1lasztottam ezt az iskol\u00e1t, \u00e9s sok helyen j\u00e1rtam cseredi\u00e1kk\u00e9nt.<\/p>\n<hr \/>\n<p><strong>A LEGT\u00d6BB \u00d3R\u00c1N REND \u00c9S FEGYELEM VAN<\/strong>, persze, van kiv\u00e9tel, de hol nincs\u2026 A minket tan\u00edt\u00f3 tan\u00e1rok j\u00f3l k\u00e9pzettek, seg\u00edt\u0151k\u00e9szek, t\u00f6r\u0151dnek a di\u00e1kokkal \u00e9s m\u00e9g vicceskedni is tudnak \ud83d\ude42 A probl\u00e9m\u00e1immal b\u00e1rmikor b\u00e1rmelyik tan\u00e1rhoz lehetett fordulni, mindig seg\u00edtettek, amennyire csak lehetett. K\u00f6sz\u00f6n\u00f6m sz\u00e9pen az \u00f6sszes minket tan\u00edt\u00f3 tan\u00e1rnak az 5 \u00e9ves munk\u00e1t, tov\u00e1bbi j\u00f3 tan\u00edt\u00e1st!<\/p>\n<hr \/>\n<p><strong>J\u00f3 napot Igazgat\u00f3n\u0151!\u00a0<\/strong><br \/>\nM.P. vagyok, a tavalyi 13.C tanul\u00f3ja, ma voltam bent suliban elk\u00eds\u00e9rni bar\u00e1tn\u0151met, ahogyan \u00e9szre is vette \ud83d\ude42 Csak annyit szeretn\u00e9k \u00edrni, amit Farkas tan\u00e1rn\u0151nek is mondtam, hogy amit itt a B\u00f3kays 5 \u00e9vem alatt tanultam, annak nagyon nagy haszn\u00e1t veszem most a f\u0151sulin, \u00e9s ezt majdnem minden tant\u00e1rgyamra \u00e9rtem &#8211; f\u0151leg a magyar, t\u00f6ri, civiliz\u00e1ci\u00f3 \u00e9s angol, amib\u0151l most b\u0151ven kapok!<br \/>\nK\u00f6sz\u00f6n\u00f6m \u00d6nnek is a munk\u00e1ss\u00e1g\u00e1t, ahogyan minden m\u00e1s tan\u00e1romnak is, \u00e9s a kitart\u00e1st is, ami n\u00e9ha nem volt \u00e9ppen egyszer\u0171 az oszt\u00e1lyban \ud83d\ude42<\/p>\n<hr \/>\n<p style=\"text-align: left\"><strong>SOK V\u00c1LTOZ\u00c1S \u00c9RT MINKET AZ \u00c9VEK ALATT<\/strong>, 10. oszt\u00e1lyosok voltunk, amikor kider\u00fclt, hogy az iskol\u00e1nk bez\u00e1r\u00e1sra ker\u00fcl, mi di\u00e1kok \u00e9s tan\u00e1raink megpr\u00f3b\u00e1ltuk elker\u00fclni az elker\u00fclhetetlent, de az iskol\u00e1t bez\u00e1rt\u00e1k, a B\u00f3kay J\u00e1nos Hum\u00e1n K\u00e9ttannyelv\u0171 Szakk\u00f6z\u00e9piskola, Szakiskola \u00e9s Gimn\u00e1ziummal vont\u00e1k \u00f6ssze.<br \/>\nAz oszt\u00e1lyt ezen tan\u00e9v szeptember\u00e9ben \u00fajabb meglepet\u00e9sk\u00e9nt \u00e9rte, kor\u00e1bbi oszt\u00e1lyf\u0151n\u00f6k\u00fcnk nyugd\u00edjba vonul\u00e1sa miatt a m\u00e1r kor\u00e1ban eml\u00edtett szeretett magyartan\u00e1rn\u0151 (Kov\u00e1chn\u00e9 dr. Sebesty\u00e9n Csilla) vette \u00e1t a hely\u00e9t, aki v\u00e9gig a bez\u00e1r\u00e1s alatt biztatott minket, hogy egy\u00fctt maradunk, \u00e9s pozit\u00edvan \u00e1lljunk ehhez az id\u0151szakhoz.<br \/>\nTeh\u00e1t a k\u00f6z\u00e9piskola 4. \u00e9v\u00e9t v\u00e9gz\u0151sk\u00e9nt \u00faj iskola\u00e9p\u00fcletben, \u00faj szab\u00e1lyokkal (megjegyzem, jogos \u00e9s betarthat\u00f3 szab\u00e1lyok voltak) \u00e9s r\u00e9szben \u00faj tan\u00e1rokkal kezdt\u00fck.<br \/>\nElmondhatom, hogy amit els\u0151sk\u00e9nt megfogadtam a m\u00e1sodik napon, az\u00e9rt a jutalmat az utols\u00f3 tan\u00e9vben kaptam meg, \u00e9s ehhez sz\u00fcks\u00e9g volt a v\u00e1ltoz\u00e1sra, amit pozit\u00edv dologk\u00e9nt \u00e9ltem meg. Mit adott nekem az utols\u00f3 \u00e9v? Remek szakmai tan\u00e1rok seg\u00edts\u00e9g\u00e9vel k\u00e9t orsz\u00e1gos szakmai versenyen vehettem r\u00e9szt. Mind a k\u00e9t versenyen a d\u00f6nt\u0151ig jutottam, amelyek meger\u0151s\u00edtettek a szakma ir\u00e1nti odaad\u00e1somban \u00e9s a tov\u00e1bbtanul\u00e1si terveimben. A munk\u00e1m elismer\u00e9sek\u00e9nt egy plakettet vehettem \u00e1t a ballag\u00e1somon, ami az\u00f3ta is kit\u00fcntetett helyet foglal el a szob\u00e1mban. Jelenleg a Semmelweis Egyetem Eg\u00e9szs\u00e9gtudom\u00e1nyi Kar\u00e1n tanulok v\u00e9d\u0151n\u0151 szakos hallgat\u00f3k\u00e9nt.<\/p>\n<hr \/>\n<p><strong>A MATEKT\u00c1BOR FANTASZTIKUS \u00d6TLET<\/strong><\/p>\n<hr \/>\n<p><strong>FARKAS JUDIT TAN\u00c1RN\u0150<\/strong> nagyon er\u0151s jellem, amire f\u0151leg az als\u00f3bb \u00e9vfolyamra j\u00e1r\u00f3kn\u00e1l, de a v\u00e9gz\u0151s\u00f6kn\u00e9l is nagy sz\u00fcks\u00e9g volt az ir\u00e1ny\u00edt\u00e1sunkban. Ezen k\u00edv\u00fcl kiemeln\u00e9m Vicki Andersont, Kayser Veronik\u00e1t, Csilla n\u00e9nit, Tak\u00e1cs Szilvi\u00e1t, akik mind pedag\u00f3giailag, mind emberileg kiv\u00e1l\u00f3ak \u00e9s nagyon sokat tanultam t\u0151l\u00fck \u00e9s sokat tettek \u00e9rtem.\u00a0<\/p>\n<hr \/>\n<p><strong>A RENGETEG VIZSG\u00c1NAK K\u00d6SZ\u00d6NHET\u0150EN<\/strong> kev\u00e9sb\u00e9 tartok az \u00e9retts\u00e9git\u0151l.<\/p>\n<hr \/>\n<p><strong>KIR\u00c1LYN\u00c9 MOLN\u00c1R EMESE<\/strong> \u00e9rti a gyerekek nyelv\u00e9t.<\/p>\n<hr \/>\n<p><strong>SOKKAL SZIGOR\u00daBBAN VESZIK<\/strong> a k\u00e9s\u00e9seket, valamint a hi\u00e1nyz\u00e1sokat, mint m\u00e1s oktat\u00e1si int\u00e9zm\u00e9nyben.<\/p>\n<hr \/>\n<p><strong>ZILAHY ZSUZSA TAN\u00c1RN\u0150<\/strong> meg\u00e9rtette a probl\u00e9m\u00e1mat, hogy fel vagyok mentve, \u00e9s seg\u00edtett, ahogy csak tudott, hogy megtanuljam az alapokat.<\/p>\n<hr \/>\n<p><strong>\u00daGY \u00c9RZEM, SOKAT FEJL\u0150DTEM ANGOLB\u00d3L<\/strong>, hisz a tan\u00e1rainknak komoly elv\u00e1r\u00e1saik voltak vel\u00fcnk szemben, mindemellett, ha k\u00e9r\u00e9ssel fordultam hozz\u00e1juk, mindig kedvesen, k\u00e9szs\u00e9gesen seg\u00edtettek.\u00a0<\/p>\n<hr \/>\n<p><strong>AZ ISKOLA HANGULATA<\/strong> szempontj\u00e1b\u00f3l pozit\u00edv \u00e9lm\u00e9nyeim vannak. M\u00e1s iskol\u00e1ban, ahol j\u00e1rtam \u00e9s felv\u00e9teliztem 8. oszt\u00e1lyosk\u00e9nt, ott mindenki rideg volt, egy mosolyt se lehetett l\u00e1tni a di\u00e1kok arc\u00e1n. Itt a B\u00f3kayban \u00e1ltal\u00e1ban mindenki nevetg\u00e9l, mosolyog \u00e9s viccel\u0151dik a sz\u00fcnetben.<\/p>\n<hr \/>\n<p><strong>Tegnap este South Park-ot n\u00e9ztem (angolul ), mikor bej\u00f6tt hozz\u00e1m a n\u0151v\u00e9rem \u00e9s megk\u00e9rdezte, hogy &#8216;aztaaa, te ezt felirat n\u00e9lk\u00fcl teljesen meg\u00e9rted?&#8217; Mondom persze, tudod, k\u00e9ttannyelv\u0171be j\u00e1rtam.<\/strong><\/p>\n<hr \/>\n<p><strong>AZ EG\u00c9SZS\u00c9G\u00dcGYBEN SZERETN\u00c9K<\/strong> tov\u00e1bbtanulni, \u00e9s az \u00e9vek alatt nem gondoltam meg magam.\u00a0<\/p>\n<hr \/>\n<p><em>It contributed a lot being confident when looking for job opportunities abroad, and much easier with international friends, I would do the same again.<\/em><\/p>\n<hr \/>\n<p><strong>AZ ELS\u0150 K\u00c9T \u00c9V KICSIT FESZ\u00dcLTEBB<\/strong> volt, \u00e9s az oszt\u00e1ly is m\u00e9g akkor kezdett \u00f6sszekov\u00e1csol\u00f3dni. Ahogy \u00e1ltal\u00e1ban szok\u00e1s, az utols\u00f3 k\u00e9t \u00e9v sz\u00e1momra is a leggyorsabban \u00e9s a legm\u00f3k\u00e1sabban telt el. Nagyon szeretem az oszt\u00e1lyomat. (\u2026) Hib\u00e1ikkal egy\u00fctt \u00e9n a tan\u00e1rokat j\u00f3nak tartottam.\u00a0<\/p>\n<hr \/>\n<p><strong>AZ OSZT\u00c1LYF\u0150N\u00d6K\u00d6M, M\u00dcLLER \u00c9VA<\/strong> mindig ott seg\u00edtett, ahol tudott.\u00a0<\/p>\n<hr \/>\n<p><em>I think I made the right decision when I chose to study in a bilingual class. We were able to speak English quite fluently basically after one or maximum two years, and it only got better as time was passing. Besides speaking the language, we also got knowledge about English speaking cultures, which was not only interesting, but it was very useful for those, who planned to move or work in the UK or the USA, for example. I think there is no better way to learn a language this easy and fast.\u00a0<\/em><\/p>\n<hr \/>\n<p><strong>ELJUTOTTAM ODA<\/strong>, hogy egy l\u00e9p\u00e9ssel k\u00f6zelebb vagyok a c\u00e9lomhoz.\u00a0<\/p>\n<hr \/>\n<p><strong>2005-BEN K\u00d6LT\u00d6ZTEM FEL sz\u00fcleimmel Budapestre<\/strong>. Egy k\u00f6zgazdas\u00e1gi iskol\u00e1ban kezdtem a 9-et, ahol azt hittem \u00e9n vagyok a hib\u00e1s mert nem tudtam beilleszkedni a k\u00f6z\u00f6ss\u00e9gbe. Nagyon rosszul \u00e9reztem magam abban az iskol\u00e1ban, hi\u00e1ba k\u00e9rtem seg\u00edts\u00e9get nem kaptam sehonnan. Ismer\u0151s\u00f6m aj\u00e1nlotta, hogy menjek a B\u00f3kayba, k\u00e9rt\u00fcnk id\u0151pontot az igazgat\u00f3n\u0151t\u0151l, elmes\u00e9lt\u00fck mi is t\u00f6rt\u00e9nt velem az el\u0151z\u0151 suliban. Teljesen meg\u00e9rtettek \u00e9s \u00e1tvettek, nagy \u00f6r\u00f6m\u00f6mre. B\u00e1rmilyen probl\u00e9m\u00e1m is volt, fordulhattam tan\u00e1raimhoz seg\u00edts\u00e9g\u00e9rt, ak\u00e1r lelki, ak\u00e1r tanulm\u00e1nyi k\u00e9rd\u00e9sben is. B\u00e1tran ki merem jelenteni, hogy ez az iskola a lehet\u0151s\u00e9gek t\u00e1rh\u00e1za. A di\u00e1k\u00f6nkorm\u00e1nyzat oszlopos tagja voltam, majd di\u00e1kvezet\u0151 lettem, a tan\u00e1ri kar t\u00e1mogat\u00e1s\u00e1val pedig a F\u0151v\u00e1rosi Di\u00e1k\u00f6nkorm\u00e1nyzatok Sz\u00f6vets\u00e9g\u00e9nek \u00fcgyviv\u0151 tagja voltam, amire nagyon b\u00fcszke vagyok. Ebben az iskol\u00e1ban fontosnak \u00e9rezhetik magukat a di\u00e1kok, mikor a nagy iskola\u00f6sszevon\u00e1sok voltak, vel\u00fcnk, di\u00e1kokkal egy\u00fctt dolgoztak ki minden koncepci\u00f3t \u00e9s nem n\u00e9lk\u00fcl\u00fcnk. Kocs\u00e1rdi tan\u00e1rn\u0151 seg\u00edts\u00e9g\u00e9vel pedig egy F\u0151v\u00e1rosi Szakmai Tanulm\u00e1nyi verseny els\u0151 helyez\u00e9s\u00e9t is magam\u00e9nak tudhatom. A tan\u00e1r-di\u00e1k kapcsolat nem olyan, mint a t\u00f6bbi suliban, persze a tisztelet megvan de \u00e9n ink\u00e1bb bar\u00e1ti viszonynak mondan\u00e1m. 2 \u00e9ve ballagtam el, de mai napig tartom a kapcsolatot volt tan\u00e1raimmal, \u00e9s az oszt\u00e1lyf\u0151n\u00f6k\u00fcnk is m\u00e9g mindig szemmel tart minket, figyeli, merre sodor minket az \u00e9let. \u00c9n nagyon, nagyon szerettem ide j\u00e1rni, \u00e9s mindenkinek aj\u00e1nlani tudom az \u00e9n kis iskol\u00e1mat.<\/p>\n<hr \/>\n<p><strong>A B\u00f3kay k\u00e9ttannyelv\u0171 oktat\u00e1si programj\u00e1nak nulladik \u00e9v\u00e9ben komolyabb nyelvtud\u00e1st saj\u00e1t\u00edtottam el,<\/strong> mint az \u00e1ltal\u00e1nos iskola 8 \u00e9ve alatt, ahol tantest\u00fcleti d\u00f6nt\u00e9s miatt v\u00e1laszt\u00e1som ellen\u00e9re a n\u00e9metes csoportba soroltak be. Kit\u0171n\u0151 tanul\u00f3 voltam mindv\u00e9gig n\u00e9met nyelvb\u0151l is, azonban egy turist\u00e1t nem tudtam \u00fatba igaz\u00edtani, annyira kev\u00e9ss\u00e9 volt \u00e9l\u0151 az a nyelvtud\u00e1s, amit akkor kaptam. Az anyanyelvi \u00f3r\u00e1knak \u00e9s felk\u00e9sz\u00fclt, kiv\u00e1l\u00f3 pedag\u00f3giai \u00e9s szakmai tud\u00e1ssal rendelkez\u0151 tan\u00e1raimnak k\u00f6sz\u00f6nhet\u0151en nemzetk\u00f6zi szinten v\u00e1llalhat\u00f3 kiejt\u00e9ssel \u00e9s magabiztoss\u00e1ggal besz\u00e9lem m\u00e9g mindig az angol nyelvet, pedig az \u00e9retts\u00e9git k\u00f6vet\u0151en nem tanultam tov\u00e1bb nyelvi ter\u00fcleten, \u00e9s munkahelyemen is csak m\u00e1sodlagosan van sz\u00fcks\u00e9g a nyelvtud\u00e1somra. B\u00fcszke vagyok arra, hogy egy olyan j\u00f3l haszn\u00e1lhat\u00f3 tud\u00e1st kaptam, mely seg\u00edt abban is, hogy sz\u00e1momra idegen szakter\u00fcleten s j\u00f3 min\u0151s\u00e9g\u0171 ford\u00edt\u00e1st tudjak k\u00e9sz\u00edteni, hogy megtal\u00e1lom, magabiztosan \u00e9s j\u00f3l haszn\u00e1lom a szakter\u00fclethez kapcsol\u00f3d\u00f3 olyan kifejez\u00e9seket \u00e9s nyelvi finoms\u00e1gokat is, melyekkel kor\u00e1bban nem tal\u00e1lkoztam. Rendk\u00edv\u00fcl hasznosak voltak azok az \u00f3r\u00e1k \u00e9s vizsg\u00e1k is a mai nyelvtud\u00e1som szempontj\u00e1b\u00f3l, ahol egy\u00e9b t\u00e1rgyakat (biol\u00f3gia, matematika, stb.) hallgattunk angol nyelven \u00e9s a sz\u00e1monk\u00e9r\u00e9sek is \u00edgy zajlottak &#8211; k\u00e9nytelenek voltunk minden megszerzett tud\u00e1st azonnal alkalmazni, megtanulni meg\u00e9rtetni magunkat akkor is, ha \u00e9pp nem ismert\u00fck a sz\u00fcks\u00e9ges kifejez\u00e9seket angol nyelven; \u00e9rvelni, k\u00e9rdezni, el\u0151adni, stb. Ezen k\u00edv\u00fcl j\u00f3l j\u00f6n egy a v\u00e1lasztott szakmai ter\u00fclethez kapcsol\u00f3d\u00f3 angol sz\u00f3kincs a magyar mell\u00e9 a fels\u0151oktat\u00e1sban is. A k\u00e9ttannyelv\u0171 program n\u00e9lk\u00fcl a karrieremet illet\u0151en sokkal rosszabb helyzetben lenn\u00e9k most, igaz ez a m\u0171v\u00e9szi p\u00e1ly\u00e1mra \u00e9s a keny\u00e9rkeres\u0151 \u00e1ll\u00e1somra egyar\u00e1nt. (Egy 2005-ben v\u00e9gzett di\u00e1k)<\/p>\n<hr \/>\n<p><em>I live in England, got a job and about to marry and English man. Wouldn&#8217;t have been able to come this far if I didn&#8217;t have those English classes that made me speak the language with confidence.<\/em><\/p>\n<hr \/>\n<p><em>It was a great advantage that I have a Master level language exam. I haven&#8217;t met anybody in University who had this kind of English knowledge. &#8211; In my CV it looks great &#8211; Exchange programmes were the best experiences in my life! I&#8217;ve been in beautiful places and I got to know very nice people. (And I got a lifetime friendship also. I still keep contact with Ana \/when we went to Portugal for 5 days in 2012, she was my partner\/ and she has been in Hungary. We are very good friends and we are planning to meet in Italy in the next year ) &#8211; During school years I could speak with someone who is American, our native teacher, and I think because of this, my pronunciation became quite good comparing to the other Hungarians who speak English.<\/em><\/p>\n","protected":false},"excerpt":{"rendered":"<p>&#8221; Kedves Tan\u00e1rn\u0151, Igazgat\u00f3n\u0151! Az \u00faj \u00e9v alkalm\u00e1b\u00f3l szeretn\u00e9m sz\u00edvb\u0151l megk\u00f6sz\u00f6nni mindazt, amit \u00e9vek sor\u00e1n kaptam \u00f6nt\u0151l. A biztat\u00e1sa, a hite \u00e9s a t\u00e1mogat\u00e1sa nemcsak tanulm\u00e1nyaimban seg\u00edtett, hanem abban is, hogy elhiggyem k\u00e9pes vagyok b\u00edzni magamban \u00e9s a saj\u00e1t utamban. Az er\u0151 \u00e9s embers\u00e9g, amellyel mindig m\u00e1sok fel\u00e9 fordult, sz\u00e1momra ma is p\u00e9lda\u00e9rt\u00e9k\u0171. Sokszor adott &hellip;<\/p>\n","protected":false},"author":101845,"featured_media":0,"parent":3085,"menu_order":6,"comment_status":"closed","ping_status":"closed","template":"","meta":{"_acf_changed":false,"footnotes":""},"categories":[],"tags":[],"class_list":["post-170","page","type-page","status-publish","hentry"],"acf":[],"_links":{"self":[{"href":"https:\/\/semmelweis.hu\/bokay\/wp-json\/wp\/v2\/pages\/170","targetHints":{"allow":["GET"]}}],"collection":[{"href":"https:\/\/semmelweis.hu\/bokay\/wp-json\/wp\/v2\/pages"}],"about":[{"href":"https:\/\/semmelweis.hu\/bokay\/wp-json\/wp\/v2\/types\/page"}],"author":[{"embeddable":true,"href":"https:\/\/semmelweis.hu\/bokay\/wp-json\/wp\/v2\/users\/101845"}],"replies":[{"embeddable":true,"href":"https:\/\/semmelweis.hu\/bokay\/wp-json\/wp\/v2\/comments?post=170"}],"version-history":[{"count":4,"href":"https:\/\/semmelweis.hu\/bokay\/wp-json\/wp\/v2\/pages\/170\/revisions"}],"predecessor-version":[{"id":7717,"href":"https:\/\/semmelweis.hu\/bokay\/wp-json\/wp\/v2\/pages\/170\/revisions\/7717"}],"up":[{"embeddable":true,"href":"https:\/\/semmelweis.hu\/bokay\/wp-json\/wp\/v2\/pages\/3085"}],"wp:attachment":[{"href":"https:\/\/semmelweis.hu\/bokay\/wp-json\/wp\/v2\/media?parent=170"}],"wp:term":[{"taxonomy":"category","embeddable":true,"href":"https:\/\/semmelweis.hu\/bokay\/wp-json\/wp\/v2\/categories?post=170"},{"taxonomy":"post_tag","embeddable":true,"href":"https:\/\/semmelweis.hu\/bokay\/wp-json\/wp\/v2\/tags?post=170"}],"curies":[{"name":"wp","href":"https:\/\/api.w.org\/{rel}","templated":true}]}}