{"id":161,"date":"2019-07-04T20:21:28","date_gmt":"2019-07-04T20:21:28","guid":{"rendered":"http:\/\/www.bokaysuli.hu\/?page_id=161"},"modified":"2025-11-04T14:25:17","modified_gmt":"2025-11-04T13:25:17","slug":"pedagogia-szakgimnazium","status":"publish","type":"page","link":"https:\/\/semmelweis.hu\/bokay\/felveteli\/pedagogia-szakgimnazium\/","title":{"rendered":"SZAKK\u00c9PZ\u0150 ISKOLA &#8211; EG\u00c9SZS\u00c9G\u00dcGYI \u00c1GAZAT"},"content":{"rendered":"<p style=\"text-align: right\">\u00a0<\/p>\n<p style=\"text-align: right\">\u00a0<\/p>\n<div class=\"fontos_div\">\n<p style=\"text-align: left\"><strong>Tagozatk\u00f3d:<\/strong><\/p>\n<h4><span class=\"text-primary bold\">0006 Alap\u00e1pol\u00e1si munkat\u00e1rs<\/span><\/h4>\n<p style=\"text-align: left\">\u00c9retts\u00e9gi n\u00e9lk\u00fcli k\u00e9pz\u00e9s\u00a0<\/p>\n<p><strong>Alap\u00e1pol\u00e1si munkat\u00e1rs<\/strong><\/p>\n<\/div>\n<p>&nbsp;<\/p>\n<p><strong>Mi\u00e9rt ezt a k\u00e9pz\u00e9st v\u00e1laszd?<\/strong><\/p>\n<p>Az alap\u00e1pol\u00e1si munkat\u00e1rs szakember ir\u00e1ny\u00edt\u00e1s\u00e1val k\u00e9pes az int\u00e9zm\u00e9nyi \u00e9s int\u00e9zm\u00e9nyen k\u00edv\u00fcli, a alap\u00e1pol\u00e1si feladatok ell\u00e1t\u00e1s\u00e1ra. Munk\u00e1ja eredm\u00e9nyess\u00e9ge \u00e9rdek\u00e9ben a kliensekkel \u00e9s munkat\u00e1rsaival szem\u00e9lyes kapcsolatokat alak\u00edt ki, vel\u00fck egy\u00fcttm\u0171k\u00f6dik. Ha sz\u00fcks\u00e9ges, baleset vagy hirtelen eg\u00e9szs\u00e9groml\u00e1s eset\u00e9n els\u0151seg\u00e9ly ny\u00fajt\u00e1s\u00e1ra is k\u00e9pes. A munk\u00e1hoz kapcsol\u00f3d\u00f3 adminisztr\u00e1ci\u00f3s feladatokat ell\u00e1tja.<\/p>\n<p>A k\u00e9pz\u00e9s elv\u00e9gz\u00e9se ut\u00e1n lehet\u0151s\u00e9g van 2 \u00e9v alatt az \u00e9retts\u00e9gi vizsga megszerz\u00e9s\u00e9re.<\/p>\n<p>&nbsp;<\/p>\n<p><strong>Szakmai gyakorlathoz gyakorl\u00f3helyet az iskola keres \u00e9s biztos\u00edt!<\/strong><\/p>\n<p>Ahhoz hogy kiv\u00e1l\u00f3 szakemberr\u00e9 v\u00e1lhass, a k\u00f6vetkez\u0151 tant\u00e1rgyakat sz\u00fcks\u00e9ges tanulod p\u00e9ld\u00e1ul:<\/p>\n<ul>\n<li>gy\u00f3gyszerel\u00e9s gyakorlata,<\/li>\n<li>mintav\u00e9teli alapismeretek,<\/li>\n<li>akad\u00e1lyozott ember t\u00e1mogat\u00e1sa,<\/li>\n<li>otthon\u00e1pol\u00e1si praktikumok<\/li>\n<\/ul>\n","protected":false},"excerpt":{"rendered":"<p>\u00a0 \u00a0 Tagozatk\u00f3d: 0006 Alap\u00e1pol\u00e1si munkat\u00e1rs \u00c9retts\u00e9gi n\u00e9lk\u00fcli k\u00e9pz\u00e9s\u00a0 Alap\u00e1pol\u00e1si munkat\u00e1rs &nbsp; Mi\u00e9rt ezt a k\u00e9pz\u00e9st v\u00e1laszd? Az alap\u00e1pol\u00e1si munkat\u00e1rs szakember ir\u00e1ny\u00edt\u00e1s\u00e1val k\u00e9pes az int\u00e9zm\u00e9nyi \u00e9s int\u00e9zm\u00e9nyen k\u00edv\u00fcli, a alap\u00e1pol\u00e1si feladatok ell\u00e1t\u00e1s\u00e1ra. Munk\u00e1ja eredm\u00e9nyess\u00e9ge \u00e9rdek\u00e9ben a kliensekkel \u00e9s munkat\u00e1rsaival szem\u00e9lyes kapcsolatokat alak\u00edt ki, vel\u00fck egy\u00fcttm\u0171k\u00f6dik. Ha sz\u00fcks\u00e9ges, baleset vagy hirtelen eg\u00e9szs\u00e9groml\u00e1s eset\u00e9n els\u0151seg\u00e9ly ny\u00fajt\u00e1s\u00e1ra is &hellip;<\/p>\n","protected":false},"author":101845,"featured_media":0,"parent":3085,"menu_order":5,"comment_status":"closed","ping_status":"closed","template":"","meta":{"_acf_changed":false,"footnotes":""},"categories":[],"tags":[],"class_list":["post-161","page","type-page","status-publish","hentry"],"acf":[],"_links":{"self":[{"href":"https:\/\/semmelweis.hu\/bokay\/wp-json\/wp\/v2\/pages\/161","targetHints":{"allow":["GET"]}}],"collection":[{"href":"https:\/\/semmelweis.hu\/bokay\/wp-json\/wp\/v2\/pages"}],"about":[{"href":"https:\/\/semmelweis.hu\/bokay\/wp-json\/wp\/v2\/types\/page"}],"author":[{"embeddable":true,"href":"https:\/\/semmelweis.hu\/bokay\/wp-json\/wp\/v2\/users\/101845"}],"replies":[{"embeddable":true,"href":"https:\/\/semmelweis.hu\/bokay\/wp-json\/wp\/v2\/comments?post=161"}],"version-history":[{"count":12,"href":"https:\/\/semmelweis.hu\/bokay\/wp-json\/wp\/v2\/pages\/161\/revisions"}],"predecessor-version":[{"id":7590,"href":"https:\/\/semmelweis.hu\/bokay\/wp-json\/wp\/v2\/pages\/161\/revisions\/7590"}],"up":[{"embeddable":true,"href":"https:\/\/semmelweis.hu\/bokay\/wp-json\/wp\/v2\/pages\/3085"}],"wp:attachment":[{"href":"https:\/\/semmelweis.hu\/bokay\/wp-json\/wp\/v2\/media?parent=161"}],"wp:term":[{"taxonomy":"category","embeddable":true,"href":"https:\/\/semmelweis.hu\/bokay\/wp-json\/wp\/v2\/categories?post=161"},{"taxonomy":"post_tag","embeddable":true,"href":"https:\/\/semmelweis.hu\/bokay\/wp-json\/wp\/v2\/tags?post=161"}],"curies":[{"name":"wp","href":"https:\/\/api.w.org\/{rel}","templated":true}]}}