{"id":158,"date":"2019-07-04T20:21:01","date_gmt":"2019-07-04T20:21:01","guid":{"rendered":"http:\/\/www.bokaysuli.hu\/?page_id=158"},"modified":"2025-11-04T14:24:39","modified_gmt":"2025-11-04T13:24:39","slug":"sport-szakgimnazium","status":"publish","type":"page","link":"https:\/\/semmelweis.hu\/bokay\/felveteli\/sport-szakgimnazium\/","title":{"rendered":"Sport \u00e1gazat"},"content":{"rendered":"<div class=\"fontos_div\">\n<p><strong>Tagozatk\u00f3d:\u00a0<\/strong><\/p>\n<p><span style=\"color: #0000ff\">0005 Fitness-wellness instruktor \/ sportedz\u0151 (vizilabda) &#8211; sportszervez\u0151<\/span><\/p>\n<\/div>\n<p><strong>Sport technikum<\/strong><\/p>\n<ul style=\"list-style-type: square\">\n<li>a k\u00f6zismereti t\u00e1rgyak mellett sport-szakmai k\u00e9pz\u00e9s (edz\u00e9selm\u00e9let, sport-anat\u00f3miai ismeretek, gimnasztika elm\u00e9let-gyakorlat, sport-els\u0151seg\u00e9ly)<\/li>\n<li>\u00e9retts\u00e9gire \u00e9p\u00fcl\u0151 szakk\u00e9pz\u00e9s megalapoz\u00e1sa a sport \u00e9s eg\u00e9szs\u00e9g\u00fcgy ter\u00fcletein<\/li>\n<li>szakmai gyakorlat edz\u0151termekben, sport-l\u00e9tes\u00edtm\u00e9nyekben<\/li>\n<li>szakmai \u00e9retts\u00e9gi vizsga = sport \u00e1gazati \u00e9retts\u00e9gi vizsga<\/li>\n<li>emellett felk\u00e9sz\u00edt\u00e9s az akt\u00edv sportol\u00e1ssal, eg\u00e9szs\u00e9ges \u00e9letm\u00f3ddal, kapcsolatos hum\u00e1n p\u00e1ly\u00e1kra (pl.eg\u00e9szs\u00e9gturizmus, wellness-szolg\u00e1ltat\u00e1sok, lelki eg\u00e9szs\u00e9gmeg\u0151rz\u00e9s, t\u00e1pl\u00e1lkoz\u00e1si \u00e9s testedz\u00e9si tan\u00e1csad\u00e1s, a sporttev\u00e9kenys\u00e9gek szervez\u00e9se \u00e9s asszisztenci\u00e1ja)<\/li>\n<li>felv\u00e9teli vizsga n\u00e9lk\u00fcli tov\u00e1bbtanul\u00e1si lehet\u0151s\u00e9g sport \u00e1gazati szakm\u00e1kban: a tanulm\u00e1nyok besz\u00e1m\u00edt\u00e1sa miatt egy tan\u00e9vvel r\u00f6videbb szakk\u00e9pz\u00e9si id\u0151<\/li>\n<li>idegen nyelv: angol vagy n\u00e9met<\/li>\n<\/ul>\n<p><strong>Mi\u00e9rt v\u00e1laszd a B\u00f3kayt?<\/strong><\/p>\n<ul style=\"list-style-type: square\">\n<li>Testnevel\u0151 tan\u00e1raink vizilabdaedz\u0151, gy\u00f3gytorn\u00e1sz k\u00e9pes\u00edt\u00e9ssel is rendelkeznek.\u00a0<\/li>\n<li>T\u00e1mogatjuk az akt\u00edv sport melletti tanul\u00e1st -&gt; <strong><a href=\"https:\/\/semmelweis.hu\/bokay\/ugyintezes\/aktiv-sportolok-tanulmanyainak-tamogatasa\/\">R\u00c9SZLETEK<\/a><\/strong><\/li>\n<li>Iskol\u00e1nk stabil h\u00e1tt\u00e9rrel rendelkez\u0151, dinamikusan fejl\u0151d\u0151 iskola, l\u00e9tsz\u00e1munk az ut\u00f3bbi \u00f6t \u00e9vben megdupl\u00e1z\u00f3dott.<\/li>\n<li>Gondoz\u00e1st biztos\u00edtunk a saj\u00e1tos nevel\u00e9si ig\u00e9ny\u0171 \u00e9s tanul\u00e1si neh\u00e9zs\u00e9ges di\u00e1koknak<\/li>\n<li>Iskol\u00e1nk kiv\u00e1l\u00f3an megk\u00f6zel\u00edthet\u0151 (10 percre a Blaha, a Keleti vagy a K\u00e1lvin t\u00e9r, M2, M3, M4)<\/li>\n<\/ul>\n<p>Az indul\u00f3 oszt\u00e1lyok tanterve, \u00f3raterve, szabadon v\u00e1laszthat\u00f3 foglalkoz\u00e1sai, a szakmai k\u00e9pz\u00e9s az \u00e9vind\u00edt\u00e1skor aktu\u00e1lis jogszab\u00e1lyok szerint alakul.<\/p>\n<p>Jelentkez\u00e9s a rendes felv\u00e9teli elj\u00e1r\u00e1sban, az oszt\u00e1lyf\u0151n\u00f6knek beny\u00fajtott jelentkez\u00e9si lapon.<\/p>\n<p>&nbsp;<\/p>\n<p><a href=\"https:\/\/semmelweis.hu\/bokay\/iskolank\/versenyeredmenyek\/\">Versenyeredm\u00e9nyek \u2013 B\u00f3kay J\u00e1nos T\u00f6bbc\u00e9l\u00fa Szakk\u00e9pz\u0151 Int\u00e9zm\u00e9ny<\/a><\/p>\n","protected":false},"excerpt":{"rendered":"<p>Tagozatk\u00f3d:\u00a0 0005 Fitness-wellness instruktor \/ sportedz\u0151 (vizilabda) &#8211; sportszervez\u0151 Sport technikum a k\u00f6zismereti t\u00e1rgyak mellett sport-szakmai k\u00e9pz\u00e9s (edz\u00e9selm\u00e9let, sport-anat\u00f3miai ismeretek, gimnasztika elm\u00e9let-gyakorlat, sport-els\u0151seg\u00e9ly) \u00e9retts\u00e9gire \u00e9p\u00fcl\u0151 szakk\u00e9pz\u00e9s megalapoz\u00e1sa a sport \u00e9s eg\u00e9szs\u00e9g\u00fcgy ter\u00fcletein szakmai gyakorlat edz\u0151termekben, sport-l\u00e9tes\u00edtm\u00e9nyekben szakmai \u00e9retts\u00e9gi vizsga = sport \u00e1gazati \u00e9retts\u00e9gi vizsga emellett felk\u00e9sz\u00edt\u00e9s az akt\u00edv sportol\u00e1ssal, eg\u00e9szs\u00e9ges \u00e9letm\u00f3ddal, kapcsolatos hum\u00e1n p\u00e1ly\u00e1kra (pl.eg\u00e9szs\u00e9gturizmus, &hellip;<\/p>\n","protected":false},"author":101845,"featured_media":0,"parent":3085,"menu_order":4,"comment_status":"closed","ping_status":"closed","template":"","meta":{"_acf_changed":false,"footnotes":""},"categories":[],"tags":[],"class_list":["post-158","page","type-page","status-publish","hentry"],"acf":[],"_links":{"self":[{"href":"https:\/\/semmelweis.hu\/bokay\/wp-json\/wp\/v2\/pages\/158","targetHints":{"allow":["GET"]}}],"collection":[{"href":"https:\/\/semmelweis.hu\/bokay\/wp-json\/wp\/v2\/pages"}],"about":[{"href":"https:\/\/semmelweis.hu\/bokay\/wp-json\/wp\/v2\/types\/page"}],"author":[{"embeddable":true,"href":"https:\/\/semmelweis.hu\/bokay\/wp-json\/wp\/v2\/users\/101845"}],"replies":[{"embeddable":true,"href":"https:\/\/semmelweis.hu\/bokay\/wp-json\/wp\/v2\/comments?post=158"}],"version-history":[{"count":11,"href":"https:\/\/semmelweis.hu\/bokay\/wp-json\/wp\/v2\/pages\/158\/revisions"}],"predecessor-version":[{"id":7589,"href":"https:\/\/semmelweis.hu\/bokay\/wp-json\/wp\/v2\/pages\/158\/revisions\/7589"}],"up":[{"embeddable":true,"href":"https:\/\/semmelweis.hu\/bokay\/wp-json\/wp\/v2\/pages\/3085"}],"wp:attachment":[{"href":"https:\/\/semmelweis.hu\/bokay\/wp-json\/wp\/v2\/media?parent=158"}],"wp:term":[{"taxonomy":"category","embeddable":true,"href":"https:\/\/semmelweis.hu\/bokay\/wp-json\/wp\/v2\/categories?post=158"},{"taxonomy":"post_tag","embeddable":true,"href":"https:\/\/semmelweis.hu\/bokay\/wp-json\/wp\/v2\/tags?post=158"}],"curies":[{"name":"wp","href":"https:\/\/api.w.org\/{rel}","templated":true}]}}