{"id":155,"date":"2019-07-04T20:20:40","date_gmt":"2019-07-04T20:20:40","guid":{"rendered":"http:\/\/www.bokaysuli.hu\/?page_id=155"},"modified":"2022-10-18T14:25:15","modified_gmt":"2022-10-18T12:25:15","slug":"oteves-ket-tanitasi-nyelvu-egeszsegugyi-szakgimnazium","status":"publish","type":"page","link":"https:\/\/semmelweis.hu\/bokay\/felveteli\/oteves-ket-tanitasi-nyelvu-egeszsegugyi-szakgimnazium\/","title":{"rendered":"K\u00e9t tan\u00edt\u00e1si nyelv\u0171 eg\u00e9szs\u00e9g\u00fcgy \u00e1gazat"},"content":{"rendered":"<div class=\"fontos_div\">\n<p><strong>Tagozatk\u00f3d: <\/strong><\/p>\n<p><span class=\"text-primary bold\">0001 a szakk\u00e9pzetts\u00e9g kimenete(i): eg\u00e9szs\u00e9g\u00fcgyi asszisztens<\/span><\/p>\n<p>&nbsp;<\/p>\n<\/div>\n<p><strong>Piack\u00e9pes szakm\u00e1t szeretn\u00e9l itthon \u00e9s k\u00fclf\u00f6ld\u00f6n?<br \/>\nNyelvvizsg\u00e1t szeretn\u00e9l, \u00e9s nem akarsz mag\u00e1ntan\u00e1rt fizetni?<br \/>\nV\u00e1laszd a k\u00e9t tan\u00edt\u00e1si nyelv\u0171 k\u00e9pz\u00e9s\u00fcnket!<\/strong><\/p>\n<ul style=\"list-style-type: square\">\n<li>Az eg\u00e9szs\u00e9g\u00fcgy k\u00fclf\u00f6ld\u00f6n is az egyik legpiack\u00e9pesebb, \u00e1gazat \u2013 nagy a kereslet a nyelveket besz\u00e9l\u0151 k\u00e9pzett szakemberekre\u00a0<br \/>\na k\u00e9ttannyelv\u0171 oszt\u00e1lyokban az elm\u00falt n\u00e9gy tan\u00e9vben \u00e9retts\u00e9gizett tanul\u00f3ink<\/li>\n<li>81 %-a nyelvvizsg\u00e1t szerzett, 66%-uk fels\u0151fok\u00fa nyelvvizsg\u00e1val z\u00e1rta tanulm\u00e1nyait<\/li>\n<li>tervezett szab\u00e1lyoz\u00e1s alapj\u00e1n 2020-t\u00f3l f\u0151iskolai, egyetemi tanulm\u00e1nyokat csak nyelvvizsg\u00e1val rendelkez\u0151 tanul\u00f3 kezdhet meg.<\/li>\n<li>az \u00e9retts\u00e9givel szakk\u00e9pes\u00edt\u00e9s + fels\u0151fok\u00fa C1 komplex nyelvvizsga szerezhet\u0151 -&gt; amennyiben a tanul\u00f3 sikeres emelt szint\u0171 \u00e9retts\u00e9gi vizsg\u00e1t tesz + k\u00e9t tant\u00e1rgyb\u00f3l idegen nyelven teszi le az \u00e9retts\u00e9gi vizsg\u00e1t.<\/li>\n<li>a matematik\u00e1t \u00e9s a t\u00f6rt\u00e9nelmet a k\u00e9pz\u00e9s teljes ideje alatt angol nyelven tan\u00edtjuk<\/li>\n<li>angol anyanyelv\u0171 tan\u00e1r<\/li>\n<li>k\u00fclf\u00f6ldi di\u00e1kcsere-programok (Olaszorsz\u00e1g, Hollandia)<\/li>\n<li>egyetemi \u00e9s f\u0151iskolai tov\u00e1bbtanul\u00e1s el\u0151k\u00e9sz\u00edt\u00e9se<\/li>\n<li>10. oszt\u00e1ly v\u00e9g\u00e9re a tov\u00e1bb halad\u00e1s felt\u00e9tele a B2 komplex k\u00f6z\u00e9pfok\u00fa nyelvvizsga bizony\u00edtv\u00e1ny megszerz\u00e9se<\/li>\n<\/ul>\n<p><strong>V\u00e1rhat\u00f3 eredm\u00e9nyek:<\/strong><\/p>\n<ul style=\"list-style-type: square\">\n<li>szakmai idegen nyelvvel b\u0151v\u00edtett fels\u0151fok\u00fa nyelvvizsga az \u00e9retts\u00e9givel egy\u00fctt<\/li>\n<li>magas szint\u0171 idegennyelv-tud\u00e1s<\/li>\n<li>emelt szint\u0171 \u00e9retts\u00e9gi v\u00e1lasztott tant\u00e1rgyakb\u00f3l (magyar, t\u00f6rt\u00e9nelem, biol\u00f3gia, \u00e9s egy\u00e9b t\u00e1rgyak ig\u00e9ny szerint) \u2013 ez\u00e1ltal jelent\u0151s t\u00f6bbletpontok szerz\u00e9se<\/li>\n<li>nagyon j\u00f3 fels\u0151fok\u00fa tov\u00e1bbtanul\u00e1si ar\u00e1ny (90%)\u00a0<\/li>\n<\/ul>\n<p>A k\u00e9t tan\u00edt\u00e1si nyelv\u0171 k\u00e9pz\u00e9sre jelentkez\u0151k eset\u00e9ben nem k\u00f6vetelm\u00e9ny az angol nyelv ismerete. Az \u00e9v eleji szintfelm\u00e9r\u00e9s eredm\u00e9nye szerint osztjuk kezd\u0151 \u00e9s halad\u00f3 csoportokra a di\u00e1kokat.<\/p>\n<p>Az indul\u00f3 oszt\u00e1lyok tanterve, \u00f3raterve, szabadon v\u00e1laszthat\u00f3 foglalkoz\u00e1sai, a szakmai k\u00e9pz\u00e9s az \u00e9vind\u00edt\u00e1skor aktu\u00e1lis jogszab\u00e1lyok szerint alakul.<\/p>\n","protected":false},"excerpt":{"rendered":"<p>Tagozatk\u00f3d: 0001 a szakk\u00e9pzetts\u00e9g kimenete(i): eg\u00e9szs\u00e9g\u00fcgyi asszisztens &nbsp; Piack\u00e9pes szakm\u00e1t szeretn\u00e9l itthon \u00e9s k\u00fclf\u00f6ld\u00f6n? Nyelvvizsg\u00e1t szeretn\u00e9l, \u00e9s nem akarsz mag\u00e1ntan\u00e1rt fizetni? V\u00e1laszd a k\u00e9t tan\u00edt\u00e1si nyelv\u0171 k\u00e9pz\u00e9s\u00fcnket! Az eg\u00e9szs\u00e9g\u00fcgy k\u00fclf\u00f6ld\u00f6n is az egyik legpiack\u00e9pesebb, \u00e1gazat \u2013 nagy a kereslet a nyelveket besz\u00e9l\u0151 k\u00e9pzett szakemberekre\u00a0 a k\u00e9ttannyelv\u0171 oszt\u00e1lyokban az elm\u00falt n\u00e9gy tan\u00e9vben \u00e9retts\u00e9gizett tanul\u00f3ink 81 %-a &hellip;<\/p>\n","protected":false},"author":101845,"featured_media":0,"parent":3085,"menu_order":3,"comment_status":"closed","ping_status":"closed","template":"","meta":{"_acf_changed":false,"footnotes":""},"categories":[],"tags":[],"class_list":["post-155","page","type-page","status-publish","hentry"],"acf":[],"_links":{"self":[{"href":"https:\/\/semmelweis.hu\/bokay\/wp-json\/wp\/v2\/pages\/155","targetHints":{"allow":["GET"]}}],"collection":[{"href":"https:\/\/semmelweis.hu\/bokay\/wp-json\/wp\/v2\/pages"}],"about":[{"href":"https:\/\/semmelweis.hu\/bokay\/wp-json\/wp\/v2\/types\/page"}],"author":[{"embeddable":true,"href":"https:\/\/semmelweis.hu\/bokay\/wp-json\/wp\/v2\/users\/101845"}],"replies":[{"embeddable":true,"href":"https:\/\/semmelweis.hu\/bokay\/wp-json\/wp\/v2\/comments?post=155"}],"version-history":[{"count":10,"href":"https:\/\/semmelweis.hu\/bokay\/wp-json\/wp\/v2\/pages\/155\/revisions"}],"predecessor-version":[{"id":4714,"href":"https:\/\/semmelweis.hu\/bokay\/wp-json\/wp\/v2\/pages\/155\/revisions\/4714"}],"up":[{"embeddable":true,"href":"https:\/\/semmelweis.hu\/bokay\/wp-json\/wp\/v2\/pages\/3085"}],"wp:attachment":[{"href":"https:\/\/semmelweis.hu\/bokay\/wp-json\/wp\/v2\/media?parent=155"}],"wp:term":[{"taxonomy":"category","embeddable":true,"href":"https:\/\/semmelweis.hu\/bokay\/wp-json\/wp\/v2\/categories?post=155"},{"taxonomy":"post_tag","embeddable":true,"href":"https:\/\/semmelweis.hu\/bokay\/wp-json\/wp\/v2\/tags?post=155"}],"curies":[{"name":"wp","href":"https:\/\/api.w.org\/{rel}","templated":true}]}}