{"id":1543,"date":"2019-09-21T12:40:41","date_gmt":"2019-09-21T12:40:41","guid":{"rendered":"http:\/\/www.bokaysuli.hu\/?page_id=1543"},"modified":"2020-11-26T08:35:31","modified_gmt":"2020-11-26T07:35:31","slug":"gyermekvedelem","status":"publish","type":"page","link":"https:\/\/semmelweis.hu\/bokay\/tanuloi-oldal\/gyermekvedelem\/","title":{"rendered":"Gyermekv\u00e9delem"},"content":{"rendered":"<p>Kedves Sz\u00fcl\u0151k!<\/p>\n<p><strong>Dr. Maruzsa Zolt\u00e1n<\/strong>\u00a0<strong>\u00far,\u00a0az<\/strong> <strong>Emberi Er\u0151forr\u00e1sok Miniszt\u00e9riuma<\/strong> k<strong>\u00f6znevel\u00e9s\u00e9rt felel\u0151s\u00a0helyettes \u00e1llamtitk\u00e1ra<\/strong>\u00a0lev\u00e9lben fordult a k\u00f6znevel\u00e9si int\u00e9zm\u00e9nyek vezet\u0151ihez, melyben t\u00e1j\u00e9koztatta \u0151ket az al\u00e1bbiakr\u00f3l:<\/p>\n<p><strong>A Korm\u00e1ny az 1488\/2016. (IX. 2.) Korm. hat\u00e1rozattal elfogadta Magyarorsz\u00e1g Digit\u00e1lis Gyermekv\u00e9delmi Strat\u00e9gi\u00e1j\u00e1t. <\/strong><\/p>\n<p>A Strat\u00e9gia egyik c\u00e9lja, hogy a k\u00f6znevel\u00e9si int\u00e9zm\u00e9nyek honlapj\u00e1n naprak\u00e9sz inform\u00e1ci\u00f3k legyenek el\u00e9rhet\u0151k az online gyermekv\u00e9delem ter\u00fclet\u00e9n alkalmazhat\u00f3 jogszab\u00e1lyokr\u00f3l, v\u00e9delmi lehet\u0151s\u00e9gekr\u0151l \u00e9s a m\u00e9diam\u0171velts\u00e9g n\u00f6vel\u00e9s\u00e9t c\u00e9lz\u00f3 programokr\u00f3l.<\/p>\n<p>A Digit\u00e1lis Gyermekv\u00e9delmi Strat\u00e9gia Int\u00e9zked\u00e9si\u00a0 Terve Vl\/3. int\u00e9zked\u00e9s\u00e9hez kapcsol\u00f3d\u00f3an az<\/p>\n<p><strong>Emberi Er\u0151forr\u00e1sok Miniszt\u00e9riuma Szoci\u00e1lpolitik\u00e1\u00e9rt Felel\u0151s Helyettes \u00c1llamtitk\u00e1rs\u00e1g elk\u00e9sz\u00edtette\u00a0<\/strong><em><strong>A magyar gyermekv\u00e9delmi rendszer m\u0171k\u00f6d\u00e9se az online k\u00f6rnyezetben t\u00f6rt\u00e9n\u0151 gyermekvesz\u00e9lyeztet\u00e9s t\u00fckr\u00e9ben<\/strong><\/em><strong>\u00a0c\u00edm\u0171 t\u00e1j\u00e9koztat\u00f3 anyagot<\/strong>.<\/p>\n<p>A dokumentumot a K\u00f6znevel\u00e9s\u00e9rt Felel\u0151s Helyettes \u00c1llamtitk\u00e1rs\u00e1g k\u00e9r\u00e9s\u00e9re az Eszterh\u00e1zy K\u00e1roly Egyetem Oktat\u00e1skutat\u00f3 \u00e9s Fejleszt\u0151 Int\u00e9zet k\u00f6zz\u00e9tette a Nemzeti K\u00f6znevel\u00e9si Port\u00e1lon.<\/p>\n<p>K\u00e9rte az int\u00e9zm\u00e9nyvezet\u0151ket, hogy a t\u00e1j\u00e9koztat\u00f3 anyagot tegy\u00e9k k\u00f6zz\u00e9 a k\u00f6znevel\u00e9si int\u00e9zm\u00e9ny honlapj\u00e1n.<\/p>\n<p>Az anyag let\u00f6lthet\u0151 itt:<\/p>\n<div class=\"wp-block-file\"><strong><a class=\"\" href=\"\/bokay\/files\/2019\/09\/gyermekv\u00e9d.pdf\" download=\"\">Dokumentum let\u00f6lt\u00e9se<\/a><\/strong><\/div>\n","protected":false},"excerpt":{"rendered":"<p>Kedves Sz\u00fcl\u0151k! Dr. Maruzsa Zolt\u00e1n\u00a0\u00far,\u00a0az Emberi Er\u0151forr\u00e1sok Miniszt\u00e9riuma k\u00f6znevel\u00e9s\u00e9rt felel\u0151s\u00a0helyettes \u00e1llamtitk\u00e1ra\u00a0lev\u00e9lben fordult a k\u00f6znevel\u00e9si int\u00e9zm\u00e9nyek vezet\u0151ihez, melyben t\u00e1j\u00e9koztatta \u0151ket az al\u00e1bbiakr\u00f3l: A Korm\u00e1ny az 1488\/2016. (IX. 2.) Korm. hat\u00e1rozattal elfogadta Magyarorsz\u00e1g Digit\u00e1lis Gyermekv\u00e9delmi Strat\u00e9gi\u00e1j\u00e1t. A Strat\u00e9gia egyik c\u00e9lja, hogy a k\u00f6znevel\u00e9si int\u00e9zm\u00e9nyek honlapj\u00e1n naprak\u00e9sz inform\u00e1ci\u00f3k legyenek el\u00e9rhet\u0151k az online gyermekv\u00e9delem ter\u00fclet\u00e9n alkalmazhat\u00f3 jogszab\u00e1lyokr\u00f3l, v\u00e9delmi lehet\u0151s\u00e9gekr\u0151l &hellip;<\/p>\n","protected":false},"author":101845,"featured_media":0,"parent":196,"menu_order":6,"comment_status":"closed","ping_status":"closed","template":"","meta":{"_acf_changed":false,"footnotes":""},"categories":[],"tags":[],"class_list":["post-1543","page","type-page","status-publish","hentry"],"acf":[],"_links":{"self":[{"href":"https:\/\/semmelweis.hu\/bokay\/wp-json\/wp\/v2\/pages\/1543","targetHints":{"allow":["GET"]}}],"collection":[{"href":"https:\/\/semmelweis.hu\/bokay\/wp-json\/wp\/v2\/pages"}],"about":[{"href":"https:\/\/semmelweis.hu\/bokay\/wp-json\/wp\/v2\/types\/page"}],"author":[{"embeddable":true,"href":"https:\/\/semmelweis.hu\/bokay\/wp-json\/wp\/v2\/users\/101845"}],"replies":[{"embeddable":true,"href":"https:\/\/semmelweis.hu\/bokay\/wp-json\/wp\/v2\/comments?post=1543"}],"version-history":[{"count":4,"href":"https:\/\/semmelweis.hu\/bokay\/wp-json\/wp\/v2\/pages\/1543\/revisions"}],"predecessor-version":[{"id":3396,"href":"https:\/\/semmelweis.hu\/bokay\/wp-json\/wp\/v2\/pages\/1543\/revisions\/3396"}],"up":[{"embeddable":true,"href":"https:\/\/semmelweis.hu\/bokay\/wp-json\/wp\/v2\/pages\/196"}],"wp:attachment":[{"href":"https:\/\/semmelweis.hu\/bokay\/wp-json\/wp\/v2\/media?parent=1543"}],"wp:term":[{"taxonomy":"category","embeddable":true,"href":"https:\/\/semmelweis.hu\/bokay\/wp-json\/wp\/v2\/categories?post=1543"},{"taxonomy":"post_tag","embeddable":true,"href":"https:\/\/semmelweis.hu\/bokay\/wp-json\/wp\/v2\/tags?post=1543"}],"curies":[{"name":"wp","href":"https:\/\/api.w.org\/{rel}","templated":true}]}}