{"id":152,"date":"2019-07-04T20:20:07","date_gmt":"2019-07-04T20:20:07","guid":{"rendered":"http:\/\/www.bokaysuli.hu\/?page_id=152"},"modified":"2025-11-04T14:22:37","modified_gmt":"2025-11-04T13:22:37","slug":"negyeves-egeszsegugyi-szakgimnazium","status":"publish","type":"page","link":"https:\/\/semmelweis.hu\/bokay\/felveteli\/negyeves-egeszsegugyi-szakgimnazium\/","title":{"rendered":"Eg\u00e9szs\u00e9g\u00fcgyi technikum"},"content":{"rendered":"<div class=\"fontos_div\">\n<p><strong>Tagozatk\u00f3d:<\/strong><\/p>\n<p><span style=\"color: #0000ff\">0002 hat \u00e9ves k\u00e9pz\u00e9s eset\u00e9n: okleveles \u00e1ltal\u00e1nos \u00e1pol\u00f3<\/span><\/p>\n<p><span style=\"color: #0000ff\"><span style=\"background-color: transparent\">0003 hat \u00e9ves k\u00e9pz\u00e9s eset\u00e9n \u00e1ltal\u00e1nos \u00e1pol\u00f3<\/span><\/span><\/p>\n<p><span style=\"color: #0000ff\">0004 \u00f6t \u00e9ves k\u00e9pz\u00e9s eset\u00e9n a szakk\u00e9pzetts\u00e9g kimenetei: csecsem\u0151,- \u00e9s gyermek\u00e1pol\u00f3, eg\u00e9szs\u00e9g\u00fcgyi asszisztens<\/span><\/p>\n<p><span style=\"color: #007bff\"><span style=\"color: #0000ff\">0006 h\u00e1rom \u00e9ves k\u00e9pz\u00e9s eset\u00e9n:<\/span> <a href=\"https:\/\/semmelweis.hu\/bokay\/files\/2022\/10\/Alapapolasi-munkatars-2.pdf\">Alap\u00e1pol\u00e1si munkat\u00e1rs <\/a><\/span><\/p>\n<\/div>\n<p class=\"&quot;\"><strong>Mi\u00e9rt v\u00e1laszd az eg\u00e9szs\u00e9g\u00fcgyi k\u00e9pz\u00e9st?<\/strong><\/p>\n<ul style=\"list-style-type: square\">\n<li>Magyarorsz\u00e1gon \u00e9s k\u00fclf\u00f6ld\u00f6n is az egyik legpiack\u00e9pesebb, \u00e1gazat \u2013 nagy a kereslet a k\u00e9pzett szakemberekre\u00a0<\/li>\n<\/ul>\n<ul style=\"list-style-type: square\">\n<li>Az \u00e9retts\u00e9gi vizsg\u00e1val szakk\u00e9pes\u00edt\u00e9st kapsz, ami azonnali munk\u00e1ba \u00e1ll\u00e1st is lehet\u0151v\u00e9 tesz.<\/li>\n<\/ul>\n<ul style=\"list-style-type: square\">\n<li>Az \u00f6t \u00e9ves k\u00e9pz\u00e9s ut\u00e1n felv\u00e9teli vizsga n\u00e9lk\u00fcli tanulhatsz tov\u00e1bb az eg\u00e9szs\u00e9g\u00fcgyi szakm\u00e1kban: a tanulm\u00e1nyok besz\u00e1m\u00edt\u00e1sa miatt egy tan\u00e9vvel r\u00f6videbb id\u0151 alatt szerezhetsz szakm\u00e1t, p\u00e9ld\u00e1ul:\u00a0 \u00e1ltal\u00e1nos \u00e1pol\u00f3, csecsem\u0151- \u00e9s gyermek\u00e1pol\u00f3, fog\u00e1szati asszisztens, radiogr\u00e1fiai asszisztens.<\/li>\n<\/ul>\n<ul style=\"list-style-type: square\">\n<li>A hagyom\u00e1nyos szakm\u00e1kon k\u00edv\u00fcl az eg\u00e9szs\u00e9ggel, \u00e9letm\u00f3ddal kapcsolatos hum\u00e1n p\u00e1ly\u00e1kra is felk\u00e9sz\u00edt\u00fcnk pl. gyermek\u00e1pol\u00e1s, gy\u00f3gytorna, eg\u00e9szs\u00e9gturizmus, wellness-szolg\u00e1ltat\u00e1sok, lelki eg\u00e9szs\u00e9gmeg\u0151rz\u00e9s, t\u00e1pl\u00e1lkoz\u00e1si tan\u00e1csad\u00e1s, stb.)<\/li>\n<\/ul>\n<ul style=\"list-style-type: square\">\n<li>A szakmai gyakorlatok a Semmelweis Egyetem kiv\u00e1l\u00f3 infrastrukt\u00far\u00e1val, szakmailag felk\u00e9sz\u00fclt oktat\u00f3ival a Klinik\u00e1kon folynak.<\/li>\n<\/ul>\n<p>&nbsp;<\/p>\n","protected":false},"excerpt":{"rendered":"<p>Tagozatk\u00f3d: 0002 hat \u00e9ves k\u00e9pz\u00e9s eset\u00e9n: okleveles \u00e1ltal\u00e1nos \u00e1pol\u00f3 0003 hat \u00e9ves k\u00e9pz\u00e9s eset\u00e9n \u00e1ltal\u00e1nos \u00e1pol\u00f3 0004 \u00f6t \u00e9ves k\u00e9pz\u00e9s eset\u00e9n a szakk\u00e9pzetts\u00e9g kimenetei: csecsem\u0151,- \u00e9s gyermek\u00e1pol\u00f3, eg\u00e9szs\u00e9g\u00fcgyi asszisztens 0006 h\u00e1rom \u00e9ves k\u00e9pz\u00e9s eset\u00e9n: <a href=\"https:\/\/semmelweis.hu\/bokay\/files\/2022\/10\/Alapapolasi-munkatars-2.pdf\">Alap\u00e1pol\u00e1si munkat\u00e1rs <\/a> Mi\u00e9rt v\u00e1laszd az eg\u00e9szs\u00e9g\u00fcgyi k\u00e9pz\u00e9st? Magyarorsz\u00e1gon \u00e9s k\u00fclf\u00f6ld\u00f6n is az egyik legpiack\u00e9pesebb, \u00e1gazat \u2013 nagy a kereslet a k\u00e9pzett szakemberekre\u00a0 Az &hellip;<\/p>\n","protected":false},"author":101845,"featured_media":0,"parent":3085,"menu_order":2,"comment_status":"closed","ping_status":"closed","template":"","meta":{"_acf_changed":false,"footnotes":""},"categories":[],"tags":[],"class_list":["post-152","page","type-page","status-publish","hentry"],"acf":[],"_links":{"self":[{"href":"https:\/\/semmelweis.hu\/bokay\/wp-json\/wp\/v2\/pages\/152","targetHints":{"allow":["GET"]}}],"collection":[{"href":"https:\/\/semmelweis.hu\/bokay\/wp-json\/wp\/v2\/pages"}],"about":[{"href":"https:\/\/semmelweis.hu\/bokay\/wp-json\/wp\/v2\/types\/page"}],"author":[{"embeddable":true,"href":"https:\/\/semmelweis.hu\/bokay\/wp-json\/wp\/v2\/users\/101845"}],"replies":[{"embeddable":true,"href":"https:\/\/semmelweis.hu\/bokay\/wp-json\/wp\/v2\/comments?post=152"}],"version-history":[{"count":11,"href":"https:\/\/semmelweis.hu\/bokay\/wp-json\/wp\/v2\/pages\/152\/revisions"}],"predecessor-version":[{"id":7586,"href":"https:\/\/semmelweis.hu\/bokay\/wp-json\/wp\/v2\/pages\/152\/revisions\/7586"}],"up":[{"embeddable":true,"href":"https:\/\/semmelweis.hu\/bokay\/wp-json\/wp\/v2\/pages\/3085"}],"wp:attachment":[{"href":"https:\/\/semmelweis.hu\/bokay\/wp-json\/wp\/v2\/media?parent=152"}],"wp:term":[{"taxonomy":"category","embeddable":true,"href":"https:\/\/semmelweis.hu\/bokay\/wp-json\/wp\/v2\/categories?post=152"},{"taxonomy":"post_tag","embeddable":true,"href":"https:\/\/semmelweis.hu\/bokay\/wp-json\/wp\/v2\/tags?post=152"}],"curies":[{"name":"wp","href":"https:\/\/api.w.org\/{rel}","templated":true}]}}