{"id":138,"date":"2019-07-04T20:08:50","date_gmt":"2019-07-04T20:08:50","guid":{"rendered":"http:\/\/www.bokaysuli.hu\/?page_id=138"},"modified":"2025-11-03T13:28:19","modified_gmt":"2025-11-03T12:28:19","slug":"diakonkormanyzat","status":"publish","type":"page","link":"https:\/\/semmelweis.hu\/bokay\/tanuloi-oldal\/diakonkormanyzat\/","title":{"rendered":"Di\u00e1k\u00f6nkorm\u00e1nyzat"},"content":{"rendered":"<p><span style=\"font-size: 24pt\">A B\u00f3kay-s D\u00d6K<\/span><\/p>\n<p>&nbsp;<\/p>\n<p>K\u00e9t \u00e9ve felpezsd\u00fclt az \u00e9let a D\u00d6K -ben. Sz\u00e1mos kor\u00e1bbi hagyom\u00e1nyt \u00e9lesztett\u00fcnk \u00fajra. Oszt\u00e1lyonk\u00e9nt k\u00e9t f\u0151 k\u00e9pviseli a di\u00e1ks\u00e1got a havi rendszeress\u00e9g\u0171 gy\u0171l\u00e9seken. C\u00e9lunk a di\u00e1ks\u00e1g ig\u00e9nyeinek felm\u00e9r\u00e9se az iskol\u00e1val, oktat\u00e1ssal kapcsolatban, valamint \u00a0javaslatt\u00e9tel annak megval\u00f3s\u00edthat\u00f3s\u00e1ga ter\u00e9n. Igyeksz\u00fcnk min\u00e9l komfortosabb\u00e1 tenni a tanul\u00f3s h\u00e9tk\u00f6znapokat.<\/p>\n<p>\u00c9vente megrendezz\u00fck a D\u00d6K napot, ahol oszt\u00e1ly szinten egy \u00e9vre elnyerhet\u0151 a B\u00d3KAY KIR\u00c1LYAI v\u00e1ndorkupa.<\/p>\n<p>Akt\u00edvan igyeksz\u00fcnk r\u00e9sztvenni az iskolai programokban,\u00a0 t\u00f6rekedni arra hogy \u00f6r\u00f6m legyen a B\u00f3kay-ba j\u00e1rni.<\/p>\n<p>B\u0151vebb inform\u00e1ci\u00f3 a Facebook \u00e9s az Instagram oldalunkon tal\u00e1lhat\u00f3.<\/p>\n<p>Budapest, 2025.09.30.<\/p>\n<p>D\u00d6K eln\u00f6k<\/p>\n","protected":false},"excerpt":{"rendered":"<p>A B\u00f3kay-s D\u00d6K &nbsp; K\u00e9t \u00e9ve felpezsd\u00fclt az \u00e9let a D\u00d6K -ben. Sz\u00e1mos kor\u00e1bbi hagyom\u00e1nyt \u00e9lesztett\u00fcnk \u00fajra. Oszt\u00e1lyonk\u00e9nt k\u00e9t f\u0151 k\u00e9pviseli a di\u00e1ks\u00e1got a havi rendszeress\u00e9g\u0171 gy\u0171l\u00e9seken. C\u00e9lunk a di\u00e1ks\u00e1g ig\u00e9nyeinek felm\u00e9r\u00e9se az iskol\u00e1val, oktat\u00e1ssal kapcsolatban, valamint \u00a0javaslatt\u00e9tel annak megval\u00f3s\u00edthat\u00f3s\u00e1ga ter\u00e9n. Igyeksz\u00fcnk min\u00e9l komfortosabb\u00e1 tenni a tanul\u00f3s h\u00e9tk\u00f6znapokat. \u00c9vente megrendezz\u00fck a D\u00d6K napot, ahol oszt\u00e1ly &hellip;<\/p>\n","protected":false},"author":101845,"featured_media":0,"parent":196,"menu_order":3,"comment_status":"closed","ping_status":"closed","template":"","meta":{"_acf_changed":false,"footnotes":""},"categories":[],"tags":[],"class_list":["post-138","page","type-page","status-publish","hentry"],"acf":[],"_links":{"self":[{"href":"https:\/\/semmelweis.hu\/bokay\/wp-json\/wp\/v2\/pages\/138","targetHints":{"allow":["GET"]}}],"collection":[{"href":"https:\/\/semmelweis.hu\/bokay\/wp-json\/wp\/v2\/pages"}],"about":[{"href":"https:\/\/semmelweis.hu\/bokay\/wp-json\/wp\/v2\/types\/page"}],"author":[{"embeddable":true,"href":"https:\/\/semmelweis.hu\/bokay\/wp-json\/wp\/v2\/users\/101845"}],"replies":[{"embeddable":true,"href":"https:\/\/semmelweis.hu\/bokay\/wp-json\/wp\/v2\/comments?post=138"}],"version-history":[{"count":8,"href":"https:\/\/semmelweis.hu\/bokay\/wp-json\/wp\/v2\/pages\/138\/revisions"}],"predecessor-version":[{"id":7581,"href":"https:\/\/semmelweis.hu\/bokay\/wp-json\/wp\/v2\/pages\/138\/revisions\/7581"}],"up":[{"embeddable":true,"href":"https:\/\/semmelweis.hu\/bokay\/wp-json\/wp\/v2\/pages\/196"}],"wp:attachment":[{"href":"https:\/\/semmelweis.hu\/bokay\/wp-json\/wp\/v2\/media?parent=138"}],"wp:term":[{"taxonomy":"category","embeddable":true,"href":"https:\/\/semmelweis.hu\/bokay\/wp-json\/wp\/v2\/categories?post=138"},{"taxonomy":"post_tag","embeddable":true,"href":"https:\/\/semmelweis.hu\/bokay\/wp-json\/wp\/v2\/tags?post=138"}],"curies":[{"name":"wp","href":"https:\/\/api.w.org\/{rel}","templated":true}]}}