{"id":135,"date":"2019-07-04T20:07:54","date_gmt":"2019-07-04T20:07:54","guid":{"rendered":"http:\/\/www.bokaysuli.hu\/?page_id=135"},"modified":"2021-09-04T09:53:53","modified_gmt":"2021-09-04T07:53:53","slug":"csengetesi-rend","status":"publish","type":"page","link":"https:\/\/semmelweis.hu\/bokay\/tanuloi-oldal\/csengetesi-rend\/","title":{"rendered":"Csenget\u00e9si rend"},"content":{"rendered":"<p>&nbsp;<\/p>\n<p style=\"text-align: center\"><strong>CSENGET\u00c9SI REND:\u00a0<\/strong><\/p>\n<p><img loading=\"lazy\" decoding=\"async\" class=\"alignnone size-medium wp-image-4041\" src=\"https:\/\/semmelweis.hu\/bokay\/files\/2021\/09\/Screenshot_20191006-220920_1-342x400.jpg\" alt=\"\" width=\"342\" height=\"400\" srcset=\"https:\/\/semmelweis.hu\/bokay\/files\/2021\/09\/Screenshot_20191006-220920_1-342x400.jpg 342w, https:\/\/semmelweis.hu\/bokay\/files\/2021\/09\/Screenshot_20191006-220920_1.jpg 587w\" sizes=\"auto, (max-width: 342px) 100vw, 342px\" \/><\/p>\n<hr \/>\n<p style=\"text-align: left\"><em><strong>R\u00f6vid\u00edtett \u00f3r\u00e1k eset\u00e9n: <\/strong><\/em><\/p>\n<ul style=\"list-style-type: square\">\n<li style=\"text-align: left\"><em>1. \u00f3ra: 7.35 &#8211; 8.10<\/em><\/li>\n<li style=\"text-align: left\"><em>2. \u00f3ra: 8.15 &#8211; 8.50<\/em><\/li>\n<li style=\"text-align: left\"><em>3. \u00f3ra: 8.55 &#8211; 9.30<\/em><\/li>\n<li style=\"text-align: left\"><em>4. \u00f3ra: 9.35 &#8211; 10.10<\/em><\/li>\n<li style=\"text-align: left\"><em>5. \u00f3ra: 10.15 &#8211; 10.50<\/em><\/li>\n<li style=\"text-align: left\"><em>6. \u00f3ra: 10.55 &#8211; 11.30<\/em><\/li>\n<li style=\"text-align: left\"><em>7. \u00f3ra: 11.35 &#8211; 12.10<\/em><\/li>\n<\/ul>\n","protected":false},"excerpt":{"rendered":"<p>&nbsp;<br \/>\nCSENGET\u00c9SI REND:\u00a0<\/p>\n<p>R\u00f6vid\u00edtett \u00f3r\u00e1k eset\u00e9n: <\/p>\n<p>1. \u00f3ra: 7.35 &#8211; 8.10<br \/>\n2. \u00f3ra: 8.15 &#8211; 8.50<br \/>\n3. \u00f3ra: 8.55 &#8211; 9.30<br \/>\n4. \u00f3ra: 9.35 &#8211; 10.10<br \/>\n5. \u00f3ra: 10.15 &#8211; 10.50<br \/>\n6. \u00f3ra: 10.55 &#8211; 11.30<br \/>\n7. \u00f3ra: 11.35 &#8211; 12.10<\/p>\n","protected":false},"author":101845,"featured_media":0,"parent":196,"menu_order":2,"comment_status":"closed","ping_status":"closed","template":"","meta":{"_acf_changed":false,"footnotes":""},"categories":[],"tags":[],"class_list":["post-135","page","type-page","status-publish","hentry"],"acf":[],"_links":{"self":[{"href":"https:\/\/semmelweis.hu\/bokay\/wp-json\/wp\/v2\/pages\/135","targetHints":{"allow":["GET"]}}],"collection":[{"href":"https:\/\/semmelweis.hu\/bokay\/wp-json\/wp\/v2\/pages"}],"about":[{"href":"https:\/\/semmelweis.hu\/bokay\/wp-json\/wp\/v2\/types\/page"}],"author":[{"embeddable":true,"href":"https:\/\/semmelweis.hu\/bokay\/wp-json\/wp\/v2\/users\/101845"}],"replies":[{"embeddable":true,"href":"https:\/\/semmelweis.hu\/bokay\/wp-json\/wp\/v2\/comments?post=135"}],"version-history":[{"count":7,"href":"https:\/\/semmelweis.hu\/bokay\/wp-json\/wp\/v2\/pages\/135\/revisions"}],"predecessor-version":[{"id":4043,"href":"https:\/\/semmelweis.hu\/bokay\/wp-json\/wp\/v2\/pages\/135\/revisions\/4043"}],"up":[{"embeddable":true,"href":"https:\/\/semmelweis.hu\/bokay\/wp-json\/wp\/v2\/pages\/196"}],"wp:attachment":[{"href":"https:\/\/semmelweis.hu\/bokay\/wp-json\/wp\/v2\/media?parent=135"}],"wp:term":[{"taxonomy":"category","embeddable":true,"href":"https:\/\/semmelweis.hu\/bokay\/wp-json\/wp\/v2\/categories?post=135"},{"taxonomy":"post_tag","embeddable":true,"href":"https:\/\/semmelweis.hu\/bokay\/wp-json\/wp\/v2\/tags?post=135"}],"curies":[{"name":"wp","href":"https:\/\/api.w.org\/{rel}","templated":true}]}}