{"id":132,"date":"2019-07-04T20:07:14","date_gmt":"2019-07-04T18:07:14","guid":{"rendered":"http:\/\/www.bokaysuli.hu\/?page_id=132"},"modified":"2025-01-11T18:24:22","modified_gmt":"2025-01-11T17:24:22","slug":"bokay-alapitvany","status":"publish","type":"page","link":"https:\/\/semmelweis.hu\/bokay\/iskolank\/bokay-alapitvany\/","title":{"rendered":"B\u00f3kay Alap\u00edtv\u00e1ny"},"content":{"rendered":"<div class=\"keretes\">\n<p style=\"text-align: center\"><strong>B\u00d3KAY ALAP\u00cdTV\u00c1NY<\/strong><\/p>\n<p style=\"text-align: center\"><strong>C\u00edm: 1086 Budapest, Csob\u00e1nc utca 1.<\/strong><br \/>\n<strong>Ad\u00f3sz\u00e1m: 18158926-1-42<\/strong><br \/>\n<strong>Sz\u00e1mlasz\u00e1m: 11708001-20512778<\/strong><\/p>\n<p><span style=\"color: #ff6600\"><strong>K\u00e9rj\u00fck, t\u00e1mogassa ad\u00f3ja 1%-val az alap\u00edtv\u00e1nyunk m\u0171k\u00f6d\u00e9s\u00e9t!<\/strong><\/span><\/p>\n<\/div>\n<p><strong>Az alap\u00edtv\u00e1ny c\u00e9lja:<\/strong> <br \/>\naz iskola Pedag\u00f3giai Programj\u00e1nak t\u00e1mogat\u00e1sa, ezen bel\u00fcl:<\/p>\n<ul style=\"list-style-type: square\">\n<li>az iskola szellemi m\u0171helyeinek (szakk\u00f6r, di\u00e1kk\u00f6r, tov\u00e1bbtanul\u00e1si felk\u00e9sz\u00edt\u0151k t\u00e1mogat\u00e1sa)<\/li>\n<li>h\u00e1tr\u00e1nyos helyzet\u0171 j\u00f3 k\u00e9pess\u00e9g\u0171 \u00e9s j\u00f3 teljes\u00edtm\u00e9ny\u0171 tanul\u00f3k fejl\u0151d\u00e9s\u00e9nek t\u00e1mogat\u00e1sa, seg\u00e9lyek, \u00f6szt\u00f6nd\u00edjak form\u00e1j\u00e1ban<\/li>\n<li>d\u00edjak kiad\u00e1sa tanul\u00f3k kiemelked\u0151 teljes\u00edtm\u00e9ny\u00e9nek elismer\u00e9s\u00e9re<\/li>\n<li>az iskola anyagilag h\u00e1tr\u00e1nyos helyzet\u0171, de j\u00f3 tanulm\u00e1nyi eredm\u00e9ny\u0171 di\u00e1kjai sz\u00e1m\u00e1ra lehet\u0151s\u00e9g teremt\u00e9se a k\u00fclf\u00f6ldi di\u00e1kcsere-programokban val\u00f3 r\u00e9szv\u00e9telre<\/li>\n<li>a magyar \u00e9s k\u00fclf\u00f6ldi di\u00e1kok k\u00f6z\u00f6tti kapcsolattart\u00e1s eszk\u00f6z- \u00e9s felszerel\u00e9s rendszer\u00e9nek ki\u00e9p\u00edt\u00e9se, fenntart\u00e1sa<\/li>\n<li>az Eur\u00f3pai Uni\u00f3hoz val\u00f3 csatlakoz\u00e1s keret\u00e9ben m\u0171k\u00f6d\u0151 di\u00e1kokat \u00e9rint\u0151 projektekhez t\u00f6rt\u00e9n\u0151 kapcsol\u00f3d\u00e1s p\u00e9nz\u00fcgyi felt\u00e9teleinek megteremt\u00e9se<\/li>\n<li>a befizetett \u00f6sszeg egy r\u00e9sze lehet\u0151s\u00e9get adna arra is, hogy a tanul\u00f3ink sz\u00e1m\u00e1ra jav\u00edtani tudjuk a megfelel\u0151 higi\u00e9n\u00e9s k\u00f6r\u00fclm\u00e9nyeket<\/li>\n<\/ul>\n<p>Az iskola tanul\u00f3i k\u00e9relmet ny\u00fajthatnak be alap\u00edtv\u00e1nyi t\u00e1mogat\u00e1s\u00e9rt, oszt\u00e1lykir\u00e1ndul\u00e1si, t\u00e1borral, vagy di\u00e1kcser\u00e9vel kapcsolatos k\u00f6lts\u00e9geik t\u00e1mogat\u00e1s\u00e1ra:<\/p>\n<ul>\n<li><a href=\"\/bokay\/files\/2019\/07\/T\u00e1mogat\u00e1si-k\u00e9relem.docx\">T\u00e1mogat\u00e1si k\u00e9relem (docx)<\/a><\/li>\n<\/ul>\n<p><strong>Besz\u00e1mol\u00f3k:<\/strong><\/p>\n<ul>\n<li><a href=\"\/bokay\/files\/2019\/07\/2017.-besz\u00e1mol\u00f3.pdf\">2017. besz\u00e1mol\u00f3<\/a><\/li>\n<li><a href=\"\/bokay\/files\/2019\/07\/2018-besz\u00e1mol\u00f3.pdf\">2018. besz\u00e1mol\u00f3<\/a><\/li>\n<li><a href=\"https:\/\/semmelweis.hu\/bokay\/files\/2023\/01\/2019.-eves-beszamolo.pdf\">2019. \u00e9ves besz\u00e1mol\u00f3<\/a><\/li>\n<li><a href=\"https:\/\/semmelweis.hu\/bokay\/files\/2023\/01\/2020.-evi-beszamolo.pdf\">2020. \u00e9vi besz\u00e1mol\u00f3<\/a><\/li>\n<li><a href=\"https:\/\/semmelweis.hu\/bokay\/files\/2023\/01\/2021.-evi-beszamolo.pdf\">2021. \u00e9vi besz\u00e1mol\u00f3<\/a><\/li>\n<li><a href=\"https:\/\/semmelweis.hu\/bokay\/files\/2023\/08\/2022.-beszamolo.pdf\">2022. besz\u00e1mol\u00f3<\/a><\/li>\n<li><a href=\"https:\/\/semmelweis.hu\/bokay\/files\/2025\/01\/Beszamolo-a-2023-evi-tevekenysegrol.pdf\">2023. \u00e9vi besz\u00e1mol\u00f3<\/a><\/li>\n<\/ul>\n","protected":false},"excerpt":{"rendered":"<p>B\u00d3KAY ALAP\u00cdTV\u00c1NY C\u00edm: 1086 Budapest, Csob\u00e1nc utca 1. Ad\u00f3sz\u00e1m: 18158926-1-42 Sz\u00e1mlasz\u00e1m: 11708001-20512778 K\u00e9rj\u00fck, t\u00e1mogassa ad\u00f3ja 1%-val az alap\u00edtv\u00e1nyunk m\u0171k\u00f6d\u00e9s\u00e9t! Az alap\u00edtv\u00e1ny c\u00e9lja: az iskola Pedag\u00f3giai Programj\u00e1nak t\u00e1mogat\u00e1sa, ezen bel\u00fcl: az iskola szellemi m\u0171helyeinek (szakk\u00f6r, di\u00e1kk\u00f6r, tov\u00e1bbtanul\u00e1si felk\u00e9sz\u00edt\u0151k t\u00e1mogat\u00e1sa) h\u00e1tr\u00e1nyos helyzet\u0171 j\u00f3 k\u00e9pess\u00e9g\u0171 \u00e9s j\u00f3 teljes\u00edtm\u00e9ny\u0171 tanul\u00f3k fejl\u0151d\u00e9s\u00e9nek t\u00e1mogat\u00e1sa, seg\u00e9lyek, \u00f6szt\u00f6nd\u00edjak form\u00e1j\u00e1ban d\u00edjak kiad\u00e1sa tanul\u00f3k kiemelked\u0151 &hellip;<\/p>\n","protected":false},"author":12,"featured_media":0,"parent":31,"menu_order":4,"comment_status":"closed","ping_status":"closed","template":"","meta":{"_acf_changed":false,"footnotes":""},"categories":[],"tags":[],"class_list":["post-132","page","type-page","status-publish","hentry"],"acf":[],"_links":{"self":[{"href":"https:\/\/semmelweis.hu\/bokay\/wp-json\/wp\/v2\/pages\/132","targetHints":{"allow":["GET"]}}],"collection":[{"href":"https:\/\/semmelweis.hu\/bokay\/wp-json\/wp\/v2\/pages"}],"about":[{"href":"https:\/\/semmelweis.hu\/bokay\/wp-json\/wp\/v2\/types\/page"}],"author":[{"embeddable":true,"href":"https:\/\/semmelweis.hu\/bokay\/wp-json\/wp\/v2\/users\/12"}],"replies":[{"embeddable":true,"href":"https:\/\/semmelweis.hu\/bokay\/wp-json\/wp\/v2\/comments?post=132"}],"version-history":[{"count":11,"href":"https:\/\/semmelweis.hu\/bokay\/wp-json\/wp\/v2\/pages\/132\/revisions"}],"predecessor-version":[{"id":6893,"href":"https:\/\/semmelweis.hu\/bokay\/wp-json\/wp\/v2\/pages\/132\/revisions\/6893"}],"up":[{"embeddable":true,"href":"https:\/\/semmelweis.hu\/bokay\/wp-json\/wp\/v2\/pages\/31"}],"wp:attachment":[{"href":"https:\/\/semmelweis.hu\/bokay\/wp-json\/wp\/v2\/media?parent=132"}],"wp:term":[{"taxonomy":"category","embeddable":true,"href":"https:\/\/semmelweis.hu\/bokay\/wp-json\/wp\/v2\/categories?post=132"},{"taxonomy":"post_tag","embeddable":true,"href":"https:\/\/semmelweis.hu\/bokay\/wp-json\/wp\/v2\/tags?post=132"}],"curies":[{"name":"wp","href":"https:\/\/api.w.org\/{rel}","templated":true}]}}