{"id":129,"date":"2019-07-04T20:06:10","date_gmt":"2019-07-04T20:06:10","guid":{"rendered":"http:\/\/www.bokaysuli.hu\/?page_id=129"},"modified":"2021-01-19T16:28:05","modified_gmt":"2021-01-19T15:28:05","slug":"iskolatortenet","status":"publish","type":"page","link":"https:\/\/semmelweis.hu\/bokay\/iskolank\/iskolatortenet\/","title":{"rendered":"Iskol\u00e1nk t\u00f6rt\u00e9nete"},"content":{"rendered":"<p>A Csob\u00e1nc utcai iskol\u00e1r\u00f3l 1887-ig kereshet\u0151k vissza lev\u00e9lt\u00e1ri adatok. Az \u00e9p\u00fclet funkci\u00f3ja kezdett\u0151l fogva a k\u00f6zoktat\u00e1s, ahogy homlokzati felirata hirdeti: K\u00d6ZS\u00c9GI ELEMI N\u00c9PISKOLA.<\/p>\n<p><a href=\"https:\/\/semmelweis.hu\/bokay\/files\/2019\/07\/image-3.png\"> <img loading=\"lazy\" decoding=\"async\" class=\"alignright wp-image-409 size-medium\" src=\"https:\/\/semmelweis.hu\/bokay\/files\/2019\/07\/image-3-400x252.png\" alt=\"\" width=\"400\" height=\"252\" srcset=\"https:\/\/semmelweis.hu\/bokay\/files\/2019\/07\/image-3-400x252.png 400w, https:\/\/semmelweis.hu\/bokay\/files\/2019\/07\/image-3-768x485.png 768w, https:\/\/semmelweis.hu\/bokay\/files\/2019\/07\/image-3-753x475.png 753w, https:\/\/semmelweis.hu\/bokay\/files\/2019\/07\/image-3.png 976w\" sizes=\"auto, (max-width: 400px) 100vw, 400px\" \/> <\/a><\/p>\n<p>Az \u00e9p\u00fcletben a XX. sz\u00e1zad els\u0151 fel\u00e9ben k\u00fcl\u00f6n le\u00e1ny- \u00e9s fi\u00faiskola m\u0171k\u00f6d\u00f6tt. Az els\u0151 \u00e9s a m\u00e1sodik vil\u00e1gh\u00e1bor\u00fa idej\u00e9n hadik\u00f3rh\u00e1z \u00e9s katonai fog\u00e1szati b\u00e1zis szerep\u00e9t is bet\u00f6lt\u00f6tte az int\u00e9zm\u00e9ny.<\/p>\n<p>A n\u00e9piskolai oktat\u00e1s mellett folyamatos volt az iparostanonc k\u00e9pz\u00e9s. A m\u00e1sodik vil\u00e1gh\u00e1bor\u00fa sor\u00e1n az iratanyag nagy r\u00e9sze megsemmis\u00fclt.<\/p>\n<p>Az \u00e9p\u00fcletben a XX. sz\u00e1zad els\u0151 fel\u00e9ben k\u00fcl\u00f6n le\u00e1ny- \u00e9s fi\u00faiskola m\u0171k\u00f6d\u00f6tt.<\/p>\n<p><a href=\"https:\/\/semmelweis.hu\/bokay\/files\/2019\/07\/image-2.png\"> <img loading=\"lazy\" decoding=\"async\" class=\"alignleft wp-image-408 size-medium\" src=\"https:\/\/semmelweis.hu\/bokay\/files\/2019\/07\/image-2-400x306.png\" alt=\"\" width=\"400\" height=\"306\" srcset=\"https:\/\/semmelweis.hu\/bokay\/files\/2019\/07\/image-2-400x306.png 400w, https:\/\/semmelweis.hu\/bokay\/files\/2019\/07\/image-2-768x588.png 768w, https:\/\/semmelweis.hu\/bokay\/files\/2019\/07\/image-2-753x576.png 753w, https:\/\/semmelweis.hu\/bokay\/files\/2019\/07\/image-2.png 870w\" sizes=\"auto, (max-width: 400px) 100vw, 400px\" \/> <\/a><\/p>\n<p>A n\u00e9piskolai, k\u00e9s\u0151bb \u00e1ltal\u00e1nos iskolai oktat\u00e1st az \u00e9p\u00fcletben 1952-ben v\u00e1ltotta fel a gimn\u00e1ziumi k\u00e9pz\u00e9s. A Pr\u00e1ter utc\u00e1b\u00f3l k\u00f6lt\u00f6z\u00f6tt a Csob\u00e1nc utcai \u00e9p\u00fcletbe a Zr\u00ednyi Ilona Le\u00e1nyl\u00edceum (k\u00e9s\u0151bb Zr\u00ednyi Ilona Gimn\u00e1zium), amely 1976-ig m\u0171k\u00f6d\u00f6tt itt.<\/p>\n<p>1968 szeptember\u00e9ben a Bezer\u00e9di utcai gimn\u00e1ziumban n\u00e9gy eg\u00e9szs\u00e9g\u00fcgyi szakk\u00f6z\u00e9piskolai oszt\u00e1ly indult. Int\u00e9zm\u00e9ny\u00fcnk sz\u00fclet\u00e9s\u00e9t innent\u0151l sz\u00e1m\u00edtjuk (noha a Csob\u00e1nc utcai \u00e9p\u00fclet 120 \u00e9ves m\u00faltj\u00e1t is a saj\u00e1tunknak tudjuk). 1972-ben a szakk\u00f6z\u00e9piskola felvette ifj. B\u00f3kay J\u00e1nos kutat\u00f3 \u00e9s gyermekorvos nev\u00e9t.<\/p>\n<p>1976-ban a sz\u0171k\u00f6ss\u00e9 v\u00e1l\u00f3 Bezer\u00e9di utcai \u00e9p\u00fcletb\u0151l a Csob\u00e1nc utc\u00e1ba k\u00f6lt\u00f6z\u00f6tt az iskola. 1990-ig tiszta profil\u00fa eg\u00e9szs\u00e9g\u00fcgyi szakk\u00e9pz\u00e9s folyt az int\u00e9zm\u00e9nyben. 1990-t\u0151l gimn\u00e1ziumi oszt\u00e1lyok indultak, 1993-t\u00f3l az eg\u00e9szs\u00e9g\u00fcgyi OKJ k\u00e9pz\u00e9sek k\u00edn\u00e1lat\u00e1b\u00f3l v\u00e1logathattak az \u00e9retts\u00e9gizett tanul\u00f3k.<\/p>\n<p>1998-ban indult az els\u0151 angol-magyar k\u00e9t tan\u00edt\u00e1si nyelv\u0171 oszt\u00e1lyunk.<\/p>\n<p>2007-ben iskol\u00e1nk a megsz\u0171n\u0151 Batthy\u00e1ny-Strattmann L\u00e1szl\u00f3 Szakk\u00f6z\u00e9piskola befogad\u00f3ja \u00e9s jogut\u00f3dja lett.<\/p>\n<p>2008-10. k\u00f6z\u00f6tt &#8211; k\u00f6zponti d\u00f6nt\u00e9seknek megfelel\u0151en &#8211; fokozatosan \u00e9p\u00fclt le a gimn\u00e1ziumi oktat\u00e1s \u00e9s az \u00f6sszes OKJ-s k\u00e9pz\u00e9s \u2013 ut\u00f3bbiak a Hum\u00e1n TISZK k\u00f6zponti int\u00e9zm\u00e9ny\u00e9ben koncentr\u00e1l\u00f3dtak. Iskol\u00e1nk \u00fajra tiszta profil\u00fa eg\u00e9szs\u00e9g\u00fcgyi szakk\u00f6z\u00e9piskola lett, ugyan\u00fagy, mint t\u00f6rt\u00e9net\u00e9nek els\u0151 22 \u00e9v\u00e9ben.<\/p>\n<p>2013-t\u00f3l a Klebelsberg Int\u00e9zm\u00e9nyfenntart\u00f3 K\u00f6zpont ir\u00e1ny\u00edt\u00e1sa al\u00e1 tartoztunk, 2015-t\u0151l a Budapesti Vend\u00e9gl\u00e1t\u00f3ipari \u00e9s Hum\u00e1n Szakk\u00e9pz\u00e9si Centrum tagint\u00e9zm\u00e9nyek\u00e9nt m\u0171k\u00f6d\u00fcnk, 2016 \u00f3ta szakgimn\u00e1ziumk\u00e9nt.<\/p>\n<p>2013-t\u00f3l kezdve lehet\u0151s\u00e9g ny\u00edlt az OKJ-s k\u00e9pz\u00e9sek \u00fajraind\u00edt\u00e1s\u00e1ra \u00e9s az eg\u00e9szs\u00e9g\u00fcgy mellett m\u00e1s \u00e1gazati k\u00e9pz\u00e9sek megalapoz\u00e1s\u00e1ra. 2018-ban h\u00e1rom \u00e1gazat (eg\u00e9szs\u00e9g\u00fcgy, pedag\u00f3gia, sport) \u00e9s h\u00e9t szakma (fog\u00e1szati asszisztens, klinikai fog\u00e1szati higi\u00e9nikus, gy\u00f3gymassz\u0151r, gyakorl\u00f3 \u00e1pol\u00f3, gyakorl\u00f3 csecsem\u0151- \u00e9s gyermek\u00e1pol\u00f3, fitness-wellness instruktor, betegk\u00eds\u00e9r\u0151) szerepel a k\u00e9pz\u00e9si palett\u00e1nkon.<\/p>\n<p>2019 augusztus\u00e1t\u00f3l az iskola fenntart\u00f3ja a Semmelweis Egyetem.<\/p>\n<p>&nbsp;<\/p>\n","protected":false},"excerpt":{"rendered":"<p>A Csob\u00e1nc utcai iskol\u00e1r\u00f3l 1887-ig kereshet\u0151k vissza lev\u00e9lt\u00e1ri adatok. Az \u00e9p\u00fclet funkci\u00f3ja kezdett\u0151l fogva a k\u00f6zoktat\u00e1s, ahogy homlokzati felirata hirdeti: K\u00d6ZS\u00c9GI ELEMI N\u00c9PISKOLA. <a href=\"https:\/\/semmelweis.hu\/bokay\/files\/2019\/07\/image-3.png\">  <\/a> Az \u00e9p\u00fcletben a XX. sz\u00e1zad els\u0151 fel\u00e9ben k\u00fcl\u00f6n le\u00e1ny- \u00e9s fi\u00faiskola m\u0171k\u00f6d\u00f6tt. Az els\u0151 \u00e9s a m\u00e1sodik vil\u00e1gh\u00e1bor\u00fa idej\u00e9n hadik\u00f3rh\u00e1z \u00e9s katonai fog\u00e1szati b\u00e1zis szerep\u00e9t is bet\u00f6lt\u00f6tte az int\u00e9zm\u00e9ny. A n\u00e9piskolai oktat\u00e1s &hellip;<\/p>\n","protected":false},"author":101845,"featured_media":549,"parent":31,"menu_order":1,"comment_status":"closed","ping_status":"closed","template":"","meta":{"_acf_changed":false,"footnotes":""},"categories":[],"tags":[],"class_list":["post-129","page","type-page","status-publish","has-post-thumbnail","hentry"],"acf":[],"_links":{"self":[{"href":"https:\/\/semmelweis.hu\/bokay\/wp-json\/wp\/v2\/pages\/129","targetHints":{"allow":["GET"]}}],"collection":[{"href":"https:\/\/semmelweis.hu\/bokay\/wp-json\/wp\/v2\/pages"}],"about":[{"href":"https:\/\/semmelweis.hu\/bokay\/wp-json\/wp\/v2\/types\/page"}],"author":[{"embeddable":true,"href":"https:\/\/semmelweis.hu\/bokay\/wp-json\/wp\/v2\/users\/101845"}],"replies":[{"embeddable":true,"href":"https:\/\/semmelweis.hu\/bokay\/wp-json\/wp\/v2\/comments?post=129"}],"version-history":[{"count":10,"href":"https:\/\/semmelweis.hu\/bokay\/wp-json\/wp\/v2\/pages\/129\/revisions"}],"predecessor-version":[{"id":3653,"href":"https:\/\/semmelweis.hu\/bokay\/wp-json\/wp\/v2\/pages\/129\/revisions\/3653"}],"up":[{"embeddable":true,"href":"https:\/\/semmelweis.hu\/bokay\/wp-json\/wp\/v2\/pages\/31"}],"wp:featuredmedia":[{"embeddable":true,"href":"https:\/\/semmelweis.hu\/bokay\/wp-json\/wp\/v2\/media\/549"}],"wp:attachment":[{"href":"https:\/\/semmelweis.hu\/bokay\/wp-json\/wp\/v2\/media?parent=129"}],"wp:term":[{"taxonomy":"category","embeddable":true,"href":"https:\/\/semmelweis.hu\/bokay\/wp-json\/wp\/v2\/categories?post=129"},{"taxonomy":"post_tag","embeddable":true,"href":"https:\/\/semmelweis.hu\/bokay\/wp-json\/wp\/v2\/tags?post=129"}],"curies":[{"name":"wp","href":"https:\/\/api.w.org\/{rel}","templated":true}]}}