{"id":914,"date":"2014-02-23T11:36:48","date_gmt":"2014-02-23T10:36:48","guid":{"rendered":"http:\/\/semmelweis.hu\/boe\/?page_id=914"},"modified":"2025-10-20T23:25:24","modified_gmt":"2025-10-20T21:25:24","slug":"elsosegelynyujtas-alapszintu-ujraelesztes","status":"publish","type":"page","link":"https:\/\/semmelweis.hu\/boe\/prevencio\/elsosegelynyujtas-alapszintu-ujraelesztes\/","title":{"rendered":"Els\u0151seg\u00e9lyny\u00fajt\u00e1s, alapszint\u0171 \u00fajra\u00e9leszt\u00e9s"},"content":{"rendered":"<p>&nbsp;<\/p>\n<h2 style=\"text-align: justify\"><span style=\"color: #800000\">Az al\u00e1bbi \u00f3r\u00e1k k\u00f6z\u00fcl lehet v\u00e1lasztani:<\/span><\/h2>\n<ul>\n<li style=\"text-align: justify\"><span style=\"font-size: 18pt\"><strong>Els\u0151seg\u00e9lyny\u00fajt\u00e1s<br \/>\n<\/strong><\/span>B\u00e1rki, b\u00e1rmikor, b\u00e1rhol tal\u00e1lkozhat egy olyan helyzettel, amikor egy bajba jutott, megs\u00e9r\u00fclt vagy rosszul lev\u0151 t\u00e1rs\u00e1nak kell seg\u00edtenie. Ez\u00e9rt nagyon fontos, hogy min\u00e9l t\u00f6bb ember legyen birtok\u00e1ban bizonyos alapszint\u0171 els\u0151seg\u00e9lyny\u00fajt\u00e1si k\u00e9szs\u00e9geknek. \u00d3r\u00e1inkon a legalapvet\u0151bb, mindenki sz\u00e1m\u00e1ra k\u00f6nnyen elsaj\u00e1t\u00edthat\u00f3 els\u0151seg\u00e9lyny\u00fajt\u00e1si m\u00f3dszereket mutatjuk meg \u00e9s gyakoroljuk be a di\u00e1kokkal. Elmagyar\u00e1zzuk \u00e9s bemutatjuk, hogyan kell cselekedni v\u00e9szhelyzetekben, hogyan tudunk seg\u00edteni egy fullad\u00f3 vagy eszm\u00e9letlen betegnek, valamint hogyan kell ell\u00e1tni egy v\u00e9rz\u0151 s\u00e9r\u00fcltet. A bemutatott k\u00e9szs\u00e9geket a di\u00e1kok is kipr\u00f3b\u00e1lj\u00e1k, gyakorolj\u00e1k. C\u00e9lunk, hogy min\u00e9l t\u00f6bb ember elsaj\u00e1t\u00edtsa ezeket a k\u00e9szs\u00e9geket \u00e9s ennek seg\u00edts\u00e9g\u00e9vel egy\u00fctt cs\u00f6kkents\u00fck a megel\u0151zhet\u0151 hossz\u00fat\u00e1v\u00fa eg\u00e9szs\u00e9gk\u00e1rosod\u00e1s bek\u00f6vetkez\u00e9s\u00e9t vagy ak\u00e1r a megel\u0151zhet\u0151 hal\u00e1loz\u00e1sok sz\u00e1m\u00e1t is.<br \/>\n<span style=\"font-size: 18pt\"><strong><br \/>\n<\/strong><\/span><\/li>\n<li style=\"text-align: justify\">\n<p><strong><span style=\"font-size: 18pt\">Alapszint\u0171 \u00fajra\u00e9leszt\u00e9s<br \/>\n<\/span><\/strong><img loading=\"lazy\" decoding=\"async\" class=\"wp-image-5574 size-medium alignright\" src=\"https:\/\/semmelweis.hu\/boe\/files\/2018\/11\/rawpixel-760113-unsplash-300x206.jpg\" alt=\"\" width=\"300\" height=\"206\" srcset=\"https:\/\/semmelweis.hu\/boe\/files\/2018\/11\/rawpixel-760113-unsplash-300x206.jpg 300w, https:\/\/semmelweis.hu\/boe\/files\/2018\/11\/rawpixel-760113-unsplash-768x527.jpg 768w, https:\/\/semmelweis.hu\/boe\/files\/2018\/11\/rawpixel-760113-unsplash-1024x702.jpg 1024w, https:\/\/semmelweis.hu\/boe\/files\/2018\/11\/rawpixel-760113-unsplash-175x120.jpg 175w, https:\/\/semmelweis.hu\/boe\/files\/2018\/11\/rawpixel-760113-unsplash-753x516.jpg 753w\" sizes=\"auto, (max-width: 300px) 100vw, 300px\" \/>Magyarorsz\u00e1gon \u00e9vente k\u00f6r\u00fclbel\u00fcl 25 000 ember hal meg hirtelen sz\u00edvhal\u00e1l k\u00f6vetkezt\u00e9ben; ezeknek a betegeknek a 80%-a megmenthet\u0151 lenne a megfelel\u0151 id\u0151ben t\u00f6rt\u00e9n\u0151 szakszer\u0171 seg\u00edts\u00e9gny\u00fajt\u00e1ssal. Ha valakinek \u00fajra\u00e9leszt\u00e9sre van sz\u00fcks\u00e9ge, minden perc, ami a kering\u00e9sle\u00e1ll\u00e1s \u00e9s az \u00fajra\u00e9leszt\u00e9s megkezd\u00e9se k\u00f6z\u00f6tt telik el, 10%-kal cs\u00f6kkenti a beteg t\u00fal\u00e9l\u00e9si es\u00e9lyeit. \u00c9s a ment\u0151 ritk\u00e1n \u00e9r ki t\u00edz percen bel\u00fcl&#8230; \u00d3r\u00e1inkon bemutatjuk, hogyan lehet felismerni, ha valakinek le\u00e1llt a kering\u00e9sre \u00e9s \u00fajra\u00e9leszt\u00e9sre van sz\u00fcks\u00e9ge, hogyan kell megkezdeni \u00e9s v\u00e9gezni az alapszint\u0171 \u00fajra\u00e9leszt\u00e9st \u00e9s hogyan haszn\u00e1ljuk a f\u00e9lautomata defibrill\u00e1tort. A di\u00e1kok a bemutatott k\u00e9szs\u00e9geket bab\u00e1kon gyakorolhatj\u00e1k, \u00edgy ha esetleg valaha sz\u00fcks\u00e9g\u00fck lenne erre a tud\u00e1sra, m\u00e1r lesz n\u00e9mi gyakorlati tapasztalatuk is. C\u00e9lunk, hogy min\u00e9l t\u00f6bb ember ismerje fel, ha valakinek \u00fajra\u00e9leszt\u00e9sre van sz\u00fcks\u00e9ge, \u00e9s min\u00e9l t\u00f6bben merjenek megpr\u00f3b\u00e1lni seg\u00edteni, ezzel egy\u00fctt cs\u00f6kkentve a megel\u0151zhet\u0151 hal\u00e1lesetek sz\u00e1m\u00e1t.<\/p>\n<\/li>\n<\/ul>\n<p>&nbsp;<\/p>\n<div>\n<p>Amennyiben szeretne t\u0151l\u00fcnk el\u0151ad\u00e1st k\u00e9rni, k\u00e9rj\u00fck \u00edrjon egy e-mailt az <a href=\"mailto:orafelkeres.boe@gmail.com\">orafelkeres.boe@gmail.com<\/a> e-mail c\u00edmre. Ezut\u00e1n felvessz\u00fck \u00d6nnel a kapcsolatot.<\/p>\n<p><span style=\"color: #000000;font-size: 1rem\">B\u00e1rmilyen k\u00e9rd\u00e9s, k\u00e9r\u00e9s eset\u00e9n forduljanak hozz\u00e1nk bizalommal!<\/span><\/p>\n<\/div>\n<p style=\"text-align: left\"><span style=\"font-size: 24px\"><b>Kluge Ida Berta<br \/>\n<\/b><\/span><em>Els\u0151seg\u00e9ly-ny\u00fajt\u00e1si szekci\u00f3 felel\u0151s<br \/>\n<a href=\"mailto:elsosegely.boe@gmail.com\" target=\"_blank\" rel=\"noopener noreferrer\">elsosegely.boe@gmail.com<\/a><br \/>\n<\/em><\/p>\n","protected":false},"excerpt":{"rendered":"<p>&nbsp; Az al\u00e1bbi \u00f3r\u00e1k k\u00f6z\u00fcl lehet v\u00e1lasztani: Els\u0151seg\u00e9lyny\u00fajt\u00e1s B\u00e1rki, b\u00e1rmikor, b\u00e1rhol tal\u00e1lkozhat egy olyan helyzettel, amikor egy bajba jutott, megs\u00e9r\u00fclt vagy rosszul lev\u0151 t\u00e1rs\u00e1nak kell seg\u00edtenie. Ez\u00e9rt nagyon fontos, hogy min\u00e9l t\u00f6bb ember legyen birtok\u00e1ban bizonyos alapszint\u0171 els\u0151seg\u00e9lyny\u00fajt\u00e1si k\u00e9szs\u00e9geknek. \u00d3r\u00e1inkon a legalapvet\u0151bb, mindenki sz\u00e1m\u00e1ra k\u00f6nnyen elsaj\u00e1t\u00edthat\u00f3 els\u0151seg\u00e9lyny\u00fajt\u00e1si m\u00f3dszereket mutatjuk meg \u00e9s gyakoroljuk be a di\u00e1kokkal. &hellip;<\/p>\n","protected":false},"author":101486,"featured_media":0,"parent":38,"menu_order":1,"comment_status":"closed","ping_status":"closed","template":"","meta":{"_acf_changed":false,"footnotes":""},"categories":[],"tags":[],"class_list":["post-914","page","type-page","status-publish","hentry"],"acf":[],"_links":{"self":[{"href":"https:\/\/semmelweis.hu\/boe\/wp-json\/wp\/v2\/pages\/914","targetHints":{"allow":["GET"]}}],"collection":[{"href":"https:\/\/semmelweis.hu\/boe\/wp-json\/wp\/v2\/pages"}],"about":[{"href":"https:\/\/semmelweis.hu\/boe\/wp-json\/wp\/v2\/types\/page"}],"author":[{"embeddable":true,"href":"https:\/\/semmelweis.hu\/boe\/wp-json\/wp\/v2\/users\/101486"}],"replies":[{"embeddable":true,"href":"https:\/\/semmelweis.hu\/boe\/wp-json\/wp\/v2\/comments?post=914"}],"version-history":[{"count":12,"href":"https:\/\/semmelweis.hu\/boe\/wp-json\/wp\/v2\/pages\/914\/revisions"}],"predecessor-version":[{"id":8774,"href":"https:\/\/semmelweis.hu\/boe\/wp-json\/wp\/v2\/pages\/914\/revisions\/8774"}],"up":[{"embeddable":true,"href":"https:\/\/semmelweis.hu\/boe\/wp-json\/wp\/v2\/pages\/38"}],"wp:attachment":[{"href":"https:\/\/semmelweis.hu\/boe\/wp-json\/wp\/v2\/media?parent=914"}],"wp:term":[{"taxonomy":"category","embeddable":true,"href":"https:\/\/semmelweis.hu\/boe\/wp-json\/wp\/v2\/categories?post=914"},{"taxonomy":"post_tag","embeddable":true,"href":"https:\/\/semmelweis.hu\/boe\/wp-json\/wp\/v2\/tags?post=914"}],"curies":[{"name":"wp","href":"https:\/\/api.w.org\/{rel}","templated":true}]}}