{"id":8024,"date":"2023-10-30T10:44:48","date_gmt":"2023-10-30T09:44:48","guid":{"rendered":"https:\/\/semmelweis.hu\/boe\/?page_id=8024"},"modified":"2026-02-05T16:38:53","modified_gmt":"2026-02-05T15:38:53","slug":"szervezoi-csapat","status":"publish","type":"page","link":"https:\/\/semmelweis.hu\/boe\/egeszsegverseny\/szervezoi-csapat\/","title":{"rendered":"Szervez\u0151i csapat"},"content":{"rendered":"<div class=\"responsive-tabs\">\n<h2 class=\"tabtitle\">F\u0151szervez\u0151k<\/h2>\n<div class=\"tabcontent\">\n\n<p>&nbsp;<\/p>\n<table style=\"border-collapse: collapse;width: 100%;height: 109px\">\n<tbody>\n<tr style=\"height: 33px\">\n<td style=\"width: 100%;height: 33px;text-align: center\">\u00a0<\/td>\n<\/tr>\n<tr style=\"height: 10px\">\n<td style=\"width: 100%;text-align: center;height: 10px\">\n<p><strong><b><img loading=\"lazy\" decoding=\"async\" class=\"alignnone size-medium wp-image-8807\" src=\"https:\/\/semmelweis.hu\/boe\/files\/2026\/02\/Orszagh-Bence-foszervezo--240x300.jpg\" alt=\"\" width=\"240\" height=\"300\" srcset=\"https:\/\/semmelweis.hu\/boe\/files\/2026\/02\/Orszagh-Bence-foszervezo--240x300.jpg 240w, https:\/\/semmelweis.hu\/boe\/files\/2026\/02\/Orszagh-Bence-foszervezo--819x1024.jpg 819w, https:\/\/semmelweis.hu\/boe\/files\/2026\/02\/Orszagh-Bence-foszervezo--768x960.jpg 768w, https:\/\/semmelweis.hu\/boe\/files\/2026\/02\/Orszagh-Bence-foszervezo--753x941.jpg 753w, https:\/\/semmelweis.hu\/boe\/files\/2026\/02\/Orszagh-Bence-foszervezo-.jpg 960w\" sizes=\"auto, (max-width: 240px) 100vw, 240px\" \/><\/b><\/strong><\/p>\n<p><strong><b>Orsz\u00e1gh Bence<br \/>\n<\/b><\/strong><em>F\u0151szervez\u0151<\/em><\/p>\n<\/td>\n<\/tr>\n<tr style=\"height: 33px\">\n<td style=\"width: 100%;height: 33px;text-align: center\">\u00a0<\/td>\n<\/tr>\n<tr style=\"height: 33px\">\n<td style=\"width: 100%;height: 33px;text-align: center\">\n<p><img loading=\"lazy\" decoding=\"async\" class=\"alignnone size-medium wp-image-8803\" src=\"https:\/\/semmelweis.hu\/boe\/files\/2026\/02\/Toth-Mate-foszervezo-helyettes-240x300.jpg\" alt=\"\" width=\"240\" height=\"300\" srcset=\"https:\/\/semmelweis.hu\/boe\/files\/2026\/02\/Toth-Mate-foszervezo-helyettes-240x300.jpg 240w, https:\/\/semmelweis.hu\/boe\/files\/2026\/02\/Toth-Mate-foszervezo-helyettes-819x1024.jpg 819w, https:\/\/semmelweis.hu\/boe\/files\/2026\/02\/Toth-Mate-foszervezo-helyettes-768x960.jpg 768w, https:\/\/semmelweis.hu\/boe\/files\/2026\/02\/Toth-Mate-foszervezo-helyettes-753x941.jpg 753w, https:\/\/semmelweis.hu\/boe\/files\/2026\/02\/Toth-Mate-foszervezo-helyettes.jpg 960w\" sizes=\"auto, (max-width: 240px) 100vw, 240px\" \/><\/p>\n<p><strong><b>T\u00f3th M\u00e1t\u00e9<br \/>\n<\/b><\/strong><em>F\u0151szervez\u0151 helyettes<\/em><\/p>\n<\/td>\n<\/tr>\n<\/tbody>\n<\/table>\n<p>&nbsp;<\/p>\n\n<\/div><h2 class=\"tabtitle\">Szakmai csapat<\/h2>\n<div class=\"tabcontent\">\n\n<p>&nbsp;<\/p>\n<table style=\"border-collapse: collapse;width: 100%;height: 198px\">\n<tbody>\n<tr style=\"height: 33px\">\n<td style=\"width: 100%;height: 33px;text-align: center\">\u00a0<\/td>\n<\/tr>\n<tr style=\"height: 33px\">\n<td style=\"width: 100%;text-align: center;height: 33px\">\n<p><img loading=\"lazy\" decoding=\"async\" class=\"alignnone size-medium wp-image-8802\" src=\"https:\/\/semmelweis.hu\/boe\/files\/2026\/02\/Valalik-Zalan-szakmai-felelos-240x300.jpg\" alt=\"\" width=\"240\" height=\"300\" srcset=\"https:\/\/semmelweis.hu\/boe\/files\/2026\/02\/Valalik-Zalan-szakmai-felelos-240x300.jpg 240w, https:\/\/semmelweis.hu\/boe\/files\/2026\/02\/Valalik-Zalan-szakmai-felelos-819x1024.jpg 819w, https:\/\/semmelweis.hu\/boe\/files\/2026\/02\/Valalik-Zalan-szakmai-felelos-768x960.jpg 768w, https:\/\/semmelweis.hu\/boe\/files\/2026\/02\/Valalik-Zalan-szakmai-felelos-753x941.jpg 753w, https:\/\/semmelweis.hu\/boe\/files\/2026\/02\/Valalik-Zalan-szakmai-felelos.jpg 960w\" sizes=\"auto, (max-width: 240px) 100vw, 240px\" \/><\/p>\n<p><span style=\"font-weight: 400\"><strong>Val\u00e1lik Zal\u00e1n<\/strong><br \/>\n<\/span><em style=\"font-family: inherit;font-size: inherit\">Szakmai felel\u0151s<\/em><\/p>\n<\/td>\n<\/tr>\n<tr style=\"height: 33px\">\n<td style=\"width: 100%;height: 33px;text-align: center\">\u00a0<\/td>\n<\/tr>\n<tr style=\"height: 33px\">\n<td style=\"width: 100%;height: 33px;text-align: center\">\n<p><img loading=\"lazy\" decoding=\"async\" class=\"alignnone size-medium wp-image-8809\" src=\"https:\/\/semmelweis.hu\/boe\/files\/2026\/02\/Kalmar-Kamilla-szakmai-asszisztens--240x300.jpg\" alt=\"\" width=\"240\" height=\"300\" srcset=\"https:\/\/semmelweis.hu\/boe\/files\/2026\/02\/Kalmar-Kamilla-szakmai-asszisztens--240x300.jpg 240w, https:\/\/semmelweis.hu\/boe\/files\/2026\/02\/Kalmar-Kamilla-szakmai-asszisztens--819x1024.jpg 819w, https:\/\/semmelweis.hu\/boe\/files\/2026\/02\/Kalmar-Kamilla-szakmai-asszisztens--768x960.jpg 768w, https:\/\/semmelweis.hu\/boe\/files\/2026\/02\/Kalmar-Kamilla-szakmai-asszisztens--753x941.jpg 753w, https:\/\/semmelweis.hu\/boe\/files\/2026\/02\/Kalmar-Kamilla-szakmai-asszisztens-.jpg 960w\" sizes=\"auto, (max-width: 240px) 100vw, 240px\" \/><\/p>\n<p><strong><b>Kalm\u00e1r Kamilla<br \/>\n<\/b><\/strong><em>Szakmai asszisztens<\/em><\/p>\n<\/td>\n<\/tr>\n<tr style=\"height: 33px\">\n<td style=\"width: 100%;height: 33px;text-align: center\">\u00a0<\/td>\n<\/tr>\n<tr style=\"height: 33px\">\n<td style=\"width: 100%;height: 33px;text-align: center\">\n<p><img loading=\"lazy\" decoding=\"async\" class=\"alignnone size-medium wp-image-8808\" src=\"https:\/\/semmelweis.hu\/boe\/files\/2026\/02\/Matus-Eliza-szakmai-asszisztens-240x300.jpg\" alt=\"\" width=\"240\" height=\"300\" srcset=\"https:\/\/semmelweis.hu\/boe\/files\/2026\/02\/Matus-Eliza-szakmai-asszisztens-240x300.jpg 240w, https:\/\/semmelweis.hu\/boe\/files\/2026\/02\/Matus-Eliza-szakmai-asszisztens-819x1024.jpg 819w, https:\/\/semmelweis.hu\/boe\/files\/2026\/02\/Matus-Eliza-szakmai-asszisztens-768x960.jpg 768w, https:\/\/semmelweis.hu\/boe\/files\/2026\/02\/Matus-Eliza-szakmai-asszisztens-753x941.jpg 753w, https:\/\/semmelweis.hu\/boe\/files\/2026\/02\/Matus-Eliza-szakmai-asszisztens.jpg 960w\" sizes=\"auto, (max-width: 240px) 100vw, 240px\" \/><\/p>\n<p><strong><b>Matus Eliza<br \/>\n<\/b><\/strong><em>Szakmai asszisztens<\/em><\/p>\n<\/td>\n<\/tr>\n<\/tbody>\n<\/table>\n<p>&nbsp;<\/p>\n\n<\/div><h2 class=\"tabtitle\">Kommunik\u00e1ci\u00f3s \u00e9s M\u00e9dia csapat<\/h2>\n<div class=\"tabcontent\">\n\n<p>&nbsp;<\/p>\n<table style=\"border-collapse: collapse;width: 100%;height: 258px\">\n<tbody>\n<tr style=\"height: 33px\">\n<td style=\"width: 100%;height: 33px;text-align: center\">\u00a0<\/td>\n<\/tr>\n<tr style=\"height: 63px\">\n<td style=\"width: 100%;text-align: center;height: 63px\">\n<p><img loading=\"lazy\" decoding=\"async\" class=\"alignnone size-medium wp-image-8806\" src=\"https:\/\/semmelweis.hu\/boe\/files\/2026\/02\/Pancza-Zsofia-kommunikacios-kreativ-es-mediafelelos-240x300.jpg\" alt=\"\" width=\"240\" height=\"300\" srcset=\"https:\/\/semmelweis.hu\/boe\/files\/2026\/02\/Pancza-Zsofia-kommunikacios-kreativ-es-mediafelelos-240x300.jpg 240w, https:\/\/semmelweis.hu\/boe\/files\/2026\/02\/Pancza-Zsofia-kommunikacios-kreativ-es-mediafelelos-819x1024.jpg 819w, https:\/\/semmelweis.hu\/boe\/files\/2026\/02\/Pancza-Zsofia-kommunikacios-kreativ-es-mediafelelos-768x960.jpg 768w, https:\/\/semmelweis.hu\/boe\/files\/2026\/02\/Pancza-Zsofia-kommunikacios-kreativ-es-mediafelelos-753x941.jpg 753w, https:\/\/semmelweis.hu\/boe\/files\/2026\/02\/Pancza-Zsofia-kommunikacios-kreativ-es-mediafelelos.jpg 960w\" sizes=\"auto, (max-width: 240px) 100vw, 240px\" \/><\/p>\n<p><strong><b>Pancza Zs\u00f3fia<br \/>\n<\/b><\/strong><em>Kommunik\u00e1ci\u00f3s felel\u0151s<\/em><\/p>\n<\/td>\n<\/tr>\n<tr style=\"height: 33px\">\n<td style=\"width: 100%;height: 33px;text-align: center\">\u00a0<\/td>\n<\/tr>\n<tr style=\"height: 63px\">\n<td style=\"width: 100%;text-align: center;height: 63px\">\n<p><img loading=\"lazy\" decoding=\"async\" class=\"alignnone size-medium wp-image-8804\" src=\"https:\/\/semmelweis.hu\/boe\/files\/2026\/02\/Tihanyi-Eszter-kreativ-es-kommunikacios-asszisztens--240x300.jpg\" alt=\"\" width=\"240\" height=\"300\" srcset=\"https:\/\/semmelweis.hu\/boe\/files\/2026\/02\/Tihanyi-Eszter-kreativ-es-kommunikacios-asszisztens--240x300.jpg 240w, https:\/\/semmelweis.hu\/boe\/files\/2026\/02\/Tihanyi-Eszter-kreativ-es-kommunikacios-asszisztens--819x1024.jpg 819w, https:\/\/semmelweis.hu\/boe\/files\/2026\/02\/Tihanyi-Eszter-kreativ-es-kommunikacios-asszisztens--768x960.jpg 768w, https:\/\/semmelweis.hu\/boe\/files\/2026\/02\/Tihanyi-Eszter-kreativ-es-kommunikacios-asszisztens--753x941.jpg 753w, https:\/\/semmelweis.hu\/boe\/files\/2026\/02\/Tihanyi-Eszter-kreativ-es-kommunikacios-asszisztens-.jpg 960w\" sizes=\"auto, (max-width: 240px) 100vw, 240px\" \/><\/p>\n<p><strong><b>Tihanyi Eszter<br \/>\n<\/b><\/strong><em>Kommunik\u00e1ci\u00f3s asszisztens<\/em><\/p>\n<\/td>\n<\/tr>\n<tr style=\"height: 33px\">\n<td style=\"width: 100%;height: 33px;text-align: center\">\u00a0<\/td>\n<\/tr>\n<tr style=\"height: 33px\">\n<td style=\"width: 100%;height: 33px;text-align: center\">\n<p><img loading=\"lazy\" decoding=\"async\" class=\"alignnone size-medium wp-image-8805\" src=\"https:\/\/semmelweis.hu\/boe\/files\/2026\/02\/Szerb-Luka-kreativ-es-kommunikacios-asszisztens--240x300.jpg\" alt=\"\" width=\"240\" height=\"300\" srcset=\"https:\/\/semmelweis.hu\/boe\/files\/2026\/02\/Szerb-Luka-kreativ-es-kommunikacios-asszisztens--240x300.jpg 240w, https:\/\/semmelweis.hu\/boe\/files\/2026\/02\/Szerb-Luka-kreativ-es-kommunikacios-asszisztens--819x1024.jpg 819w, https:\/\/semmelweis.hu\/boe\/files\/2026\/02\/Szerb-Luka-kreativ-es-kommunikacios-asszisztens--768x960.jpg 768w, https:\/\/semmelweis.hu\/boe\/files\/2026\/02\/Szerb-Luka-kreativ-es-kommunikacios-asszisztens--753x941.jpg 753w, https:\/\/semmelweis.hu\/boe\/files\/2026\/02\/Szerb-Luka-kreativ-es-kommunikacios-asszisztens-.jpg 960w\" sizes=\"auto, (max-width: 240px) 100vw, 240px\" \/><\/p>\n<p><strong><b>Szerb Luka<br \/>\n<\/b><\/strong><em>Kommunik\u00e1ci\u00f3s asszisztens<\/em><\/p>\n<\/td>\n<\/tr>\n<\/tbody>\n<\/table>\n<p>&nbsp;<\/p>\n\n<\/div><h2 class=\"tabtitle\">Gazdas\u00e1gi csapat<\/h2>\n<div class=\"tabcontent\">\n\n<p>&nbsp;<\/p>\n<table style=\"border-collapse: collapse;width: 100%;height: 161px\">\n<tbody>\n<tr style=\"height: 33px\">\n<td style=\"width: 100%;height: 33px;text-align: center\">\u00a0<\/td>\n<\/tr>\n<tr style=\"height: 62px\">\n<td style=\"width: 100%;text-align: center;height: 62px\">\n<p><img loading=\"lazy\" decoding=\"async\" class=\"alignnone wp-image-8801 size-medium\" src=\"https:\/\/semmelweis.hu\/boe\/files\/2026\/02\/Varga-Anita-gazdasagi-felelos-e1770305812374-252x300.png\" alt=\"\" width=\"252\" height=\"300\" srcset=\"https:\/\/semmelweis.hu\/boe\/files\/2026\/02\/Varga-Anita-gazdasagi-felelos-e1770305812374-252x300.png 252w, https:\/\/semmelweis.hu\/boe\/files\/2026\/02\/Varga-Anita-gazdasagi-felelos-e1770305812374.png 552w\" sizes=\"auto, (max-width: 252px) 100vw, 252px\" \/><\/p>\n<p><strong><b>Varga Anita<br \/>\n<\/b><\/strong><em>Gazdas\u00e1gi felel\u0151s<\/em><\/p>\n<\/td>\n<\/tr>\n<tr style=\"height: 33px\">\n<td style=\"width: 100%;height: 33px;text-align: center\">\u00a0<\/td>\n<\/tr>\n<tr style=\"height: 33px\">\n<td style=\"width: 100%;height: 33px;text-align: center\">\n<p><img loading=\"lazy\" decoding=\"async\" class=\"alignnone size-medium wp-image-8811\" src=\"https:\/\/semmelweis.hu\/boe\/files\/2026\/02\/Albert-Aliz-gazdasagi-asszisztens--240x300.jpg\" alt=\"\" width=\"240\" height=\"300\" srcset=\"https:\/\/semmelweis.hu\/boe\/files\/2026\/02\/Albert-Aliz-gazdasagi-asszisztens--240x300.jpg 240w, https:\/\/semmelweis.hu\/boe\/files\/2026\/02\/Albert-Aliz-gazdasagi-asszisztens--819x1024.jpg 819w, https:\/\/semmelweis.hu\/boe\/files\/2026\/02\/Albert-Aliz-gazdasagi-asszisztens--768x960.jpg 768w, https:\/\/semmelweis.hu\/boe\/files\/2026\/02\/Albert-Aliz-gazdasagi-asszisztens--753x941.jpg 753w, https:\/\/semmelweis.hu\/boe\/files\/2026\/02\/Albert-Aliz-gazdasagi-asszisztens-.jpg 960w\" sizes=\"auto, (max-width: 240px) 100vw, 240px\" \/><\/p>\n<p><strong><b>Albert Al\u00edz<br \/>\n<\/b><\/strong><em>Gazdas\u00e1gi asszisztens<\/em><\/p>\n<\/td>\n<\/tr>\n<tr>\n<td style=\"width: 100%;text-align: center\">\u00a0<\/td>\n<\/tr>\n<tr>\n<td style=\"width: 100%;text-align: center\">\n<p><img loading=\"lazy\" decoding=\"async\" class=\"alignnone size-medium wp-image-8810\" src=\"https:\/\/semmelweis.hu\/boe\/files\/2026\/02\/Janits-Szabo-Deva-gazdasagi-asszisztens--240x300.jpg\" alt=\"\" width=\"240\" height=\"300\" srcset=\"https:\/\/semmelweis.hu\/boe\/files\/2026\/02\/Janits-Szabo-Deva-gazdasagi-asszisztens--240x300.jpg 240w, https:\/\/semmelweis.hu\/boe\/files\/2026\/02\/Janits-Szabo-Deva-gazdasagi-asszisztens--819x1024.jpg 819w, https:\/\/semmelweis.hu\/boe\/files\/2026\/02\/Janits-Szabo-Deva-gazdasagi-asszisztens--768x960.jpg 768w, https:\/\/semmelweis.hu\/boe\/files\/2026\/02\/Janits-Szabo-Deva-gazdasagi-asszisztens--753x941.jpg 753w, https:\/\/semmelweis.hu\/boe\/files\/2026\/02\/Janits-Szabo-Deva-gazdasagi-asszisztens-.jpg 960w\" sizes=\"auto, (max-width: 240px) 100vw, 240px\" \/><\/p>\n<p><strong><b>Janits-Szab\u00f3 D\u00e9va<br \/>\n<\/b><\/strong><em>Gazdas\u00e1gi asszisztens<\/em><strong><br \/>\n<\/strong><\/p>\n<\/td>\n<\/tr>\n<\/tbody>\n<\/table>\n<p>&nbsp;<\/p>\n<\/div><\/div>\n","protected":false},"excerpt":{"rendered":"<p>&nbsp; \u00a0 Orsz\u00e1gh Bence F\u0151szervez\u0151 \u00a0 T\u00f3th M\u00e1t\u00e9 F\u0151szervez\u0151 helyettes &nbsp; &nbsp; \u00a0 Val\u00e1lik Zal\u00e1n Szakmai felel\u0151s \u00a0 Kalm\u00e1r Kamilla Szakmai asszisztens \u00a0 Matus Eliza Szakmai asszisztens &nbsp; &nbsp; \u00a0 Pancza Zs\u00f3fia Kommunik\u00e1ci\u00f3s felel\u0151s \u00a0 Tihanyi Eszter Kommunik\u00e1ci\u00f3s asszisztens \u00a0 Szerb Luka Kommunik\u00e1ci\u00f3s asszisztens &nbsp; &nbsp; \u00a0 Varga Anita Gazdas\u00e1gi felel\u0151s \u00a0 Albert Al\u00edz Gazdas\u00e1gi &hellip;<\/p>\n","protected":false},"author":101486,"featured_media":0,"parent":5420,"menu_order":10,"comment_status":"closed","ping_status":"closed","template":"","meta":{"_acf_changed":false,"footnotes":""},"categories":[],"tags":[],"class_list":["post-8024","page","type-page","status-publish","hentry"],"acf":[],"_links":{"self":[{"href":"https:\/\/semmelweis.hu\/boe\/wp-json\/wp\/v2\/pages\/8024","targetHints":{"allow":["GET"]}}],"collection":[{"href":"https:\/\/semmelweis.hu\/boe\/wp-json\/wp\/v2\/pages"}],"about":[{"href":"https:\/\/semmelweis.hu\/boe\/wp-json\/wp\/v2\/types\/page"}],"author":[{"embeddable":true,"href":"https:\/\/semmelweis.hu\/boe\/wp-json\/wp\/v2\/users\/101486"}],"replies":[{"embeddable":true,"href":"https:\/\/semmelweis.hu\/boe\/wp-json\/wp\/v2\/comments?post=8024"}],"version-history":[{"count":10,"href":"https:\/\/semmelweis.hu\/boe\/wp-json\/wp\/v2\/pages\/8024\/revisions"}],"predecessor-version":[{"id":8812,"href":"https:\/\/semmelweis.hu\/boe\/wp-json\/wp\/v2\/pages\/8024\/revisions\/8812"}],"up":[{"embeddable":true,"href":"https:\/\/semmelweis.hu\/boe\/wp-json\/wp\/v2\/pages\/5420"}],"wp:attachment":[{"href":"https:\/\/semmelweis.hu\/boe\/wp-json\/wp\/v2\/media?parent=8024"}],"wp:term":[{"taxonomy":"category","embeddable":true,"href":"https:\/\/semmelweis.hu\/boe\/wp-json\/wp\/v2\/categories?post=8024"},{"taxonomy":"post_tag","embeddable":true,"href":"https:\/\/semmelweis.hu\/boe\/wp-json\/wp\/v2\/tags?post=8024"}],"curies":[{"name":"wp","href":"https:\/\/api.w.org\/{rel}","templated":true}]}}