{"id":7914,"date":"2023-10-21T20:11:15","date_gmt":"2023-10-21T18:11:15","guid":{"rendered":"https:\/\/semmelweis.hu\/boe\/?page_id=7914"},"modified":"2025-10-15T23:42:11","modified_gmt":"2025-10-15T21:42:11","slug":"kapcsolat","status":"publish","type":"page","link":"https:\/\/semmelweis.hu\/boe\/egeszsegverseny\/szervezoi-csapat\/kapcsolat\/","title":{"rendered":"Kapcsolat"},"content":{"rendered":"<h1>El\u00e9rhet\u0151s\u00e9geink<\/h1>\n<p>&nbsp;<\/p>\n<p><span style=\"font-weight: 400\">Ha b\u00e1rmilyen k\u00e9rd\u00e9s felmer\u00fcl az Eg\u00e9szs\u00e9gversennyel kapcsolatban, az al\u00e1bbi el\u00e9rhet\u0151s\u00e9gek b\u00e1rmelyik\u00e9n lehet minket keresni:<\/span><\/p>\n<p><span style=\"font-weight: 400\">E-mail: <\/span><a href=\"mailto:egeszsegverseny@humsirc.hu\"><span style=\"font-weight: 400\">egeszsegverseny@humsirc.hu<\/span><\/a><br \/>\n<span style=\"font-weight: 400\">Gazdas\u00e1gi t\u00e9m\u00e1ban: <\/span><a href=\"mailto:egeszsegverseny_gazdasag@humsirc.hu\"><span style=\"font-weight: 400\">egeszsegverseny_gazdasag@humsirc.hu<\/span><\/a><span style=\"font-weight: 400\">; m\u00e1solatban: <\/span><a href=\"mailto:egeszsegverseny@humsirc.hu\"><span style=\"font-weight: 400\">egeszsegverseny@humsirc.hu<\/span><\/a><br \/>\n<span style=\"font-weight: 400\">Facebook: <\/span><a href=\"http:\/\/www.facebook.com\/egeszsegverseny\"><span style=\"font-weight: 400\">www.facebook.com\/egeszsegverseny<\/span><\/a><span style=\"font-weight: 400\">\u00a0<br \/>\n<\/span><span style=\"font-weight: 400\">Instagram: <\/span><a href=\"http:\/\/www.instagram.com\/egeszsegverseny\"><span style=\"font-weight: 400\">www.instagram.com\/egeszsegverseny<\/span><\/a><span style=\"font-weight: 400\">\u00a0<\/span><\/p>\n<p>&nbsp;<\/p>\n","protected":false},"excerpt":{"rendered":"<p>El\u00e9rhet\u0151s\u00e9geink<br \/>\n&nbsp;<br \/>\nHa b\u00e1rmilyen k\u00e9rd\u00e9s felmer\u00fcl az Eg\u00e9szs\u00e9gversennyel kapcsolatban, az al\u00e1bbi el\u00e9rhet\u0151s\u00e9gek b\u00e1rmelyik\u00e9n lehet minket keresni:<br \/>\nE-mail: <a href=\"mailto:egeszsegverseny@humsirc.hu\">egeszsegverseny@humsirc.hu<\/a><br \/>\nGazdas\u00e1gi t\u00e9m\u00e1ban: <a href=\"mailto:egeszsegverseny_gazdasag@humsirc.hu\">egeszsegverseny_gazdasag@humsirc.hu<\/a>; m\u00e1solatban: <a href=\"mailto:egeszsegverseny@humsirc.hu\">egeszsegverseny@humsirc.hu<\/a><br \/>\nFacebook: <a href=\"http:\/\/www.facebook.com\/egeszsegverseny\">www.facebook.com\/egeszsegverseny<\/a>\u00a0<br \/>\nInstagram: <a href=\"http:\/\/www.instagram.com\/egeszsegverseny\">www.instagram.com\/egeszsegverseny<\/a>\u00a0<br \/>\n&nbsp;<\/p>\n","protected":false},"author":101486,"featured_media":0,"parent":8024,"menu_order":0,"comment_status":"closed","ping_status":"closed","template":"","meta":{"_acf_changed":false,"footnotes":""},"categories":[],"tags":[],"class_list":["post-7914","page","type-page","status-publish","hentry"],"acf":[],"_links":{"self":[{"href":"https:\/\/semmelweis.hu\/boe\/wp-json\/wp\/v2\/pages\/7914","targetHints":{"allow":["GET"]}}],"collection":[{"href":"https:\/\/semmelweis.hu\/boe\/wp-json\/wp\/v2\/pages"}],"about":[{"href":"https:\/\/semmelweis.hu\/boe\/wp-json\/wp\/v2\/types\/page"}],"author":[{"embeddable":true,"href":"https:\/\/semmelweis.hu\/boe\/wp-json\/wp\/v2\/users\/101486"}],"replies":[{"embeddable":true,"href":"https:\/\/semmelweis.hu\/boe\/wp-json\/wp\/v2\/comments?post=7914"}],"version-history":[{"count":2,"href":"https:\/\/semmelweis.hu\/boe\/wp-json\/wp\/v2\/pages\/7914\/revisions"}],"predecessor-version":[{"id":8730,"href":"https:\/\/semmelweis.hu\/boe\/wp-json\/wp\/v2\/pages\/7914\/revisions\/8730"}],"up":[{"embeddable":true,"href":"https:\/\/semmelweis.hu\/boe\/wp-json\/wp\/v2\/pages\/8024"}],"wp:attachment":[{"href":"https:\/\/semmelweis.hu\/boe\/wp-json\/wp\/v2\/media?parent=7914"}],"wp:term":[{"taxonomy":"category","embeddable":true,"href":"https:\/\/semmelweis.hu\/boe\/wp-json\/wp\/v2\/categories?post=7914"},{"taxonomy":"post_tag","embeddable":true,"href":"https:\/\/semmelweis.hu\/boe\/wp-json\/wp\/v2\/tags?post=7914"}],"curies":[{"name":"wp","href":"https:\/\/api.w.org\/{rel}","templated":true}]}}