{"id":79,"date":"2013-03-06T18:02:25","date_gmt":"2013-03-06T17:02:25","guid":{"rendered":"http:\/\/semmelweis-egyetem.hu\/boe\/?page_id=79"},"modified":"2018-12-06T17:56:07","modified_gmt":"2018-12-06T16:56:07","slug":"elmenybeszamolok","status":"publish","type":"page","link":"https:\/\/semmelweis.hu\/boe\/tagoknak\/elmenybeszamolok\/","title":{"rendered":"\u00c9lm\u00e9nybesz\u00e1mol\u00f3k"},"content":{"rendered":"<p>Kedves \u00c9rdekl\u0151d\u0151!<\/p>\n<p style=\"text-align: justify\">A kor\u00e1bban cseregyakorlatoz\u00f3 hallgat\u00f3k \u00e9lm\u00e9nybesz\u00e1mol\u00f3it a 2017\/18-as szezont\u00f3l a&nbsp;<a href=\"https:\/\/humsirctravel.wordpress.com\/\">Humsirc Travel Blogoldalon<\/a>&nbsp;olvashatj\u00e1tok! A tov\u00e1bbiakban minden be\u00e9rkez\u0151 \u00e9lm\u00e9nybesz\u00e1mol\u00f3t a blogra fogunk felt\u00f6lteni, tov\u00e1bb\u00e1 itt lehet\u0151s\u00e9getek van b\u00f6ng\u00e9szni a t\u00f6bbi tagegyes\u00fclet hallgat\u00f3inak besz\u00e1mol\u00f3i k\u00f6z\u00f6tt is.<\/p>\n","protected":false},"excerpt":{"rendered":"<p>Kedves \u00c9rdekl\u0151d\u0151!<br \/>\nA kor\u00e1bban cseregyakorlatoz\u00f3 hallgat\u00f3k \u00e9lm\u00e9nybesz\u00e1mol\u00f3it a 2017\/18-as szezont\u00f3l a&nbsp;<a href=\"https:\/\/humsirctravel.wordpress.com\/\">Humsirc Travel Blogoldalon<\/a>&nbsp;olvashatj\u00e1tok! A tov\u00e1bbiakban minden be\u00e9rkez\u0151 \u00e9lm\u00e9nybesz\u00e1mol\u00f3t a blogra fogunk felt\u00f6lteni, tov\u00e1bb\u00e1 itt lehet\u0151s\u00e9getek van b\u00f6ng\u00e9szni a t\u00f6bbi tagegyes\u00fclet hallgat\u00f3inak besz\u00e1mol\u00f3i k\u00f6z\u00f6tt is.<\/p>\n","protected":false},"author":162,"featured_media":0,"parent":73,"menu_order":4,"comment_status":"open","ping_status":"open","template":"","meta":{"_acf_changed":false,"footnotes":""},"categories":[],"tags":[],"class_list":["post-79","page","type-page","status-publish","hentry"],"acf":[],"_links":{"self":[{"href":"https:\/\/semmelweis.hu\/boe\/wp-json\/wp\/v2\/pages\/79","targetHints":{"allow":["GET"]}}],"collection":[{"href":"https:\/\/semmelweis.hu\/boe\/wp-json\/wp\/v2\/pages"}],"about":[{"href":"https:\/\/semmelweis.hu\/boe\/wp-json\/wp\/v2\/types\/page"}],"author":[{"embeddable":true,"href":"https:\/\/semmelweis.hu\/boe\/wp-json\/wp\/v2\/users\/162"}],"replies":[{"embeddable":true,"href":"https:\/\/semmelweis.hu\/boe\/wp-json\/wp\/v2\/comments?post=79"}],"version-history":[{"count":10,"href":"https:\/\/semmelweis.hu\/boe\/wp-json\/wp\/v2\/pages\/79\/revisions"}],"predecessor-version":[{"id":5902,"href":"https:\/\/semmelweis.hu\/boe\/wp-json\/wp\/v2\/pages\/79\/revisions\/5902"}],"up":[{"embeddable":true,"href":"https:\/\/semmelweis.hu\/boe\/wp-json\/wp\/v2\/pages\/73"}],"wp:attachment":[{"href":"https:\/\/semmelweis.hu\/boe\/wp-json\/wp\/v2\/media?parent=79"}],"wp:term":[{"taxonomy":"category","embeddable":true,"href":"https:\/\/semmelweis.hu\/boe\/wp-json\/wp\/v2\/categories?post=79"},{"taxonomy":"post_tag","embeddable":true,"href":"https:\/\/semmelweis.hu\/boe\/wp-json\/wp\/v2\/tags?post=79"}],"curies":[{"name":"wp","href":"https:\/\/api.w.org\/{rel}","templated":true}]}}