{"id":7836,"date":"2023-09-25T19:45:05","date_gmt":"2023-09-25T17:45:05","guid":{"rendered":"https:\/\/semmelweis.hu\/boe\/?page_id=7836"},"modified":"2026-01-27T13:51:25","modified_gmt":"2026-01-27T12:51:25","slug":"prevencios-oratartas","status":"publish","type":"page","link":"https:\/\/semmelweis.hu\/boe\/prevencios-oratartas\/","title":{"rendered":"Prevenci\u00f3s \u00f3ratart\u00e1s"},"content":{"rendered":"<p dir=\"ltr\"><strong><span style=\"color: #ff0000\">Az \u00f3rafelk\u00e9r\u00e9seket az <a href=\"mailto:orafelkeres.boe@gmail.com\">orafelkeres.boe@gmail.com<\/a> e-mail-c\u00edmen kereszt\u00fcl v\u00e1rjuk!<\/span><br \/>\n<\/strong><\/p>\n<p id=\"m_8075074654387996002gmail-docs-internal-guid-ff41a857-fff1-ce99-4620-dc38b81da228\" dir=\"ltr\">Egyes\u00fclet\u00fcnk egyik f\u0151 profilja a prevenci\u00f3 \u00e9s ismeretterjeszt\u00e9s, amely keret\u00e9ben szeretn\u00e9nk az eg\u00e9szs\u00e9gk\u00f6zpont\u00fa \u00e9letszeml\u00e9letet terjeszteni, a civiliz\u00e1ci\u00f3s betegs\u00e9geket megel\u0151zni, alapvet\u0151 prevenci\u00f3s \u00e9s eg\u00e9szs\u00e9g\u00fcgyi ismereteket \u00e1tadni. Prevenci\u00f3s szekci\u00f3ink tagjai el\u0151ad\u00e1sokat tartanak \u00e1ltal\u00e1nos \u00e9s k\u00f6z\u00e9piskol\u00e1s di\u00e1kok sz\u00e1m\u00e1ra 11 f\u0151 t\u00e9mak\u00f6rben:<\/p>\n<ul>\n<li>\n<p dir=\"ltr\"><strong>Drog-alkohol-doh\u00e1nyz\u00e1s prevenci\u00f3<\/strong><\/p>\n<\/li>\n<li>\n<p dir=\"ltr\"><strong>Els\u0151seg\u00e9lyny\u00fajt\u00e1s, alapszint\u0171 \u00fajra\u00e9leszt\u00e9s<\/strong><\/p>\n<\/li>\n<li>\n<p dir=\"ltr\"><strong>Kardiovaszkul\u00e1ris \u00e9s tumorprevenci\u00f3<\/strong><\/p>\n<\/li>\n<li>\n<p dir=\"ltr\"><strong>Eg\u00e9szs\u00e9gtudatos t\u00e1pl\u00e1lkoz\u00e1s<\/strong><\/p>\n<\/li>\n<li>\n<p dir=\"ltr\"><strong>V\u00e9rad\u00e1s \u00e9s transzplant\u00e1ci\u00f3<\/strong><\/p>\n<\/li>\n<li>\n<p dir=\"ltr\"><strong>Reprodukt\u00edv eg\u00e9szs\u00e9g\u00fcgy<\/strong><\/p>\n<\/li>\n<li>\n<p dir=\"ltr\"><strong>V\u00e9d\u0151olt\u00e1sok \u00e9s antimikrobi\u00e1lis rezisztencia<\/strong><\/p>\n<\/li>\n<li><strong>Teddy Maci K\u00f3rh\u00e1z (Gyermek- \u00e9s Eg\u00e9szs\u00e9gnevel\u00e9s)\n<p><\/strong><\/li>\n<li><strong>Ment\u00e1lhigi\u00e9n\u00e9 prevenci\u00f3<br \/>\n<\/strong><\/li>\n<li><strong>Sport \u00e9s testmozg\u00e1s\n<p><\/strong><\/li>\n<li><strong>General Health (angol nyelven\/in English)<\/strong><\/li>\n<\/ul>\n<p dir=\"ltr\">\u00a0<\/p>\n<h3>A prevenci\u00f3s oktat\u00e1sra az al\u00e1bbi form\u00e1kban van lehet\u0151s\u00e9g:<\/h3>\n<ul>\n<li><strong>45 illetve 90 perces tan\u00f3ra<\/strong><\/li>\n<li><strong>\u00e9ves prevenci\u00f3s program<br \/>\n<\/strong>szeptembert\u0151l m\u00e1jusig 6-8 el\u0151ad\u00e1s meghallgat\u00e1sa a kiv\u00e1lasztott t\u00e9mak\u00f6r\u00f6kb\u0151l<\/li>\n<li><strong>eg\u00e9szs\u00e9gnapok<br \/>\n<\/strong>eg\u00e9sz napos program, amely sor\u00e1n az el\u0151ad\u00e1sok p\u00e1rhuzamosan futnak, \u00edgy a di\u00e1koknak t\u00f6bb programon van lehet\u0151s\u00e9g\u00fck r\u00e9szt venni<\/li>\n<li><strong>t\u00e9mad\u00e9lut\u00e1nok<br \/>\n<\/strong>\u00a0\u00e9vente 3-4 alkalommal megrendez\u00e9sre ker\u00fcl\u0151 egy d\u00e9lut\u00e1nt ig\u00e9nybe vev\u0151 programok egy t\u00e9mak\u00f6rre f\u00f3kusz\u00e1lva<\/li>\n<\/ul>\n<p>&nbsp;<\/p>\n<p dir=\"ltr\">Az egyes szekci\u00f3k t\u00e9m\u00e1ir\u00f3l \u00e9s munk\u00e1j\u00e1r\u00f3l val\u00f3 r\u00e9szletesebb t\u00e1j\u00e9koz\u00f3d\u00e1shoz v\u00e1lasszon a bal oldali men\u00fcs\u00e1vb\u00f3l.<\/p>\n<p dir=\"ltr\">Prevenci\u00f3s szekci\u00f3nk tagjainak k\u00f6telez\u0151 k\u00e9pz\u00e9sen kell r\u00e9szt venni\u00fck az egyes t\u00e9mak\u00f6r\u00f6kben, illetve a tan\u00e9v sor\u00e1n sz\u00e1mos tov\u00e1bbk\u00e9pz\u00e9si lehet\u0151s\u00e9get is biztos\u00edtunk sz\u00e1mukra.<\/p>\n<p dir=\"ltr\">B\u00e1rmilyen felmer\u00fcl\u0151 k\u00e9rd\u00e9s vagy k\u00e9r\u00e9s eset\u00e9n keressenek benn\u00fcnket b\u00e1tran az al\u00e1bbi e-mail c\u00edmen:\u00a0<strong><a href=\"mailto:lpo_budapest@humsirc.hu\" target=\"_blank\" rel=\"noopener noreferrer\">lpo_budapest@humsirc.hu<\/a><\/strong>.<\/p>\n","protected":false},"excerpt":{"rendered":"<p>Az \u00f3rafelk\u00e9r\u00e9seket az <a href=\"mailto:orafelkeres.boe@gmail.com\">orafelkeres.boe@gmail.com<\/a> e-mail-c\u00edmen kereszt\u00fcl v\u00e1rjuk! Egyes\u00fclet\u00fcnk egyik f\u0151 profilja a prevenci\u00f3 \u00e9s ismeretterjeszt\u00e9s, amely keret\u00e9ben szeretn\u00e9nk az eg\u00e9szs\u00e9gk\u00f6zpont\u00fa \u00e9letszeml\u00e9letet terjeszteni, a civiliz\u00e1ci\u00f3s betegs\u00e9geket megel\u0151zni, alapvet\u0151 prevenci\u00f3s \u00e9s eg\u00e9szs\u00e9g\u00fcgyi ismereteket \u00e1tadni. Prevenci\u00f3s szekci\u00f3ink tagjai el\u0151ad\u00e1sokat tartanak \u00e1ltal\u00e1nos \u00e9s k\u00f6z\u00e9piskol\u00e1s di\u00e1kok sz\u00e1m\u00e1ra 11 f\u0151 t\u00e9mak\u00f6rben: Drog-alkohol-doh\u00e1nyz\u00e1s prevenci\u00f3 Els\u0151seg\u00e9lyny\u00fajt\u00e1s, alapszint\u0171 \u00fajra\u00e9leszt\u00e9s Kardiovaszkul\u00e1ris \u00e9s tumorprevenci\u00f3 Eg\u00e9szs\u00e9gtudatos t\u00e1pl\u00e1lkoz\u00e1s V\u00e9rad\u00e1s &hellip;<\/p>\n","protected":false},"author":101486,"featured_media":0,"parent":0,"menu_order":0,"comment_status":"closed","ping_status":"closed","template":"","meta":{"_acf_changed":false,"footnotes":""},"categories":[],"tags":[],"class_list":["post-7836","page","type-page","status-publish","hentry"],"acf":[],"_links":{"self":[{"href":"https:\/\/semmelweis.hu\/boe\/wp-json\/wp\/v2\/pages\/7836","targetHints":{"allow":["GET"]}}],"collection":[{"href":"https:\/\/semmelweis.hu\/boe\/wp-json\/wp\/v2\/pages"}],"about":[{"href":"https:\/\/semmelweis.hu\/boe\/wp-json\/wp\/v2\/types\/page"}],"author":[{"embeddable":true,"href":"https:\/\/semmelweis.hu\/boe\/wp-json\/wp\/v2\/users\/101486"}],"replies":[{"embeddable":true,"href":"https:\/\/semmelweis.hu\/boe\/wp-json\/wp\/v2\/comments?post=7836"}],"version-history":[{"count":10,"href":"https:\/\/semmelweis.hu\/boe\/wp-json\/wp\/v2\/pages\/7836\/revisions"}],"predecessor-version":[{"id":8798,"href":"https:\/\/semmelweis.hu\/boe\/wp-json\/wp\/v2\/pages\/7836\/revisions\/8798"}],"wp:attachment":[{"href":"https:\/\/semmelweis.hu\/boe\/wp-json\/wp\/v2\/media?parent=7836"}],"wp:term":[{"taxonomy":"category","embeddable":true,"href":"https:\/\/semmelweis.hu\/boe\/wp-json\/wp\/v2\/categories?post=7836"},{"taxonomy":"post_tag","embeddable":true,"href":"https:\/\/semmelweis.hu\/boe\/wp-json\/wp\/v2\/tags?post=7836"}],"curies":[{"name":"wp","href":"https:\/\/api.w.org\/{rel}","templated":true}]}}