{"id":7749,"date":"2023-05-25T08:02:06","date_gmt":"2023-05-25T06:02:06","guid":{"rendered":"https:\/\/semmelweis.hu\/boe\/?page_id=7749"},"modified":"2025-03-10T23:57:01","modified_gmt":"2025-03-10T22:57:01","slug":"digitalis-brosura","status":"publish","type":"page","link":"https:\/\/semmelweis.hu\/boe\/digitalis-brosura\/","title":{"rendered":"Digit\u00e1lis Bros\u00fara"},"content":{"rendered":"<div class=\"_df_book df-lite\" id=\"df_8006\"  _slug=\"prevencios-oraink\" data-title=\"prevencios-oraink\" wpoptions=\"true\" thumbtype=\"\" ><\/div><script class=\"df-shortcode-script\" nowprocket type=\"application\/javascript\">window.option_df_8006 = {\"outline\":[],\"autoEnableOutline\":\"false\",\"autoEnableThumbnail\":\"false\",\"overwritePDFOutline\":\"false\",\"direction\":\"1\",\"pageSize\":\"0\",\"source\":\"https:\\\/\\\/semmelweis.hu\\\/boe\\\/files\\\/2023\\\/10\\\/Prevencios-oraink.pdf\",\"wpOptions\":\"true\"}; if(window.DFLIP && window.DFLIP.parseBooks){window.DFLIP.parseBooks();}<\/script>\n<p>&nbsp;<\/p>\n<p><span style=\"font-size: 14pt\">A bros\u00fara lentebb &#8211; a &#8222;Prevenci\u00f3s \u00f3r\u00e1ink&#8221; sz\u00f6vegre kattintva &#8211; pdf form\u00e1tumban le is t\u00f6lthet\u0151!<\/span><\/p>\n<p><a href=\"https:\/\/semmelweis.hu\/boe\/files\/2023\/08\/Prevencios-oraink.pdf\">Prevenci\u00f3s \u00f3r\u00e1ink<\/a><\/p>\n<p>&nbsp;<\/p>\n<p><a href=\"https:\/\/semmelweis.hu\/boe\/files\/2025\/03\/Maltaidmxboe.pdf\">Reprodukt\u00edv eg\u00e9szs\u00e9g\u00fcgy tananyagunk<\/a> a linkre kattintva el\u00e9rhet\u0151.<\/p>\n","protected":false},"excerpt":{"rendered":"<p>&nbsp;<br \/>\nA bros\u00fara lentebb &#8211; a &#8222;Prevenci\u00f3s \u00f3r\u00e1ink&#8221; sz\u00f6vegre kattintva &#8211; pdf form\u00e1tumban le is t\u00f6lthet\u0151!<br \/>\n<a href=\"https:\/\/semmelweis.hu\/boe\/files\/2023\/08\/Prevencios-oraink.pdf\">Prevenci\u00f3s \u00f3r\u00e1ink<\/a><br \/>\n&nbsp;<br \/>\n<a href=\"https:\/\/semmelweis.hu\/boe\/files\/2025\/03\/Maltaidmxboe.pdf\">Reprodukt\u00edv eg\u00e9szs\u00e9g\u00fcgy tananyagunk<\/a> a linkre kattintva el\u00e9rhet\u0151.<\/p>\n","protected":false},"author":101486,"featured_media":0,"parent":0,"menu_order":0,"comment_status":"closed","ping_status":"closed","template":"","meta":{"_acf_changed":false,"footnotes":""},"categories":[],"tags":[],"class_list":["post-7749","page","type-page","status-publish","hentry"],"acf":[],"_links":{"self":[{"href":"https:\/\/semmelweis.hu\/boe\/wp-json\/wp\/v2\/pages\/7749","targetHints":{"allow":["GET"]}}],"collection":[{"href":"https:\/\/semmelweis.hu\/boe\/wp-json\/wp\/v2\/pages"}],"about":[{"href":"https:\/\/semmelweis.hu\/boe\/wp-json\/wp\/v2\/types\/page"}],"author":[{"embeddable":true,"href":"https:\/\/semmelweis.hu\/boe\/wp-json\/wp\/v2\/users\/101486"}],"replies":[{"embeddable":true,"href":"https:\/\/semmelweis.hu\/boe\/wp-json\/wp\/v2\/comments?post=7749"}],"version-history":[{"count":8,"href":"https:\/\/semmelweis.hu\/boe\/wp-json\/wp\/v2\/pages\/7749\/revisions"}],"predecessor-version":[{"id":8627,"href":"https:\/\/semmelweis.hu\/boe\/wp-json\/wp\/v2\/pages\/7749\/revisions\/8627"}],"wp:attachment":[{"href":"https:\/\/semmelweis.hu\/boe\/wp-json\/wp\/v2\/media?parent=7749"}],"wp:term":[{"taxonomy":"category","embeddable":true,"href":"https:\/\/semmelweis.hu\/boe\/wp-json\/wp\/v2\/categories?post=7749"},{"taxonomy":"post_tag","embeddable":true,"href":"https:\/\/semmelweis.hu\/boe\/wp-json\/wp\/v2\/tags?post=7749"}],"curies":[{"name":"wp","href":"https:\/\/api.w.org\/{rel}","templated":true}]}}