{"id":7608,"date":"2022-11-13T13:07:15","date_gmt":"2022-11-13T12:07:15","guid":{"rendered":"https:\/\/semmelweis.hu\/boe\/?page_id=7608"},"modified":"2025-10-15T23:36:00","modified_gmt":"2025-10-15T21:36:00","slug":"eredmenyeink","status":"publish","type":"page","link":"https:\/\/semmelweis.hu\/boe\/egeszsegverseny\/eredmenyeink\/","title":{"rendered":"Eredm\u00e9nyeink"},"content":{"rendered":"<p><b>R\u00e9szletesebben a BOE-r\u00f3l:<\/b><\/p>\n<p><img loading=\"lazy\" decoding=\"async\" class=\"wp-image-8722 aligncenter\" src=\"https:\/\/semmelweis.hu\/boe\/files\/2025\/10\/EV-dij-kep-300x141.png\" alt=\"\" width=\"881\" height=\"414\" srcset=\"https:\/\/semmelweis.hu\/boe\/files\/2025\/10\/EV-dij-kep-300x141.png 300w, https:\/\/semmelweis.hu\/boe\/files\/2025\/10\/EV-dij-kep-768x362.png 768w, https:\/\/semmelweis.hu\/boe\/files\/2025\/10\/EV-dij-kep-753x355.png 753w, https:\/\/semmelweis.hu\/boe\/files\/2025\/10\/EV-dij-kep.png 1196w\" sizes=\"auto, (max-width: 881px) 100vw, 881px\" \/><\/p>\n<h6 style=\"text-align: justify\">A Semmelweis Eg\u00e9szs\u00e9gverseny eg\u00e9szs\u00e9gfejleszt\u0151 tev\u00e9kenys\u00e9ge, Egyes\u00fclet\u00fcnk legnagyobb prevenci\u00f3s rendezv\u00e9nye 2022-ben a <strong><span style=\"color: #00b7c3\">LEGNAGYOBB HAT\u00c1S\u00da PROJEKT-d\u00edj kit\u00fcntetettje<\/span> <span style=\"color: #00b7c3\">a<\/span> <span style=\"color: #194777\">NIOK Alap\u00edtv\u00e1ny \u2013 Nonprofit.hu<\/span> <span style=\"color: #00b7c3\">CIVIL-D\u00cdJ 2022 d\u00edj\u00e1tad\u00f3j\u00e1n<\/span><\/strong>, tov\u00e1bb\u00e1 <strong><span style=\"color: #194777\">A Nekem Sz\u00f3l<\/span> <span style=\"color: #ff7464\">\u2013\u00a0Eg\u00e9szs\u00e9g\u00e9rt\u00e9s D\u00edj T\u00e1rsadalmi szervezetek\u00a0kateg\u00f3ri\u00e1j\u00e1ban\u00a0f\u0151d\u00edjat nyert.<\/span><\/strong><a href=\"https:\/\/semmelweis.hu\/boe\/egeszsegverseny\/eredmenyeink\/2-12\/\" rel=\"attachment wp-att-7888\"><img loading=\"lazy\" decoding=\"async\" class=\"wp-image-7888 aligncenter\" src=\"https:\/\/semmelweis.hu\/boe\/files\/2023\/10\/2-300x72.png\" alt=\"\" width=\"951\" height=\"228\" srcset=\"https:\/\/semmelweis.hu\/boe\/files\/2023\/10\/2-300x72.png 300w, https:\/\/semmelweis.hu\/boe\/files\/2023\/10\/2-1024x244.png 1024w, https:\/\/semmelweis.hu\/boe\/files\/2023\/10\/2-768x183.png 768w, https:\/\/semmelweis.hu\/boe\/files\/2023\/10\/2.png 1200w\" sizes=\"auto, (max-width: 951px) 100vw, 951px\" \/><\/a><\/h6>\n<h6>A <span style=\"color: #00b7c3\"><strong>IX. Semmelweis Eg\u00e9szs\u00e9gverseny<\/strong><\/span> programj\u00e1val 2024.-ben elnyerte a Richter Anna d\u00edj Junior kateg\u00f3ri\u00e1j\u00e1nak els\u0151 hely\u00e9t. K\u00f6sz\u00f6nj\u00fck a t\u00e1mog\u00e1st!<\/h6>\n<p><img decoding=\"async\" class=\"aligncenter\" src=\"https:\/\/semmelweis.hu\/boe\/files\/2024\/10\/IMG_3364.jpeg\" alt=\"\" \/><\/p>\n<h6 style=\"text-align: justify\">A <span style=\"color: #00b7c3\"><strong>X. Semmelweis eg\u00e9szs\u00e9gversenyre<\/strong><\/span> <span style=\"color: #ff7464\"><strong>680 csapat<\/strong>,<\/span> azaz <span style=\"color: #ff7464\"><strong>3400 k\u00f6z\u00e9piskol\u00e1s di\u00e1k<\/strong><\/span> jelentkezett. <span class=\"JsGRdQ\">A megm\u00e9rettet\u00e9sre val\u00f3 felk\u00e9sz\u00fcl\u00e9st egy k\u00f6zel <\/span><span class=\"JsGRdQ\"><strong><span style=\"color: #ff7464\">730 <\/span><\/strong><\/span><span class=\"JsGRdQ\"><strong><span style=\"color: #ff7464\">oldalas\u00a0 szakmai seg\u00e9danyag<\/span><\/strong>gal seg\u00edtett\u00fcnk, melyet minden esetben szakorvosok lektor\u00e1lnak. A d\u00f6nt\u0151 k\u00e9tnapos esem\u00e9ny\u00e9re versenyz\u0151ink az orsz\u00e1g minden pontj\u00e1r\u00f3l \u00e9s a hat\u00e1ron t\u00falr\u00f3l is \u00e9rkeztek. <span style=\"color: #00b7c3\"><strong>A d\u00f6nt\u0151n<\/strong><\/span> a kor\u00e1bbi fordul\u00f3k legjobb 40 csapata, <span style=\"color: #00b7c3\"><strong>\u00f6sszesen 200 di\u00e1k vett r\u00e9szt.<\/strong><\/span> Az esem\u00e9ny lebonyol\u00edt\u00e1s\u00e1ban k\u00f6zel <span style=\"color: #00b7c3\"><strong>240 orvostanhallgat\u00f3 seg\u00edtett<\/strong><\/span>, akiknek ez\u00faton is k\u00f6sz\u00f6nj\u00fck munk\u00e1j\u00e1t.<\/span><\/h6>\n<p><img loading=\"lazy\" decoding=\"async\" class=\"wp-image-8723 aligncenter\" src=\"https:\/\/semmelweis.hu\/boe\/files\/2025\/10\/BOE05601-Enhanced-NR-240x300.jpg\" alt=\"\" width=\"927\" height=\"1158\" srcset=\"https:\/\/semmelweis.hu\/boe\/files\/2025\/10\/BOE05601-Enhanced-NR-240x300.jpg 240w, https:\/\/semmelweis.hu\/boe\/files\/2025\/10\/BOE05601-Enhanced-NR-819x1024.jpg 819w, https:\/\/semmelweis.hu\/boe\/files\/2025\/10\/BOE05601-Enhanced-NR-768x960.jpg 768w, https:\/\/semmelweis.hu\/boe\/files\/2025\/10\/BOE05601-Enhanced-NR-753x941.jpg 753w, https:\/\/semmelweis.hu\/boe\/files\/2025\/10\/BOE05601-Enhanced-NR.jpg 960w\" sizes=\"auto, (max-width: 927px) 100vw, 927px\" \/><\/p>\n","protected":false},"excerpt":{"rendered":"<p>R\u00e9szletesebben a BOE-r\u00f3l: A Semmelweis Eg\u00e9szs\u00e9gverseny eg\u00e9szs\u00e9gfejleszt\u0151 tev\u00e9kenys\u00e9ge, Egyes\u00fclet\u00fcnk legnagyobb prevenci\u00f3s rendezv\u00e9nye 2022-ben a LEGNAGYOBB HAT\u00c1S\u00da PROJEKT-d\u00edj kit\u00fcntetettje a NIOK Alap\u00edtv\u00e1ny \u2013 Nonprofit.hu CIVIL-D\u00cdJ 2022 d\u00edj\u00e1tad\u00f3j\u00e1n, tov\u00e1bb\u00e1 A Nekem Sz\u00f3l \u2013\u00a0Eg\u00e9szs\u00e9g\u00e9rt\u00e9s D\u00edj T\u00e1rsadalmi szervezetek\u00a0kateg\u00f3ri\u00e1j\u00e1ban\u00a0f\u0151d\u00edjat nyert. <a href=\"https:\/\/semmelweis.hu\/boe\/egeszsegverseny\/eredmenyeink\/2-12\/\" rel=\"attachment wp-att-7888\"><\/a> A IX. Semmelweis Eg\u00e9szs\u00e9gverseny programj\u00e1val 2024.-ben elnyerte a Richter Anna d\u00edj Junior kateg\u00f3ri\u00e1j\u00e1nak els\u0151 hely\u00e9t. K\u00f6sz\u00f6nj\u00fck a t\u00e1mog\u00e1st! A X. &hellip;<\/p>\n","protected":false},"author":101486,"featured_media":0,"parent":5420,"menu_order":6,"comment_status":"closed","ping_status":"closed","template":"template-fullwidth.php","meta":{"_acf_changed":false,"footnotes":""},"categories":[322],"tags":[],"class_list":["post-7608","page","type-page","status-publish","hentry","category-egyeb-hu"],"acf":[],"_links":{"self":[{"href":"https:\/\/semmelweis.hu\/boe\/wp-json\/wp\/v2\/pages\/7608","targetHints":{"allow":["GET"]}}],"collection":[{"href":"https:\/\/semmelweis.hu\/boe\/wp-json\/wp\/v2\/pages"}],"about":[{"href":"https:\/\/semmelweis.hu\/boe\/wp-json\/wp\/v2\/types\/page"}],"author":[{"embeddable":true,"href":"https:\/\/semmelweis.hu\/boe\/wp-json\/wp\/v2\/users\/101486"}],"replies":[{"embeddable":true,"href":"https:\/\/semmelweis.hu\/boe\/wp-json\/wp\/v2\/comments?post=7608"}],"version-history":[{"count":10,"href":"https:\/\/semmelweis.hu\/boe\/wp-json\/wp\/v2\/pages\/7608\/revisions"}],"predecessor-version":[{"id":8728,"href":"https:\/\/semmelweis.hu\/boe\/wp-json\/wp\/v2\/pages\/7608\/revisions\/8728"}],"up":[{"embeddable":true,"href":"https:\/\/semmelweis.hu\/boe\/wp-json\/wp\/v2\/pages\/5420"}],"wp:attachment":[{"href":"https:\/\/semmelweis.hu\/boe\/wp-json\/wp\/v2\/media?parent=7608"}],"wp:term":[{"taxonomy":"category","embeddable":true,"href":"https:\/\/semmelweis.hu\/boe\/wp-json\/wp\/v2\/categories?post=7608"},{"taxonomy":"post_tag","embeddable":true,"href":"https:\/\/semmelweis.hu\/boe\/wp-json\/wp\/v2\/tags?post=7608"}],"curies":[{"name":"wp","href":"https:\/\/api.w.org\/{rel}","templated":true}]}}