{"id":6966,"date":"2021-01-15T08:09:04","date_gmt":"2021-01-15T07:09:04","guid":{"rendered":"https:\/\/semmelweis.hu\/boe\/?page_id=6966"},"modified":"2025-10-20T23:47:38","modified_gmt":"2025-10-20T21:47:38","slug":"tagbelepes","status":"publish","type":"page","link":"https:\/\/semmelweis.hu\/boe\/tagoknak\/tagbelepes\/","title":{"rendered":"Tagbel\u00e9p\u00e9s"},"content":{"rendered":"<h2>Hogyan v\u00e1lhatsz tagg\u00e1?<\/h2>\n<p>A bel\u00e9p\u00e9shez el\u0151sz\u00f6r is ki kell t\u00f6ltened a <strong>tags\u00e1gi k\u00e9relmet<\/strong>, ezt <a href=\"https:\/\/forms.gle\/nEBczaY7i86DvRgV9\">ezen a linken<\/a> tal\u00e1lod.<br \/>\n<span class=\"d2edcug0 hpfvmrgz qv66sw1b c1et5uql rrkovp55 jq4qci2q a3bd9o3v knj5qynh oo9gr5id\">A kit\u00f6lt\u00e9s ut\u00e1n kapni fogsz egy e-mailt, amiben benne lesz egy sz\u00e1mla \u00e9s a BOE banksz\u00e1mlasz\u00e1ma. Erre a banksz\u00e1mlasz\u00e1mra kell utalni az \u00e9ves tagd\u00edjat (3000Ft).\u00a0<br \/>\n<\/span><span class=\"d2edcug0 hpfvmrgz qv66sw1b c1et5uql rrkovp55 jq4qci2q a3bd9o3v knj5qynh oo9gr5id\"><strong>A tagbel\u00e9p\u00e9s akkor lesz v\u00e9gleges (a profilod akkor lesz aktiv\u00e1lva) ha elutalod az \u00e9ves tagd\u00edjat<\/strong> (3000Ft) a megadott banksz\u00e1mlasz\u00e1mra.<\/span><\/p>\n<div>A tags\u00e1god v\u00e9gleges\u00edt\u00e9se ut\u00e1n kapni fogsz egy e-mailt amiben a legfontosabb inform\u00e1ci\u00f3kat szedt\u00fck \u00f6ssze nektek a tags\u00e1gotokkal kapcsolatban. Ekkor kapod meg a hozz\u00e1f\u00e9r\u00e9sedet is a hallgat\u00f3i weboldalon l\u00e9v\u0151 profilodhoz, ahol a pontjaidat tarthatod sz\u00e1mon, illetve az esem\u00e9nyekre is itt tudsz majd jelentkezni.<\/div>\n<div class=\"bi6gxh9e\"><span class=\"d2edcug0 hpfvmrgz qv66sw1b c1et5uql rrkovp55 jq4qci2q a3bd9o3v knj5qynh oo9gr5id\"><br \/>\nHa b\u00e1rmilyen k\u00e9rd\u00e9sed van fordulj hozz\u00e1nk bizalommal ak\u00e1r facebookon kereszt\u00fcl, ak\u00e1r e-mailben a <a href=\"mailto:boe@humsirc.hu\">boe@humsirc.hu<\/a> e-mail c\u00edmen!<br \/>\n<\/span><\/div>\n<p>&nbsp;<\/p>\n","protected":false},"excerpt":{"rendered":"<p>Hogyan v\u00e1lhatsz tagg\u00e1? A bel\u00e9p\u00e9shez el\u0151sz\u00f6r is ki kell t\u00f6ltened a tags\u00e1gi k\u00e9relmet, ezt <a href=\"https:\/\/forms.gle\/nEBczaY7i86DvRgV9\">ezen a linken<\/a> tal\u00e1lod. A kit\u00f6lt\u00e9s ut\u00e1n kapni fogsz egy e-mailt, amiben benne lesz egy sz\u00e1mla \u00e9s a BOE banksz\u00e1mlasz\u00e1ma. Erre a banksz\u00e1mlasz\u00e1mra kell utalni az \u00e9ves tagd\u00edjat (3000Ft).\u00a0 A tagbel\u00e9p\u00e9s akkor lesz v\u00e9gleges (a profilod akkor lesz aktiv\u00e1lva) ha elutalod az \u00e9ves tagd\u00edjat &hellip;<\/p>\n","protected":false},"author":101486,"featured_media":0,"parent":73,"menu_order":0,"comment_status":"closed","ping_status":"closed","template":"","meta":{"_acf_changed":false,"footnotes":""},"categories":[],"tags":[],"class_list":["post-6966","page","type-page","status-publish","hentry"],"acf":[],"_links":{"self":[{"href":"https:\/\/semmelweis.hu\/boe\/wp-json\/wp\/v2\/pages\/6966","targetHints":{"allow":["GET"]}}],"collection":[{"href":"https:\/\/semmelweis.hu\/boe\/wp-json\/wp\/v2\/pages"}],"about":[{"href":"https:\/\/semmelweis.hu\/boe\/wp-json\/wp\/v2\/types\/page"}],"author":[{"embeddable":true,"href":"https:\/\/semmelweis.hu\/boe\/wp-json\/wp\/v2\/users\/101486"}],"replies":[{"embeddable":true,"href":"https:\/\/semmelweis.hu\/boe\/wp-json\/wp\/v2\/comments?post=6966"}],"version-history":[{"count":10,"href":"https:\/\/semmelweis.hu\/boe\/wp-json\/wp\/v2\/pages\/6966\/revisions"}],"predecessor-version":[{"id":8781,"href":"https:\/\/semmelweis.hu\/boe\/wp-json\/wp\/v2\/pages\/6966\/revisions\/8781"}],"up":[{"embeddable":true,"href":"https:\/\/semmelweis.hu\/boe\/wp-json\/wp\/v2\/pages\/73"}],"wp:attachment":[{"href":"https:\/\/semmelweis.hu\/boe\/wp-json\/wp\/v2\/media?parent=6966"}],"wp:term":[{"taxonomy":"category","embeddable":true,"href":"https:\/\/semmelweis.hu\/boe\/wp-json\/wp\/v2\/categories?post=6966"},{"taxonomy":"post_tag","embeddable":true,"href":"https:\/\/semmelweis.hu\/boe\/wp-json\/wp\/v2\/tags?post=6966"}],"curies":[{"name":"wp","href":"https:\/\/api.w.org\/{rel}","templated":true}]}}